{"id":1034,"date":"2024-12-18T09:31:21","date_gmt":"2024-12-18T09:31:21","guid":{"rendered":"https:\/\/staging.tropicalhotel.it\/by-night\/terrazza-bavarese\/"},"modified":"2025-01-31T13:15:36","modified_gmt":"2025-01-31T13:15:36","slug":"terrazza-bavarese","status":"publish","type":"page","link":"https:\/\/tropicalhotel.it\/de\/attraktionen\/by-night\/terrazza-bavarese\/","title":{"rendered":"TERRAZZA BAVARESE"},"content":{"rendered":"\n<p>TERRAZZA BAVARESE ist ein Treffpunkt und Unterhaltungszentrum in Jesolo.<br>Hier k\u00f6nnen Sie bayerische Spezialit\u00e4ten genie\u00dfen, wie z.B. klassische W\u00fcrstchen oder den typischen Strudel mit warmer Vanillecreme. Dazu gibt es die original bayerischen Biere (blond, rot oder doppelt gem\u00e4lzt).<br>Hier k\u00f6nnen Sie auch neapolitanische Pizza aus dem Holzofen probieren, die mit saisonalen und hochwertigen Zutaten belegt ist. Mehr als 40 Pizzen k\u00f6nnen Sie in Gesellschaft Ihrer Freunde probieren.<br>Regelm\u00e4\u00dfig werden Partys mit Live-Musik organisiert.<\/p>\n\n\n\n<p>INFO \u2192<br>Via Giuseppe Verdi, 17 (distanza 9 km)<br><a href=\"https:\/\/www.hotel-international.it\/terrazza-bavarese-jesolo-lido\/\" target=\"_blank\" rel=\"noreferrer noopener\">https:\/\/www.hotel-international.it\/terrazza-bavarese-jesolo-lido\/<\/a><\/p>\n\n\n\n<p><a href=\"https:\/\/www.tropicalhotel.it\/#facebook\" rel=\"noreferrer noopener\" target=\"_blank\">Facebook<\/a><a href=\"https:\/\/www.tropicalhotel.it\/#twitter\" rel=\"noreferrer noopener\" target=\"_blank\">Twitter<\/a><a href=\"https:\/\/www.addtoany.com\/add_to\/google_plus?linkurl=https%3A%2F%2Fwww.tropicalhotel.it%2Fby-night%2Fterrazza-bavarese-jesolo%2F&amp;linkname=TERRAZZA%20BAVARESE\" rel=\"noreferrer noopener\" target=\"_blank\"><\/a><a href=\"https:\/\/www.addtoany.com\/share#url=https%3A%2F%2Fwww.tropicalhotel.it%2Fby-night%2Fterrazza-bavarese-jesolo%2F&amp;title=TERRAZZA%20BAVARESE\">Condividi<\/a><\/p>\n","protected":false},"excerpt":{"rendered":"<p>TERRAZZA BAVARESE ist ein Treffpunkt und Unterhaltungszentrum in Jesolo.Hier k\u00f6nnen Sie bayerische Spezialit\u00e4ten genie\u00dfen, wie z.B. klassische W\u00fcrstchen oder den typischen Strudel mit warmer Vanillecreme. Dazu gibt es die original bayerischen Biere (blond, rot oder doppelt gem\u00e4lzt).Hier k\u00f6nnen Sie auch neapolitanische Pizza aus dem Holzofen probieren, die mit saisonalen und hochwertigen Zutaten belegt ist. Mehr [&hellip;]<\/p>\n","protected":false},"author":1,"featured_media":821,"parent":1031,"menu_order":0,"comment_status":"closed","ping_status":"closed","template":"templates\/lista-figlio.php","meta":{"_acf_changed":false,"footnotes":""},"class_list":["post-1034","page","type-page","status-publish","has-post-thumbnail","hentry"],"acf":[],"yoast_head":"<!-- This site is optimized with the Yoast SEO plugin v27.0 - https:\/\/yoast.com\/product\/yoast-seo-wordpress\/ -->\n<title>Terrazza Bavarese Jesolo<\/title>\n<meta name=\"description\" content=\"Probieren Sie bayerische Spezialit\u00e4ten und Holzofenpizza in der Terrazza Bavarese Jesolo. Originale Biere und Live-Musik.\" \/>\n<meta name=\"robots\" content=\"index, follow, max-snippet:-1, max-image-preview:large, max-video-preview:-1\" \/>\n<link rel=\"canonical\" href=\"https:\/\/tropicalhotel.it\/de\/attraktionen\/by-night\/terrazza-bavarese\/\" \/>\n<meta property=\"og:locale\" content=\"de_DE\" \/>\n<meta property=\"og:type\" content=\"article\" \/>\n<meta property=\"og:title\" content=\"Terrazza Bavarese Jesolo\" \/>\n<meta property=\"og:description\" content=\"Probieren Sie bayerische Spezialit\u00e4ten und Holzofenpizza in der Terrazza Bavarese Jesolo. Originale Biere und Live-Musik.\" \/>\n<meta property=\"og:url\" content=\"https:\/\/tropicalhotel.it\/de\/attraktionen\/by-night\/terrazza-bavarese\/\" \/>\n<meta property=\"og:site_name\" content=\"Tropical Hotel Jesolo\" \/>\n<meta property=\"article:publisher\" content=\"https:\/\/www.facebook.com\/Tropical-Hotel-Jesolo-276868195688612\/\" \/>\n<meta property=\"article:modified_time\" content=\"2025-01-31T13:15:36+00:00\" \/>\n<meta property=\"og:image\" content=\"https:\/\/tropicalhotel.it\/wp-content\/uploads\/2024\/12\/terrazza-bavarese-1600x558-1.jpg\" \/>\n\t<meta property=\"og:image:width\" content=\"1600\" \/>\n\t<meta property=\"og:image:height\" content=\"558\" \/>\n\t<meta property=\"og:image:type\" content=\"image\/jpeg\" \/>\n<meta name=\"twitter:card\" content=\"summary_large_image\" \/>\n<meta name=\"twitter:label1\" content=\"Gesch\u00e4tzte Lesezeit\" \/>\n\t<meta name=\"twitter:data1\" content=\"1\u00a0Minute\" \/>\n<script type=\"application\/ld+json\" class=\"yoast-schema-graph\">{\"@context\":\"https:\/\/schema.org\",\"@graph\":[{\"@type\":\"WebPage\",\"@id\":\"https:\/\/tropicalhotel.it\/de\/attraktionen\/by-night\/terrazza-bavarese\/\",\"url\":\"https:\/\/tropicalhotel.it\/de\/attraktionen\/by-night\/terrazza-bavarese\/\",\"name\":\"Terrazza Bavarese Jesolo\",\"isPartOf\":{\"@id\":\"https:\/\/tropicalhotel.it\/de\/#website\"},\"primaryImageOfPage\":{\"@id\":\"https:\/\/tropicalhotel.it\/de\/attraktionen\/by-night\/terrazza-bavarese\/#primaryimage\"},\"image\":{\"@id\":\"https:\/\/tropicalhotel.it\/de\/attraktionen\/by-night\/terrazza-bavarese\/#primaryimage\"},\"thumbnailUrl\":\"https:\/\/tropicalhotel.it\/wp-content\/uploads\/2024\/12\/terrazza-bavarese-1600x558-1.jpg\",\"datePublished\":\"2024-12-18T09:31:21+00:00\",\"dateModified\":\"2025-01-31T13:15:36+00:00\",\"description\":\"Probieren Sie bayerische Spezialit\u00e4ten und Holzofenpizza in der Terrazza Bavarese Jesolo. Originale Biere und Live-Musik.\",\"breadcrumb\":{\"@id\":\"https:\/\/tropicalhotel.it\/de\/attraktionen\/by-night\/terrazza-bavarese\/#breadcrumb\"},\"inLanguage\":\"de\",\"potentialAction\":[{\"@type\":\"ReadAction\",\"target\":[\"https:\/\/tropicalhotel.it\/de\/attraktionen\/by-night\/terrazza-bavarese\/\"]}]},{\"@type\":\"ImageObject\",\"inLanguage\":\"de\",\"@id\":\"https:\/\/tropicalhotel.it\/de\/attraktionen\/by-night\/terrazza-bavarese\/#primaryimage\",\"url\":\"https:\/\/tropicalhotel.it\/wp-content\/uploads\/2024\/12\/terrazza-bavarese-1600x558-1.jpg\",\"contentUrl\":\"https:\/\/tropicalhotel.it\/wp-content\/uploads\/2024\/12\/terrazza-bavarese-1600x558-1.jpg\",\"width\":1600,\"height\":558,\"caption\":\"Terrazza Bavarese Jesolo\"},{\"@type\":\"BreadcrumbList\",\"@id\":\"https:\/\/tropicalhotel.it\/de\/attraktionen\/by-night\/terrazza-bavarese\/#breadcrumb\",\"itemListElement\":[{\"@type\":\"ListItem\",\"position\":1,\"name\":\"Home\",\"item\":\"https:\/\/tropicalhotel.it\/de\/\"},{\"@type\":\"ListItem\",\"position\":2,\"name\":\"Attraktionen\",\"item\":\"https:\/\/tropicalhotel.it\/de\/attraktionen\/\"},{\"@type\":\"ListItem\",\"position\":3,\"name\":\"By Night\",\"item\":\"https:\/\/tropicalhotel.it\/de\/attraktionen\/by-night\/\"},{\"@type\":\"ListItem\",\"position\":4,\"name\":\"TERRAZZA BAVARESE\"}]},{\"@type\":\"WebSite\",\"@id\":\"https:\/\/tropicalhotel.it\/de\/#website\",\"url\":\"https:\/\/tropicalhotel.it\/de\/\",\"name\":\"Tropical Hotel Jesolo\",\"description\":\"Hotel 3 stelle a Jesolo\",\"publisher\":{\"@id\":\"https:\/\/tropicalhotel.it\/de\/#organization\"},\"potentialAction\":[{\"@type\":\"SearchAction\",\"target\":{\"@type\":\"EntryPoint\",\"urlTemplate\":\"https:\/\/tropicalhotel.it\/de\/?s={search_term_string}\"},\"query-input\":{\"@type\":\"PropertyValueSpecification\",\"valueRequired\":true,\"valueName\":\"search_term_string\"}}],\"inLanguage\":\"de\"},{\"@type\":\"Organization\",\"@id\":\"https:\/\/tropicalhotel.it\/de\/#organization\",\"name\":\"Tropical Hotel Jesolo\",\"url\":\"https:\/\/tropicalhotel.it\/de\/\",\"logo\":{\"@type\":\"ImageObject\",\"inLanguage\":\"de\",\"@id\":\"https:\/\/tropicalhotel.it\/de\/#\/schema\/logo\/image\/\",\"url\":\"https:\/\/tropicalhotel.it\/wp-content\/uploads\/2024\/12\/Logo-Tropical-Verticale-2-2.jpg\",\"contentUrl\":\"https:\/\/tropicalhotel.it\/wp-content\/uploads\/2024\/12\/Logo-Tropical-Verticale-2-2.jpg\",\"width\":190,\"height\":147,\"caption\":\"Tropical Hotel Jesolo\"},\"image\":{\"@id\":\"https:\/\/tropicalhotel.it\/de\/#\/schema\/logo\/image\/\"},\"sameAs\":[\"https:\/\/www.facebook.com\/Tropical-Hotel-Jesolo-276868195688612\/\",\"https:\/\/www.instagram.com\/tropicalhoteljesolo\/\"]}]}<\/script>\n<!-- \/ Yoast SEO plugin. -->","yoast_head_json":{"title":"Terrazza Bavarese Jesolo","description":"Probieren Sie bayerische Spezialit\u00e4ten und Holzofenpizza in der Terrazza Bavarese Jesolo. Originale Biere und Live-Musik.","robots":{"index":"index","follow":"follow","max-snippet":"max-snippet:-1","max-image-preview":"max-image-preview:large","max-video-preview":"max-video-preview:-1"},"canonical":"https:\/\/tropicalhotel.it\/de\/attraktionen\/by-night\/terrazza-bavarese\/","og_locale":"de_DE","og_type":"article","og_title":"Terrazza Bavarese Jesolo","og_description":"Probieren Sie bayerische Spezialit\u00e4ten und Holzofenpizza in der Terrazza Bavarese Jesolo. Originale Biere und Live-Musik.","og_url":"https:\/\/tropicalhotel.it\/de\/attraktionen\/by-night\/terrazza-bavarese\/","og_site_name":"Tropical Hotel Jesolo","article_publisher":"https:\/\/www.facebook.com\/Tropical-Hotel-Jesolo-276868195688612\/","article_modified_time":"2025-01-31T13:15:36+00:00","og_image":[{"width":1600,"height":558,"url":"https:\/\/tropicalhotel.it\/wp-content\/uploads\/2024\/12\/terrazza-bavarese-1600x558-1.jpg","type":"image\/jpeg"}],"twitter_card":"summary_large_image","twitter_misc":{"Gesch\u00e4tzte Lesezeit":"1\u00a0Minute"},"schema":{"@context":"https:\/\/schema.org","@graph":[{"@type":"WebPage","@id":"https:\/\/tropicalhotel.it\/de\/attraktionen\/by-night\/terrazza-bavarese\/","url":"https:\/\/tropicalhotel.it\/de\/attraktionen\/by-night\/terrazza-bavarese\/","name":"Terrazza Bavarese Jesolo","isPartOf":{"@id":"https:\/\/tropicalhotel.it\/de\/#website"},"primaryImageOfPage":{"@id":"https:\/\/tropicalhotel.it\/de\/attraktionen\/by-night\/terrazza-bavarese\/#primaryimage"},"image":{"@id":"https:\/\/tropicalhotel.it\/de\/attraktionen\/by-night\/terrazza-bavarese\/#primaryimage"},"thumbnailUrl":"https:\/\/tropicalhotel.it\/wp-content\/uploads\/2024\/12\/terrazza-bavarese-1600x558-1.jpg","datePublished":"2024-12-18T09:31:21+00:00","dateModified":"2025-01-31T13:15:36+00:00","description":"Probieren Sie bayerische Spezialit\u00e4ten und Holzofenpizza in der Terrazza Bavarese Jesolo. Originale Biere und Live-Musik.","breadcrumb":{"@id":"https:\/\/tropicalhotel.it\/de\/attraktionen\/by-night\/terrazza-bavarese\/#breadcrumb"},"inLanguage":"de","potentialAction":[{"@type":"ReadAction","target":["https:\/\/tropicalhotel.it\/de\/attraktionen\/by-night\/terrazza-bavarese\/"]}]},{"@type":"ImageObject","inLanguage":"de","@id":"https:\/\/tropicalhotel.it\/de\/attraktionen\/by-night\/terrazza-bavarese\/#primaryimage","url":"https:\/\/tropicalhotel.it\/wp-content\/uploads\/2024\/12\/terrazza-bavarese-1600x558-1.jpg","contentUrl":"https:\/\/tropicalhotel.it\/wp-content\/uploads\/2024\/12\/terrazza-bavarese-1600x558-1.jpg","width":1600,"height":558,"caption":"Terrazza Bavarese Jesolo"},{"@type":"BreadcrumbList","@id":"https:\/\/tropicalhotel.it\/de\/attraktionen\/by-night\/terrazza-bavarese\/#breadcrumb","itemListElement":[{"@type":"ListItem","position":1,"name":"Home","item":"https:\/\/tropicalhotel.it\/de\/"},{"@type":"ListItem","position":2,"name":"Attraktionen","item":"https:\/\/tropicalhotel.it\/de\/attraktionen\/"},{"@type":"ListItem","position":3,"name":"By Night","item":"https:\/\/tropicalhotel.it\/de\/attraktionen\/by-night\/"},{"@type":"ListItem","position":4,"name":"TERRAZZA BAVARESE"}]},{"@type":"WebSite","@id":"https:\/\/tropicalhotel.it\/de\/#website","url":"https:\/\/tropicalhotel.it\/de\/","name":"Tropical Hotel Jesolo","description":"Hotel 3 stelle a Jesolo","publisher":{"@id":"https:\/\/tropicalhotel.it\/de\/#organization"},"potentialAction":[{"@type":"SearchAction","target":{"@type":"EntryPoint","urlTemplate":"https:\/\/tropicalhotel.it\/de\/?s={search_term_string}"},"query-input":{"@type":"PropertyValueSpecification","valueRequired":true,"valueName":"search_term_string"}}],"inLanguage":"de"},{"@type":"Organization","@id":"https:\/\/tropicalhotel.it\/de\/#organization","name":"Tropical Hotel Jesolo","url":"https:\/\/tropicalhotel.it\/de\/","logo":{"@type":"ImageObject","inLanguage":"de","@id":"https:\/\/tropicalhotel.it\/de\/#\/schema\/logo\/image\/","url":"https:\/\/tropicalhotel.it\/wp-content\/uploads\/2024\/12\/Logo-Tropical-Verticale-2-2.jpg","contentUrl":"https:\/\/tropicalhotel.it\/wp-content\/uploads\/2024\/12\/Logo-Tropical-Verticale-2-2.jpg","width":190,"height":147,"caption":"Tropical Hotel Jesolo"},"image":{"@id":"https:\/\/tropicalhotel.it\/de\/#\/schema\/logo\/image\/"},"sameAs":["https:\/\/www.facebook.com\/Tropical-Hotel-Jesolo-276868195688612\/","https:\/\/www.instagram.com\/tropicalhoteljesolo\/"]}]}},"_links":{"self":[{"href":"https:\/\/tropicalhotel.it\/de\/wp-json\/wp\/v2\/pages\/1034","targetHints":{"allow":["GET"]}}],"collection":[{"href":"https:\/\/tropicalhotel.it\/de\/wp-json\/wp\/v2\/pages"}],"about":[{"href":"https:\/\/tropicalhotel.it\/de\/wp-json\/wp\/v2\/types\/page"}],"author":[{"embeddable":true,"href":"https:\/\/tropicalhotel.it\/de\/wp-json\/wp\/v2\/users\/1"}],"replies":[{"embeddable":true,"href":"https:\/\/tropicalhotel.it\/de\/wp-json\/wp\/v2\/comments?post=1034"}],"version-history":[{"count":2,"href":"https:\/\/tropicalhotel.it\/de\/wp-json\/wp\/v2\/pages\/1034\/revisions"}],"predecessor-version":[{"id":1568,"href":"https:\/\/tropicalhotel.it\/de\/wp-json\/wp\/v2\/pages\/1034\/revisions\/1568"}],"up":[{"embeddable":true,"href":"https:\/\/tropicalhotel.it\/de\/wp-json\/wp\/v2\/pages\/1031"}],"wp:featuredmedia":[{"embeddable":true,"href":"https:\/\/tropicalhotel.it\/de\/wp-json\/wp\/v2\/media\/821"}],"wp:attachment":[{"href":"https:\/\/tropicalhotel.it\/de\/wp-json\/wp\/v2\/media?parent=1034"}],"curies":[{"name":"wp","href":"https:\/\/api.w.org\/{rel}","templated":true}]}}