{"id":1040,"date":"2024-12-18T08:56:22","date_gmt":"2024-12-18T08:56:22","guid":{"rendered":"https:\/\/staging.tropicalhotel.it\/by-night\/terrazzamare\/"},"modified":"2025-01-31T13:31:03","modified_gmt":"2025-01-31T13:31:03","slug":"terrazzamare","status":"publish","type":"page","link":"https:\/\/tropicalhotel.it\/de\/attraktionen\/by-night\/terrazzamare\/","title":{"rendered":"TERRAZZAMARE"},"content":{"rendered":"\n<p>Seit 1992 repr\u00e4sentiert die terrazzamare einen Fixpunkt im Nightlife Venetiens. Meeting point, Event-Location, Atelier kreativer xperimente, Schmiede neuer Ideen und Vorschl\u00e4ge \u2013 in diesen Jahren imponierte die Terrazzamare Publikum und Medien dank einem absolut starken Angebot an K\u00fcnstlern, erstklassigen Serviceleistungen und einer aufmerksamen Gesch\u00e4ftsf\u00fchrung, der es gelingt, dass sich die G\u00e4ste wie Zuhause f\u00fchlen. Im Jahr 2010 pr\u00e4sentiert sich die Terrazzamare \u2013 dank einem gr\u00fcnd lichen Restyling der Au\u00dfenbereiche \u2013 als prachtvoller Salon direkt am Meer. Das Lokal verf\u00fcgt \u00fcber zwei Au\u00dfenbars, einen Wine Corner und eine Bar im Lokalinneren, jedoch auch \u00fcber eine kleine Restauration mit Fleisch- oder Fischgerichten. Keines falls vers\u00e4umen darf man die Atmosph\u00e4re der Terrazzamare um die Aperitifstunde, w\u00e4hrend jeden Abend DJ-Musik, One-Night-Parties oder Live-Musik veranstaltet wird.<\/p>\n\n\n\n<p>INFO&nbsp;\u2192<br>Spiaggia del Faro, 1 (distanza 8 km)<br>info@terrazzamare.com<br><a href=\"http:\/\/www.terrazzamare.com\/\" target=\"_blank\" rel=\"noreferrer noopener\">www.terrazzamare.com<\/a><\/p>\n\n\n\n<p>Foto&nbsp;\u00a9&nbsp;www.marcandole.it<\/p>\n\n\n\n<p><a href=\"https:\/\/www.tropicalhotel.it\/#facebook\" rel=\"noreferrer noopener\" target=\"_blank\"><\/a><\/p>\n\n\n\n<p><\/p>\n","protected":false},"excerpt":{"rendered":"<p>Seit 1992 repr\u00e4sentiert die terrazzamare einen Fixpunkt im Nightlife Venetiens. Meeting point, Event-Location, Atelier kreativer xperimente, Schmiede neuer Ideen und Vorschl\u00e4ge \u2013 in diesen Jahren imponierte die Terrazzamare Publikum und Medien dank einem absolut starken Angebot an K\u00fcnstlern, erstklassigen Serviceleistungen und einer aufmerksamen Gesch\u00e4ftsf\u00fchrung, der es gelingt, dass sich die G\u00e4ste wie Zuhause f\u00fchlen. Im [&hellip;]<\/p>\n","protected":false},"author":1,"featured_media":833,"parent":1031,"menu_order":0,"comment_status":"closed","ping_status":"closed","template":"templates\/lista-figlio.php","meta":{"_acf_changed":false,"footnotes":""},"class_list":["post-1040","page","type-page","status-publish","has-post-thumbnail","hentry"],"acf":[],"yoast_head":"<!-- This site is optimized with the Yoast SEO plugin v27.0 - https:\/\/yoast.com\/product\/yoast-seo-wordpress\/ -->\n<title>Terrazzamare Jesolo: Fischrestaurant und Meerblick-Lounge<\/title>\n<meta name=\"description\" content=\"Genie\u00dfen Sie Meeresgerichte auf einer eleganten Terrasse mit Cocktails, Fingerfood und DJ-Sets von Donnerstag bis Sonntag.\" \/>\n<meta name=\"robots\" content=\"index, follow, max-snippet:-1, max-image-preview:large, max-video-preview:-1\" \/>\n<link rel=\"canonical\" href=\"https:\/\/tropicalhotel.it\/de\/attraktionen\/by-night\/terrazzamare\/\" \/>\n<meta property=\"og:locale\" content=\"de_DE\" \/>\n<meta property=\"og:type\" content=\"article\" \/>\n<meta property=\"og:title\" content=\"Terrazzamare Jesolo: Fischrestaurant und Meerblick-Lounge\" \/>\n<meta property=\"og:description\" content=\"Genie\u00dfen Sie Meeresgerichte auf einer eleganten Terrasse mit Cocktails, Fingerfood und DJ-Sets von Donnerstag bis Sonntag.\" \/>\n<meta property=\"og:url\" content=\"https:\/\/tropicalhotel.it\/de\/attraktionen\/by-night\/terrazzamare\/\" \/>\n<meta property=\"og:site_name\" content=\"Tropical Hotel Jesolo\" \/>\n<meta property=\"article:publisher\" content=\"https:\/\/www.facebook.com\/Tropical-Hotel-Jesolo-276868195688612\/\" \/>\n<meta property=\"article:modified_time\" content=\"2025-01-31T13:31:03+00:00\" \/>\n<meta property=\"og:image\" content=\"https:\/\/tropicalhotel.it\/wp-content\/uploads\/2024\/12\/Terrazzamare-EVI-Tropical-1600x558-1.jpg\" \/>\n\t<meta property=\"og:image:width\" content=\"1600\" \/>\n\t<meta property=\"og:image:height\" content=\"558\" \/>\n\t<meta property=\"og:image:type\" content=\"image\/jpeg\" \/>\n<meta name=\"twitter:card\" content=\"summary_large_image\" \/>\n<meta name=\"twitter:label1\" content=\"Gesch\u00e4tzte Lesezeit\" \/>\n\t<meta name=\"twitter:data1\" content=\"1\u00a0Minute\" \/>\n<script type=\"application\/ld+json\" class=\"yoast-schema-graph\">{\"@context\":\"https:\/\/schema.org\",\"@graph\":[{\"@type\":\"WebPage\",\"@id\":\"https:\/\/tropicalhotel.it\/de\/attraktionen\/by-night\/terrazzamare\/\",\"url\":\"https:\/\/tropicalhotel.it\/de\/attraktionen\/by-night\/terrazzamare\/\",\"name\":\"Terrazzamare Jesolo: Fischrestaurant und Meerblick-Lounge\",\"isPartOf\":{\"@id\":\"https:\/\/tropicalhotel.it\/de\/#website\"},\"primaryImageOfPage\":{\"@id\":\"https:\/\/tropicalhotel.it\/de\/attraktionen\/by-night\/terrazzamare\/#primaryimage\"},\"image\":{\"@id\":\"https:\/\/tropicalhotel.it\/de\/attraktionen\/by-night\/terrazzamare\/#primaryimage\"},\"thumbnailUrl\":\"https:\/\/tropicalhotel.it\/wp-content\/uploads\/2024\/12\/Terrazzamare-EVI-Tropical-1600x558-1.jpg\",\"datePublished\":\"2024-12-18T08:56:22+00:00\",\"dateModified\":\"2025-01-31T13:31:03+00:00\",\"description\":\"Genie\u00dfen Sie Meeresgerichte auf einer eleganten Terrasse mit Cocktails, Fingerfood und DJ-Sets von Donnerstag bis Sonntag.\",\"breadcrumb\":{\"@id\":\"https:\/\/tropicalhotel.it\/de\/attraktionen\/by-night\/terrazzamare\/#breadcrumb\"},\"inLanguage\":\"de\",\"potentialAction\":[{\"@type\":\"ReadAction\",\"target\":[\"https:\/\/tropicalhotel.it\/de\/attraktionen\/by-night\/terrazzamare\/\"]}]},{\"@type\":\"ImageObject\",\"inLanguage\":\"de\",\"@id\":\"https:\/\/tropicalhotel.it\/de\/attraktionen\/by-night\/terrazzamare\/#primaryimage\",\"url\":\"https:\/\/tropicalhotel.it\/wp-content\/uploads\/2024\/12\/Terrazzamare-EVI-Tropical-1600x558-1.jpg\",\"contentUrl\":\"https:\/\/tropicalhotel.it\/wp-content\/uploads\/2024\/12\/Terrazzamare-EVI-Tropical-1600x558-1.jpg\",\"width\":1600,\"height\":558,\"caption\":\"Terrazzamare Jesolo\"},{\"@type\":\"BreadcrumbList\",\"@id\":\"https:\/\/tropicalhotel.it\/de\/attraktionen\/by-night\/terrazzamare\/#breadcrumb\",\"itemListElement\":[{\"@type\":\"ListItem\",\"position\":1,\"name\":\"Home\",\"item\":\"https:\/\/tropicalhotel.it\/de\/\"},{\"@type\":\"ListItem\",\"position\":2,\"name\":\"Attraktionen\",\"item\":\"https:\/\/tropicalhotel.it\/de\/attraktionen\/\"},{\"@type\":\"ListItem\",\"position\":3,\"name\":\"By Night\",\"item\":\"https:\/\/tropicalhotel.it\/de\/attraktionen\/by-night\/\"},{\"@type\":\"ListItem\",\"position\":4,\"name\":\"TERRAZZAMARE\"}]},{\"@type\":\"WebSite\",\"@id\":\"https:\/\/tropicalhotel.it\/de\/#website\",\"url\":\"https:\/\/tropicalhotel.it\/de\/\",\"name\":\"Tropical Hotel Jesolo\",\"description\":\"Hotel 3 stelle a Jesolo\",\"publisher\":{\"@id\":\"https:\/\/tropicalhotel.it\/de\/#organization\"},\"potentialAction\":[{\"@type\":\"SearchAction\",\"target\":{\"@type\":\"EntryPoint\",\"urlTemplate\":\"https:\/\/tropicalhotel.it\/de\/?s={search_term_string}\"},\"query-input\":{\"@type\":\"PropertyValueSpecification\",\"valueRequired\":true,\"valueName\":\"search_term_string\"}}],\"inLanguage\":\"de\"},{\"@type\":\"Organization\",\"@id\":\"https:\/\/tropicalhotel.it\/de\/#organization\",\"name\":\"Tropical Hotel Jesolo\",\"url\":\"https:\/\/tropicalhotel.it\/de\/\",\"logo\":{\"@type\":\"ImageObject\",\"inLanguage\":\"de\",\"@id\":\"https:\/\/tropicalhotel.it\/de\/#\/schema\/logo\/image\/\",\"url\":\"https:\/\/tropicalhotel.it\/wp-content\/uploads\/2024\/12\/Logo-Tropical-Verticale-2-2.jpg\",\"contentUrl\":\"https:\/\/tropicalhotel.it\/wp-content\/uploads\/2024\/12\/Logo-Tropical-Verticale-2-2.jpg\",\"width\":190,\"height\":147,\"caption\":\"Tropical Hotel Jesolo\"},\"image\":{\"@id\":\"https:\/\/tropicalhotel.it\/de\/#\/schema\/logo\/image\/\"},\"sameAs\":[\"https:\/\/www.facebook.com\/Tropical-Hotel-Jesolo-276868195688612\/\",\"https:\/\/www.instagram.com\/tropicalhoteljesolo\/\"]}]}<\/script>\n<!-- \/ Yoast SEO plugin. -->","yoast_head_json":{"title":"Terrazzamare Jesolo: Fischrestaurant und Meerblick-Lounge","description":"Genie\u00dfen Sie Meeresgerichte auf einer eleganten Terrasse mit Cocktails, Fingerfood und DJ-Sets von Donnerstag bis Sonntag.","robots":{"index":"index","follow":"follow","max-snippet":"max-snippet:-1","max-image-preview":"max-image-preview:large","max-video-preview":"max-video-preview:-1"},"canonical":"https:\/\/tropicalhotel.it\/de\/attraktionen\/by-night\/terrazzamare\/","og_locale":"de_DE","og_type":"article","og_title":"Terrazzamare Jesolo: Fischrestaurant und Meerblick-Lounge","og_description":"Genie\u00dfen Sie Meeresgerichte auf einer eleganten Terrasse mit Cocktails, Fingerfood und DJ-Sets von Donnerstag bis Sonntag.","og_url":"https:\/\/tropicalhotel.it\/de\/attraktionen\/by-night\/terrazzamare\/","og_site_name":"Tropical Hotel Jesolo","article_publisher":"https:\/\/www.facebook.com\/Tropical-Hotel-Jesolo-276868195688612\/","article_modified_time":"2025-01-31T13:31:03+00:00","og_image":[{"width":1600,"height":558,"url":"https:\/\/tropicalhotel.it\/wp-content\/uploads\/2024\/12\/Terrazzamare-EVI-Tropical-1600x558-1.jpg","type":"image\/jpeg"}],"twitter_card":"summary_large_image","twitter_misc":{"Gesch\u00e4tzte Lesezeit":"1\u00a0Minute"},"schema":{"@context":"https:\/\/schema.org","@graph":[{"@type":"WebPage","@id":"https:\/\/tropicalhotel.it\/de\/attraktionen\/by-night\/terrazzamare\/","url":"https:\/\/tropicalhotel.it\/de\/attraktionen\/by-night\/terrazzamare\/","name":"Terrazzamare Jesolo: Fischrestaurant und Meerblick-Lounge","isPartOf":{"@id":"https:\/\/tropicalhotel.it\/de\/#website"},"primaryImageOfPage":{"@id":"https:\/\/tropicalhotel.it\/de\/attraktionen\/by-night\/terrazzamare\/#primaryimage"},"image":{"@id":"https:\/\/tropicalhotel.it\/de\/attraktionen\/by-night\/terrazzamare\/#primaryimage"},"thumbnailUrl":"https:\/\/tropicalhotel.it\/wp-content\/uploads\/2024\/12\/Terrazzamare-EVI-Tropical-1600x558-1.jpg","datePublished":"2024-12-18T08:56:22+00:00","dateModified":"2025-01-31T13:31:03+00:00","description":"Genie\u00dfen Sie Meeresgerichte auf einer eleganten Terrasse mit Cocktails, Fingerfood und DJ-Sets von Donnerstag bis Sonntag.","breadcrumb":{"@id":"https:\/\/tropicalhotel.it\/de\/attraktionen\/by-night\/terrazzamare\/#breadcrumb"},"inLanguage":"de","potentialAction":[{"@type":"ReadAction","target":["https:\/\/tropicalhotel.it\/de\/attraktionen\/by-night\/terrazzamare\/"]}]},{"@type":"ImageObject","inLanguage":"de","@id":"https:\/\/tropicalhotel.it\/de\/attraktionen\/by-night\/terrazzamare\/#primaryimage","url":"https:\/\/tropicalhotel.it\/wp-content\/uploads\/2024\/12\/Terrazzamare-EVI-Tropical-1600x558-1.jpg","contentUrl":"https:\/\/tropicalhotel.it\/wp-content\/uploads\/2024\/12\/Terrazzamare-EVI-Tropical-1600x558-1.jpg","width":1600,"height":558,"caption":"Terrazzamare Jesolo"},{"@type":"BreadcrumbList","@id":"https:\/\/tropicalhotel.it\/de\/attraktionen\/by-night\/terrazzamare\/#breadcrumb","itemListElement":[{"@type":"ListItem","position":1,"name":"Home","item":"https:\/\/tropicalhotel.it\/de\/"},{"@type":"ListItem","position":2,"name":"Attraktionen","item":"https:\/\/tropicalhotel.it\/de\/attraktionen\/"},{"@type":"ListItem","position":3,"name":"By Night","item":"https:\/\/tropicalhotel.it\/de\/attraktionen\/by-night\/"},{"@type":"ListItem","position":4,"name":"TERRAZZAMARE"}]},{"@type":"WebSite","@id":"https:\/\/tropicalhotel.it\/de\/#website","url":"https:\/\/tropicalhotel.it\/de\/","name":"Tropical Hotel Jesolo","description":"Hotel 3 stelle a Jesolo","publisher":{"@id":"https:\/\/tropicalhotel.it\/de\/#organization"},"potentialAction":[{"@type":"SearchAction","target":{"@type":"EntryPoint","urlTemplate":"https:\/\/tropicalhotel.it\/de\/?s={search_term_string}"},"query-input":{"@type":"PropertyValueSpecification","valueRequired":true,"valueName":"search_term_string"}}],"inLanguage":"de"},{"@type":"Organization","@id":"https:\/\/tropicalhotel.it\/de\/#organization","name":"Tropical Hotel Jesolo","url":"https:\/\/tropicalhotel.it\/de\/","logo":{"@type":"ImageObject","inLanguage":"de","@id":"https:\/\/tropicalhotel.it\/de\/#\/schema\/logo\/image\/","url":"https:\/\/tropicalhotel.it\/wp-content\/uploads\/2024\/12\/Logo-Tropical-Verticale-2-2.jpg","contentUrl":"https:\/\/tropicalhotel.it\/wp-content\/uploads\/2024\/12\/Logo-Tropical-Verticale-2-2.jpg","width":190,"height":147,"caption":"Tropical Hotel Jesolo"},"image":{"@id":"https:\/\/tropicalhotel.it\/de\/#\/schema\/logo\/image\/"},"sameAs":["https:\/\/www.facebook.com\/Tropical-Hotel-Jesolo-276868195688612\/","https:\/\/www.instagram.com\/tropicalhoteljesolo\/"]}]}},"_links":{"self":[{"href":"https:\/\/tropicalhotel.it\/de\/wp-json\/wp\/v2\/pages\/1040","targetHints":{"allow":["GET"]}}],"collection":[{"href":"https:\/\/tropicalhotel.it\/de\/wp-json\/wp\/v2\/pages"}],"about":[{"href":"https:\/\/tropicalhotel.it\/de\/wp-json\/wp\/v2\/types\/page"}],"author":[{"embeddable":true,"href":"https:\/\/tropicalhotel.it\/de\/wp-json\/wp\/v2\/users\/1"}],"replies":[{"embeddable":true,"href":"https:\/\/tropicalhotel.it\/de\/wp-json\/wp\/v2\/comments?post=1040"}],"version-history":[{"count":2,"href":"https:\/\/tropicalhotel.it\/de\/wp-json\/wp\/v2\/pages\/1040\/revisions"}],"predecessor-version":[{"id":1572,"href":"https:\/\/tropicalhotel.it\/de\/wp-json\/wp\/v2\/pages\/1040\/revisions\/1572"}],"up":[{"embeddable":true,"href":"https:\/\/tropicalhotel.it\/de\/wp-json\/wp\/v2\/pages\/1031"}],"wp:featuredmedia":[{"embeddable":true,"href":"https:\/\/tropicalhotel.it\/de\/wp-json\/wp\/v2\/media\/833"}],"wp:attachment":[{"href":"https:\/\/tropicalhotel.it\/de\/wp-json\/wp\/v2\/media?parent=1040"}],"curies":[{"name":"wp","href":"https:\/\/api.w.org\/{rel}","templated":true}]}}