{"id":1043,"date":"2024-12-18T09:08:32","date_gmt":"2024-12-18T09:08:32","guid":{"rendered":"https:\/\/staging.tropicalhotel.it\/by-night\/vanilla-club\/"},"modified":"2025-01-31T13:35:05","modified_gmt":"2025-01-31T13:35:05","slug":"vanilla-club","status":"publish","type":"page","link":"https:\/\/tropicalhotel.it\/de\/attraktionen\/by-night\/vanilla-club\/","title":{"rendered":"VANILLA CLUB"},"content":{"rendered":"\n<p>Vanilla Club ist die Fabrik der Spa\u00df von Jesolo. In den vergangenen f\u00fcnf Jahren, dank der Extravaganz seiner N\u00e4chte, ist die Energie der K\u00fcnstler und die Lebendigkeit der Freestyle-Bartending zweifellos zu einem Bezugspunkt f\u00fcr diejenigen, die einen unvergesslichen Abend in dieser Stadt zu verbringen. Vanilla-Mitarbeiter ist stolz darauf, f\u00fcr die Sommersaison 2011 einen Kalender voller Veranstaltungen zu pr\u00e4sentieren. In der Tat, neben den bekanntesten lokalen K\u00fcnstlern, von Freitag, 15. Juli Vanilla wendet sich an die Konsole des internationalen Special Guest, der die Geschichte der House-Musik gepr\u00e4gt. Die Fahrt wird in der Nacht Segel gesetzt und wird gefeiert Samstag, 4 Juni, wie \u00fcblich geworden, mit den beliebtesten Thema-Partei des \u00d6ffentlichen: Marina Yachting. Vergessen Sie nicht, das Thema zu respektieren! Es wird die bevorzugte Eingabemethode derer, die den Dress-Code folgen sein!<\/p>\n\n\n\n<p>INFO&nbsp;\u2192<br>Via Michelangelo Buonarroti, 15 (distanza 6 km)<br>E. info@vanilla.it<br><a href=\"http:\/\/www.vanilla.it\/\" target=\"_blank\" rel=\"noreferrer noopener\">www.vanilla.it<\/a><\/p>\n\n\n\n<p>Foto&nbsp;\u00a9 www.vanilla.it<\/p>\n","protected":false},"excerpt":{"rendered":"<p>Vanilla Club ist die Fabrik der Spa\u00df von Jesolo. In den vergangenen f\u00fcnf Jahren, dank der Extravaganz seiner N\u00e4chte, ist die Energie der K\u00fcnstler und die Lebendigkeit der Freestyle-Bartending zweifellos zu einem Bezugspunkt f\u00fcr diejenigen, die einen unvergesslichen Abend in dieser Stadt zu verbringen. Vanilla-Mitarbeiter ist stolz darauf, f\u00fcr die Sommersaison 2011 einen Kalender voller [&hellip;]<\/p>\n","protected":false},"author":1,"featured_media":841,"parent":1031,"menu_order":0,"comment_status":"closed","ping_status":"closed","template":"templates\/lista-figlio.php","meta":{"_acf_changed":false,"footnotes":""},"class_list":["post-1043","page","type-page","status-publish","has-post-thumbnail","hentry"],"acf":[],"yoast_head":"<!-- This site is optimized with the Yoast SEO plugin v27.0 - https:\/\/yoast.com\/product\/yoast-seo-wordpress\/ -->\n<title>Vanilla Club Jesolo: der Sommer-Gartenclub<\/title>\n<meta name=\"description\" content=\"Erleben Sie Vanilla Club Jesolo mit spektakul\u00e4ren Events, Freestyle-Barkeepern und Partys jeden Abend ab Juli.\" \/>\n<meta name=\"robots\" content=\"index, follow, max-snippet:-1, max-image-preview:large, max-video-preview:-1\" \/>\n<link rel=\"canonical\" href=\"https:\/\/tropicalhotel.it\/de\/attraktionen\/by-night\/vanilla-club\/\" \/>\n<meta property=\"og:locale\" content=\"de_DE\" \/>\n<meta property=\"og:type\" content=\"article\" \/>\n<meta property=\"og:title\" content=\"Vanilla Club Jesolo: der Sommer-Gartenclub\" \/>\n<meta property=\"og:description\" content=\"Erleben Sie Vanilla Club Jesolo mit spektakul\u00e4ren Events, Freestyle-Barkeepern und Partys jeden Abend ab Juli.\" \/>\n<meta property=\"og:url\" content=\"https:\/\/tropicalhotel.it\/de\/attraktionen\/by-night\/vanilla-club\/\" \/>\n<meta property=\"og:site_name\" content=\"Tropical Hotel Jesolo\" \/>\n<meta property=\"article:publisher\" content=\"https:\/\/www.facebook.com\/Tropical-Hotel-Jesolo-276868195688612\/\" \/>\n<meta property=\"article:modified_time\" content=\"2025-01-31T13:35:05+00:00\" \/>\n<meta property=\"og:image\" content=\"https:\/\/tropicalhotel.it\/wp-content\/uploads\/2024\/12\/Vanilla-EVI-Tropical-1600x558-1.jpg\" \/>\n\t<meta property=\"og:image:width\" content=\"1600\" \/>\n\t<meta property=\"og:image:height\" content=\"558\" \/>\n\t<meta property=\"og:image:type\" content=\"image\/jpeg\" \/>\n<meta name=\"twitter:card\" content=\"summary_large_image\" \/>\n<meta name=\"twitter:label1\" content=\"Gesch\u00e4tzte Lesezeit\" \/>\n\t<meta name=\"twitter:data1\" content=\"1\u00a0Minute\" \/>\n<script type=\"application\/ld+json\" class=\"yoast-schema-graph\">{\"@context\":\"https:\/\/schema.org\",\"@graph\":[{\"@type\":\"WebPage\",\"@id\":\"https:\/\/tropicalhotel.it\/de\/attraktionen\/by-night\/vanilla-club\/\",\"url\":\"https:\/\/tropicalhotel.it\/de\/attraktionen\/by-night\/vanilla-club\/\",\"name\":\"Vanilla Club Jesolo: der Sommer-Gartenclub\",\"isPartOf\":{\"@id\":\"https:\/\/tropicalhotel.it\/de\/#website\"},\"primaryImageOfPage\":{\"@id\":\"https:\/\/tropicalhotel.it\/de\/attraktionen\/by-night\/vanilla-club\/#primaryimage\"},\"image\":{\"@id\":\"https:\/\/tropicalhotel.it\/de\/attraktionen\/by-night\/vanilla-club\/#primaryimage\"},\"thumbnailUrl\":\"https:\/\/tropicalhotel.it\/wp-content\/uploads\/2024\/12\/Vanilla-EVI-Tropical-1600x558-1.jpg\",\"datePublished\":\"2024-12-18T09:08:32+00:00\",\"dateModified\":\"2025-01-31T13:35:05+00:00\",\"description\":\"Erleben Sie Vanilla Club Jesolo mit spektakul\u00e4ren Events, Freestyle-Barkeepern und Partys jeden Abend ab Juli.\",\"breadcrumb\":{\"@id\":\"https:\/\/tropicalhotel.it\/de\/attraktionen\/by-night\/vanilla-club\/#breadcrumb\"},\"inLanguage\":\"de\",\"potentialAction\":[{\"@type\":\"ReadAction\",\"target\":[\"https:\/\/tropicalhotel.it\/de\/attraktionen\/by-night\/vanilla-club\/\"]}]},{\"@type\":\"ImageObject\",\"inLanguage\":\"de\",\"@id\":\"https:\/\/tropicalhotel.it\/de\/attraktionen\/by-night\/vanilla-club\/#primaryimage\",\"url\":\"https:\/\/tropicalhotel.it\/wp-content\/uploads\/2024\/12\/Vanilla-EVI-Tropical-1600x558-1.jpg\",\"contentUrl\":\"https:\/\/tropicalhotel.it\/wp-content\/uploads\/2024\/12\/Vanilla-EVI-Tropical-1600x558-1.jpg\",\"width\":1600,\"height\":558,\"caption\":\"Vanilla Club Jesolo\"},{\"@type\":\"BreadcrumbList\",\"@id\":\"https:\/\/tropicalhotel.it\/de\/attraktionen\/by-night\/vanilla-club\/#breadcrumb\",\"itemListElement\":[{\"@type\":\"ListItem\",\"position\":1,\"name\":\"Home\",\"item\":\"https:\/\/tropicalhotel.it\/de\/\"},{\"@type\":\"ListItem\",\"position\":2,\"name\":\"Attraktionen\",\"item\":\"https:\/\/tropicalhotel.it\/de\/attraktionen\/\"},{\"@type\":\"ListItem\",\"position\":3,\"name\":\"By Night\",\"item\":\"https:\/\/tropicalhotel.it\/de\/attraktionen\/by-night\/\"},{\"@type\":\"ListItem\",\"position\":4,\"name\":\"VANILLA CLUB\"}]},{\"@type\":\"WebSite\",\"@id\":\"https:\/\/tropicalhotel.it\/de\/#website\",\"url\":\"https:\/\/tropicalhotel.it\/de\/\",\"name\":\"Tropical Hotel Jesolo\",\"description\":\"Hotel 3 stelle a Jesolo\",\"publisher\":{\"@id\":\"https:\/\/tropicalhotel.it\/de\/#organization\"},\"potentialAction\":[{\"@type\":\"SearchAction\",\"target\":{\"@type\":\"EntryPoint\",\"urlTemplate\":\"https:\/\/tropicalhotel.it\/de\/?s={search_term_string}\"},\"query-input\":{\"@type\":\"PropertyValueSpecification\",\"valueRequired\":true,\"valueName\":\"search_term_string\"}}],\"inLanguage\":\"de\"},{\"@type\":\"Organization\",\"@id\":\"https:\/\/tropicalhotel.it\/de\/#organization\",\"name\":\"Tropical Hotel Jesolo\",\"url\":\"https:\/\/tropicalhotel.it\/de\/\",\"logo\":{\"@type\":\"ImageObject\",\"inLanguage\":\"de\",\"@id\":\"https:\/\/tropicalhotel.it\/de\/#\/schema\/logo\/image\/\",\"url\":\"https:\/\/tropicalhotel.it\/wp-content\/uploads\/2024\/12\/Logo-Tropical-Verticale-2-2.jpg\",\"contentUrl\":\"https:\/\/tropicalhotel.it\/wp-content\/uploads\/2024\/12\/Logo-Tropical-Verticale-2-2.jpg\",\"width\":190,\"height\":147,\"caption\":\"Tropical Hotel Jesolo\"},\"image\":{\"@id\":\"https:\/\/tropicalhotel.it\/de\/#\/schema\/logo\/image\/\"},\"sameAs\":[\"https:\/\/www.facebook.com\/Tropical-Hotel-Jesolo-276868195688612\/\",\"https:\/\/www.instagram.com\/tropicalhoteljesolo\/\"]}]}<\/script>\n<!-- \/ Yoast SEO plugin. -->","yoast_head_json":{"title":"Vanilla Club Jesolo: der Sommer-Gartenclub","description":"Erleben Sie Vanilla Club Jesolo mit spektakul\u00e4ren Events, Freestyle-Barkeepern und Partys jeden Abend ab Juli.","robots":{"index":"index","follow":"follow","max-snippet":"max-snippet:-1","max-image-preview":"max-image-preview:large","max-video-preview":"max-video-preview:-1"},"canonical":"https:\/\/tropicalhotel.it\/de\/attraktionen\/by-night\/vanilla-club\/","og_locale":"de_DE","og_type":"article","og_title":"Vanilla Club Jesolo: der Sommer-Gartenclub","og_description":"Erleben Sie Vanilla Club Jesolo mit spektakul\u00e4ren Events, Freestyle-Barkeepern und Partys jeden Abend ab Juli.","og_url":"https:\/\/tropicalhotel.it\/de\/attraktionen\/by-night\/vanilla-club\/","og_site_name":"Tropical Hotel Jesolo","article_publisher":"https:\/\/www.facebook.com\/Tropical-Hotel-Jesolo-276868195688612\/","article_modified_time":"2025-01-31T13:35:05+00:00","og_image":[{"width":1600,"height":558,"url":"https:\/\/tropicalhotel.it\/wp-content\/uploads\/2024\/12\/Vanilla-EVI-Tropical-1600x558-1.jpg","type":"image\/jpeg"}],"twitter_card":"summary_large_image","twitter_misc":{"Gesch\u00e4tzte Lesezeit":"1\u00a0Minute"},"schema":{"@context":"https:\/\/schema.org","@graph":[{"@type":"WebPage","@id":"https:\/\/tropicalhotel.it\/de\/attraktionen\/by-night\/vanilla-club\/","url":"https:\/\/tropicalhotel.it\/de\/attraktionen\/by-night\/vanilla-club\/","name":"Vanilla Club Jesolo: der Sommer-Gartenclub","isPartOf":{"@id":"https:\/\/tropicalhotel.it\/de\/#website"},"primaryImageOfPage":{"@id":"https:\/\/tropicalhotel.it\/de\/attraktionen\/by-night\/vanilla-club\/#primaryimage"},"image":{"@id":"https:\/\/tropicalhotel.it\/de\/attraktionen\/by-night\/vanilla-club\/#primaryimage"},"thumbnailUrl":"https:\/\/tropicalhotel.it\/wp-content\/uploads\/2024\/12\/Vanilla-EVI-Tropical-1600x558-1.jpg","datePublished":"2024-12-18T09:08:32+00:00","dateModified":"2025-01-31T13:35:05+00:00","description":"Erleben Sie Vanilla Club Jesolo mit spektakul\u00e4ren Events, Freestyle-Barkeepern und Partys jeden Abend ab Juli.","breadcrumb":{"@id":"https:\/\/tropicalhotel.it\/de\/attraktionen\/by-night\/vanilla-club\/#breadcrumb"},"inLanguage":"de","potentialAction":[{"@type":"ReadAction","target":["https:\/\/tropicalhotel.it\/de\/attraktionen\/by-night\/vanilla-club\/"]}]},{"@type":"ImageObject","inLanguage":"de","@id":"https:\/\/tropicalhotel.it\/de\/attraktionen\/by-night\/vanilla-club\/#primaryimage","url":"https:\/\/tropicalhotel.it\/wp-content\/uploads\/2024\/12\/Vanilla-EVI-Tropical-1600x558-1.jpg","contentUrl":"https:\/\/tropicalhotel.it\/wp-content\/uploads\/2024\/12\/Vanilla-EVI-Tropical-1600x558-1.jpg","width":1600,"height":558,"caption":"Vanilla Club Jesolo"},{"@type":"BreadcrumbList","@id":"https:\/\/tropicalhotel.it\/de\/attraktionen\/by-night\/vanilla-club\/#breadcrumb","itemListElement":[{"@type":"ListItem","position":1,"name":"Home","item":"https:\/\/tropicalhotel.it\/de\/"},{"@type":"ListItem","position":2,"name":"Attraktionen","item":"https:\/\/tropicalhotel.it\/de\/attraktionen\/"},{"@type":"ListItem","position":3,"name":"By Night","item":"https:\/\/tropicalhotel.it\/de\/attraktionen\/by-night\/"},{"@type":"ListItem","position":4,"name":"VANILLA CLUB"}]},{"@type":"WebSite","@id":"https:\/\/tropicalhotel.it\/de\/#website","url":"https:\/\/tropicalhotel.it\/de\/","name":"Tropical Hotel Jesolo","description":"Hotel 3 stelle a Jesolo","publisher":{"@id":"https:\/\/tropicalhotel.it\/de\/#organization"},"potentialAction":[{"@type":"SearchAction","target":{"@type":"EntryPoint","urlTemplate":"https:\/\/tropicalhotel.it\/de\/?s={search_term_string}"},"query-input":{"@type":"PropertyValueSpecification","valueRequired":true,"valueName":"search_term_string"}}],"inLanguage":"de"},{"@type":"Organization","@id":"https:\/\/tropicalhotel.it\/de\/#organization","name":"Tropical Hotel Jesolo","url":"https:\/\/tropicalhotel.it\/de\/","logo":{"@type":"ImageObject","inLanguage":"de","@id":"https:\/\/tropicalhotel.it\/de\/#\/schema\/logo\/image\/","url":"https:\/\/tropicalhotel.it\/wp-content\/uploads\/2024\/12\/Logo-Tropical-Verticale-2-2.jpg","contentUrl":"https:\/\/tropicalhotel.it\/wp-content\/uploads\/2024\/12\/Logo-Tropical-Verticale-2-2.jpg","width":190,"height":147,"caption":"Tropical Hotel Jesolo"},"image":{"@id":"https:\/\/tropicalhotel.it\/de\/#\/schema\/logo\/image\/"},"sameAs":["https:\/\/www.facebook.com\/Tropical-Hotel-Jesolo-276868195688612\/","https:\/\/www.instagram.com\/tropicalhoteljesolo\/"]}]}},"_links":{"self":[{"href":"https:\/\/tropicalhotel.it\/de\/wp-json\/wp\/v2\/pages\/1043","targetHints":{"allow":["GET"]}}],"collection":[{"href":"https:\/\/tropicalhotel.it\/de\/wp-json\/wp\/v2\/pages"}],"about":[{"href":"https:\/\/tropicalhotel.it\/de\/wp-json\/wp\/v2\/types\/page"}],"author":[{"embeddable":true,"href":"https:\/\/tropicalhotel.it\/de\/wp-json\/wp\/v2\/users\/1"}],"replies":[{"embeddable":true,"href":"https:\/\/tropicalhotel.it\/de\/wp-json\/wp\/v2\/comments?post=1043"}],"version-history":[{"count":2,"href":"https:\/\/tropicalhotel.it\/de\/wp-json\/wp\/v2\/pages\/1043\/revisions"}],"predecessor-version":[{"id":1574,"href":"https:\/\/tropicalhotel.it\/de\/wp-json\/wp\/v2\/pages\/1043\/revisions\/1574"}],"up":[{"embeddable":true,"href":"https:\/\/tropicalhotel.it\/de\/wp-json\/wp\/v2\/pages\/1031"}],"wp:featuredmedia":[{"embeddable":true,"href":"https:\/\/tropicalhotel.it\/de\/wp-json\/wp\/v2\/media\/841"}],"wp:attachment":[{"href":"https:\/\/tropicalhotel.it\/de\/wp-json\/wp\/v2\/media?parent=1043"}],"curies":[{"name":"wp","href":"https:\/\/api.w.org\/{rel}","templated":true}]}}