{"id":1049,"date":"2024-12-18T10:59:01","date_gmt":"2024-12-18T10:59:01","guid":{"rendered":"https:\/\/staging.tropicalhotel.it\/escursioni\/padova\/"},"modified":"2025-01-31T13:43:48","modified_gmt":"2025-01-31T13:43:48","slug":"padova","status":"publish","type":"page","link":"https:\/\/tropicalhotel.it\/de\/attraktionen\/ausfluege\/padova\/","title":{"rendered":"PADOVA"},"content":{"rendered":"\n<p>Die alte Universit\u00e4tsstadt Padua darf sich zahlreicher Bezeugungen einer kulturell und k\u00fcnstlerisch glorrreichen Vergangenheit r\u00fchmen, die sie zum Reiseziel von Touristen aus allen Teilen der Welt macht.<br>Padua ist au\u00dferdem weltweit als Stadt des heiligen\u00a0<strong>Antonius bekannt<\/strong>. In Padua befindet sich die ber\u00fchmte\u00a0<strong>Cappella degli Scrovegni<\/strong>, wo die weltber\u00fchmten Fresken von Giotto untergebracht sind, die als eines der Hauptwerke der westlichen Kunst angesehen werden.<br>Besuchenswert ist auch das\u00a0<strong>Caff\u00e8 Pedrocchi<\/strong>, eines der ber\u00fchmtesten Caf\u00e8s der Welt, das sich mitten im Zentrum befindet. Nicht auslassen sollte man einen Spaziergang im Prato della Valle, dem gro\u00dfen ellipsenf\u00f6rmigen Platz, der zu einem der Symbole der Stadt geworden ist.<br><strong>Mit einer Fl\u00e4che von 90.000 qm ist der Prato della Valle nicht nur der gr\u00f6\u00dfte Platz von Padua, sondern auch einer der gr\u00f6\u00dften Europas<\/strong>.<\/p>\n","protected":false},"excerpt":{"rendered":"<p>Die alte Universit\u00e4tsstadt Padua darf sich zahlreicher Bezeugungen einer kulturell und k\u00fcnstlerisch glorrreichen Vergangenheit r\u00fchmen, die sie zum Reiseziel von Touristen aus allen Teilen der Welt macht.Padua ist au\u00dferdem weltweit als Stadt des heiligen\u00a0Antonius bekannt. In Padua befindet sich die ber\u00fchmte\u00a0Cappella degli Scrovegni, wo die weltber\u00fchmten Fresken von Giotto untergebracht sind, die als eines der [&hellip;]<\/p>\n","protected":false},"author":1,"featured_media":1002,"parent":1046,"menu_order":0,"comment_status":"closed","ping_status":"closed","template":"templates\/lista-figlio.php","meta":{"_acf_changed":false,"footnotes":""},"class_list":["post-1049","page","type-page","status-publish","has-post-thumbnail","hentry"],"acf":[],"_links":{"self":[{"href":"https:\/\/tropicalhotel.it\/de\/wp-json\/wp\/v2\/pages\/1049","targetHints":{"allow":["GET"]}}],"collection":[{"href":"https:\/\/tropicalhotel.it\/de\/wp-json\/wp\/v2\/pages"}],"about":[{"href":"https:\/\/tropicalhotel.it\/de\/wp-json\/wp\/v2\/types\/page"}],"author":[{"embeddable":true,"href":"https:\/\/tropicalhotel.it\/de\/wp-json\/wp\/v2\/users\/1"}],"replies":[{"embeddable":true,"href":"https:\/\/tropicalhotel.it\/de\/wp-json\/wp\/v2\/comments?post=1049"}],"version-history":[{"count":1,"href":"https:\/\/tropicalhotel.it\/de\/wp-json\/wp\/v2\/pages\/1049\/revisions"}],"predecessor-version":[{"id":1276,"href":"https:\/\/tropicalhotel.it\/de\/wp-json\/wp\/v2\/pages\/1049\/revisions\/1276"}],"up":[{"embeddable":true,"href":"https:\/\/tropicalhotel.it\/de\/wp-json\/wp\/v2\/pages\/1046"}],"wp:featuredmedia":[{"embeddable":true,"href":"https:\/\/tropicalhotel.it\/de\/wp-json\/wp\/v2\/media\/1002"}],"wp:attachment":[{"href":"https:\/\/tropicalhotel.it\/de\/wp-json\/wp\/v2\/media?parent=1049"}],"curies":[{"name":"wp","href":"https:\/\/api.w.org\/{rel}","templated":true}]}}