{"id":1052,"date":"2024-12-18T11:00:10","date_gmt":"2024-12-18T11:00:10","guid":{"rendered":"https:\/\/staging.tropicalhotel.it\/escursioni\/treviso\/"},"modified":"2025-02-19T11:53:15","modified_gmt":"2025-02-19T11:53:15","slug":"treviso","status":"publish","type":"page","link":"https:\/\/tropicalhotel.it\/de\/attraktionen\/ausfluege\/treviso\/","title":{"rendered":"TREVISO"},"content":{"rendered":"\n<p>In der venetischen Ebene liegt die bezaubernde Stadt Treviso in ca. 15 km Entfernung s\u00fcdwestlich vom rechten&nbsp;<strong>Ufer des Piave, die noch immer einen h\u00fcbschen und verschlossenen Aspekt bewahrt<\/strong>.<br>Neben den bekannteren und belebten Orten, verbergen sich kleinere Stra\u00dfen, Gassen, kleine Uferwege, Kan\u00e4le und Strebemauern, die den Reiz der geschichtsreichen Stadt unversehrt aufrechterhalten.&nbsp;<strong>Besichtigenswert sind der Dom, die Piazza dei Signori und die Piazza Sant\u2019Andrea<\/strong>, wo sich angeblich drei H\u00fcgel befanden, auf denen die Stadt errichtet wurde.<br><strong>Am Palast Ca dei Carraresi in Treviso<\/strong>&nbsp;finden periodisch Ausstellungen von internationalem Ansehen statt. Unbedingt kosten sollte man den bekannten trevisanischen Radicchio mit einem ausgezeichneten Prosecco der Zone.<br>Samstag Morgen Market in Piazza del Grano.<\/p>\n\n\n\n<p><a href=\"https:\/\/www.tropicalhotel.it\/#facebook\" rel=\"noreferrer noopener\" target=\"_blank\"><\/a><\/p>\n","protected":false},"excerpt":{"rendered":"<p>In der venetischen Ebene liegt die bezaubernde Stadt Treviso in ca. 15 km Entfernung s\u00fcdwestlich vom rechten&nbsp;Ufer des Piave, die noch immer einen h\u00fcbschen und verschlossenen Aspekt bewahrt.Neben den bekannteren und belebten Orten, verbergen sich kleinere Stra\u00dfen, Gassen, kleine Uferwege, Kan\u00e4le und Strebemauern, die den Reiz der geschichtsreichen Stadt unversehrt aufrechterhalten.&nbsp;Besichtigenswert sind der Dom, die [&hellip;]<\/p>\n","protected":false},"author":1,"featured_media":998,"parent":1046,"menu_order":0,"comment_status":"closed","ping_status":"closed","template":"templates\/lista-figlio.php","meta":{"_acf_changed":false,"footnotes":""},"class_list":["post-1052","page","type-page","status-publish","has-post-thumbnail","hentry"],"acf":[],"yoast_head":"<!-- This site is optimized with the Yoast SEO plugin v27.0 - https:\/\/yoast.com\/product\/yoast-seo-wordpress\/ -->\n<title>Treviso, eine historische Stadt mit Kan\u00e4len und Traditionen<\/title>\n<meta name=\"description\" content=\"Erleben Sie Treviso mit seinen Kan\u00e4len, Radicchio und Prosecco. Besuchen Sie Ca\u2019 dei Carraresi und den Markt am Samstag.\" \/>\n<meta name=\"robots\" content=\"index, follow, max-snippet:-1, max-image-preview:large, max-video-preview:-1\" \/>\n<link rel=\"canonical\" href=\"https:\/\/tropicalhotel.it\/de\/attraktionen\/ausfluege\/treviso\/\" \/>\n<meta property=\"og:locale\" content=\"de_DE\" \/>\n<meta property=\"og:type\" content=\"article\" \/>\n<meta property=\"og:title\" content=\"Treviso, eine historische Stadt mit Kan\u00e4len und Traditionen\" \/>\n<meta property=\"og:description\" content=\"Erleben Sie Treviso mit seinen Kan\u00e4len, Radicchio und Prosecco. Besuchen Sie Ca\u2019 dei Carraresi und den Markt am Samstag.\" \/>\n<meta property=\"og:url\" content=\"https:\/\/tropicalhotel.it\/de\/attraktionen\/ausfluege\/treviso\/\" \/>\n<meta property=\"og:site_name\" content=\"Tropical Hotel Jesolo\" \/>\n<meta property=\"article:publisher\" content=\"https:\/\/www.facebook.com\/Tropical-Hotel-Jesolo-276868195688612\/\" \/>\n<meta property=\"article:modified_time\" content=\"2025-02-19T11:53:15+00:00\" \/>\n<meta property=\"og:image\" content=\"https:\/\/tropicalhotel.it\/wp-content\/uploads\/2024\/12\/Treviso-EVI-Tropical-1600x558-1.jpg\" \/>\n\t<meta property=\"og:image:width\" content=\"1600\" \/>\n\t<meta property=\"og:image:height\" content=\"558\" \/>\n\t<meta property=\"og:image:type\" content=\"image\/jpeg\" \/>\n<meta name=\"twitter:card\" content=\"summary_large_image\" \/>\n<meta name=\"twitter:label1\" content=\"Gesch\u00e4tzte Lesezeit\" \/>\n\t<meta name=\"twitter:data1\" content=\"1\u00a0Minute\" \/>\n<script type=\"application\/ld+json\" class=\"yoast-schema-graph\">{\"@context\":\"https:\/\/schema.org\",\"@graph\":[{\"@type\":\"WebPage\",\"@id\":\"https:\/\/tropicalhotel.it\/de\/attraktionen\/ausfluege\/treviso\/\",\"url\":\"https:\/\/tropicalhotel.it\/de\/attraktionen\/ausfluege\/treviso\/\",\"name\":\"Treviso, eine historische Stadt mit Kan\u00e4len und Traditionen\",\"isPartOf\":{\"@id\":\"https:\/\/tropicalhotel.it\/de\/#website\"},\"primaryImageOfPage\":{\"@id\":\"https:\/\/tropicalhotel.it\/de\/attraktionen\/ausfluege\/treviso\/#primaryimage\"},\"image\":{\"@id\":\"https:\/\/tropicalhotel.it\/de\/attraktionen\/ausfluege\/treviso\/#primaryimage\"},\"thumbnailUrl\":\"https:\/\/tropicalhotel.it\/wp-content\/uploads\/2024\/12\/Treviso-EVI-Tropical-1600x558-1.jpg\",\"datePublished\":\"2024-12-18T11:00:10+00:00\",\"dateModified\":\"2025-02-19T11:53:15+00:00\",\"description\":\"Erleben Sie Treviso mit seinen Kan\u00e4len, Radicchio und Prosecco. Besuchen Sie Ca\u2019 dei Carraresi und den Markt am Samstag.\",\"breadcrumb\":{\"@id\":\"https:\/\/tropicalhotel.it\/de\/attraktionen\/ausfluege\/treviso\/#breadcrumb\"},\"inLanguage\":\"de\",\"potentialAction\":[{\"@type\":\"ReadAction\",\"target\":[\"https:\/\/tropicalhotel.it\/de\/attraktionen\/ausfluege\/treviso\/\"]}]},{\"@type\":\"ImageObject\",\"inLanguage\":\"de\",\"@id\":\"https:\/\/tropicalhotel.it\/de\/attraktionen\/ausfluege\/treviso\/#primaryimage\",\"url\":\"https:\/\/tropicalhotel.it\/wp-content\/uploads\/2024\/12\/Treviso-EVI-Tropical-1600x558-1.jpg\",\"contentUrl\":\"https:\/\/tropicalhotel.it\/wp-content\/uploads\/2024\/12\/Treviso-EVI-Tropical-1600x558-1.jpg\",\"width\":1600,\"height\":558,\"caption\":\"Treviso historische Stadt\"},{\"@type\":\"BreadcrumbList\",\"@id\":\"https:\/\/tropicalhotel.it\/de\/attraktionen\/ausfluege\/treviso\/#breadcrumb\",\"itemListElement\":[{\"@type\":\"ListItem\",\"position\":1,\"name\":\"Home\",\"item\":\"https:\/\/tropicalhotel.it\/de\/\"},{\"@type\":\"ListItem\",\"position\":2,\"name\":\"Attraktionen\",\"item\":\"https:\/\/tropicalhotel.it\/de\/attraktionen\/\"},{\"@type\":\"ListItem\",\"position\":3,\"name\":\"AUSFL\u00dcGE\",\"item\":\"https:\/\/tropicalhotel.it\/de\/attraktionen\/ausfluege\/\"},{\"@type\":\"ListItem\",\"position\":4,\"name\":\"TREVISO\"}]},{\"@type\":\"WebSite\",\"@id\":\"https:\/\/tropicalhotel.it\/de\/#website\",\"url\":\"https:\/\/tropicalhotel.it\/de\/\",\"name\":\"Tropical Hotel Jesolo\",\"description\":\"Hotel 3 stelle a Jesolo\",\"publisher\":{\"@id\":\"https:\/\/tropicalhotel.it\/de\/#organization\"},\"potentialAction\":[{\"@type\":\"SearchAction\",\"target\":{\"@type\":\"EntryPoint\",\"urlTemplate\":\"https:\/\/tropicalhotel.it\/de\/?s={search_term_string}\"},\"query-input\":{\"@type\":\"PropertyValueSpecification\",\"valueRequired\":true,\"valueName\":\"search_term_string\"}}],\"inLanguage\":\"de\"},{\"@type\":\"Organization\",\"@id\":\"https:\/\/tropicalhotel.it\/de\/#organization\",\"name\":\"Tropical Hotel Jesolo\",\"url\":\"https:\/\/tropicalhotel.it\/de\/\",\"logo\":{\"@type\":\"ImageObject\",\"inLanguage\":\"de\",\"@id\":\"https:\/\/tropicalhotel.it\/de\/#\/schema\/logo\/image\/\",\"url\":\"https:\/\/tropicalhotel.it\/wp-content\/uploads\/2024\/12\/Logo-Tropical-Verticale-2-2.jpg\",\"contentUrl\":\"https:\/\/tropicalhotel.it\/wp-content\/uploads\/2024\/12\/Logo-Tropical-Verticale-2-2.jpg\",\"width\":190,\"height\":147,\"caption\":\"Tropical Hotel Jesolo\"},\"image\":{\"@id\":\"https:\/\/tropicalhotel.it\/de\/#\/schema\/logo\/image\/\"},\"sameAs\":[\"https:\/\/www.facebook.com\/Tropical-Hotel-Jesolo-276868195688612\/\",\"https:\/\/www.instagram.com\/tropicalhoteljesolo\/\"]}]}<\/script>\n<!-- \/ Yoast SEO plugin. -->","yoast_head_json":{"title":"Treviso, eine historische Stadt mit Kan\u00e4len und Traditionen","description":"Erleben Sie Treviso mit seinen Kan\u00e4len, Radicchio und Prosecco. Besuchen Sie Ca\u2019 dei Carraresi und den Markt am Samstag.","robots":{"index":"index","follow":"follow","max-snippet":"max-snippet:-1","max-image-preview":"max-image-preview:large","max-video-preview":"max-video-preview:-1"},"canonical":"https:\/\/tropicalhotel.it\/de\/attraktionen\/ausfluege\/treviso\/","og_locale":"de_DE","og_type":"article","og_title":"Treviso, eine historische Stadt mit Kan\u00e4len und Traditionen","og_description":"Erleben Sie Treviso mit seinen Kan\u00e4len, Radicchio und Prosecco. Besuchen Sie Ca\u2019 dei Carraresi und den Markt am Samstag.","og_url":"https:\/\/tropicalhotel.it\/de\/attraktionen\/ausfluege\/treviso\/","og_site_name":"Tropical Hotel Jesolo","article_publisher":"https:\/\/www.facebook.com\/Tropical-Hotel-Jesolo-276868195688612\/","article_modified_time":"2025-02-19T11:53:15+00:00","og_image":[{"width":1600,"height":558,"url":"https:\/\/tropicalhotel.it\/wp-content\/uploads\/2024\/12\/Treviso-EVI-Tropical-1600x558-1.jpg","type":"image\/jpeg"}],"twitter_card":"summary_large_image","twitter_misc":{"Gesch\u00e4tzte Lesezeit":"1\u00a0Minute"},"schema":{"@context":"https:\/\/schema.org","@graph":[{"@type":"WebPage","@id":"https:\/\/tropicalhotel.it\/de\/attraktionen\/ausfluege\/treviso\/","url":"https:\/\/tropicalhotel.it\/de\/attraktionen\/ausfluege\/treviso\/","name":"Treviso, eine historische Stadt mit Kan\u00e4len und Traditionen","isPartOf":{"@id":"https:\/\/tropicalhotel.it\/de\/#website"},"primaryImageOfPage":{"@id":"https:\/\/tropicalhotel.it\/de\/attraktionen\/ausfluege\/treviso\/#primaryimage"},"image":{"@id":"https:\/\/tropicalhotel.it\/de\/attraktionen\/ausfluege\/treviso\/#primaryimage"},"thumbnailUrl":"https:\/\/tropicalhotel.it\/wp-content\/uploads\/2024\/12\/Treviso-EVI-Tropical-1600x558-1.jpg","datePublished":"2024-12-18T11:00:10+00:00","dateModified":"2025-02-19T11:53:15+00:00","description":"Erleben Sie Treviso mit seinen Kan\u00e4len, Radicchio und Prosecco. Besuchen Sie Ca\u2019 dei Carraresi und den Markt am Samstag.","breadcrumb":{"@id":"https:\/\/tropicalhotel.it\/de\/attraktionen\/ausfluege\/treviso\/#breadcrumb"},"inLanguage":"de","potentialAction":[{"@type":"ReadAction","target":["https:\/\/tropicalhotel.it\/de\/attraktionen\/ausfluege\/treviso\/"]}]},{"@type":"ImageObject","inLanguage":"de","@id":"https:\/\/tropicalhotel.it\/de\/attraktionen\/ausfluege\/treviso\/#primaryimage","url":"https:\/\/tropicalhotel.it\/wp-content\/uploads\/2024\/12\/Treviso-EVI-Tropical-1600x558-1.jpg","contentUrl":"https:\/\/tropicalhotel.it\/wp-content\/uploads\/2024\/12\/Treviso-EVI-Tropical-1600x558-1.jpg","width":1600,"height":558,"caption":"Treviso historische Stadt"},{"@type":"BreadcrumbList","@id":"https:\/\/tropicalhotel.it\/de\/attraktionen\/ausfluege\/treviso\/#breadcrumb","itemListElement":[{"@type":"ListItem","position":1,"name":"Home","item":"https:\/\/tropicalhotel.it\/de\/"},{"@type":"ListItem","position":2,"name":"Attraktionen","item":"https:\/\/tropicalhotel.it\/de\/attraktionen\/"},{"@type":"ListItem","position":3,"name":"AUSFL\u00dcGE","item":"https:\/\/tropicalhotel.it\/de\/attraktionen\/ausfluege\/"},{"@type":"ListItem","position":4,"name":"TREVISO"}]},{"@type":"WebSite","@id":"https:\/\/tropicalhotel.it\/de\/#website","url":"https:\/\/tropicalhotel.it\/de\/","name":"Tropical Hotel Jesolo","description":"Hotel 3 stelle a Jesolo","publisher":{"@id":"https:\/\/tropicalhotel.it\/de\/#organization"},"potentialAction":[{"@type":"SearchAction","target":{"@type":"EntryPoint","urlTemplate":"https:\/\/tropicalhotel.it\/de\/?s={search_term_string}"},"query-input":{"@type":"PropertyValueSpecification","valueRequired":true,"valueName":"search_term_string"}}],"inLanguage":"de"},{"@type":"Organization","@id":"https:\/\/tropicalhotel.it\/de\/#organization","name":"Tropical Hotel Jesolo","url":"https:\/\/tropicalhotel.it\/de\/","logo":{"@type":"ImageObject","inLanguage":"de","@id":"https:\/\/tropicalhotel.it\/de\/#\/schema\/logo\/image\/","url":"https:\/\/tropicalhotel.it\/wp-content\/uploads\/2024\/12\/Logo-Tropical-Verticale-2-2.jpg","contentUrl":"https:\/\/tropicalhotel.it\/wp-content\/uploads\/2024\/12\/Logo-Tropical-Verticale-2-2.jpg","width":190,"height":147,"caption":"Tropical Hotel Jesolo"},"image":{"@id":"https:\/\/tropicalhotel.it\/de\/#\/schema\/logo\/image\/"},"sameAs":["https:\/\/www.facebook.com\/Tropical-Hotel-Jesolo-276868195688612\/","https:\/\/www.instagram.com\/tropicalhoteljesolo\/"]}]}},"_links":{"self":[{"href":"https:\/\/tropicalhotel.it\/de\/wp-json\/wp\/v2\/pages\/1052","targetHints":{"allow":["GET"]}}],"collection":[{"href":"https:\/\/tropicalhotel.it\/de\/wp-json\/wp\/v2\/pages"}],"about":[{"href":"https:\/\/tropicalhotel.it\/de\/wp-json\/wp\/v2\/types\/page"}],"author":[{"embeddable":true,"href":"https:\/\/tropicalhotel.it\/de\/wp-json\/wp\/v2\/users\/1"}],"replies":[{"embeddable":true,"href":"https:\/\/tropicalhotel.it\/de\/wp-json\/wp\/v2\/comments?post=1052"}],"version-history":[{"count":1,"href":"https:\/\/tropicalhotel.it\/de\/wp-json\/wp\/v2\/pages\/1052\/revisions"}],"predecessor-version":[{"id":1279,"href":"https:\/\/tropicalhotel.it\/de\/wp-json\/wp\/v2\/pages\/1052\/revisions\/1279"}],"up":[{"embeddable":true,"href":"https:\/\/tropicalhotel.it\/de\/wp-json\/wp\/v2\/pages\/1046"}],"wp:featuredmedia":[{"embeddable":true,"href":"https:\/\/tropicalhotel.it\/de\/wp-json\/wp\/v2\/media\/998"}],"wp:attachment":[{"href":"https:\/\/tropicalhotel.it\/de\/wp-json\/wp\/v2\/media?parent=1052"}],"curies":[{"name":"wp","href":"https:\/\/api.w.org\/{rel}","templated":true}]}}