{"id":1055,"date":"2024-12-18T11:09:55","date_gmt":"2024-12-18T11:09:55","guid":{"rendered":"https:\/\/staging.tropicalhotel.it\/escursioni\/trieste\/"},"modified":"2025-01-31T14:03:43","modified_gmt":"2025-01-31T14:03:43","slug":"trieste","status":"publish","type":"page","link":"https:\/\/tropicalhotel.it\/de\/attraktionen\/ausfluege\/trieste\/","title":{"rendered":"TRIESTE"},"content":{"rendered":"\n<p>In Trieste, der Stadt von\u00a0<strong>Umberto Saba und Italo Svevo, treffen viele Kulturen und Religionen zusammen<\/strong>, was sowohl durch die geographische Lage an der Grenze bedingt ist, als auch durch die historischen Wechself\u00e4lle, die Trieste zum Treffpunkt von vielen V\u00f6lkern gemacht hat. Nur wenige Kilometer n\u00f6rdlich der Stadt liegt das wundersch\u00f6ne\u00a0<strong>Schloss Miramare mit Blick auf den Golf von Trieste<\/strong>, das auf Wunsch von Maximilian von Habsburg, dem Erzherzog von \u00d6sterreich und Kaiser von Mexico erbaut wurde und sp\u00e4ter Wohnsitz vom Herzog Amedeo d\u2019Aosta wurde.<br><strong>Besuchenswert ist auch die Grotte Gigante die sich auf dem Carso Triestino<\/strong>, der Hochebene, die sich hinter Trieste befindet \u00f6ffnet.<br>Das Schauspiel ist f\u00fcr die einzigartigen Proportionen der H\u00f6hle und die geschickte Beleuchtung imposant, die all das hervorhebt, was die Natur geschaffen hat.<\/p>\n","protected":false},"excerpt":{"rendered":"<p>In Trieste, der Stadt von\u00a0Umberto Saba und Italo Svevo, treffen viele Kulturen und Religionen zusammen, was sowohl durch die geographische Lage an der Grenze bedingt ist, als auch durch die historischen Wechself\u00e4lle, die Trieste zum Treffpunkt von vielen V\u00f6lkern gemacht hat. Nur wenige Kilometer n\u00f6rdlich der Stadt liegt das wundersch\u00f6ne\u00a0Schloss Miramare mit Blick auf den [&hellip;]<\/p>\n","protected":false},"author":1,"featured_media":982,"parent":1046,"menu_order":0,"comment_status":"closed","ping_status":"closed","template":"templates\/lista-figlio.php","meta":{"_acf_changed":false,"footnotes":""},"class_list":["post-1055","page","type-page","status-publish","has-post-thumbnail","hentry"],"acf":[],"yoast_head":"<!-- This site is optimized with the Yoast SEO plugin v27.0 - https:\/\/yoast.com\/product\/yoast-seo-wordpress\/ -->\n<title>Trieste: Besuchen Sie das Schloss Miramare<\/title>\n<meta name=\"description\" content=\"Erleben Sie Trieste, erkunden Sie das Schloss Miramare mit Meerblick und die Grotta Gigante, eine beeindruckende nat\u00fcrliche H\u00f6hle.\" \/>\n<meta name=\"robots\" content=\"index, follow, max-snippet:-1, max-image-preview:large, max-video-preview:-1\" \/>\n<link rel=\"canonical\" href=\"https:\/\/tropicalhotel.it\/de\/attraktionen\/ausfluege\/trieste\/\" \/>\n<meta property=\"og:locale\" content=\"de_DE\" \/>\n<meta property=\"og:type\" content=\"article\" \/>\n<meta property=\"og:title\" content=\"Trieste: Besuchen Sie das Schloss Miramare\" \/>\n<meta property=\"og:description\" content=\"Erleben Sie Trieste, erkunden Sie das Schloss Miramare mit Meerblick und die Grotta Gigante, eine beeindruckende nat\u00fcrliche H\u00f6hle.\" \/>\n<meta property=\"og:url\" content=\"https:\/\/tropicalhotel.it\/de\/attraktionen\/ausfluege\/trieste\/\" \/>\n<meta property=\"og:site_name\" content=\"Tropical Hotel Jesolo\" \/>\n<meta property=\"article:publisher\" content=\"https:\/\/www.facebook.com\/Tropical-Hotel-Jesolo-276868195688612\/\" \/>\n<meta property=\"article:modified_time\" content=\"2025-01-31T14:03:43+00:00\" \/>\n<meta property=\"og:image\" content=\"https:\/\/tropicalhotel.it\/wp-content\/uploads\/2024\/12\/Trieste-EVI-Tropical-1600x558-1.jpg\" \/>\n\t<meta property=\"og:image:width\" content=\"1600\" \/>\n\t<meta property=\"og:image:height\" content=\"558\" \/>\n\t<meta property=\"og:image:type\" content=\"image\/jpeg\" \/>\n<meta name=\"twitter:card\" content=\"summary_large_image\" \/>\n<meta name=\"twitter:label1\" content=\"Gesch\u00e4tzte Lesezeit\" \/>\n\t<meta name=\"twitter:data1\" content=\"1\u00a0Minute\" \/>\n<script type=\"application\/ld+json\" class=\"yoast-schema-graph\">{\"@context\":\"https:\/\/schema.org\",\"@graph\":[{\"@type\":\"WebPage\",\"@id\":\"https:\/\/tropicalhotel.it\/de\/attraktionen\/ausfluege\/trieste\/\",\"url\":\"https:\/\/tropicalhotel.it\/de\/attraktionen\/ausfluege\/trieste\/\",\"name\":\"Trieste: Besuchen Sie das Schloss Miramare\",\"isPartOf\":{\"@id\":\"https:\/\/tropicalhotel.it\/de\/#website\"},\"primaryImageOfPage\":{\"@id\":\"https:\/\/tropicalhotel.it\/de\/attraktionen\/ausfluege\/trieste\/#primaryimage\"},\"image\":{\"@id\":\"https:\/\/tropicalhotel.it\/de\/attraktionen\/ausfluege\/trieste\/#primaryimage\"},\"thumbnailUrl\":\"https:\/\/tropicalhotel.it\/wp-content\/uploads\/2024\/12\/Trieste-EVI-Tropical-1600x558-1.jpg\",\"datePublished\":\"2024-12-18T11:09:55+00:00\",\"dateModified\":\"2025-01-31T14:03:43+00:00\",\"description\":\"Erleben Sie Trieste, erkunden Sie das Schloss Miramare mit Meerblick und die Grotta Gigante, eine beeindruckende nat\u00fcrliche H\u00f6hle.\",\"breadcrumb\":{\"@id\":\"https:\/\/tropicalhotel.it\/de\/attraktionen\/ausfluege\/trieste\/#breadcrumb\"},\"inLanguage\":\"de\",\"potentialAction\":[{\"@type\":\"ReadAction\",\"target\":[\"https:\/\/tropicalhotel.it\/de\/attraktionen\/ausfluege\/trieste\/\"]}]},{\"@type\":\"ImageObject\",\"inLanguage\":\"de\",\"@id\":\"https:\/\/tropicalhotel.it\/de\/attraktionen\/ausfluege\/trieste\/#primaryimage\",\"url\":\"https:\/\/tropicalhotel.it\/wp-content\/uploads\/2024\/12\/Trieste-EVI-Tropical-1600x558-1.jpg\",\"contentUrl\":\"https:\/\/tropicalhotel.it\/wp-content\/uploads\/2024\/12\/Trieste-EVI-Tropical-1600x558-1.jpg\",\"width\":1600,\"height\":558,\"caption\":\"Trieste Schloss Miramare\"},{\"@type\":\"BreadcrumbList\",\"@id\":\"https:\/\/tropicalhotel.it\/de\/attraktionen\/ausfluege\/trieste\/#breadcrumb\",\"itemListElement\":[{\"@type\":\"ListItem\",\"position\":1,\"name\":\"Home\",\"item\":\"https:\/\/tropicalhotel.it\/de\/\"},{\"@type\":\"ListItem\",\"position\":2,\"name\":\"Attraktionen\",\"item\":\"https:\/\/tropicalhotel.it\/de\/attraktionen\/\"},{\"@type\":\"ListItem\",\"position\":3,\"name\":\"AUSFL\u00dcGE\",\"item\":\"https:\/\/tropicalhotel.it\/de\/attraktionen\/ausfluege\/\"},{\"@type\":\"ListItem\",\"position\":4,\"name\":\"TRIESTE\"}]},{\"@type\":\"WebSite\",\"@id\":\"https:\/\/tropicalhotel.it\/de\/#website\",\"url\":\"https:\/\/tropicalhotel.it\/de\/\",\"name\":\"Tropical Hotel Jesolo\",\"description\":\"Hotel 3 stelle a Jesolo\",\"publisher\":{\"@id\":\"https:\/\/tropicalhotel.it\/de\/#organization\"},\"potentialAction\":[{\"@type\":\"SearchAction\",\"target\":{\"@type\":\"EntryPoint\",\"urlTemplate\":\"https:\/\/tropicalhotel.it\/de\/?s={search_term_string}\"},\"query-input\":{\"@type\":\"PropertyValueSpecification\",\"valueRequired\":true,\"valueName\":\"search_term_string\"}}],\"inLanguage\":\"de\"},{\"@type\":\"Organization\",\"@id\":\"https:\/\/tropicalhotel.it\/de\/#organization\",\"name\":\"Tropical Hotel Jesolo\",\"url\":\"https:\/\/tropicalhotel.it\/de\/\",\"logo\":{\"@type\":\"ImageObject\",\"inLanguage\":\"de\",\"@id\":\"https:\/\/tropicalhotel.it\/de\/#\/schema\/logo\/image\/\",\"url\":\"https:\/\/tropicalhotel.it\/wp-content\/uploads\/2024\/12\/Logo-Tropical-Verticale-2-2.jpg\",\"contentUrl\":\"https:\/\/tropicalhotel.it\/wp-content\/uploads\/2024\/12\/Logo-Tropical-Verticale-2-2.jpg\",\"width\":190,\"height\":147,\"caption\":\"Tropical Hotel Jesolo\"},\"image\":{\"@id\":\"https:\/\/tropicalhotel.it\/de\/#\/schema\/logo\/image\/\"},\"sameAs\":[\"https:\/\/www.facebook.com\/Tropical-Hotel-Jesolo-276868195688612\/\",\"https:\/\/www.instagram.com\/tropicalhoteljesolo\/\"]}]}<\/script>\n<!-- \/ Yoast SEO plugin. -->","yoast_head_json":{"title":"Trieste: Besuchen Sie das Schloss Miramare","description":"Erleben Sie Trieste, erkunden Sie das Schloss Miramare mit Meerblick und die Grotta Gigante, eine beeindruckende nat\u00fcrliche H\u00f6hle.","robots":{"index":"index","follow":"follow","max-snippet":"max-snippet:-1","max-image-preview":"max-image-preview:large","max-video-preview":"max-video-preview:-1"},"canonical":"https:\/\/tropicalhotel.it\/de\/attraktionen\/ausfluege\/trieste\/","og_locale":"de_DE","og_type":"article","og_title":"Trieste: Besuchen Sie das Schloss Miramare","og_description":"Erleben Sie Trieste, erkunden Sie das Schloss Miramare mit Meerblick und die Grotta Gigante, eine beeindruckende nat\u00fcrliche H\u00f6hle.","og_url":"https:\/\/tropicalhotel.it\/de\/attraktionen\/ausfluege\/trieste\/","og_site_name":"Tropical Hotel Jesolo","article_publisher":"https:\/\/www.facebook.com\/Tropical-Hotel-Jesolo-276868195688612\/","article_modified_time":"2025-01-31T14:03:43+00:00","og_image":[{"width":1600,"height":558,"url":"https:\/\/tropicalhotel.it\/wp-content\/uploads\/2024\/12\/Trieste-EVI-Tropical-1600x558-1.jpg","type":"image\/jpeg"}],"twitter_card":"summary_large_image","twitter_misc":{"Gesch\u00e4tzte Lesezeit":"1\u00a0Minute"},"schema":{"@context":"https:\/\/schema.org","@graph":[{"@type":"WebPage","@id":"https:\/\/tropicalhotel.it\/de\/attraktionen\/ausfluege\/trieste\/","url":"https:\/\/tropicalhotel.it\/de\/attraktionen\/ausfluege\/trieste\/","name":"Trieste: Besuchen Sie das Schloss Miramare","isPartOf":{"@id":"https:\/\/tropicalhotel.it\/de\/#website"},"primaryImageOfPage":{"@id":"https:\/\/tropicalhotel.it\/de\/attraktionen\/ausfluege\/trieste\/#primaryimage"},"image":{"@id":"https:\/\/tropicalhotel.it\/de\/attraktionen\/ausfluege\/trieste\/#primaryimage"},"thumbnailUrl":"https:\/\/tropicalhotel.it\/wp-content\/uploads\/2024\/12\/Trieste-EVI-Tropical-1600x558-1.jpg","datePublished":"2024-12-18T11:09:55+00:00","dateModified":"2025-01-31T14:03:43+00:00","description":"Erleben Sie Trieste, erkunden Sie das Schloss Miramare mit Meerblick und die Grotta Gigante, eine beeindruckende nat\u00fcrliche H\u00f6hle.","breadcrumb":{"@id":"https:\/\/tropicalhotel.it\/de\/attraktionen\/ausfluege\/trieste\/#breadcrumb"},"inLanguage":"de","potentialAction":[{"@type":"ReadAction","target":["https:\/\/tropicalhotel.it\/de\/attraktionen\/ausfluege\/trieste\/"]}]},{"@type":"ImageObject","inLanguage":"de","@id":"https:\/\/tropicalhotel.it\/de\/attraktionen\/ausfluege\/trieste\/#primaryimage","url":"https:\/\/tropicalhotel.it\/wp-content\/uploads\/2024\/12\/Trieste-EVI-Tropical-1600x558-1.jpg","contentUrl":"https:\/\/tropicalhotel.it\/wp-content\/uploads\/2024\/12\/Trieste-EVI-Tropical-1600x558-1.jpg","width":1600,"height":558,"caption":"Trieste Schloss Miramare"},{"@type":"BreadcrumbList","@id":"https:\/\/tropicalhotel.it\/de\/attraktionen\/ausfluege\/trieste\/#breadcrumb","itemListElement":[{"@type":"ListItem","position":1,"name":"Home","item":"https:\/\/tropicalhotel.it\/de\/"},{"@type":"ListItem","position":2,"name":"Attraktionen","item":"https:\/\/tropicalhotel.it\/de\/attraktionen\/"},{"@type":"ListItem","position":3,"name":"AUSFL\u00dcGE","item":"https:\/\/tropicalhotel.it\/de\/attraktionen\/ausfluege\/"},{"@type":"ListItem","position":4,"name":"TRIESTE"}]},{"@type":"WebSite","@id":"https:\/\/tropicalhotel.it\/de\/#website","url":"https:\/\/tropicalhotel.it\/de\/","name":"Tropical Hotel Jesolo","description":"Hotel 3 stelle a Jesolo","publisher":{"@id":"https:\/\/tropicalhotel.it\/de\/#organization"},"potentialAction":[{"@type":"SearchAction","target":{"@type":"EntryPoint","urlTemplate":"https:\/\/tropicalhotel.it\/de\/?s={search_term_string}"},"query-input":{"@type":"PropertyValueSpecification","valueRequired":true,"valueName":"search_term_string"}}],"inLanguage":"de"},{"@type":"Organization","@id":"https:\/\/tropicalhotel.it\/de\/#organization","name":"Tropical Hotel Jesolo","url":"https:\/\/tropicalhotel.it\/de\/","logo":{"@type":"ImageObject","inLanguage":"de","@id":"https:\/\/tropicalhotel.it\/de\/#\/schema\/logo\/image\/","url":"https:\/\/tropicalhotel.it\/wp-content\/uploads\/2024\/12\/Logo-Tropical-Verticale-2-2.jpg","contentUrl":"https:\/\/tropicalhotel.it\/wp-content\/uploads\/2024\/12\/Logo-Tropical-Verticale-2-2.jpg","width":190,"height":147,"caption":"Tropical Hotel Jesolo"},"image":{"@id":"https:\/\/tropicalhotel.it\/de\/#\/schema\/logo\/image\/"},"sameAs":["https:\/\/www.facebook.com\/Tropical-Hotel-Jesolo-276868195688612\/","https:\/\/www.instagram.com\/tropicalhoteljesolo\/"]}]}},"_links":{"self":[{"href":"https:\/\/tropicalhotel.it\/de\/wp-json\/wp\/v2\/pages\/1055","targetHints":{"allow":["GET"]}}],"collection":[{"href":"https:\/\/tropicalhotel.it\/de\/wp-json\/wp\/v2\/pages"}],"about":[{"href":"https:\/\/tropicalhotel.it\/de\/wp-json\/wp\/v2\/types\/page"}],"author":[{"embeddable":true,"href":"https:\/\/tropicalhotel.it\/de\/wp-json\/wp\/v2\/users\/1"}],"replies":[{"embeddable":true,"href":"https:\/\/tropicalhotel.it\/de\/wp-json\/wp\/v2\/comments?post=1055"}],"version-history":[{"count":1,"href":"https:\/\/tropicalhotel.it\/de\/wp-json\/wp\/v2\/pages\/1055\/revisions"}],"predecessor-version":[{"id":1283,"href":"https:\/\/tropicalhotel.it\/de\/wp-json\/wp\/v2\/pages\/1055\/revisions\/1283"}],"up":[{"embeddable":true,"href":"https:\/\/tropicalhotel.it\/de\/wp-json\/wp\/v2\/pages\/1046"}],"wp:featuredmedia":[{"embeddable":true,"href":"https:\/\/tropicalhotel.it\/de\/wp-json\/wp\/v2\/media\/982"}],"wp:attachment":[{"href":"https:\/\/tropicalhotel.it\/de\/wp-json\/wp\/v2\/media?parent=1055"}],"curies":[{"name":"wp","href":"https:\/\/api.w.org\/{rel}","templated":true}]}}