{"id":1058,"date":"2024-12-18T10:55:58","date_gmt":"2024-12-18T10:55:58","guid":{"rendered":"https:\/\/staging.tropicalhotel.it\/escursioni\/venezia-e-le-isole\/"},"modified":"2025-01-31T14:09:46","modified_gmt":"2025-01-31T14:09:46","slug":"venedig-und-inseln","status":"publish","type":"page","link":"https:\/\/tropicalhotel.it\/de\/attraktionen\/ausfluege\/venedig-und-inseln\/","title":{"rendered":"VENEDIG UND INSELN"},"content":{"rendered":"\n<p>Jesolo ist au\u00dferdem ein idealer Ausgangspunkt um Venedig zu besuchen. Die k\u00fcrzeste Strecke ist\u00a0<strong>\u201cJesolo-Punta Sabbioni\u201d (15 km von uns aus)<\/strong>. Im Punta Sabbioni stehen Ihnen Parkpl\u00e4tze f\u00fcr Ihr Auto zur Verf\u00fcgung und das Motorschiff wird Sie jede halbe Stunde zum Markusplatz in Venedig bringen. Auf diese Weise k\u00f6nnen Sie auch die Inseln\u00a0<strong>Burano, Murano und Torcello<\/strong>\u00a0besuchen.<br>Sie sind wahre Prachtst\u00fccke der Republik Venedig, der seit 1000 Jahren stets prachtvollen und unver\u00e4nderten Stadt. Die sind wahre Prachtst\u00fccke der Republik Venedig, die seit 1000 Jahren noch prachtvoll und unver\u00e4ndert ist.<\/p>\n","protected":false},"excerpt":{"rendered":"<p>Jesolo ist au\u00dferdem ein idealer Ausgangspunkt um Venedig zu besuchen. Die k\u00fcrzeste Strecke ist\u00a0\u201cJesolo-Punta Sabbioni\u201d (15 km von uns aus). Im Punta Sabbioni stehen Ihnen Parkpl\u00e4tze f\u00fcr Ihr Auto zur Verf\u00fcgung und das Motorschiff wird Sie jede halbe Stunde zum Markusplatz in Venedig bringen. Auf diese Weise k\u00f6nnen Sie auch die Inseln\u00a0Burano, Murano und Torcello\u00a0besuchen.Sie [&hellip;]<\/p>\n","protected":false},"author":1,"featured_media":994,"parent":1046,"menu_order":0,"comment_status":"closed","ping_status":"closed","template":"templates\/lista-figlio.php","meta":{"_acf_changed":false,"footnotes":""},"class_list":["post-1058","page","type-page","status-publish","has-post-thumbnail","hentry"],"acf":[],"_links":{"self":[{"href":"https:\/\/tropicalhotel.it\/de\/wp-json\/wp\/v2\/pages\/1058","targetHints":{"allow":["GET"]}}],"collection":[{"href":"https:\/\/tropicalhotel.it\/de\/wp-json\/wp\/v2\/pages"}],"about":[{"href":"https:\/\/tropicalhotel.it\/de\/wp-json\/wp\/v2\/types\/page"}],"author":[{"embeddable":true,"href":"https:\/\/tropicalhotel.it\/de\/wp-json\/wp\/v2\/users\/1"}],"replies":[{"embeddable":true,"href":"https:\/\/tropicalhotel.it\/de\/wp-json\/wp\/v2\/comments?post=1058"}],"version-history":[{"count":1,"href":"https:\/\/tropicalhotel.it\/de\/wp-json\/wp\/v2\/pages\/1058\/revisions"}],"predecessor-version":[{"id":1289,"href":"https:\/\/tropicalhotel.it\/de\/wp-json\/wp\/v2\/pages\/1058\/revisions\/1289"}],"up":[{"embeddable":true,"href":"https:\/\/tropicalhotel.it\/de\/wp-json\/wp\/v2\/pages\/1046"}],"wp:featuredmedia":[{"embeddable":true,"href":"https:\/\/tropicalhotel.it\/de\/wp-json\/wp\/v2\/media\/994"}],"wp:attachment":[{"href":"https:\/\/tropicalhotel.it\/de\/wp-json\/wp\/v2\/media?parent=1058"}],"curies":[{"name":"wp","href":"https:\/\/api.w.org\/{rel}","templated":true}]}}