{"id":1064,"date":"2024-12-18T11:02:37","date_gmt":"2024-12-18T11:02:37","guid":{"rendered":"https:\/\/staging.tropicalhotel.it\/escursioni\/vicenza\/"},"modified":"2025-01-31T14:20:06","modified_gmt":"2025-01-31T14:20:06","slug":"vicenza","status":"publish","type":"page","link":"https:\/\/tropicalhotel.it\/de\/attraktionen\/ausfluege\/vicenza\/","title":{"rendered":"VICENZA"},"content":{"rendered":"\n<p>Vicenza, die Stadt von Palladio, der hier zahlreiche Bauwerke realisierte, ist nicht nur eine der wichtigsten Kunstst\u00e4dte vom Veneto.&nbsp;<strong>Vicenza ist n\u00e4mlich ein Kulturgenuss f\u00fcr Reisende<\/strong>, die aus allen Teilen Italiens und aus dem Ausland kommen.<br><strong>Dar\u00fcber hinaus wurde die Stadt von der UNESCO zum Weltkulturerbe ernannt<\/strong>. Die Basilika Palladiana, die ab dem Jahre 1549 wieder erbaut wurde, ist das ber\u00fchmteste \u00f6ffentliche Geb\u00e4ude. Unbedingt kosten sollte man \u00fcbrigens ein typisches Gericht der Stadt:&nbsp;<strong>\u201cBaccal\u00e0 alla vicentina\u201d (Stockfisch nach Vicentina Art)<\/strong>!<br>S\u00fcdwestlich von Vicenza befindet sich der Wallfahrtsort der Madonna di Monte Berico, mit dem die beiden Erscheinungen der Heiligen Jungfrau in Zusammenhang gebracht werden: die erste vom 7.<br>M\u00e4rz 1426 und die 2. vom 1. August 1428. Ein Muss der Schale Geschmack: Der Kabeljau Vicenza (baccal\u00e0 alla vicentina).<\/p>\n\n\n\n<p><a href=\"https:\/\/www.tropicalhotel.it\/#facebook\" rel=\"noreferrer noopener\" target=\"_blank\">Facebook<\/a><a href=\"https:\/\/www.tropicalhotel.it\/#twitter\" rel=\"noreferrer noopener\" target=\"_blank\">Twitter<\/a><a href=\"https:\/\/www.addtoany.com\/add_to\/google_plus?linkurl=https%3A%2F%2Fwww.tropicalhotel.it%2Fde%2Fausfluege%2Fvicenza%2F&amp;linkname=VICENZA\" rel=\"noreferrer noopener\" target=\"_blank\"><\/a><a href=\"https:\/\/www.addtoany.com\/share#url=https%3A%2F%2Fwww.tropicalhotel.it%2Fde%2Fausfluege%2Fvicenza%2F&amp;title=VICENZA\">Condividi<\/a><\/p>\n","protected":false},"excerpt":{"rendered":"<p>Vicenza, die Stadt von Palladio, der hier zahlreiche Bauwerke realisierte, ist nicht nur eine der wichtigsten Kunstst\u00e4dte vom Veneto.&nbsp;Vicenza ist n\u00e4mlich ein Kulturgenuss f\u00fcr Reisende, die aus allen Teilen Italiens und aus dem Ausland kommen.Dar\u00fcber hinaus wurde die Stadt von der UNESCO zum Weltkulturerbe ernannt. Die Basilika Palladiana, die ab dem Jahre 1549 wieder erbaut [&hellip;]<\/p>\n","protected":false},"author":1,"featured_media":986,"parent":1046,"menu_order":0,"comment_status":"closed","ping_status":"closed","template":"templates\/lista-figlio.php","meta":{"_acf_changed":false,"footnotes":""},"class_list":["post-1064","page","type-page","status-publish","has-post-thumbnail","hentry"],"acf":[],"_links":{"self":[{"href":"https:\/\/tropicalhotel.it\/de\/wp-json\/wp\/v2\/pages\/1064","targetHints":{"allow":["GET"]}}],"collection":[{"href":"https:\/\/tropicalhotel.it\/de\/wp-json\/wp\/v2\/pages"}],"about":[{"href":"https:\/\/tropicalhotel.it\/de\/wp-json\/wp\/v2\/types\/page"}],"author":[{"embeddable":true,"href":"https:\/\/tropicalhotel.it\/de\/wp-json\/wp\/v2\/users\/1"}],"replies":[{"embeddable":true,"href":"https:\/\/tropicalhotel.it\/de\/wp-json\/wp\/v2\/comments?post=1064"}],"version-history":[{"count":1,"href":"https:\/\/tropicalhotel.it\/de\/wp-json\/wp\/v2\/pages\/1064\/revisions"}],"predecessor-version":[{"id":1294,"href":"https:\/\/tropicalhotel.it\/de\/wp-json\/wp\/v2\/pages\/1064\/revisions\/1294"}],"up":[{"embeddable":true,"href":"https:\/\/tropicalhotel.it\/de\/wp-json\/wp\/v2\/pages\/1046"}],"wp:featuredmedia":[{"embeddable":true,"href":"https:\/\/tropicalhotel.it\/de\/wp-json\/wp\/v2\/media\/986"}],"wp:attachment":[{"href":"https:\/\/tropicalhotel.it\/de\/wp-json\/wp\/v2\/media?parent=1064"}],"curies":[{"name":"wp","href":"https:\/\/api.w.org\/{rel}","templated":true}]}}