{"id":1076,"date":"2024-12-18T10:13:07","date_gmt":"2024-12-18T10:13:07","guid":{"rendered":"https:\/\/staging.tropicalhotel.it\/sport-e-fitness\/go-kart\/"},"modified":"2025-02-21T11:52:30","modified_gmt":"2025-02-21T11:52:30","slug":"go-kart","status":"publish","type":"page","link":"https:\/\/tropicalhotel.it\/de\/attraktionen\/sport-fitness\/go-kart\/","title":{"rendered":"GO KART"},"content":{"rendered":"\n<p>Die Pista Azzurra einer Fl\u00e4che von 80.000 m\u00b2 errichtet und ist auch heute noch einer der bedeutendsten Kurse der Welt und Austragungsort von Kart-Rennen sowie von verschiedenen Auto- Regelm\u00e4\u00dfigkeitsrennen bis hin zu Supermotard-Rennen.<br>Von M\u00e4rz bis September haben auf der Pista Azzurra Alle die M\u00f6glichkeit die aufregende Erfahrung einer Go-Kart-Fahrt mit Leih-Karts f\u00fcr Kinder und Erwachsene zu machen.<br>Innerhalb des Kurses befindet sich eine bestens ausger\u00fcstete Werkstatt f\u00fcr Rennkarts und ein ger\u00e4umiger Parkplatz mit Kinderspielplatz.<\/p>\n\n\n\n<p>INFO&nbsp;\u2192<br>Via Roma Dx, 90<br>E. info@pista-azzurra.com<br><a href=\"http:\/\/www.pista-azzurra.com\/\" target=\"_blank\" rel=\"noreferrer noopener\">www.pista-azzurra.com<\/a><\/p>\n\n\n\n<p>Foto&nbsp;\u00a9 www.pista-azzurra.com<\/p>\n\n\n\n<p><\/p>\n","protected":false},"excerpt":{"rendered":"<p>Die Pista Azzurra einer Fl\u00e4che von 80.000 m\u00b2 errichtet und ist auch heute noch einer der bedeutendsten Kurse der Welt und Austragungsort von Kart-Rennen sowie von verschiedenen Auto- Regelm\u00e4\u00dfigkeitsrennen bis hin zu Supermotard-Rennen.Von M\u00e4rz bis September haben auf der Pista Azzurra Alle die M\u00f6glichkeit die aufregende Erfahrung einer Go-Kart-Fahrt mit Leih-Karts f\u00fcr Kinder und Erwachsene [&hellip;]<\/p>\n","protected":false},"author":1,"featured_media":930,"parent":1070,"menu_order":0,"comment_status":"closed","ping_status":"closed","template":"templates\/lista-figlio.php","meta":{"_acf_changed":false,"footnotes":""},"class_list":["post-1076","page","type-page","status-publish","has-post-thumbnail","hentry"],"acf":[],"_links":{"self":[{"href":"https:\/\/tropicalhotel.it\/de\/wp-json\/wp\/v2\/pages\/1076","targetHints":{"allow":["GET"]}}],"collection":[{"href":"https:\/\/tropicalhotel.it\/de\/wp-json\/wp\/v2\/pages"}],"about":[{"href":"https:\/\/tropicalhotel.it\/de\/wp-json\/wp\/v2\/types\/page"}],"author":[{"embeddable":true,"href":"https:\/\/tropicalhotel.it\/de\/wp-json\/wp\/v2\/users\/1"}],"replies":[{"embeddable":true,"href":"https:\/\/tropicalhotel.it\/de\/wp-json\/wp\/v2\/comments?post=1076"}],"version-history":[{"count":6,"href":"https:\/\/tropicalhotel.it\/de\/wp-json\/wp\/v2\/pages\/1076\/revisions"}],"predecessor-version":[{"id":1539,"href":"https:\/\/tropicalhotel.it\/de\/wp-json\/wp\/v2\/pages\/1076\/revisions\/1539"}],"up":[{"embeddable":true,"href":"https:\/\/tropicalhotel.it\/de\/wp-json\/wp\/v2\/pages\/1070"}],"wp:featuredmedia":[{"embeddable":true,"href":"https:\/\/tropicalhotel.it\/de\/wp-json\/wp\/v2\/media\/930"}],"wp:attachment":[{"href":"https:\/\/tropicalhotel.it\/de\/wp-json\/wp\/v2\/media?parent=1076"}],"curies":[{"name":"wp","href":"https:\/\/api.w.org\/{rel}","templated":true}]}}