{"id":1079,"date":"2024-12-18T10:31:38","date_gmt":"2024-12-18T10:31:38","guid":{"rendered":"https:\/\/staging.tropicalhotel.it\/sport-e-fitness\/golf-club-jesolo\/"},"modified":"2025-02-19T13:10:06","modified_gmt":"2025-02-19T13:10:06","slug":"golf-club-jesolo","status":"publish","type":"page","link":"https:\/\/tropicalhotel.it\/de\/attraktionen\/sport-fitness\/golf-club-jesolo\/","title":{"rendered":"GOLF CLUB JESOLO"},"content":{"rendered":"\n<p>Der Golf Club Jesolo, eine gr\u00fcne Oase auf einer Fl\u00e4che von 900.000 Quadratmetern mit \u00fcppiger Vegetation, ist ideal f\u00fcr alle, die ihre Leidenschaft f\u00fcr den Golfsport mit einem Urlaub am Meer und in der Kultur verbinden m\u00f6chten.<br>Im eleganten und raffinierten Clubhaus k\u00f6nnen die Golfer exklusive Dienstleistungen genie\u00dfen: Pro-Shop, Bar, Restaurant und Umkleider\u00e4ume.<\/p>\n\n\n\n<p>INFO&nbsp;\u2192<br>Via St. Andrews, 2<br>E. info@golfclubjesolo.it<br><a href=\"http:\/\/www.golfclubjesolo.it\/\" target=\"_blank\" rel=\"noreferrer noopener\">www.golfclubjesolo.it<\/a><\/p>\n\n\n\n<p>Foto&nbsp;\u00a9 www.golfclubjesolo.it<\/p>\n\n\n\n<p><a href=\"https:\/\/www.tropicalhotel.it\/#facebook\" rel=\"noreferrer noopener\" target=\"_blank\"><\/a><\/p>\n","protected":false},"excerpt":{"rendered":"<p>Der Golf Club Jesolo, eine gr\u00fcne Oase auf einer Fl\u00e4che von 900.000 Quadratmetern mit \u00fcppiger Vegetation, ist ideal f\u00fcr alle, die ihre Leidenschaft f\u00fcr den Golfsport mit einem Urlaub am Meer und in der Kultur verbinden m\u00f6chten.Im eleganten und raffinierten Clubhaus k\u00f6nnen die Golfer exklusive Dienstleistungen genie\u00dfen: Pro-Shop, Bar, Restaurant und Umkleider\u00e4ume. INFO&nbsp;\u2192Via St. Andrews, [&hellip;]<\/p>\n","protected":false},"author":1,"featured_media":938,"parent":1070,"menu_order":0,"comment_status":"closed","ping_status":"closed","template":"templates\/lista-figlio.php","meta":{"_acf_changed":false,"footnotes":""},"class_list":["post-1079","page","type-page","status-publish","has-post-thumbnail","hentry"],"acf":[],"yoast_head":"<!-- This site is optimized with the Yoast SEO plugin v27.0 - https:\/\/yoast.com\/product\/yoast-seo-wordpress\/ -->\n<title>GOLF CLUB JESOLO - Tropical Hotel Jesolo<\/title>\n<meta name=\"description\" content=\"Golf &amp; Erholung im Golf Club Jesolo: 900.000 m\u00b2 Gr\u00fcnfl\u00e4che f\u00fcr ein einzigartiges Erlebnis zwischen Sport, Meer und Kultur.\" \/>\n<meta name=\"robots\" content=\"index, follow, max-snippet:-1, max-image-preview:large, max-video-preview:-1\" \/>\n<link rel=\"canonical\" href=\"https:\/\/tropicalhotel.it\/de\/attraktionen\/sport-fitness\/golf-club-jesolo\/\" \/>\n<meta property=\"og:locale\" content=\"de_DE\" \/>\n<meta property=\"og:type\" content=\"article\" \/>\n<meta property=\"og:title\" content=\"GOLF CLUB JESOLO - Tropical Hotel Jesolo\" \/>\n<meta property=\"og:description\" content=\"Golf &amp; Erholung im Golf Club Jesolo: 900.000 m\u00b2 Gr\u00fcnfl\u00e4che f\u00fcr ein einzigartiges Erlebnis zwischen Sport, Meer und Kultur.\" \/>\n<meta property=\"og:url\" content=\"https:\/\/tropicalhotel.it\/de\/attraktionen\/sport-fitness\/golf-club-jesolo\/\" \/>\n<meta property=\"og:site_name\" content=\"Tropical Hotel Jesolo\" \/>\n<meta property=\"article:publisher\" content=\"https:\/\/www.facebook.com\/Tropical-Hotel-Jesolo-276868195688612\/\" \/>\n<meta property=\"article:modified_time\" content=\"2025-02-19T13:10:06+00:00\" \/>\n<meta property=\"og:image\" content=\"https:\/\/tropicalhotel.it\/wp-content\/uploads\/2024\/12\/Golf-EVI-Tropical-1600x558-1.jpg\" \/>\n\t<meta property=\"og:image:width\" content=\"1600\" \/>\n\t<meta property=\"og:image:height\" content=\"558\" \/>\n\t<meta property=\"og:image:type\" content=\"image\/jpeg\" \/>\n<meta name=\"twitter:card\" content=\"summary_large_image\" \/>\n<meta name=\"twitter:label1\" content=\"Gesch\u00e4tzte Lesezeit\" \/>\n\t<meta name=\"twitter:data1\" content=\"1\u00a0Minute\" \/>\n<script type=\"application\/ld+json\" class=\"yoast-schema-graph\">{\"@context\":\"https:\/\/schema.org\",\"@graph\":[{\"@type\":\"WebPage\",\"@id\":\"https:\/\/tropicalhotel.it\/de\/attraktionen\/sport-fitness\/golf-club-jesolo\/\",\"url\":\"https:\/\/tropicalhotel.it\/de\/attraktionen\/sport-fitness\/golf-club-jesolo\/\",\"name\":\"GOLF CLUB JESOLO - Tropical Hotel Jesolo\",\"isPartOf\":{\"@id\":\"https:\/\/tropicalhotel.it\/de\/#website\"},\"primaryImageOfPage\":{\"@id\":\"https:\/\/tropicalhotel.it\/de\/attraktionen\/sport-fitness\/golf-club-jesolo\/#primaryimage\"},\"image\":{\"@id\":\"https:\/\/tropicalhotel.it\/de\/attraktionen\/sport-fitness\/golf-club-jesolo\/#primaryimage\"},\"thumbnailUrl\":\"https:\/\/tropicalhotel.it\/wp-content\/uploads\/2024\/12\/Golf-EVI-Tropical-1600x558-1.jpg\",\"datePublished\":\"2024-12-18T10:31:38+00:00\",\"dateModified\":\"2025-02-19T13:10:06+00:00\",\"description\":\"Golf & Erholung im Golf Club Jesolo: 900.000 m\u00b2 Gr\u00fcnfl\u00e4che f\u00fcr ein einzigartiges Erlebnis zwischen Sport, Meer und Kultur.\",\"breadcrumb\":{\"@id\":\"https:\/\/tropicalhotel.it\/de\/attraktionen\/sport-fitness\/golf-club-jesolo\/#breadcrumb\"},\"inLanguage\":\"de\",\"potentialAction\":[{\"@type\":\"ReadAction\",\"target\":[\"https:\/\/tropicalhotel.it\/de\/attraktionen\/sport-fitness\/golf-club-jesolo\/\"]}]},{\"@type\":\"ImageObject\",\"inLanguage\":\"de\",\"@id\":\"https:\/\/tropicalhotel.it\/de\/attraktionen\/sport-fitness\/golf-club-jesolo\/#primaryimage\",\"url\":\"https:\/\/tropicalhotel.it\/wp-content\/uploads\/2024\/12\/Golf-EVI-Tropical-1600x558-1.jpg\",\"contentUrl\":\"https:\/\/tropicalhotel.it\/wp-content\/uploads\/2024\/12\/Golf-EVI-Tropical-1600x558-1.jpg\",\"width\":1600,\"height\":558},{\"@type\":\"BreadcrumbList\",\"@id\":\"https:\/\/tropicalhotel.it\/de\/attraktionen\/sport-fitness\/golf-club-jesolo\/#breadcrumb\",\"itemListElement\":[{\"@type\":\"ListItem\",\"position\":1,\"name\":\"Home\",\"item\":\"https:\/\/tropicalhotel.it\/de\/\"},{\"@type\":\"ListItem\",\"position\":2,\"name\":\"Attraktionen\",\"item\":\"https:\/\/tropicalhotel.it\/de\/attraktionen\/\"},{\"@type\":\"ListItem\",\"position\":3,\"name\":\"Sport &amp; Fitness\",\"item\":\"https:\/\/tropicalhotel.it\/de\/attraktionen\/sport-fitness\/\"},{\"@type\":\"ListItem\",\"position\":4,\"name\":\"GOLF CLUB JESOLO\"}]},{\"@type\":\"WebSite\",\"@id\":\"https:\/\/tropicalhotel.it\/de\/#website\",\"url\":\"https:\/\/tropicalhotel.it\/de\/\",\"name\":\"Tropical Hotel Jesolo\",\"description\":\"Hotel 3 stelle a Jesolo\",\"publisher\":{\"@id\":\"https:\/\/tropicalhotel.it\/de\/#organization\"},\"potentialAction\":[{\"@type\":\"SearchAction\",\"target\":{\"@type\":\"EntryPoint\",\"urlTemplate\":\"https:\/\/tropicalhotel.it\/de\/?s={search_term_string}\"},\"query-input\":{\"@type\":\"PropertyValueSpecification\",\"valueRequired\":true,\"valueName\":\"search_term_string\"}}],\"inLanguage\":\"de\"},{\"@type\":\"Organization\",\"@id\":\"https:\/\/tropicalhotel.it\/de\/#organization\",\"name\":\"Tropical Hotel Jesolo\",\"url\":\"https:\/\/tropicalhotel.it\/de\/\",\"logo\":{\"@type\":\"ImageObject\",\"inLanguage\":\"de\",\"@id\":\"https:\/\/tropicalhotel.it\/de\/#\/schema\/logo\/image\/\",\"url\":\"https:\/\/tropicalhotel.it\/wp-content\/uploads\/2024\/12\/Logo-Tropical-Verticale-2-2.jpg\",\"contentUrl\":\"https:\/\/tropicalhotel.it\/wp-content\/uploads\/2024\/12\/Logo-Tropical-Verticale-2-2.jpg\",\"width\":190,\"height\":147,\"caption\":\"Tropical Hotel Jesolo\"},\"image\":{\"@id\":\"https:\/\/tropicalhotel.it\/de\/#\/schema\/logo\/image\/\"},\"sameAs\":[\"https:\/\/www.facebook.com\/Tropical-Hotel-Jesolo-276868195688612\/\",\"https:\/\/www.instagram.com\/tropicalhoteljesolo\/\"]}]}<\/script>\n<!-- \/ Yoast SEO plugin. -->","yoast_head_json":{"title":"GOLF CLUB JESOLO - Tropical Hotel Jesolo","description":"Golf & Erholung im Golf Club Jesolo: 900.000 m\u00b2 Gr\u00fcnfl\u00e4che f\u00fcr ein einzigartiges Erlebnis zwischen Sport, Meer und Kultur.","robots":{"index":"index","follow":"follow","max-snippet":"max-snippet:-1","max-image-preview":"max-image-preview:large","max-video-preview":"max-video-preview:-1"},"canonical":"https:\/\/tropicalhotel.it\/de\/attraktionen\/sport-fitness\/golf-club-jesolo\/","og_locale":"de_DE","og_type":"article","og_title":"GOLF CLUB JESOLO - Tropical Hotel Jesolo","og_description":"Golf & Erholung im Golf Club Jesolo: 900.000 m\u00b2 Gr\u00fcnfl\u00e4che f\u00fcr ein einzigartiges Erlebnis zwischen Sport, Meer und Kultur.","og_url":"https:\/\/tropicalhotel.it\/de\/attraktionen\/sport-fitness\/golf-club-jesolo\/","og_site_name":"Tropical Hotel Jesolo","article_publisher":"https:\/\/www.facebook.com\/Tropical-Hotel-Jesolo-276868195688612\/","article_modified_time":"2025-02-19T13:10:06+00:00","og_image":[{"width":1600,"height":558,"url":"https:\/\/tropicalhotel.it\/wp-content\/uploads\/2024\/12\/Golf-EVI-Tropical-1600x558-1.jpg","type":"image\/jpeg"}],"twitter_card":"summary_large_image","twitter_misc":{"Gesch\u00e4tzte Lesezeit":"1\u00a0Minute"},"schema":{"@context":"https:\/\/schema.org","@graph":[{"@type":"WebPage","@id":"https:\/\/tropicalhotel.it\/de\/attraktionen\/sport-fitness\/golf-club-jesolo\/","url":"https:\/\/tropicalhotel.it\/de\/attraktionen\/sport-fitness\/golf-club-jesolo\/","name":"GOLF CLUB JESOLO - Tropical Hotel Jesolo","isPartOf":{"@id":"https:\/\/tropicalhotel.it\/de\/#website"},"primaryImageOfPage":{"@id":"https:\/\/tropicalhotel.it\/de\/attraktionen\/sport-fitness\/golf-club-jesolo\/#primaryimage"},"image":{"@id":"https:\/\/tropicalhotel.it\/de\/attraktionen\/sport-fitness\/golf-club-jesolo\/#primaryimage"},"thumbnailUrl":"https:\/\/tropicalhotel.it\/wp-content\/uploads\/2024\/12\/Golf-EVI-Tropical-1600x558-1.jpg","datePublished":"2024-12-18T10:31:38+00:00","dateModified":"2025-02-19T13:10:06+00:00","description":"Golf & Erholung im Golf Club Jesolo: 900.000 m\u00b2 Gr\u00fcnfl\u00e4che f\u00fcr ein einzigartiges Erlebnis zwischen Sport, Meer und Kultur.","breadcrumb":{"@id":"https:\/\/tropicalhotel.it\/de\/attraktionen\/sport-fitness\/golf-club-jesolo\/#breadcrumb"},"inLanguage":"de","potentialAction":[{"@type":"ReadAction","target":["https:\/\/tropicalhotel.it\/de\/attraktionen\/sport-fitness\/golf-club-jesolo\/"]}]},{"@type":"ImageObject","inLanguage":"de","@id":"https:\/\/tropicalhotel.it\/de\/attraktionen\/sport-fitness\/golf-club-jesolo\/#primaryimage","url":"https:\/\/tropicalhotel.it\/wp-content\/uploads\/2024\/12\/Golf-EVI-Tropical-1600x558-1.jpg","contentUrl":"https:\/\/tropicalhotel.it\/wp-content\/uploads\/2024\/12\/Golf-EVI-Tropical-1600x558-1.jpg","width":1600,"height":558},{"@type":"BreadcrumbList","@id":"https:\/\/tropicalhotel.it\/de\/attraktionen\/sport-fitness\/golf-club-jesolo\/#breadcrumb","itemListElement":[{"@type":"ListItem","position":1,"name":"Home","item":"https:\/\/tropicalhotel.it\/de\/"},{"@type":"ListItem","position":2,"name":"Attraktionen","item":"https:\/\/tropicalhotel.it\/de\/attraktionen\/"},{"@type":"ListItem","position":3,"name":"Sport &amp; Fitness","item":"https:\/\/tropicalhotel.it\/de\/attraktionen\/sport-fitness\/"},{"@type":"ListItem","position":4,"name":"GOLF CLUB JESOLO"}]},{"@type":"WebSite","@id":"https:\/\/tropicalhotel.it\/de\/#website","url":"https:\/\/tropicalhotel.it\/de\/","name":"Tropical Hotel Jesolo","description":"Hotel 3 stelle a Jesolo","publisher":{"@id":"https:\/\/tropicalhotel.it\/de\/#organization"},"potentialAction":[{"@type":"SearchAction","target":{"@type":"EntryPoint","urlTemplate":"https:\/\/tropicalhotel.it\/de\/?s={search_term_string}"},"query-input":{"@type":"PropertyValueSpecification","valueRequired":true,"valueName":"search_term_string"}}],"inLanguage":"de"},{"@type":"Organization","@id":"https:\/\/tropicalhotel.it\/de\/#organization","name":"Tropical Hotel Jesolo","url":"https:\/\/tropicalhotel.it\/de\/","logo":{"@type":"ImageObject","inLanguage":"de","@id":"https:\/\/tropicalhotel.it\/de\/#\/schema\/logo\/image\/","url":"https:\/\/tropicalhotel.it\/wp-content\/uploads\/2024\/12\/Logo-Tropical-Verticale-2-2.jpg","contentUrl":"https:\/\/tropicalhotel.it\/wp-content\/uploads\/2024\/12\/Logo-Tropical-Verticale-2-2.jpg","width":190,"height":147,"caption":"Tropical Hotel Jesolo"},"image":{"@id":"https:\/\/tropicalhotel.it\/de\/#\/schema\/logo\/image\/"},"sameAs":["https:\/\/www.facebook.com\/Tropical-Hotel-Jesolo-276868195688612\/","https:\/\/www.instagram.com\/tropicalhoteljesolo\/"]}]}},"_links":{"self":[{"href":"https:\/\/tropicalhotel.it\/de\/wp-json\/wp\/v2\/pages\/1079","targetHints":{"allow":["GET"]}}],"collection":[{"href":"https:\/\/tropicalhotel.it\/de\/wp-json\/wp\/v2\/pages"}],"about":[{"href":"https:\/\/tropicalhotel.it\/de\/wp-json\/wp\/v2\/types\/page"}],"author":[{"embeddable":true,"href":"https:\/\/tropicalhotel.it\/de\/wp-json\/wp\/v2\/users\/1"}],"replies":[{"embeddable":true,"href":"https:\/\/tropicalhotel.it\/de\/wp-json\/wp\/v2\/comments?post=1079"}],"version-history":[{"count":1,"href":"https:\/\/tropicalhotel.it\/de\/wp-json\/wp\/v2\/pages\/1079\/revisions"}],"predecessor-version":[{"id":1331,"href":"https:\/\/tropicalhotel.it\/de\/wp-json\/wp\/v2\/pages\/1079\/revisions\/1331"}],"up":[{"embeddable":true,"href":"https:\/\/tropicalhotel.it\/de\/wp-json\/wp\/v2\/pages\/1070"}],"wp:featuredmedia":[{"embeddable":true,"href":"https:\/\/tropicalhotel.it\/de\/wp-json\/wp\/v2\/media\/938"}],"wp:attachment":[{"href":"https:\/\/tropicalhotel.it\/de\/wp-json\/wp\/v2\/media?parent=1079"}],"curies":[{"name":"wp","href":"https:\/\/api.w.org\/{rel}","templated":true}]}}