{"id":1085,"date":"2024-12-18T10:29:04","date_gmt":"2024-12-18T10:29:04","guid":{"rendered":"https:\/\/staging.tropicalhotel.it\/sport-e-fitness\/porto-turistico-jesolo\/"},"modified":"2025-02-19T13:25:16","modified_gmt":"2025-02-19T13:25:16","slug":"jesolo-marina","status":"publish","type":"page","link":"https:\/\/tropicalhotel.it\/de\/attraktionen\/sport-fitness\/jesolo-marina\/","title":{"rendered":"JESOLO MARINA"},"content":{"rendered":"\n<p>Z\u00edel- und Ausgangspunkt, aber auch ein ruhender Pol f\u00fcr alle, die das Meer aktiv erleben m\u00f6chten. Der Porto Turistico di Jesolo entsteht genau aus diesem Grund: das, was gew\u00f6hnlich ein einfacher Parkplatz f\u00fcr Boote ist, in einen, was Komfort und Relaxing betreffen, \u201eHafen und Park\u201d zu verwandeln. Ein traumhafter Ort, der Ihren Aufenthalt wirklich unvergesslich macht.<br>L\u00e4sst man den Blick rund um die Bucht schweifen, wird einem bewusst, wie harmonisch Architektur und Landschaft miteinander verbunden sind. Diesen Blick k\u00f6nnen Sie praktisch von jeder Stelle aus genie\u00dfen: Vom Bug Ihres Bootes aus, wo Ihnen der Anblick der modernen, von minimalistischen Linien und High-Tech-Materialien gepr\u00e4gten Geb\u00e4ude geboten wird oder von einer der herrlich bl\u00fchenden Terrassen aus, die Ihren Augen ein eindrucksvolles Panorama schenkt. Eine neue Art das Meer zu erleben f\u00fcr alle, die seinen Duft und seine Farben lieben, doch ohne auf das Vergn\u00fcgen verzichten zu m\u00fcssen, sich wie zu Hause zu f\u00fchlen.<br>Die Wohnungen des Porto Turistico di Jesolo wurden konzipiert, um Ihnen maximale Gastfreundlichkeit zu bieten. Alle Wohnungen sind mit hochwertigen, zertifizierten Materialien h\u00f6chster Qualit\u00e4t ausgestattet und mit allem Komfort versehen. Weil die Entdeckung neuer Welten stets bei einem Hafen beginnt<\/p>\n\n\n\n<p>INFO&nbsp;\u2192<br>Piazza Rosa dei Venti, 1 (distanza 10 km)<br>E. info@portoturistico.it<br><a href=\"http:\/\/www.portoturistico.it\/\" target=\"_blank\" rel=\"noreferrer noopener\">www.portoturistico.it<\/a><\/p>\n\n\n\n<p>Foto \u00a9 www.portoturistico.it<\/p>\n\n\n\n<p><a href=\"https:\/\/www.tropicalhotel.it\/#facebook\" rel=\"noreferrer noopener\" target=\"_blank\"><\/a><\/p>\n\n\n\n<p><\/p>\n","protected":false},"excerpt":{"rendered":"<p>Z\u00edel- und Ausgangspunkt, aber auch ein ruhender Pol f\u00fcr alle, die das Meer aktiv erleben m\u00f6chten. Der Porto Turistico di Jesolo entsteht genau aus diesem Grund: das, was gew\u00f6hnlich ein einfacher Parkplatz f\u00fcr Boote ist, in einen, was Komfort und Relaxing betreffen, \u201eHafen und Park\u201d zu verwandeln. Ein traumhafter Ort, der Ihren Aufenthalt wirklich unvergesslich [&hellip;]<\/p>\n","protected":false},"author":1,"featured_media":926,"parent":1070,"menu_order":0,"comment_status":"closed","ping_status":"closed","template":"templates\/lista-figlio.php","meta":{"_acf_changed":false,"footnotes":""},"class_list":["post-1085","page","type-page","status-publish","has-post-thumbnail","hentry"],"acf":[],"yoast_head":"<!-- This site is optimized with the Yoast SEO plugin v27.0 - https:\/\/yoast.com\/product\/yoast-seo-wordpress\/ -->\n<title>JESOLO MARINA - Tropical Hotel Jesolo<\/title>\n<meta name=\"description\" content=\"Jachthafen Jesolo: ein exklusiver \u201aHafen-Park\u2018, der Komfort, Entspannung und Design vereint \u2013 f\u00fcr ein einzigartiges Meereserlebnis.\" \/>\n<meta name=\"robots\" content=\"index, follow, max-snippet:-1, max-image-preview:large, max-video-preview:-1\" \/>\n<link rel=\"canonical\" href=\"https:\/\/tropicalhotel.it\/de\/attraktionen\/sport-fitness\/jesolo-marina\/\" \/>\n<meta property=\"og:locale\" content=\"de_DE\" \/>\n<meta property=\"og:type\" content=\"article\" \/>\n<meta property=\"og:title\" content=\"JESOLO MARINA - Tropical Hotel Jesolo\" \/>\n<meta property=\"og:description\" content=\"Jachthafen Jesolo: ein exklusiver \u201aHafen-Park\u2018, der Komfort, Entspannung und Design vereint \u2013 f\u00fcr ein einzigartiges Meereserlebnis.\" \/>\n<meta property=\"og:url\" content=\"https:\/\/tropicalhotel.it\/de\/attraktionen\/sport-fitness\/jesolo-marina\/\" \/>\n<meta property=\"og:site_name\" content=\"Tropical Hotel Jesolo\" \/>\n<meta property=\"article:publisher\" content=\"https:\/\/www.facebook.com\/Tropical-Hotel-Jesolo-276868195688612\/\" \/>\n<meta property=\"article:modified_time\" content=\"2025-02-19T13:25:16+00:00\" \/>\n<meta property=\"og:image\" content=\"https:\/\/tropicalhotel.it\/wp-content\/uploads\/2024\/12\/Porto-EVI-Tropical-1600x558-1.jpg\" \/>\n\t<meta property=\"og:image:width\" content=\"1600\" \/>\n\t<meta property=\"og:image:height\" content=\"558\" \/>\n\t<meta property=\"og:image:type\" content=\"image\/jpeg\" \/>\n<meta name=\"twitter:card\" content=\"summary_large_image\" \/>\n<meta name=\"twitter:label1\" content=\"Gesch\u00e4tzte Lesezeit\" \/>\n\t<meta name=\"twitter:data1\" content=\"2\u00a0Minuten\" \/>\n<script type=\"application\/ld+json\" class=\"yoast-schema-graph\">{\"@context\":\"https:\/\/schema.org\",\"@graph\":[{\"@type\":\"WebPage\",\"@id\":\"https:\/\/tropicalhotel.it\/de\/attraktionen\/sport-fitness\/jesolo-marina\/\",\"url\":\"https:\/\/tropicalhotel.it\/de\/attraktionen\/sport-fitness\/jesolo-marina\/\",\"name\":\"JESOLO MARINA - Tropical Hotel Jesolo\",\"isPartOf\":{\"@id\":\"https:\/\/tropicalhotel.it\/de\/#website\"},\"primaryImageOfPage\":{\"@id\":\"https:\/\/tropicalhotel.it\/de\/attraktionen\/sport-fitness\/jesolo-marina\/#primaryimage\"},\"image\":{\"@id\":\"https:\/\/tropicalhotel.it\/de\/attraktionen\/sport-fitness\/jesolo-marina\/#primaryimage\"},\"thumbnailUrl\":\"https:\/\/tropicalhotel.it\/wp-content\/uploads\/2024\/12\/Porto-EVI-Tropical-1600x558-1.jpg\",\"datePublished\":\"2024-12-18T10:29:04+00:00\",\"dateModified\":\"2025-02-19T13:25:16+00:00\",\"description\":\"Jachthafen Jesolo: ein exklusiver \u201aHafen-Park\u2018, der Komfort, Entspannung und Design vereint \u2013 f\u00fcr ein einzigartiges Meereserlebnis.\",\"breadcrumb\":{\"@id\":\"https:\/\/tropicalhotel.it\/de\/attraktionen\/sport-fitness\/jesolo-marina\/#breadcrumb\"},\"inLanguage\":\"de\",\"potentialAction\":[{\"@type\":\"ReadAction\",\"target\":[\"https:\/\/tropicalhotel.it\/de\/attraktionen\/sport-fitness\/jesolo-marina\/\"]}]},{\"@type\":\"ImageObject\",\"inLanguage\":\"de\",\"@id\":\"https:\/\/tropicalhotel.it\/de\/attraktionen\/sport-fitness\/jesolo-marina\/#primaryimage\",\"url\":\"https:\/\/tropicalhotel.it\/wp-content\/uploads\/2024\/12\/Porto-EVI-Tropical-1600x558-1.jpg\",\"contentUrl\":\"https:\/\/tropicalhotel.it\/wp-content\/uploads\/2024\/12\/Porto-EVI-Tropical-1600x558-1.jpg\",\"width\":1600,\"height\":558},{\"@type\":\"BreadcrumbList\",\"@id\":\"https:\/\/tropicalhotel.it\/de\/attraktionen\/sport-fitness\/jesolo-marina\/#breadcrumb\",\"itemListElement\":[{\"@type\":\"ListItem\",\"position\":1,\"name\":\"Home\",\"item\":\"https:\/\/tropicalhotel.it\/de\/\"},{\"@type\":\"ListItem\",\"position\":2,\"name\":\"Attraktionen\",\"item\":\"https:\/\/tropicalhotel.it\/de\/attraktionen\/\"},{\"@type\":\"ListItem\",\"position\":3,\"name\":\"Sport &amp; Fitness\",\"item\":\"https:\/\/tropicalhotel.it\/de\/attraktionen\/sport-fitness\/\"},{\"@type\":\"ListItem\",\"position\":4,\"name\":\"JESOLO MARINA\"}]},{\"@type\":\"WebSite\",\"@id\":\"https:\/\/tropicalhotel.it\/de\/#website\",\"url\":\"https:\/\/tropicalhotel.it\/de\/\",\"name\":\"Tropical Hotel Jesolo\",\"description\":\"Hotel 3 stelle a Jesolo\",\"publisher\":{\"@id\":\"https:\/\/tropicalhotel.it\/de\/#organization\"},\"potentialAction\":[{\"@type\":\"SearchAction\",\"target\":{\"@type\":\"EntryPoint\",\"urlTemplate\":\"https:\/\/tropicalhotel.it\/de\/?s={search_term_string}\"},\"query-input\":{\"@type\":\"PropertyValueSpecification\",\"valueRequired\":true,\"valueName\":\"search_term_string\"}}],\"inLanguage\":\"de\"},{\"@type\":\"Organization\",\"@id\":\"https:\/\/tropicalhotel.it\/de\/#organization\",\"name\":\"Tropical Hotel Jesolo\",\"url\":\"https:\/\/tropicalhotel.it\/de\/\",\"logo\":{\"@type\":\"ImageObject\",\"inLanguage\":\"de\",\"@id\":\"https:\/\/tropicalhotel.it\/de\/#\/schema\/logo\/image\/\",\"url\":\"https:\/\/tropicalhotel.it\/wp-content\/uploads\/2024\/12\/Logo-Tropical-Verticale-2-2.jpg\",\"contentUrl\":\"https:\/\/tropicalhotel.it\/wp-content\/uploads\/2024\/12\/Logo-Tropical-Verticale-2-2.jpg\",\"width\":190,\"height\":147,\"caption\":\"Tropical Hotel Jesolo\"},\"image\":{\"@id\":\"https:\/\/tropicalhotel.it\/de\/#\/schema\/logo\/image\/\"},\"sameAs\":[\"https:\/\/www.facebook.com\/Tropical-Hotel-Jesolo-276868195688612\/\",\"https:\/\/www.instagram.com\/tropicalhoteljesolo\/\"]}]}<\/script>\n<!-- \/ Yoast SEO plugin. -->","yoast_head_json":{"title":"JESOLO MARINA - Tropical Hotel Jesolo","description":"Jachthafen Jesolo: ein exklusiver \u201aHafen-Park\u2018, der Komfort, Entspannung und Design vereint \u2013 f\u00fcr ein einzigartiges Meereserlebnis.","robots":{"index":"index","follow":"follow","max-snippet":"max-snippet:-1","max-image-preview":"max-image-preview:large","max-video-preview":"max-video-preview:-1"},"canonical":"https:\/\/tropicalhotel.it\/de\/attraktionen\/sport-fitness\/jesolo-marina\/","og_locale":"de_DE","og_type":"article","og_title":"JESOLO MARINA - Tropical Hotel Jesolo","og_description":"Jachthafen Jesolo: ein exklusiver \u201aHafen-Park\u2018, der Komfort, Entspannung und Design vereint \u2013 f\u00fcr ein einzigartiges Meereserlebnis.","og_url":"https:\/\/tropicalhotel.it\/de\/attraktionen\/sport-fitness\/jesolo-marina\/","og_site_name":"Tropical Hotel Jesolo","article_publisher":"https:\/\/www.facebook.com\/Tropical-Hotel-Jesolo-276868195688612\/","article_modified_time":"2025-02-19T13:25:16+00:00","og_image":[{"width":1600,"height":558,"url":"https:\/\/tropicalhotel.it\/wp-content\/uploads\/2024\/12\/Porto-EVI-Tropical-1600x558-1.jpg","type":"image\/jpeg"}],"twitter_card":"summary_large_image","twitter_misc":{"Gesch\u00e4tzte Lesezeit":"2\u00a0Minuten"},"schema":{"@context":"https:\/\/schema.org","@graph":[{"@type":"WebPage","@id":"https:\/\/tropicalhotel.it\/de\/attraktionen\/sport-fitness\/jesolo-marina\/","url":"https:\/\/tropicalhotel.it\/de\/attraktionen\/sport-fitness\/jesolo-marina\/","name":"JESOLO MARINA - Tropical Hotel Jesolo","isPartOf":{"@id":"https:\/\/tropicalhotel.it\/de\/#website"},"primaryImageOfPage":{"@id":"https:\/\/tropicalhotel.it\/de\/attraktionen\/sport-fitness\/jesolo-marina\/#primaryimage"},"image":{"@id":"https:\/\/tropicalhotel.it\/de\/attraktionen\/sport-fitness\/jesolo-marina\/#primaryimage"},"thumbnailUrl":"https:\/\/tropicalhotel.it\/wp-content\/uploads\/2024\/12\/Porto-EVI-Tropical-1600x558-1.jpg","datePublished":"2024-12-18T10:29:04+00:00","dateModified":"2025-02-19T13:25:16+00:00","description":"Jachthafen Jesolo: ein exklusiver \u201aHafen-Park\u2018, der Komfort, Entspannung und Design vereint \u2013 f\u00fcr ein einzigartiges Meereserlebnis.","breadcrumb":{"@id":"https:\/\/tropicalhotel.it\/de\/attraktionen\/sport-fitness\/jesolo-marina\/#breadcrumb"},"inLanguage":"de","potentialAction":[{"@type":"ReadAction","target":["https:\/\/tropicalhotel.it\/de\/attraktionen\/sport-fitness\/jesolo-marina\/"]}]},{"@type":"ImageObject","inLanguage":"de","@id":"https:\/\/tropicalhotel.it\/de\/attraktionen\/sport-fitness\/jesolo-marina\/#primaryimage","url":"https:\/\/tropicalhotel.it\/wp-content\/uploads\/2024\/12\/Porto-EVI-Tropical-1600x558-1.jpg","contentUrl":"https:\/\/tropicalhotel.it\/wp-content\/uploads\/2024\/12\/Porto-EVI-Tropical-1600x558-1.jpg","width":1600,"height":558},{"@type":"BreadcrumbList","@id":"https:\/\/tropicalhotel.it\/de\/attraktionen\/sport-fitness\/jesolo-marina\/#breadcrumb","itemListElement":[{"@type":"ListItem","position":1,"name":"Home","item":"https:\/\/tropicalhotel.it\/de\/"},{"@type":"ListItem","position":2,"name":"Attraktionen","item":"https:\/\/tropicalhotel.it\/de\/attraktionen\/"},{"@type":"ListItem","position":3,"name":"Sport &amp; Fitness","item":"https:\/\/tropicalhotel.it\/de\/attraktionen\/sport-fitness\/"},{"@type":"ListItem","position":4,"name":"JESOLO MARINA"}]},{"@type":"WebSite","@id":"https:\/\/tropicalhotel.it\/de\/#website","url":"https:\/\/tropicalhotel.it\/de\/","name":"Tropical Hotel Jesolo","description":"Hotel 3 stelle a Jesolo","publisher":{"@id":"https:\/\/tropicalhotel.it\/de\/#organization"},"potentialAction":[{"@type":"SearchAction","target":{"@type":"EntryPoint","urlTemplate":"https:\/\/tropicalhotel.it\/de\/?s={search_term_string}"},"query-input":{"@type":"PropertyValueSpecification","valueRequired":true,"valueName":"search_term_string"}}],"inLanguage":"de"},{"@type":"Organization","@id":"https:\/\/tropicalhotel.it\/de\/#organization","name":"Tropical Hotel Jesolo","url":"https:\/\/tropicalhotel.it\/de\/","logo":{"@type":"ImageObject","inLanguage":"de","@id":"https:\/\/tropicalhotel.it\/de\/#\/schema\/logo\/image\/","url":"https:\/\/tropicalhotel.it\/wp-content\/uploads\/2024\/12\/Logo-Tropical-Verticale-2-2.jpg","contentUrl":"https:\/\/tropicalhotel.it\/wp-content\/uploads\/2024\/12\/Logo-Tropical-Verticale-2-2.jpg","width":190,"height":147,"caption":"Tropical Hotel Jesolo"},"image":{"@id":"https:\/\/tropicalhotel.it\/de\/#\/schema\/logo\/image\/"},"sameAs":["https:\/\/www.facebook.com\/Tropical-Hotel-Jesolo-276868195688612\/","https:\/\/www.instagram.com\/tropicalhoteljesolo\/"]}]}},"_links":{"self":[{"href":"https:\/\/tropicalhotel.it\/de\/wp-json\/wp\/v2\/pages\/1085","targetHints":{"allow":["GET"]}}],"collection":[{"href":"https:\/\/tropicalhotel.it\/de\/wp-json\/wp\/v2\/pages"}],"about":[{"href":"https:\/\/tropicalhotel.it\/de\/wp-json\/wp\/v2\/types\/page"}],"author":[{"embeddable":true,"href":"https:\/\/tropicalhotel.it\/de\/wp-json\/wp\/v2\/users\/1"}],"replies":[{"embeddable":true,"href":"https:\/\/tropicalhotel.it\/de\/wp-json\/wp\/v2\/comments?post=1085"}],"version-history":[{"count":2,"href":"https:\/\/tropicalhotel.it\/de\/wp-json\/wp\/v2\/pages\/1085\/revisions"}],"predecessor-version":[{"id":1356,"href":"https:\/\/tropicalhotel.it\/de\/wp-json\/wp\/v2\/pages\/1085\/revisions\/1356"}],"up":[{"embeddable":true,"href":"https:\/\/tropicalhotel.it\/de\/wp-json\/wp\/v2\/pages\/1070"}],"wp:featuredmedia":[{"embeddable":true,"href":"https:\/\/tropicalhotel.it\/de\/wp-json\/wp\/v2\/media\/926"}],"wp:attachment":[{"href":"https:\/\/tropicalhotel.it\/de\/wp-json\/wp\/v2\/media?parent=1085"}],"curies":[{"name":"wp","href":"https:\/\/api.w.org\/{rel}","templated":true}]}}