{"id":1091,"date":"2024-12-18T10:30:19","date_gmt":"2024-12-18T10:30:19","guid":{"rendered":"https:\/\/staging.tropicalhotel.it\/sport-e-fitness\/tennis-club-serenissima\/"},"modified":"2025-02-19T13:36:35","modified_gmt":"2025-02-19T13:36:35","slug":"tennis-club-serenissima","status":"publish","type":"page","link":"https:\/\/tropicalhotel.it\/de\/attraktionen\/sport-fitness\/tennis-club-serenissima\/","title":{"rendered":"TENNIS CLUB SERENISSIMA"},"content":{"rendered":"\n<p>TENNIS CLUB JESOLO<\/p>\n\n\n\n<p>Der Tennisclub befindet sich im Play Village. Er verf\u00fcgt \u00fcber 6 Pl\u00e4tze (4 Sandpl\u00e4tze, 2 Betonpl\u00e4tze) und bietet Privat- und Gruppenunterricht f\u00fcr alle Altersgruppen an. Unter der Leitung von Lehrern mit internationaler und wettkampferprobter Erfahrung hat der TC auch eine italienische Cup-Mannschaft gebildet, die bereits im ersten Jahr gro\u00dfe Erfolge verzeichnen konnte. Die Pl\u00e4tze sind zu jeder Zeit bespielbar, auch am sp\u00e4ten Abend, wenn man im Voraus bucht. Au\u00dferdem gibt es attraktive Angebote mit verg\u00fcnstigten Stundenpaketen.<br>Neben gem\u00fctlichen Umkleider\u00e4umen, einem Spielplatz, einem Solarium und einem Entspannungsbereich befindet sich das Zentrum im PlayVillage, einer einladenden Mehrzweckanlage, die neben internationalen Sportveranstaltungen wie der Nec Wheelchair Championship oder der Fitnesslandia auch eine Cocktailbar und ein elegantes Restaurant\/Pizzeria bietet. Das Zentrum verf\u00fcgt auch \u00fcber vier Fu\u00dfballpl\u00e4tze mit f\u00fcnf Spielfeldern.<\/p>\n\n\n\n<p>INFO \u2192.<br>Via Equilio, 48<br>E. info@tcjesolo.com<br>www.tcjesolo.com<\/p>\n\n\n\n<p>EDEN GOLF<\/p>\n\n\n\n<p>Eden Golf bietet Outdoor-Aktivit\u00e4ten in Jesolo mit 4 Sand-Tennispl\u00e4tzen und Minigolf.<\/p>\n\n\n\n<p>INFO&nbsp;\u2192<br>Via Olanda, 207<br>T. +39 0421 961053<\/p>\n\n\n\n<p><a href=\"https:\/\/www.tropicalhotel.it\/#facebook\" rel=\"noreferrer noopener\" target=\"_blank\">Facebook<\/a><a href=\"https:\/\/www.tropicalhotel.it\/#twitter\" rel=\"noreferrer noopener\" target=\"_blank\">Twitter<\/a><a href=\"https:\/\/www.addtoany.com\/add_to\/google_plus?linkurl=https%3A%2F%2Fwww.tropicalhotel.it%2Fsport-e-fitness-jesolo%2Ftennis-club%2F&amp;linkname=TENNIS%20CLUB%20SERENISSIMA\" rel=\"noreferrer noopener\" target=\"_blank\"><\/a><a href=\"https:\/\/www.addtoany.com\/share#url=https%3A%2F%2Fwww.tropicalhotel.it%2Fsport-e-fitness-jesolo%2Ftennis-club%2F&amp;title=TENNIS%20CLUB%20SERENISSIMA\">Condividi<\/a><\/p>\n","protected":false},"excerpt":{"rendered":"<p>TENNIS CLUB JESOLO Der Tennisclub befindet sich im Play Village. Er verf\u00fcgt \u00fcber 6 Pl\u00e4tze (4 Sandpl\u00e4tze, 2 Betonpl\u00e4tze) und bietet Privat- und Gruppenunterricht f\u00fcr alle Altersgruppen an. Unter der Leitung von Lehrern mit internationaler und wettkampferprobter Erfahrung hat der TC auch eine italienische Cup-Mannschaft gebildet, die bereits im ersten Jahr gro\u00dfe Erfolge verzeichnen konnte. [&hellip;]<\/p>\n","protected":false},"author":1,"featured_media":934,"parent":1070,"menu_order":0,"comment_status":"closed","ping_status":"closed","template":"templates\/lista-figlio.php","meta":{"_acf_changed":false,"footnotes":""},"class_list":["post-1091","page","type-page","status-publish","has-post-thumbnail","hentry"],"acf":[],"_links":{"self":[{"href":"https:\/\/tropicalhotel.it\/de\/wp-json\/wp\/v2\/pages\/1091","targetHints":{"allow":["GET"]}}],"collection":[{"href":"https:\/\/tropicalhotel.it\/de\/wp-json\/wp\/v2\/pages"}],"about":[{"href":"https:\/\/tropicalhotel.it\/de\/wp-json\/wp\/v2\/types\/page"}],"author":[{"embeddable":true,"href":"https:\/\/tropicalhotel.it\/de\/wp-json\/wp\/v2\/users\/1"}],"replies":[{"embeddable":true,"href":"https:\/\/tropicalhotel.it\/de\/wp-json\/wp\/v2\/comments?post=1091"}],"version-history":[{"count":3,"href":"https:\/\/tropicalhotel.it\/de\/wp-json\/wp\/v2\/pages\/1091\/revisions"}],"predecessor-version":[{"id":1366,"href":"https:\/\/tropicalhotel.it\/de\/wp-json\/wp\/v2\/pages\/1091\/revisions\/1366"}],"up":[{"embeddable":true,"href":"https:\/\/tropicalhotel.it\/de\/wp-json\/wp\/v2\/pages\/1070"}],"wp:featuredmedia":[{"embeddable":true,"href":"https:\/\/tropicalhotel.it\/de\/wp-json\/wp\/v2\/media\/934"}],"wp:attachment":[{"href":"https:\/\/tropicalhotel.it\/de\/wp-json\/wp\/v2\/media?parent=1091"}],"curies":[{"name":"wp","href":"https:\/\/api.w.org\/{rel}","templated":true}]}}