{"id":1097,"date":"2024-12-18T10:20:27","date_gmt":"2024-12-18T10:20:27","guid":{"rendered":"https:\/\/staging.tropicalhotel.it\/sport-e-fitness\/windsurf-e-vela\/"},"modified":"2025-02-20T11:19:47","modified_gmt":"2025-02-20T11:19:47","slug":"windsurf-vela","status":"publish","type":"page","link":"https:\/\/tropicalhotel.it\/de\/attraktionen\/sport-fitness\/windsurf-vela\/","title":{"rendered":"WINDSURF &amp; VELA"},"content":{"rendered":"\n<p>Das Zentrum Sail Beach Jesolo erm\u00f6glicht es Ihnen, den Urlaub in Jesolo nicht nur unter dem Gesichtspunkt des Badens und der Entspannung zu erleben, sondern auch unter einem sportlicheren und aufregenderen Gesichtspunkt, dem so genannten \u201eaktiven Urlaub\u201c, bei dem Sie voll und ganz mit dem wahren Geist des Meeres in Kontakt kommen.<br>Wenn Sie angenehme sportliche Tage in einer ruhigen und freundlichen Umgebung verbringen m\u00f6chten, mit ausgezeichneter Ausr\u00fcstung, Sportanlagen direkt am Strand und einem gut ausgebildeten Personal, dann ist der S.B.J. Club genau das Richtige f\u00fcr Sie!<br>Der Club ist der ideale Ort f\u00fcr diejenigen, die sich entspannen und Spa\u00df haben wollen: Es gibt eine Segelschule f\u00fcr Kinder und erwachsene Anf\u00e4nger, aber auch Fortgeschrittenenkurse f\u00fcr Experten! Die neue Strandsportart ist Stan Up Paddling (SUP): ein etablierter und schnell wachsender Wassersport, bei dem man wie ein Gondoliere auf einem surf\u00e4hnlichen Brett stehend paddelt.<br>Boote k\u00f6nnen im Club gemietet werden, um den Geist des Meeres frei zu genie\u00dfen.<\/p>\n\n\n\n<p>INFO&nbsp;\u2192<br>Via Levantina, 136<br>E. info@sailbeachjesolo.it<br><a href=\"http:\/\/www.sailbeachjesolo.it\/\" target=\"_blank\" rel=\"noreferrer noopener\">www.sailbeachjesolo.it<\/a><\/p>\n\n\n\n<p><a href=\"https:\/\/www.tropicalhotel.it\/#facebook\" rel=\"noreferrer noopener\" target=\"_blank\"><\/a><\/p>\n","protected":false},"excerpt":{"rendered":"<p>Das Zentrum Sail Beach Jesolo erm\u00f6glicht es Ihnen, den Urlaub in Jesolo nicht nur unter dem Gesichtspunkt des Badens und der Entspannung zu erleben, sondern auch unter einem sportlicheren und aufregenderen Gesichtspunkt, dem so genannten \u201eaktiven Urlaub\u201c, bei dem Sie voll und ganz mit dem wahren Geist des Meeres in Kontakt kommen.Wenn Sie angenehme sportliche [&hellip;]<\/p>\n","protected":false},"author":1,"featured_media":946,"parent":1070,"menu_order":0,"comment_status":"closed","ping_status":"closed","template":"templates\/lista-figlio.php","meta":{"_acf_changed":false,"footnotes":""},"class_list":["post-1097","page","type-page","status-publish","has-post-thumbnail","hentry"],"acf":[],"_links":{"self":[{"href":"https:\/\/tropicalhotel.it\/de\/wp-json\/wp\/v2\/pages\/1097","targetHints":{"allow":["GET"]}}],"collection":[{"href":"https:\/\/tropicalhotel.it\/de\/wp-json\/wp\/v2\/pages"}],"about":[{"href":"https:\/\/tropicalhotel.it\/de\/wp-json\/wp\/v2\/types\/page"}],"author":[{"embeddable":true,"href":"https:\/\/tropicalhotel.it\/de\/wp-json\/wp\/v2\/users\/1"}],"replies":[{"embeddable":true,"href":"https:\/\/tropicalhotel.it\/de\/wp-json\/wp\/v2\/comments?post=1097"}],"version-history":[{"count":2,"href":"https:\/\/tropicalhotel.it\/de\/wp-json\/wp\/v2\/pages\/1097\/revisions"}],"predecessor-version":[{"id":1384,"href":"https:\/\/tropicalhotel.it\/de\/wp-json\/wp\/v2\/pages\/1097\/revisions\/1384"}],"up":[{"embeddable":true,"href":"https:\/\/tropicalhotel.it\/de\/wp-json\/wp\/v2\/pages\/1070"}],"wp:featuredmedia":[{"embeddable":true,"href":"https:\/\/tropicalhotel.it\/de\/wp-json\/wp\/v2\/media\/946"}],"wp:attachment":[{"href":"https:\/\/tropicalhotel.it\/de\/wp-json\/wp\/v2\/media?parent=1097"}],"curies":[{"name":"wp","href":"https:\/\/api.w.org\/{rel}","templated":true}]}}