{"id":1100,"date":"2024-12-18T10:27:19","date_gmt":"2024-12-18T10:27:19","guid":{"rendered":"https:\/\/staging.tropicalhotel.it\/sport-e-fitness\/yesolo-fitness-center\/"},"modified":"2025-02-21T12:02:46","modified_gmt":"2025-02-21T12:02:46","slug":"jesolo-fitness-center","status":"publish","type":"page","link":"https:\/\/tropicalhotel.it\/de\/attraktionen\/sport-fitness\/jesolo-fitness-center\/","title":{"rendered":"JESOLO FITNESS CENTER"},"content":{"rendered":"\n<p>Das Fitnesscenter Jesolo ist ein modernes und avantgardistisches Sportzentrum, das nicht nur alle Ger\u00e4te f\u00fcr die k\u00f6rperliche Ert\u00fcchtigung zur Verf\u00fcgung stellt, sondern auch \u00fcber ein gro\u00dfes und einladendes Hallenbad verf\u00fcgt, in dem man Wassergymnastik-, Schwimm- und Hydro-Spinbike-Kurse belegen kann.<br>Pilates, Body Tonic, Spinbike und Aerobic-Kurse werden im Sommer ebenfalls angeboten.<\/p>\n\n\n\n<p>INFO&nbsp;\u2192<br>Via Bartolomeo Cristofori, 1<br>E. info@jesolofitnesscenter.it<br><a href=\"http:\/\/www.jesolofitnesscenter.it\/\" target=\"_blank\" rel=\"noreferrer noopener\">www.jesolofitnesscenter.it<\/a><\/p>\n\n\n\n<p><a href=\"https:\/\/www.tropicalhotel.it\/#facebook\" rel=\"noreferrer noopener\" target=\"_blank\">Facebook<\/a><a href=\"https:\/\/www.tropicalhotel.it\/#twitter\" rel=\"noreferrer noopener\" target=\"_blank\">Twitter<\/a><a href=\"https:\/\/www.addtoany.com\/add_to\/google_plus?linkurl=https%3A%2F%2Fwww.tropicalhotel.it%2Fsport-e-fitness-jesolo%2Fjesolo-fitness-center%2F&amp;linkname=YESOLO%20FITNESS%20CENTER\" rel=\"noreferrer noopener\" target=\"_blank\"><\/a><a href=\"https:\/\/www.addtoany.com\/share#url=https%3A%2F%2Fwww.tropicalhotel.it%2Fsport-e-fitness-jesolo%2Fjesolo-fitness-center%2F&amp;title=YESOLO%20FITNESS%20CENTER\">Condividi<\/a><\/p>\n\n\n\n<p><\/p>\n","protected":false},"excerpt":{"rendered":"<p>Das Fitnesscenter Jesolo ist ein modernes und avantgardistisches Sportzentrum, das nicht nur alle Ger\u00e4te f\u00fcr die k\u00f6rperliche Ert\u00fcchtigung zur Verf\u00fcgung stellt, sondern auch \u00fcber ein gro\u00dfes und einladendes Hallenbad verf\u00fcgt, in dem man Wassergymnastik-, Schwimm- und Hydro-Spinbike-Kurse belegen kann.Pilates, Body Tonic, Spinbike und Aerobic-Kurse werden im Sommer ebenfalls angeboten. INFO&nbsp;\u2192Via Bartolomeo Cristofori, 1E. info@jesolofitnesscenter.itwww.jesolofitnesscenter.it FacebookTwitterCondividi<\/p>\n","protected":false},"author":1,"featured_media":942,"parent":1070,"menu_order":0,"comment_status":"closed","ping_status":"closed","template":"templates\/lista-figlio.php","meta":{"_acf_changed":false,"footnotes":""},"class_list":["post-1100","page","type-page","status-publish","has-post-thumbnail","hentry"],"acf":[],"yoast_head":"<!-- This site is optimized with the Yoast SEO plugin v27.0 - https:\/\/yoast.com\/product\/yoast-seo-wordpress\/ -->\n<title>JESOLO FITNESS CENTER - Tropical Hotel Jesolo<\/title>\n<meta name=\"description\" content=\"Trainieren Sie im Jesolo Fitness Center! Moderne Ausstattung, Hallenbad und Kurse f\u00fcr Aquagym, Pilates, Spinbike und Aerobic.\" \/>\n<meta name=\"robots\" content=\"index, follow, max-snippet:-1, max-image-preview:large, max-video-preview:-1\" \/>\n<link rel=\"canonical\" href=\"https:\/\/tropicalhotel.it\/de\/attraktionen\/sport-fitness\/jesolo-fitness-center\/\" \/>\n<meta property=\"og:locale\" content=\"de_DE\" \/>\n<meta property=\"og:type\" content=\"article\" \/>\n<meta property=\"og:title\" content=\"JESOLO FITNESS CENTER - Tropical Hotel Jesolo\" \/>\n<meta property=\"og:description\" content=\"Trainieren Sie im Jesolo Fitness Center! Moderne Ausstattung, Hallenbad und Kurse f\u00fcr Aquagym, Pilates, Spinbike und Aerobic.\" \/>\n<meta property=\"og:url\" content=\"https:\/\/tropicalhotel.it\/de\/attraktionen\/sport-fitness\/jesolo-fitness-center\/\" \/>\n<meta property=\"og:site_name\" content=\"Tropical Hotel Jesolo\" \/>\n<meta property=\"article:publisher\" content=\"https:\/\/www.facebook.com\/Tropical-Hotel-Jesolo-276868195688612\/\" \/>\n<meta property=\"article:modified_time\" content=\"2025-02-21T12:02:46+00:00\" \/>\n<meta property=\"og:image\" content=\"https:\/\/tropicalhotel.it\/wp-content\/uploads\/2024\/12\/Jesolofitness-EVI-Tropical-1600x558-1.jpg\" \/>\n\t<meta property=\"og:image:width\" content=\"1600\" \/>\n\t<meta property=\"og:image:height\" content=\"558\" \/>\n\t<meta property=\"og:image:type\" content=\"image\/jpeg\" \/>\n<meta name=\"twitter:card\" content=\"summary_large_image\" \/>\n<meta name=\"twitter:label1\" content=\"Gesch\u00e4tzte Lesezeit\" \/>\n\t<meta name=\"twitter:data1\" content=\"1\u00a0Minute\" \/>\n<script type=\"application\/ld+json\" class=\"yoast-schema-graph\">{\"@context\":\"https:\/\/schema.org\",\"@graph\":[{\"@type\":\"WebPage\",\"@id\":\"https:\/\/tropicalhotel.it\/de\/attraktionen\/sport-fitness\/jesolo-fitness-center\/\",\"url\":\"https:\/\/tropicalhotel.it\/de\/attraktionen\/sport-fitness\/jesolo-fitness-center\/\",\"name\":\"JESOLO FITNESS CENTER - Tropical Hotel Jesolo\",\"isPartOf\":{\"@id\":\"https:\/\/tropicalhotel.it\/de\/#website\"},\"primaryImageOfPage\":{\"@id\":\"https:\/\/tropicalhotel.it\/de\/attraktionen\/sport-fitness\/jesolo-fitness-center\/#primaryimage\"},\"image\":{\"@id\":\"https:\/\/tropicalhotel.it\/de\/attraktionen\/sport-fitness\/jesolo-fitness-center\/#primaryimage\"},\"thumbnailUrl\":\"https:\/\/tropicalhotel.it\/wp-content\/uploads\/2024\/12\/Jesolofitness-EVI-Tropical-1600x558-1.jpg\",\"datePublished\":\"2024-12-18T10:27:19+00:00\",\"dateModified\":\"2025-02-21T12:02:46+00:00\",\"description\":\"Trainieren Sie im Jesolo Fitness Center! Moderne Ausstattung, Hallenbad und Kurse f\u00fcr Aquagym, Pilates, Spinbike und Aerobic.\",\"breadcrumb\":{\"@id\":\"https:\/\/tropicalhotel.it\/de\/attraktionen\/sport-fitness\/jesolo-fitness-center\/#breadcrumb\"},\"inLanguage\":\"de\",\"potentialAction\":[{\"@type\":\"ReadAction\",\"target\":[\"https:\/\/tropicalhotel.it\/de\/attraktionen\/sport-fitness\/jesolo-fitness-center\/\"]}]},{\"@type\":\"ImageObject\",\"inLanguage\":\"de\",\"@id\":\"https:\/\/tropicalhotel.it\/de\/attraktionen\/sport-fitness\/jesolo-fitness-center\/#primaryimage\",\"url\":\"https:\/\/tropicalhotel.it\/wp-content\/uploads\/2024\/12\/Jesolofitness-EVI-Tropical-1600x558-1.jpg\",\"contentUrl\":\"https:\/\/tropicalhotel.it\/wp-content\/uploads\/2024\/12\/Jesolofitness-EVI-Tropical-1600x558-1.jpg\",\"width\":1600,\"height\":558},{\"@type\":\"BreadcrumbList\",\"@id\":\"https:\/\/tropicalhotel.it\/de\/attraktionen\/sport-fitness\/jesolo-fitness-center\/#breadcrumb\",\"itemListElement\":[{\"@type\":\"ListItem\",\"position\":1,\"name\":\"Home\",\"item\":\"https:\/\/tropicalhotel.it\/de\/\"},{\"@type\":\"ListItem\",\"position\":2,\"name\":\"Attraktionen\",\"item\":\"https:\/\/tropicalhotel.it\/de\/attraktionen\/\"},{\"@type\":\"ListItem\",\"position\":3,\"name\":\"Sport &amp; Fitness\",\"item\":\"https:\/\/tropicalhotel.it\/de\/attraktionen\/sport-fitness\/\"},{\"@type\":\"ListItem\",\"position\":4,\"name\":\"JESOLO FITNESS CENTER\"}]},{\"@type\":\"WebSite\",\"@id\":\"https:\/\/tropicalhotel.it\/de\/#website\",\"url\":\"https:\/\/tropicalhotel.it\/de\/\",\"name\":\"Tropical Hotel Jesolo\",\"description\":\"Hotel 3 stelle a Jesolo\",\"publisher\":{\"@id\":\"https:\/\/tropicalhotel.it\/de\/#organization\"},\"potentialAction\":[{\"@type\":\"SearchAction\",\"target\":{\"@type\":\"EntryPoint\",\"urlTemplate\":\"https:\/\/tropicalhotel.it\/de\/?s={search_term_string}\"},\"query-input\":{\"@type\":\"PropertyValueSpecification\",\"valueRequired\":true,\"valueName\":\"search_term_string\"}}],\"inLanguage\":\"de\"},{\"@type\":\"Organization\",\"@id\":\"https:\/\/tropicalhotel.it\/de\/#organization\",\"name\":\"Tropical Hotel Jesolo\",\"url\":\"https:\/\/tropicalhotel.it\/de\/\",\"logo\":{\"@type\":\"ImageObject\",\"inLanguage\":\"de\",\"@id\":\"https:\/\/tropicalhotel.it\/de\/#\/schema\/logo\/image\/\",\"url\":\"https:\/\/tropicalhotel.it\/wp-content\/uploads\/2024\/12\/Logo-Tropical-Verticale-2-2.jpg\",\"contentUrl\":\"https:\/\/tropicalhotel.it\/wp-content\/uploads\/2024\/12\/Logo-Tropical-Verticale-2-2.jpg\",\"width\":190,\"height\":147,\"caption\":\"Tropical Hotel Jesolo\"},\"image\":{\"@id\":\"https:\/\/tropicalhotel.it\/de\/#\/schema\/logo\/image\/\"},\"sameAs\":[\"https:\/\/www.facebook.com\/Tropical-Hotel-Jesolo-276868195688612\/\",\"https:\/\/www.instagram.com\/tropicalhoteljesolo\/\"]}]}<\/script>\n<!-- \/ Yoast SEO plugin. -->","yoast_head_json":{"title":"JESOLO FITNESS CENTER - Tropical Hotel Jesolo","description":"Trainieren Sie im Jesolo Fitness Center! Moderne Ausstattung, Hallenbad und Kurse f\u00fcr Aquagym, Pilates, Spinbike und Aerobic.","robots":{"index":"index","follow":"follow","max-snippet":"max-snippet:-1","max-image-preview":"max-image-preview:large","max-video-preview":"max-video-preview:-1"},"canonical":"https:\/\/tropicalhotel.it\/de\/attraktionen\/sport-fitness\/jesolo-fitness-center\/","og_locale":"de_DE","og_type":"article","og_title":"JESOLO FITNESS CENTER - Tropical Hotel Jesolo","og_description":"Trainieren Sie im Jesolo Fitness Center! Moderne Ausstattung, Hallenbad und Kurse f\u00fcr Aquagym, Pilates, Spinbike und Aerobic.","og_url":"https:\/\/tropicalhotel.it\/de\/attraktionen\/sport-fitness\/jesolo-fitness-center\/","og_site_name":"Tropical Hotel Jesolo","article_publisher":"https:\/\/www.facebook.com\/Tropical-Hotel-Jesolo-276868195688612\/","article_modified_time":"2025-02-21T12:02:46+00:00","og_image":[{"width":1600,"height":558,"url":"https:\/\/tropicalhotel.it\/wp-content\/uploads\/2024\/12\/Jesolofitness-EVI-Tropical-1600x558-1.jpg","type":"image\/jpeg"}],"twitter_card":"summary_large_image","twitter_misc":{"Gesch\u00e4tzte Lesezeit":"1\u00a0Minute"},"schema":{"@context":"https:\/\/schema.org","@graph":[{"@type":"WebPage","@id":"https:\/\/tropicalhotel.it\/de\/attraktionen\/sport-fitness\/jesolo-fitness-center\/","url":"https:\/\/tropicalhotel.it\/de\/attraktionen\/sport-fitness\/jesolo-fitness-center\/","name":"JESOLO FITNESS CENTER - Tropical Hotel Jesolo","isPartOf":{"@id":"https:\/\/tropicalhotel.it\/de\/#website"},"primaryImageOfPage":{"@id":"https:\/\/tropicalhotel.it\/de\/attraktionen\/sport-fitness\/jesolo-fitness-center\/#primaryimage"},"image":{"@id":"https:\/\/tropicalhotel.it\/de\/attraktionen\/sport-fitness\/jesolo-fitness-center\/#primaryimage"},"thumbnailUrl":"https:\/\/tropicalhotel.it\/wp-content\/uploads\/2024\/12\/Jesolofitness-EVI-Tropical-1600x558-1.jpg","datePublished":"2024-12-18T10:27:19+00:00","dateModified":"2025-02-21T12:02:46+00:00","description":"Trainieren Sie im Jesolo Fitness Center! Moderne Ausstattung, Hallenbad und Kurse f\u00fcr Aquagym, Pilates, Spinbike und Aerobic.","breadcrumb":{"@id":"https:\/\/tropicalhotel.it\/de\/attraktionen\/sport-fitness\/jesolo-fitness-center\/#breadcrumb"},"inLanguage":"de","potentialAction":[{"@type":"ReadAction","target":["https:\/\/tropicalhotel.it\/de\/attraktionen\/sport-fitness\/jesolo-fitness-center\/"]}]},{"@type":"ImageObject","inLanguage":"de","@id":"https:\/\/tropicalhotel.it\/de\/attraktionen\/sport-fitness\/jesolo-fitness-center\/#primaryimage","url":"https:\/\/tropicalhotel.it\/wp-content\/uploads\/2024\/12\/Jesolofitness-EVI-Tropical-1600x558-1.jpg","contentUrl":"https:\/\/tropicalhotel.it\/wp-content\/uploads\/2024\/12\/Jesolofitness-EVI-Tropical-1600x558-1.jpg","width":1600,"height":558},{"@type":"BreadcrumbList","@id":"https:\/\/tropicalhotel.it\/de\/attraktionen\/sport-fitness\/jesolo-fitness-center\/#breadcrumb","itemListElement":[{"@type":"ListItem","position":1,"name":"Home","item":"https:\/\/tropicalhotel.it\/de\/"},{"@type":"ListItem","position":2,"name":"Attraktionen","item":"https:\/\/tropicalhotel.it\/de\/attraktionen\/"},{"@type":"ListItem","position":3,"name":"Sport &amp; Fitness","item":"https:\/\/tropicalhotel.it\/de\/attraktionen\/sport-fitness\/"},{"@type":"ListItem","position":4,"name":"JESOLO FITNESS CENTER"}]},{"@type":"WebSite","@id":"https:\/\/tropicalhotel.it\/de\/#website","url":"https:\/\/tropicalhotel.it\/de\/","name":"Tropical Hotel Jesolo","description":"Hotel 3 stelle a Jesolo","publisher":{"@id":"https:\/\/tropicalhotel.it\/de\/#organization"},"potentialAction":[{"@type":"SearchAction","target":{"@type":"EntryPoint","urlTemplate":"https:\/\/tropicalhotel.it\/de\/?s={search_term_string}"},"query-input":{"@type":"PropertyValueSpecification","valueRequired":true,"valueName":"search_term_string"}}],"inLanguage":"de"},{"@type":"Organization","@id":"https:\/\/tropicalhotel.it\/de\/#organization","name":"Tropical Hotel Jesolo","url":"https:\/\/tropicalhotel.it\/de\/","logo":{"@type":"ImageObject","inLanguage":"de","@id":"https:\/\/tropicalhotel.it\/de\/#\/schema\/logo\/image\/","url":"https:\/\/tropicalhotel.it\/wp-content\/uploads\/2024\/12\/Logo-Tropical-Verticale-2-2.jpg","contentUrl":"https:\/\/tropicalhotel.it\/wp-content\/uploads\/2024\/12\/Logo-Tropical-Verticale-2-2.jpg","width":190,"height":147,"caption":"Tropical Hotel Jesolo"},"image":{"@id":"https:\/\/tropicalhotel.it\/de\/#\/schema\/logo\/image\/"},"sameAs":["https:\/\/www.facebook.com\/Tropical-Hotel-Jesolo-276868195688612\/","https:\/\/www.instagram.com\/tropicalhoteljesolo\/"]}]}},"_links":{"self":[{"href":"https:\/\/tropicalhotel.it\/de\/wp-json\/wp\/v2\/pages\/1100","targetHints":{"allow":["GET"]}}],"collection":[{"href":"https:\/\/tropicalhotel.it\/de\/wp-json\/wp\/v2\/pages"}],"about":[{"href":"https:\/\/tropicalhotel.it\/de\/wp-json\/wp\/v2\/types\/page"}],"author":[{"embeddable":true,"href":"https:\/\/tropicalhotel.it\/de\/wp-json\/wp\/v2\/users\/1"}],"replies":[{"embeddable":true,"href":"https:\/\/tropicalhotel.it\/de\/wp-json\/wp\/v2\/comments?post=1100"}],"version-history":[{"count":4,"href":"https:\/\/tropicalhotel.it\/de\/wp-json\/wp\/v2\/pages\/1100\/revisions"}],"predecessor-version":[{"id":2364,"href":"https:\/\/tropicalhotel.it\/de\/wp-json\/wp\/v2\/pages\/1100\/revisions\/2364"}],"up":[{"embeddable":true,"href":"https:\/\/tropicalhotel.it\/de\/wp-json\/wp\/v2\/pages\/1070"}],"wp:featuredmedia":[{"embeddable":true,"href":"https:\/\/tropicalhotel.it\/de\/wp-json\/wp\/v2\/media\/942"}],"wp:attachment":[{"href":"https:\/\/tropicalhotel.it\/de\/wp-json\/wp\/v2\/media?parent=1100"}],"curies":[{"name":"wp","href":"https:\/\/api.w.org\/{rel}","templated":true}]}}