{"id":1105,"date":"2024-12-17T08:28:56","date_gmt":"2024-12-17T08:28:56","guid":{"rendered":"https:\/\/staging.tropicalhotel.it\/by-day\/caribe-bay\/"},"modified":"2025-01-31T09:10:23","modified_gmt":"2025-01-31T09:10:23","slug":"aqualandia","status":"publish","type":"page","link":"https:\/\/tropicalhotel.it\/de\/attraktionen\/by-day\/aqualandia\/","title":{"rendered":"CARIBE BAY"},"content":{"rendered":"\n<p><strong>Caribe Bay<\/strong>&nbsp;ist viel mehr als ein klassischer Aquapark \u2013 es ist eine wahre Vergn\u00fcgungsinsel nach Themenbereichen mit 27 Attraktionen im Wasser (darunter die l\u00e4ngste Wasserrutsche der Welt) und \u00fcber Wasser (darunter der h\u00f6chste Bungee-Turm in Europa), professionellen Shows und Animationen.<\/p>\n\n\n\n<p><strong>Hinweis<\/strong>: Im Gegensatz zur allgemein verbreiteten Meinung sind die besten Tage f\u00fcr einen Besuch im Park der Samstag und Sonntag. Wir warten auf Dich!<\/p>\n\n\n\n<p>INFO&nbsp;\u2192<br>Via Michelangelo Buonarroti, 15 (distanza 6 km)<br>E-mail: customercare@caribebay.it<br><a href=\"https:\/\/www.caribebay.it\/\" target=\"_blank\" rel=\"noreferrer noopener\">www.caribebay.it<\/a><\/p>\n\n\n\n<p>Foto&nbsp;\u00a9 www.caribebay.it<\/p>\n","protected":false},"excerpt":{"rendered":"<p>Caribe Bay&nbsp;ist viel mehr als ein klassischer Aquapark \u2013 es ist eine wahre Vergn\u00fcgungsinsel nach Themenbereichen mit 27 Attraktionen im Wasser (darunter die l\u00e4ngste Wasserrutsche der Welt) und \u00fcber Wasser (darunter der h\u00f6chste Bungee-Turm in Europa), professionellen Shows und Animationen. Hinweis: Im Gegensatz zur allgemein verbreiteten Meinung sind die besten Tage f\u00fcr einen Besuch im [&hellip;]<\/p>\n","protected":false},"author":1,"featured_media":335,"parent":1163,"menu_order":1,"comment_status":"closed","ping_status":"closed","template":"templates\/lista-figlio.php","meta":{"_acf_changed":false,"footnotes":""},"class_list":["post-1105","page","type-page","status-publish","has-post-thumbnail","hentry"],"acf":[],"_links":{"self":[{"href":"https:\/\/tropicalhotel.it\/de\/wp-json\/wp\/v2\/pages\/1105","targetHints":{"allow":["GET"]}}],"collection":[{"href":"https:\/\/tropicalhotel.it\/de\/wp-json\/wp\/v2\/pages"}],"about":[{"href":"https:\/\/tropicalhotel.it\/de\/wp-json\/wp\/v2\/types\/page"}],"author":[{"embeddable":true,"href":"https:\/\/tropicalhotel.it\/de\/wp-json\/wp\/v2\/users\/1"}],"replies":[{"embeddable":true,"href":"https:\/\/tropicalhotel.it\/de\/wp-json\/wp\/v2\/comments?post=1105"}],"version-history":[{"count":2,"href":"https:\/\/tropicalhotel.it\/de\/wp-json\/wp\/v2\/pages\/1105\/revisions"}],"predecessor-version":[{"id":1172,"href":"https:\/\/tropicalhotel.it\/de\/wp-json\/wp\/v2\/pages\/1105\/revisions\/1172"}],"up":[{"embeddable":true,"href":"https:\/\/tropicalhotel.it\/de\/wp-json\/wp\/v2\/pages\/1163"}],"wp:featuredmedia":[{"embeddable":true,"href":"https:\/\/tropicalhotel.it\/de\/wp-json\/wp\/v2\/media\/335"}],"wp:attachment":[{"href":"https:\/\/tropicalhotel.it\/de\/wp-json\/wp\/v2\/media?parent=1105"}],"curies":[{"name":"wp","href":"https:\/\/api.w.org\/{rel}","templated":true}]}}