{"id":1111,"date":"2024-12-17T14:12:20","date_gmt":"2024-12-17T14:12:20","guid":{"rendered":"https:\/\/staging.tropicalhotel.it\/by-day\/la-spiagga\/"},"modified":"2025-02-21T10:59:51","modified_gmt":"2025-02-21T10:59:51","slug":"strand","status":"publish","type":"page","link":"https:\/\/tropicalhotel.it\/de\/attraktionen\/by-day\/strand\/","title":{"rendered":"STRAND"},"content":{"rendered":"\n<p>Mit seinen 15 km ist der Strand von Jesolo einer der l\u00e4ngsten Str\u00e4nde Italiens und beherbergt eine gro\u00dfe Zahl von Badebetrieben, gem\u00fctlichen Hotels, In-Lokalen und bezaubernden Kiosken, die dazu beitragen, den Urlaub am Meer unvergesslich zu machen.<\/p>\n\n\n\n<p><a href=\"https:\/\/www.tropicalhotel.it\/#facebook\" rel=\"noreferrer noopener\" target=\"_blank\"><\/a><\/p>\n\n\n\n<p><\/p>\n","protected":false},"excerpt":{"rendered":"<p>Mit seinen 15 km ist der Strand von Jesolo einer der l\u00e4ngsten Str\u00e4nde Italiens und beherbergt eine gro\u00dfe Zahl von Badebetrieben, gem\u00fctlichen Hotels, In-Lokalen und bezaubernden Kiosken, die dazu beitragen, den Urlaub am Meer unvergesslich zu machen.<\/p>\n","protected":false},"author":1,"featured_media":790,"parent":1163,"menu_order":0,"comment_status":"closed","ping_status":"closed","template":"templates\/lista-figlio.php","meta":{"_acf_changed":false,"footnotes":""},"class_list":["post-1111","page","type-page","status-publish","has-post-thumbnail","hentry"],"acf":[],"_links":{"self":[{"href":"https:\/\/tropicalhotel.it\/de\/wp-json\/wp\/v2\/pages\/1111","targetHints":{"allow":["GET"]}}],"collection":[{"href":"https:\/\/tropicalhotel.it\/de\/wp-json\/wp\/v2\/pages"}],"about":[{"href":"https:\/\/tropicalhotel.it\/de\/wp-json\/wp\/v2\/types\/page"}],"author":[{"embeddable":true,"href":"https:\/\/tropicalhotel.it\/de\/wp-json\/wp\/v2\/users\/1"}],"replies":[{"embeddable":true,"href":"https:\/\/tropicalhotel.it\/de\/wp-json\/wp\/v2\/comments?post=1111"}],"version-history":[{"count":5,"href":"https:\/\/tropicalhotel.it\/de\/wp-json\/wp\/v2\/pages\/1111\/revisions"}],"predecessor-version":[{"id":1192,"href":"https:\/\/tropicalhotel.it\/de\/wp-json\/wp\/v2\/pages\/1111\/revisions\/1192"}],"up":[{"embeddable":true,"href":"https:\/\/tropicalhotel.it\/de\/wp-json\/wp\/v2\/pages\/1163"}],"wp:featuredmedia":[{"embeddable":true,"href":"https:\/\/tropicalhotel.it\/de\/wp-json\/wp\/v2\/media\/790"}],"wp:attachment":[{"href":"https:\/\/tropicalhotel.it\/de\/wp-json\/wp\/v2\/media?parent=1111"}],"curies":[{"name":"wp","href":"https:\/\/api.w.org\/{rel}","templated":true}]}}