{"id":1117,"date":"2024-12-18T08:38:53","date_gmt":"2024-12-18T08:38:53","guid":{"rendered":"https:\/\/staging.tropicalhotel.it\/by-day\/noventa-di-piave-designer-outlet\/"},"modified":"2025-01-31T08:15:02","modified_gmt":"2025-01-31T08:15:02","slug":"noventa-di-piave-designer-outlet","status":"publish","type":"page","link":"https:\/\/tropicalhotel.it\/de\/attraktionen\/by-day\/noventa-di-piave-designer-outlet\/","title":{"rendered":"NOVENTA DI PIAVE DESIGNER OUTLET"},"content":{"rendered":"\n<p>Das als Outlet Village von Noventa di Piave bekannte Veneto Designer Outlet ist das Venedig am n\u00e4chsten gelegene hochwertige Einkaufszentrum. Es befindet sich in einer der malerischsten Gegenden der venetischen Ebene, entlang des Flusses Piave und nur einen Steinwurf von der gr\u00f6\u00dften Lagune des Mittelmeers entfernt. Mit mehr als 100 Gesch\u00e4ften, darunter Einzel- und Mehrmarkenboutiquen, bietet das Outlet Village in Noventa di Piave eine gro\u00dfe Auswahl an Produkten der besten Modemarken. Besucher des Noventa di Piave Outlet haben das ganze Jahr \u00fcber die M\u00f6glichkeit, mit Preisnachl\u00e4ssen von 35 % bis 70 % auf die Preise der gro\u00dfen Bekleidungsmarken und mehr zu sparen.<\/p>\n\n\n\n<p>INFO\u00a0\u2192<br>Via Marco Polo, 1, 30020 Noventa di Piave VE (23 km)<\/p>\n\n\n\n<figure class=\"wp-block-embed\"><div class=\"wp-block-embed__wrapper\">\nhttps:\/\/www.mcarthurglen.com\/it\/outlets\/it\/designer-outlet-noventa-di-piave\n<\/div><\/figure>\n","protected":false},"excerpt":{"rendered":"<p>Das als Outlet Village von Noventa di Piave bekannte Veneto Designer Outlet ist das Venedig am n\u00e4chsten gelegene hochwertige Einkaufszentrum. Es befindet sich in einer der malerischsten Gegenden der venetischen Ebene, entlang des Flusses Piave und nur einen Steinwurf von der gr\u00f6\u00dften Lagune des Mittelmeers entfernt. Mit mehr als 100 Gesch\u00e4ften, darunter Einzel- und Mehrmarkenboutiquen, [&hellip;]<\/p>\n","protected":false},"author":1,"featured_media":774,"parent":1163,"menu_order":0,"comment_status":"closed","ping_status":"closed","template":"templates\/lista-figlio.php","meta":{"_acf_changed":false,"footnotes":""},"class_list":["post-1117","page","type-page","status-publish","has-post-thumbnail","hentry"],"acf":[],"yoast_head":"<!-- This site is optimized with the Yoast SEO plugin v27.0 - https:\/\/yoast.com\/product\/yoast-seo-wordpress\/ -->\n<title>NOVENTA DI PIAVE DESIGNER OUTLET - Tropical Hotel Jesolo<\/title>\n<meta name=\"description\" content=\"Besuchen Sie das Noventa di Piave Designer Outlet nahe Venedig mit \u00fcber 100 Gesch\u00e4ften und bis zu 70% Rabatt auf exklusive Marken.\" \/>\n<meta name=\"robots\" content=\"index, follow, max-snippet:-1, max-image-preview:large, max-video-preview:-1\" \/>\n<link rel=\"canonical\" href=\"https:\/\/tropicalhotel.it\/de\/attraktionen\/by-day\/noventa-di-piave-designer-outlet\/\" \/>\n<meta property=\"og:locale\" content=\"de_DE\" \/>\n<meta property=\"og:type\" content=\"article\" \/>\n<meta property=\"og:title\" content=\"NOVENTA DI PIAVE DESIGNER OUTLET - Tropical Hotel Jesolo\" \/>\n<meta property=\"og:description\" content=\"Besuchen Sie das Noventa di Piave Designer Outlet nahe Venedig mit \u00fcber 100 Gesch\u00e4ften und bis zu 70% Rabatt auf exklusive Marken.\" \/>\n<meta property=\"og:url\" content=\"https:\/\/tropicalhotel.it\/de\/attraktionen\/by-day\/noventa-di-piave-designer-outlet\/\" \/>\n<meta property=\"og:site_name\" content=\"Tropical Hotel Jesolo\" \/>\n<meta property=\"article:publisher\" content=\"https:\/\/www.facebook.com\/Tropical-Hotel-Jesolo-276868195688612\/\" \/>\n<meta property=\"article:modified_time\" content=\"2025-01-31T08:15:02+00:00\" \/>\n<meta property=\"og:image\" content=\"https:\/\/tropicalhotel.it\/wp-content\/uploads\/2024\/12\/outlet-noventa-di-piave-1600x558-1.jpg\" \/>\n\t<meta property=\"og:image:width\" content=\"1600\" \/>\n\t<meta property=\"og:image:height\" content=\"558\" \/>\n\t<meta property=\"og:image:type\" content=\"image\/jpeg\" \/>\n<meta name=\"twitter:card\" content=\"summary_large_image\" \/>\n<meta name=\"twitter:label1\" content=\"Gesch\u00e4tzte Lesezeit\" \/>\n\t<meta name=\"twitter:data1\" content=\"1\u00a0Minute\" \/>\n<script type=\"application\/ld+json\" class=\"yoast-schema-graph\">{\"@context\":\"https:\/\/schema.org\",\"@graph\":[{\"@type\":\"WebPage\",\"@id\":\"https:\/\/tropicalhotel.it\/de\/attraktionen\/by-day\/noventa-di-piave-designer-outlet\/\",\"url\":\"https:\/\/tropicalhotel.it\/de\/attraktionen\/by-day\/noventa-di-piave-designer-outlet\/\",\"name\":\"NOVENTA DI PIAVE DESIGNER OUTLET - Tropical Hotel Jesolo\",\"isPartOf\":{\"@id\":\"https:\/\/tropicalhotel.it\/de\/#website\"},\"primaryImageOfPage\":{\"@id\":\"https:\/\/tropicalhotel.it\/de\/attraktionen\/by-day\/noventa-di-piave-designer-outlet\/#primaryimage\"},\"image\":{\"@id\":\"https:\/\/tropicalhotel.it\/de\/attraktionen\/by-day\/noventa-di-piave-designer-outlet\/#primaryimage\"},\"thumbnailUrl\":\"https:\/\/tropicalhotel.it\/wp-content\/uploads\/2024\/12\/outlet-noventa-di-piave-1600x558-1.jpg\",\"datePublished\":\"2024-12-18T08:38:53+00:00\",\"dateModified\":\"2025-01-31T08:15:02+00:00\",\"description\":\"Besuchen Sie das Noventa di Piave Designer Outlet nahe Venedig mit \u00fcber 100 Gesch\u00e4ften und bis zu 70% Rabatt auf exklusive Marken.\",\"breadcrumb\":{\"@id\":\"https:\/\/tropicalhotel.it\/de\/attraktionen\/by-day\/noventa-di-piave-designer-outlet\/#breadcrumb\"},\"inLanguage\":\"de\",\"potentialAction\":[{\"@type\":\"ReadAction\",\"target\":[\"https:\/\/tropicalhotel.it\/de\/attraktionen\/by-day\/noventa-di-piave-designer-outlet\/\"]}]},{\"@type\":\"ImageObject\",\"inLanguage\":\"de\",\"@id\":\"https:\/\/tropicalhotel.it\/de\/attraktionen\/by-day\/noventa-di-piave-designer-outlet\/#primaryimage\",\"url\":\"https:\/\/tropicalhotel.it\/wp-content\/uploads\/2024\/12\/outlet-noventa-di-piave-1600x558-1.jpg\",\"contentUrl\":\"https:\/\/tropicalhotel.it\/wp-content\/uploads\/2024\/12\/outlet-noventa-di-piave-1600x558-1.jpg\",\"width\":1600,\"height\":558,\"caption\":\"Noventa di Piave Designer Outlet\"},{\"@type\":\"BreadcrumbList\",\"@id\":\"https:\/\/tropicalhotel.it\/de\/attraktionen\/by-day\/noventa-di-piave-designer-outlet\/#breadcrumb\",\"itemListElement\":[{\"@type\":\"ListItem\",\"position\":1,\"name\":\"Home\",\"item\":\"https:\/\/tropicalhotel.it\/de\/\"},{\"@type\":\"ListItem\",\"position\":2,\"name\":\"Attraktionen\",\"item\":\"https:\/\/tropicalhotel.it\/de\/attraktionen\/\"},{\"@type\":\"ListItem\",\"position\":3,\"name\":\"By Day\",\"item\":\"https:\/\/tropicalhotel.it\/de\/attraktionen\/by-day\/\"},{\"@type\":\"ListItem\",\"position\":4,\"name\":\"NOVENTA DI PIAVE DESIGNER OUTLET\"}]},{\"@type\":\"WebSite\",\"@id\":\"https:\/\/tropicalhotel.it\/de\/#website\",\"url\":\"https:\/\/tropicalhotel.it\/de\/\",\"name\":\"Tropical Hotel Jesolo\",\"description\":\"Hotel 3 stelle a Jesolo\",\"publisher\":{\"@id\":\"https:\/\/tropicalhotel.it\/de\/#organization\"},\"potentialAction\":[{\"@type\":\"SearchAction\",\"target\":{\"@type\":\"EntryPoint\",\"urlTemplate\":\"https:\/\/tropicalhotel.it\/de\/?s={search_term_string}\"},\"query-input\":{\"@type\":\"PropertyValueSpecification\",\"valueRequired\":true,\"valueName\":\"search_term_string\"}}],\"inLanguage\":\"de\"},{\"@type\":\"Organization\",\"@id\":\"https:\/\/tropicalhotel.it\/de\/#organization\",\"name\":\"Tropical Hotel Jesolo\",\"url\":\"https:\/\/tropicalhotel.it\/de\/\",\"logo\":{\"@type\":\"ImageObject\",\"inLanguage\":\"de\",\"@id\":\"https:\/\/tropicalhotel.it\/de\/#\/schema\/logo\/image\/\",\"url\":\"https:\/\/tropicalhotel.it\/wp-content\/uploads\/2024\/12\/Logo-Tropical-Verticale-2-2.jpg\",\"contentUrl\":\"https:\/\/tropicalhotel.it\/wp-content\/uploads\/2024\/12\/Logo-Tropical-Verticale-2-2.jpg\",\"width\":190,\"height\":147,\"caption\":\"Tropical Hotel Jesolo\"},\"image\":{\"@id\":\"https:\/\/tropicalhotel.it\/de\/#\/schema\/logo\/image\/\"},\"sameAs\":[\"https:\/\/www.facebook.com\/Tropical-Hotel-Jesolo-276868195688612\/\",\"https:\/\/www.instagram.com\/tropicalhoteljesolo\/\"]}]}<\/script>\n<!-- \/ Yoast SEO plugin. -->","yoast_head_json":{"title":"NOVENTA DI PIAVE DESIGNER OUTLET - Tropical Hotel Jesolo","description":"Besuchen Sie das Noventa di Piave Designer Outlet nahe Venedig mit \u00fcber 100 Gesch\u00e4ften und bis zu 70% Rabatt auf exklusive Marken.","robots":{"index":"index","follow":"follow","max-snippet":"max-snippet:-1","max-image-preview":"max-image-preview:large","max-video-preview":"max-video-preview:-1"},"canonical":"https:\/\/tropicalhotel.it\/de\/attraktionen\/by-day\/noventa-di-piave-designer-outlet\/","og_locale":"de_DE","og_type":"article","og_title":"NOVENTA DI PIAVE DESIGNER OUTLET - Tropical Hotel Jesolo","og_description":"Besuchen Sie das Noventa di Piave Designer Outlet nahe Venedig mit \u00fcber 100 Gesch\u00e4ften und bis zu 70% Rabatt auf exklusive Marken.","og_url":"https:\/\/tropicalhotel.it\/de\/attraktionen\/by-day\/noventa-di-piave-designer-outlet\/","og_site_name":"Tropical Hotel Jesolo","article_publisher":"https:\/\/www.facebook.com\/Tropical-Hotel-Jesolo-276868195688612\/","article_modified_time":"2025-01-31T08:15:02+00:00","og_image":[{"width":1600,"height":558,"url":"https:\/\/tropicalhotel.it\/wp-content\/uploads\/2024\/12\/outlet-noventa-di-piave-1600x558-1.jpg","type":"image\/jpeg"}],"twitter_card":"summary_large_image","twitter_misc":{"Gesch\u00e4tzte Lesezeit":"1\u00a0Minute"},"schema":{"@context":"https:\/\/schema.org","@graph":[{"@type":"WebPage","@id":"https:\/\/tropicalhotel.it\/de\/attraktionen\/by-day\/noventa-di-piave-designer-outlet\/","url":"https:\/\/tropicalhotel.it\/de\/attraktionen\/by-day\/noventa-di-piave-designer-outlet\/","name":"NOVENTA DI PIAVE DESIGNER OUTLET - Tropical Hotel Jesolo","isPartOf":{"@id":"https:\/\/tropicalhotel.it\/de\/#website"},"primaryImageOfPage":{"@id":"https:\/\/tropicalhotel.it\/de\/attraktionen\/by-day\/noventa-di-piave-designer-outlet\/#primaryimage"},"image":{"@id":"https:\/\/tropicalhotel.it\/de\/attraktionen\/by-day\/noventa-di-piave-designer-outlet\/#primaryimage"},"thumbnailUrl":"https:\/\/tropicalhotel.it\/wp-content\/uploads\/2024\/12\/outlet-noventa-di-piave-1600x558-1.jpg","datePublished":"2024-12-18T08:38:53+00:00","dateModified":"2025-01-31T08:15:02+00:00","description":"Besuchen Sie das Noventa di Piave Designer Outlet nahe Venedig mit \u00fcber 100 Gesch\u00e4ften und bis zu 70% Rabatt auf exklusive Marken.","breadcrumb":{"@id":"https:\/\/tropicalhotel.it\/de\/attraktionen\/by-day\/noventa-di-piave-designer-outlet\/#breadcrumb"},"inLanguage":"de","potentialAction":[{"@type":"ReadAction","target":["https:\/\/tropicalhotel.it\/de\/attraktionen\/by-day\/noventa-di-piave-designer-outlet\/"]}]},{"@type":"ImageObject","inLanguage":"de","@id":"https:\/\/tropicalhotel.it\/de\/attraktionen\/by-day\/noventa-di-piave-designer-outlet\/#primaryimage","url":"https:\/\/tropicalhotel.it\/wp-content\/uploads\/2024\/12\/outlet-noventa-di-piave-1600x558-1.jpg","contentUrl":"https:\/\/tropicalhotel.it\/wp-content\/uploads\/2024\/12\/outlet-noventa-di-piave-1600x558-1.jpg","width":1600,"height":558,"caption":"Noventa di Piave Designer Outlet"},{"@type":"BreadcrumbList","@id":"https:\/\/tropicalhotel.it\/de\/attraktionen\/by-day\/noventa-di-piave-designer-outlet\/#breadcrumb","itemListElement":[{"@type":"ListItem","position":1,"name":"Home","item":"https:\/\/tropicalhotel.it\/de\/"},{"@type":"ListItem","position":2,"name":"Attraktionen","item":"https:\/\/tropicalhotel.it\/de\/attraktionen\/"},{"@type":"ListItem","position":3,"name":"By Day","item":"https:\/\/tropicalhotel.it\/de\/attraktionen\/by-day\/"},{"@type":"ListItem","position":4,"name":"NOVENTA DI PIAVE DESIGNER OUTLET"}]},{"@type":"WebSite","@id":"https:\/\/tropicalhotel.it\/de\/#website","url":"https:\/\/tropicalhotel.it\/de\/","name":"Tropical Hotel Jesolo","description":"Hotel 3 stelle a Jesolo","publisher":{"@id":"https:\/\/tropicalhotel.it\/de\/#organization"},"potentialAction":[{"@type":"SearchAction","target":{"@type":"EntryPoint","urlTemplate":"https:\/\/tropicalhotel.it\/de\/?s={search_term_string}"},"query-input":{"@type":"PropertyValueSpecification","valueRequired":true,"valueName":"search_term_string"}}],"inLanguage":"de"},{"@type":"Organization","@id":"https:\/\/tropicalhotel.it\/de\/#organization","name":"Tropical Hotel Jesolo","url":"https:\/\/tropicalhotel.it\/de\/","logo":{"@type":"ImageObject","inLanguage":"de","@id":"https:\/\/tropicalhotel.it\/de\/#\/schema\/logo\/image\/","url":"https:\/\/tropicalhotel.it\/wp-content\/uploads\/2024\/12\/Logo-Tropical-Verticale-2-2.jpg","contentUrl":"https:\/\/tropicalhotel.it\/wp-content\/uploads\/2024\/12\/Logo-Tropical-Verticale-2-2.jpg","width":190,"height":147,"caption":"Tropical Hotel Jesolo"},"image":{"@id":"https:\/\/tropicalhotel.it\/de\/#\/schema\/logo\/image\/"},"sameAs":["https:\/\/www.facebook.com\/Tropical-Hotel-Jesolo-276868195688612\/","https:\/\/www.instagram.com\/tropicalhoteljesolo\/"]}]}},"_links":{"self":[{"href":"https:\/\/tropicalhotel.it\/de\/wp-json\/wp\/v2\/pages\/1117","targetHints":{"allow":["GET"]}}],"collection":[{"href":"https:\/\/tropicalhotel.it\/de\/wp-json\/wp\/v2\/pages"}],"about":[{"href":"https:\/\/tropicalhotel.it\/de\/wp-json\/wp\/v2\/types\/page"}],"author":[{"embeddable":true,"href":"https:\/\/tropicalhotel.it\/de\/wp-json\/wp\/v2\/users\/1"}],"replies":[{"embeddable":true,"href":"https:\/\/tropicalhotel.it\/de\/wp-json\/wp\/v2\/comments?post=1117"}],"version-history":[{"count":2,"href":"https:\/\/tropicalhotel.it\/de\/wp-json\/wp\/v2\/pages\/1117\/revisions"}],"predecessor-version":[{"id":1209,"href":"https:\/\/tropicalhotel.it\/de\/wp-json\/wp\/v2\/pages\/1117\/revisions\/1209"}],"up":[{"embeddable":true,"href":"https:\/\/tropicalhotel.it\/de\/wp-json\/wp\/v2\/pages\/1163"}],"wp:featuredmedia":[{"embeddable":true,"href":"https:\/\/tropicalhotel.it\/de\/wp-json\/wp\/v2\/media\/774"}],"wp:attachment":[{"href":"https:\/\/tropicalhotel.it\/de\/wp-json\/wp\/v2\/media?parent=1117"}],"curies":[{"name":"wp","href":"https:\/\/api.w.org\/{rel}","templated":true}]}}