{"id":1120,"date":"2024-12-18T08:30:48","date_gmt":"2024-12-18T08:30:48","guid":{"rendered":"https:\/\/staging.tropicalhotel.it\/by-day\/parco-gommapiuma\/"},"modified":"2025-01-31T08:40:17","modified_gmt":"2025-01-31T08:40:17","slug":"gommapiuma","status":"publish","type":"page","link":"https:\/\/tropicalhotel.it\/de\/attraktionen\/by-day\/gommapiuma\/","title":{"rendered":"GOMMAPIUMA PARK"},"content":{"rendered":"\n<p>Beim Gommapiuma zahlen nur die Kinder, dass frei spielen k\u00f6nnen, \u00fcber alle Spiele ohne zeitliche Begrenzung.<br>Das Spiel ist nur f\u00fcr Kinder unter 12 Jahren Alt.<\/p>\n\n\n\n<p>INFO \u2192<br>Via Eraclea<br>E. info@gommapiuma.net<br><a href=\"http:\/\/www.gommapiuma.net\/\" target=\"_blank\" rel=\"noreferrer noopener\">www.gommapiuma.net<\/a><\/p>\n\n\n\n<p>Foto&nbsp;\u00a9 www.gommapiuma.net<\/p>\n\n\n\n<p><a href=\"https:\/\/www.tropicalhotel.it\/#facebook\" rel=\"noreferrer noopener\" target=\"_blank\"><\/a><\/p>\n","protected":false},"excerpt":{"rendered":"<p>Beim Gommapiuma zahlen nur die Kinder, dass frei spielen k\u00f6nnen, \u00fcber alle Spiele ohne zeitliche Begrenzung.Das Spiel ist nur f\u00fcr Kinder unter 12 Jahren Alt. INFO \u2192Via EracleaE. info@gommapiuma.netwww.gommapiuma.net Foto&nbsp;\u00a9 www.gommapiuma.net<\/p>\n","protected":false},"author":1,"featured_media":786,"parent":1163,"menu_order":0,"comment_status":"closed","ping_status":"closed","template":"templates\/lista-figlio.php","meta":{"_acf_changed":false,"footnotes":""},"class_list":["post-1120","page","type-page","status-publish","has-post-thumbnail","hentry"],"acf":[],"_links":{"self":[{"href":"https:\/\/tropicalhotel.it\/de\/wp-json\/wp\/v2\/pages\/1120","targetHints":{"allow":["GET"]}}],"collection":[{"href":"https:\/\/tropicalhotel.it\/de\/wp-json\/wp\/v2\/pages"}],"about":[{"href":"https:\/\/tropicalhotel.it\/de\/wp-json\/wp\/v2\/types\/page"}],"author":[{"embeddable":true,"href":"https:\/\/tropicalhotel.it\/de\/wp-json\/wp\/v2\/users\/1"}],"replies":[{"embeddable":true,"href":"https:\/\/tropicalhotel.it\/de\/wp-json\/wp\/v2\/comments?post=1120"}],"version-history":[{"count":3,"href":"https:\/\/tropicalhotel.it\/de\/wp-json\/wp\/v2\/pages\/1120\/revisions"}],"predecessor-version":[{"id":2093,"href":"https:\/\/tropicalhotel.it\/de\/wp-json\/wp\/v2\/pages\/1120\/revisions\/2093"}],"up":[{"embeddable":true,"href":"https:\/\/tropicalhotel.it\/de\/wp-json\/wp\/v2\/pages\/1163"}],"wp:featuredmedia":[{"embeddable":true,"href":"https:\/\/tropicalhotel.it\/de\/wp-json\/wp\/v2\/media\/786"}],"wp:attachment":[{"href":"https:\/\/tropicalhotel.it\/de\/wp-json\/wp\/v2\/media?parent=1120"}],"curies":[{"name":"wp","href":"https:\/\/api.w.org\/{rel}","templated":true}]}}