{"id":1123,"date":"2024-12-18T08:37:34","date_gmt":"2024-12-18T08:37:34","guid":{"rendered":"https:\/\/staging.tropicalhotel.it\/by-day\/ruota-panoramica\/"},"modified":"2025-03-18T14:11:32","modified_gmt":"2025-03-18T14:11:32","slug":"riesenrad","status":"publish","type":"page","link":"https:\/\/tropicalhotel.it\/de\/attraktionen\/by-day\/riesenrad\/","title":{"rendered":"RIESENRAND"},"content":{"rendered":"\n<p><strong>Jesolo Wheel of Venice<\/strong>&nbsp;bietet einen Panoramablick auf den Lido di Jesolo aus einer H\u00f6he von 60 Metern. Von hier aus, in der H\u00f6he, k\u00f6nnen Sie ein weites Panorama genie\u00dfen, das von der K\u00fcste bis zur Skyline von Venedig reicht. Es gibt 42 Kabinen, die alle klimatisiert und geschlossen sind und sich sowohl im Sommer als auch im Winter f\u00fcr ein paar vergn\u00fcgliche Stunden eignen. Jede Kabine ist f\u00fcr die Bef\u00f6rderung von bis zu acht Personen zugelassen.<br>Die \u00d6ffnungszeiten sind von 17:00 bis Mitternacht, und jede Fahrt dauert etwa 10 Minuten.<\/p>\n\n\n\n<p>Mehr Informationen: <a href=\"https:\/\/freij.com\/wheel-of-venice\/\" target=\"_blank\" rel=\"noreferrer noopener nofollow\">https:\/\/freij.com\/wheel-of-venice\/<\/a><\/p>\n\n\n\n<p><\/p>\n","protected":false},"excerpt":{"rendered":"<p>Jesolo Wheel of Venice&nbsp;bietet einen Panoramablick auf den Lido di Jesolo aus einer H\u00f6he von 60 Metern. Von hier aus, in der H\u00f6he, k\u00f6nnen Sie ein weites Panorama genie\u00dfen, das von der K\u00fcste bis zur Skyline von Venedig reicht. Es gibt 42 Kabinen, die alle klimatisiert und geschlossen sind und sich sowohl im Sommer als [&hellip;]<\/p>\n","protected":false},"author":1,"featured_media":794,"parent":1163,"menu_order":0,"comment_status":"closed","ping_status":"closed","template":"templates\/lista-figlio.php","meta":{"_acf_changed":false,"footnotes":""},"class_list":["post-1123","page","type-page","status-publish","has-post-thumbnail","hentry"],"acf":[],"yoast_head":"<!-- This site is optimized with the Yoast SEO plugin v27.0 - https:\/\/yoast.com\/product\/yoast-seo-wordpress\/ -->\n<title>Riesenrad Jesolo: spektakul\u00e4re Aussicht auf die K\u00fcste<\/title>\n<meta name=\"description\" content=\"Erleben Sie Jesolo von 60m H\u00f6he im Riesenrad. 42 klimatisierte Kabinen bieten eine unvergessliche Fahrt im Sommer und Winter.\" \/>\n<meta name=\"robots\" content=\"index, follow, max-snippet:-1, max-image-preview:large, max-video-preview:-1\" \/>\n<link rel=\"canonical\" href=\"https:\/\/tropicalhotel.it\/de\/attraktionen\/by-day\/riesenrad\/\" \/>\n<meta property=\"og:locale\" content=\"de_DE\" \/>\n<meta property=\"og:type\" content=\"article\" \/>\n<meta property=\"og:title\" content=\"Riesenrad Jesolo: spektakul\u00e4re Aussicht auf die K\u00fcste\" \/>\n<meta property=\"og:description\" content=\"Erleben Sie Jesolo von 60m H\u00f6he im Riesenrad. 42 klimatisierte Kabinen bieten eine unvergessliche Fahrt im Sommer und Winter.\" \/>\n<meta property=\"og:url\" content=\"https:\/\/tropicalhotel.it\/de\/attraktionen\/by-day\/riesenrad\/\" \/>\n<meta property=\"og:site_name\" content=\"Tropical Hotel Jesolo\" \/>\n<meta property=\"article:publisher\" content=\"https:\/\/www.facebook.com\/Tropical-Hotel-Jesolo-276868195688612\/\" \/>\n<meta property=\"article:modified_time\" content=\"2025-03-18T14:11:32+00:00\" \/>\n<meta property=\"og:image\" content=\"https:\/\/tropicalhotel.it\/wp-content\/uploads\/2024\/12\/ruota-panoramica-jesolo-1600x558-1.jpg\" \/>\n\t<meta property=\"og:image:width\" content=\"1600\" \/>\n\t<meta property=\"og:image:height\" content=\"558\" \/>\n\t<meta property=\"og:image:type\" content=\"image\/jpeg\" \/>\n<meta name=\"twitter:card\" content=\"summary_large_image\" \/>\n<meta name=\"twitter:label1\" content=\"Gesch\u00e4tzte Lesezeit\" \/>\n\t<meta name=\"twitter:data1\" content=\"1\u00a0Minute\" \/>\n<script type=\"application\/ld+json\" class=\"yoast-schema-graph\">{\"@context\":\"https:\/\/schema.org\",\"@graph\":[{\"@type\":\"WebPage\",\"@id\":\"https:\/\/tropicalhotel.it\/de\/attraktionen\/by-day\/riesenrad\/\",\"url\":\"https:\/\/tropicalhotel.it\/de\/attraktionen\/by-day\/riesenrad\/\",\"name\":\"Riesenrad Jesolo: spektakul\u00e4re Aussicht auf die K\u00fcste\",\"isPartOf\":{\"@id\":\"https:\/\/tropicalhotel.it\/de\/#website\"},\"primaryImageOfPage\":{\"@id\":\"https:\/\/tropicalhotel.it\/de\/attraktionen\/by-day\/riesenrad\/#primaryimage\"},\"image\":{\"@id\":\"https:\/\/tropicalhotel.it\/de\/attraktionen\/by-day\/riesenrad\/#primaryimage\"},\"thumbnailUrl\":\"https:\/\/tropicalhotel.it\/wp-content\/uploads\/2024\/12\/ruota-panoramica-jesolo-1600x558-1.jpg\",\"datePublished\":\"2024-12-18T08:37:34+00:00\",\"dateModified\":\"2025-03-18T14:11:32+00:00\",\"description\":\"Erleben Sie Jesolo von 60m H\u00f6he im Riesenrad. 42 klimatisierte Kabinen bieten eine unvergessliche Fahrt im Sommer und Winter.\",\"breadcrumb\":{\"@id\":\"https:\/\/tropicalhotel.it\/de\/attraktionen\/by-day\/riesenrad\/#breadcrumb\"},\"inLanguage\":\"de\",\"potentialAction\":[{\"@type\":\"ReadAction\",\"target\":[\"https:\/\/tropicalhotel.it\/de\/attraktionen\/by-day\/riesenrad\/\"]}]},{\"@type\":\"ImageObject\",\"inLanguage\":\"de\",\"@id\":\"https:\/\/tropicalhotel.it\/de\/attraktionen\/by-day\/riesenrad\/#primaryimage\",\"url\":\"https:\/\/tropicalhotel.it\/wp-content\/uploads\/2024\/12\/ruota-panoramica-jesolo-1600x558-1.jpg\",\"contentUrl\":\"https:\/\/tropicalhotel.it\/wp-content\/uploads\/2024\/12\/ruota-panoramica-jesolo-1600x558-1.jpg\",\"width\":1600,\"height\":558},{\"@type\":\"BreadcrumbList\",\"@id\":\"https:\/\/tropicalhotel.it\/de\/attraktionen\/by-day\/riesenrad\/#breadcrumb\",\"itemListElement\":[{\"@type\":\"ListItem\",\"position\":1,\"name\":\"Home\",\"item\":\"https:\/\/tropicalhotel.it\/de\/\"},{\"@type\":\"ListItem\",\"position\":2,\"name\":\"Attraktionen\",\"item\":\"https:\/\/tropicalhotel.it\/de\/attraktionen\/\"},{\"@type\":\"ListItem\",\"position\":3,\"name\":\"By Day\",\"item\":\"https:\/\/tropicalhotel.it\/de\/attraktionen\/by-day\/\"},{\"@type\":\"ListItem\",\"position\":4,\"name\":\"RIESENRAND\"}]},{\"@type\":\"WebSite\",\"@id\":\"https:\/\/tropicalhotel.it\/de\/#website\",\"url\":\"https:\/\/tropicalhotel.it\/de\/\",\"name\":\"Tropical Hotel Jesolo\",\"description\":\"Hotel 3 stelle a Jesolo\",\"publisher\":{\"@id\":\"https:\/\/tropicalhotel.it\/de\/#organization\"},\"potentialAction\":[{\"@type\":\"SearchAction\",\"target\":{\"@type\":\"EntryPoint\",\"urlTemplate\":\"https:\/\/tropicalhotel.it\/de\/?s={search_term_string}\"},\"query-input\":{\"@type\":\"PropertyValueSpecification\",\"valueRequired\":true,\"valueName\":\"search_term_string\"}}],\"inLanguage\":\"de\"},{\"@type\":\"Organization\",\"@id\":\"https:\/\/tropicalhotel.it\/de\/#organization\",\"name\":\"Tropical Hotel Jesolo\",\"url\":\"https:\/\/tropicalhotel.it\/de\/\",\"logo\":{\"@type\":\"ImageObject\",\"inLanguage\":\"de\",\"@id\":\"https:\/\/tropicalhotel.it\/de\/#\/schema\/logo\/image\/\",\"url\":\"https:\/\/tropicalhotel.it\/wp-content\/uploads\/2024\/12\/Logo-Tropical-Verticale-2-2.jpg\",\"contentUrl\":\"https:\/\/tropicalhotel.it\/wp-content\/uploads\/2024\/12\/Logo-Tropical-Verticale-2-2.jpg\",\"width\":190,\"height\":147,\"caption\":\"Tropical Hotel Jesolo\"},\"image\":{\"@id\":\"https:\/\/tropicalhotel.it\/de\/#\/schema\/logo\/image\/\"},\"sameAs\":[\"https:\/\/www.facebook.com\/Tropical-Hotel-Jesolo-276868195688612\/\",\"https:\/\/www.instagram.com\/tropicalhoteljesolo\/\"]}]}<\/script>\n<!-- \/ Yoast SEO plugin. -->","yoast_head_json":{"title":"Riesenrad Jesolo: spektakul\u00e4re Aussicht auf die K\u00fcste","description":"Erleben Sie Jesolo von 60m H\u00f6he im Riesenrad. 42 klimatisierte Kabinen bieten eine unvergessliche Fahrt im Sommer und Winter.","robots":{"index":"index","follow":"follow","max-snippet":"max-snippet:-1","max-image-preview":"max-image-preview:large","max-video-preview":"max-video-preview:-1"},"canonical":"https:\/\/tropicalhotel.it\/de\/attraktionen\/by-day\/riesenrad\/","og_locale":"de_DE","og_type":"article","og_title":"Riesenrad Jesolo: spektakul\u00e4re Aussicht auf die K\u00fcste","og_description":"Erleben Sie Jesolo von 60m H\u00f6he im Riesenrad. 42 klimatisierte Kabinen bieten eine unvergessliche Fahrt im Sommer und Winter.","og_url":"https:\/\/tropicalhotel.it\/de\/attraktionen\/by-day\/riesenrad\/","og_site_name":"Tropical Hotel Jesolo","article_publisher":"https:\/\/www.facebook.com\/Tropical-Hotel-Jesolo-276868195688612\/","article_modified_time":"2025-03-18T14:11:32+00:00","og_image":[{"width":1600,"height":558,"url":"https:\/\/tropicalhotel.it\/wp-content\/uploads\/2024\/12\/ruota-panoramica-jesolo-1600x558-1.jpg","type":"image\/jpeg"}],"twitter_card":"summary_large_image","twitter_misc":{"Gesch\u00e4tzte Lesezeit":"1\u00a0Minute"},"schema":{"@context":"https:\/\/schema.org","@graph":[{"@type":"WebPage","@id":"https:\/\/tropicalhotel.it\/de\/attraktionen\/by-day\/riesenrad\/","url":"https:\/\/tropicalhotel.it\/de\/attraktionen\/by-day\/riesenrad\/","name":"Riesenrad Jesolo: spektakul\u00e4re Aussicht auf die K\u00fcste","isPartOf":{"@id":"https:\/\/tropicalhotel.it\/de\/#website"},"primaryImageOfPage":{"@id":"https:\/\/tropicalhotel.it\/de\/attraktionen\/by-day\/riesenrad\/#primaryimage"},"image":{"@id":"https:\/\/tropicalhotel.it\/de\/attraktionen\/by-day\/riesenrad\/#primaryimage"},"thumbnailUrl":"https:\/\/tropicalhotel.it\/wp-content\/uploads\/2024\/12\/ruota-panoramica-jesolo-1600x558-1.jpg","datePublished":"2024-12-18T08:37:34+00:00","dateModified":"2025-03-18T14:11:32+00:00","description":"Erleben Sie Jesolo von 60m H\u00f6he im Riesenrad. 42 klimatisierte Kabinen bieten eine unvergessliche Fahrt im Sommer und Winter.","breadcrumb":{"@id":"https:\/\/tropicalhotel.it\/de\/attraktionen\/by-day\/riesenrad\/#breadcrumb"},"inLanguage":"de","potentialAction":[{"@type":"ReadAction","target":["https:\/\/tropicalhotel.it\/de\/attraktionen\/by-day\/riesenrad\/"]}]},{"@type":"ImageObject","inLanguage":"de","@id":"https:\/\/tropicalhotel.it\/de\/attraktionen\/by-day\/riesenrad\/#primaryimage","url":"https:\/\/tropicalhotel.it\/wp-content\/uploads\/2024\/12\/ruota-panoramica-jesolo-1600x558-1.jpg","contentUrl":"https:\/\/tropicalhotel.it\/wp-content\/uploads\/2024\/12\/ruota-panoramica-jesolo-1600x558-1.jpg","width":1600,"height":558},{"@type":"BreadcrumbList","@id":"https:\/\/tropicalhotel.it\/de\/attraktionen\/by-day\/riesenrad\/#breadcrumb","itemListElement":[{"@type":"ListItem","position":1,"name":"Home","item":"https:\/\/tropicalhotel.it\/de\/"},{"@type":"ListItem","position":2,"name":"Attraktionen","item":"https:\/\/tropicalhotel.it\/de\/attraktionen\/"},{"@type":"ListItem","position":3,"name":"By Day","item":"https:\/\/tropicalhotel.it\/de\/attraktionen\/by-day\/"},{"@type":"ListItem","position":4,"name":"RIESENRAND"}]},{"@type":"WebSite","@id":"https:\/\/tropicalhotel.it\/de\/#website","url":"https:\/\/tropicalhotel.it\/de\/","name":"Tropical Hotel Jesolo","description":"Hotel 3 stelle a Jesolo","publisher":{"@id":"https:\/\/tropicalhotel.it\/de\/#organization"},"potentialAction":[{"@type":"SearchAction","target":{"@type":"EntryPoint","urlTemplate":"https:\/\/tropicalhotel.it\/de\/?s={search_term_string}"},"query-input":{"@type":"PropertyValueSpecification","valueRequired":true,"valueName":"search_term_string"}}],"inLanguage":"de"},{"@type":"Organization","@id":"https:\/\/tropicalhotel.it\/de\/#organization","name":"Tropical Hotel Jesolo","url":"https:\/\/tropicalhotel.it\/de\/","logo":{"@type":"ImageObject","inLanguage":"de","@id":"https:\/\/tropicalhotel.it\/de\/#\/schema\/logo\/image\/","url":"https:\/\/tropicalhotel.it\/wp-content\/uploads\/2024\/12\/Logo-Tropical-Verticale-2-2.jpg","contentUrl":"https:\/\/tropicalhotel.it\/wp-content\/uploads\/2024\/12\/Logo-Tropical-Verticale-2-2.jpg","width":190,"height":147,"caption":"Tropical Hotel Jesolo"},"image":{"@id":"https:\/\/tropicalhotel.it\/de\/#\/schema\/logo\/image\/"},"sameAs":["https:\/\/www.facebook.com\/Tropical-Hotel-Jesolo-276868195688612\/","https:\/\/www.instagram.com\/tropicalhoteljesolo\/"]}]}},"_links":{"self":[{"href":"https:\/\/tropicalhotel.it\/de\/wp-json\/wp\/v2\/pages\/1123","targetHints":{"allow":["GET"]}}],"collection":[{"href":"https:\/\/tropicalhotel.it\/de\/wp-json\/wp\/v2\/pages"}],"about":[{"href":"https:\/\/tropicalhotel.it\/de\/wp-json\/wp\/v2\/types\/page"}],"author":[{"embeddable":true,"href":"https:\/\/tropicalhotel.it\/de\/wp-json\/wp\/v2\/users\/1"}],"replies":[{"embeddable":true,"href":"https:\/\/tropicalhotel.it\/de\/wp-json\/wp\/v2\/comments?post=1123"}],"version-history":[{"count":4,"href":"https:\/\/tropicalhotel.it\/de\/wp-json\/wp\/v2\/pages\/1123\/revisions"}],"predecessor-version":[{"id":2570,"href":"https:\/\/tropicalhotel.it\/de\/wp-json\/wp\/v2\/pages\/1123\/revisions\/2570"}],"up":[{"embeddable":true,"href":"https:\/\/tropicalhotel.it\/de\/wp-json\/wp\/v2\/pages\/1163"}],"wp:featuredmedia":[{"embeddable":true,"href":"https:\/\/tropicalhotel.it\/de\/wp-json\/wp\/v2\/media\/794"}],"wp:attachment":[{"href":"https:\/\/tropicalhotel.it\/de\/wp-json\/wp\/v2\/media?parent=1123"}],"curies":[{"name":"wp","href":"https:\/\/api.w.org\/{rel}","templated":true}]}}