{"id":1132,"date":"2024-12-17T08:36:15","date_gmt":"2024-12-17T08:36:15","guid":{"rendered":"https:\/\/staging.tropicalhotel.it\/by-night\/capannina-beach-jesolo\/"},"modified":"2025-01-31T09:22:20","modified_gmt":"2025-01-31T09:22:20","slug":"capannina-beach","status":"publish","type":"page","link":"https:\/\/tropicalhotel.it\/de\/attraktionen\/by-night\/capannina-beach\/","title":{"rendered":"CAPANNINA BEACH"},"content":{"rendered":"\n<p>Die eindr\u00fccke, die das capannina beach vermittelt, sind wirklich einzigartig: Seine Lage direkt am Meer, nur wenige Schritte von der zentralen Piazza Mazzini entfernt, die Musik und DJ-Sets und nat\u00fcrlich die trendigen Events machen das Lokal zu etwas ganz Besonderem. Der Tag beginnt hier fr\u00fch am Morgen, zur Fr\u00fchst\u00fcckszeit, um dann im Laufe des Tages, vielleicht wenn der Magen zu knurren beginnt, eines der zahlreichen Gerichte von der Speisekarte auszuw\u00e4hlen, lauter leichte Speisen (von der Salatsch\u00fcssel \u00fcber den Snack zum Obst) und kleine Imbisse. Am Nachmittag, mit angenehmer Musik im Hintergrund, wird gesonnt und relaxt, w\u00e4hrend zur Aperitifstunde der Rhythmus ansteigt und man das Adrenalin zu sp\u00fcren beginnt, um dann bis sp\u00e4t in die Nacht durchzuhalten.<\/p>\n\n\n\n<p>INFO&nbsp;\u2192<br>Piazza Giuseppe Mazzini, 9 (distanza 5 km)<br>E. info@capanninabeach.it<br><a href=\"http:\/\/www.capanninabeach.it\" target=\"_blank\" rel=\"noreferrer noopener\">www.capanninabeach.it<\/a><\/p>\n\n\n\n<p>Foto \u00a9 www.capanninabeach.it<\/p>\n","protected":false},"excerpt":{"rendered":"<p>Die eindr\u00fccke, die das capannina beach vermittelt, sind wirklich einzigartig: Seine Lage direkt am Meer, nur wenige Schritte von der zentralen Piazza Mazzini entfernt, die Musik und DJ-Sets und nat\u00fcrlich die trendigen Events machen das Lokal zu etwas ganz Besonderem. Der Tag beginnt hier fr\u00fch am Morgen, zur Fr\u00fchst\u00fcckszeit, um dann im Laufe des Tages, [&hellip;]<\/p>\n","protected":false},"author":1,"featured_media":347,"parent":1031,"menu_order":0,"comment_status":"closed","ping_status":"closed","template":"templates\/lista-figlio.php","meta":{"_acf_changed":false,"footnotes":""},"class_list":["post-1132","page","type-page","status-publish","has-post-thumbnail","hentry"],"acf":[],"_links":{"self":[{"href":"https:\/\/tropicalhotel.it\/de\/wp-json\/wp\/v2\/pages\/1132","targetHints":{"allow":["GET"]}}],"collection":[{"href":"https:\/\/tropicalhotel.it\/de\/wp-json\/wp\/v2\/pages"}],"about":[{"href":"https:\/\/tropicalhotel.it\/de\/wp-json\/wp\/v2\/types\/page"}],"author":[{"embeddable":true,"href":"https:\/\/tropicalhotel.it\/de\/wp-json\/wp\/v2\/users\/1"}],"replies":[{"embeddable":true,"href":"https:\/\/tropicalhotel.it\/de\/wp-json\/wp\/v2\/comments?post=1132"}],"version-history":[{"count":2,"href":"https:\/\/tropicalhotel.it\/de\/wp-json\/wp\/v2\/pages\/1132\/revisions"}],"predecessor-version":[{"id":1418,"href":"https:\/\/tropicalhotel.it\/de\/wp-json\/wp\/v2\/pages\/1132\/revisions\/1418"}],"up":[{"embeddable":true,"href":"https:\/\/tropicalhotel.it\/de\/wp-json\/wp\/v2\/pages\/1031"}],"wp:featuredmedia":[{"embeddable":true,"href":"https:\/\/tropicalhotel.it\/de\/wp-json\/wp\/v2\/media\/347"}],"wp:attachment":[{"href":"https:\/\/tropicalhotel.it\/de\/wp-json\/wp\/v2\/media?parent=1132"}],"curies":[{"name":"wp","href":"https:\/\/api.w.org\/{rel}","templated":true}]}}