{"id":1135,"date":"2024-12-18T09:12:36","date_gmt":"2024-12-18T09:12:36","guid":{"rendered":"https:\/\/staging.tropicalhotel.it\/by-night\/casabianca-cafe\/"},"modified":"2025-02-19T11:40:01","modified_gmt":"2025-02-19T11:40:01","slug":"casabianca-cafe","status":"publish","type":"page","link":"https:\/\/tropicalhotel.it\/de\/attraktionen\/by-night\/casabianca-cafe\/","title":{"rendered":"CASABIANCA CAF\u00c8"},"content":{"rendered":"\n<p>Das CASABIANCA Caf\u00e9 ist ein sehr eleganter, stilvoller und gleichzeitig informeller Ort. Es ist der ideale Ort f\u00fcr Ihren Aperitif, immer begleitet von Live-Musik. Im ersten Stock befindet sich die Dachgarten-Lounge, ein raffinierter Ort, an dem Sie Ihren Cocktail einen Schritt von den Sternen entfernt schl\u00fcrfen k\u00f6nnen.<\/p>\n\n\n\n<p>Das Lokal ist das ganze Jahr \u00fcber ge\u00f6ffnet und einer der coolsten Orte im Nachtleben von Jesolo.<\/p>\n\n\n\n<p>INFO&nbsp;\u2192<br>Via dei Pioppi, 46 (distanza 7 km)<\/p>\n\n\n\n<p><a href=\"https:\/\/www.tropicalhotel.it\/#facebook\" rel=\"noreferrer noopener\" target=\"_blank\">Facebook<\/a><a href=\"https:\/\/www.tropicalhotel.it\/#twitter\" rel=\"noreferrer noopener\" target=\"_blank\">Twitter<\/a><a href=\"https:\/\/www.addtoany.com\/add_to\/google_plus?linkurl=https%3A%2F%2Fwww.tropicalhotel.it%2Fby-night%2Fcasabianca-cafe-jesolo%2F&amp;linkname=CASABIANCA%20Caf%C3%A8\" rel=\"noreferrer noopener\" target=\"_blank\"><\/a><a href=\"https:\/\/www.addtoany.com\/share#url=https%3A%2F%2Fwww.tropicalhotel.it%2Fby-night%2Fcasabianca-cafe-jesolo%2F&amp;title=CASABIANCA%20Caf%C3%A8\">Condividi<\/a><\/p>\n\n\n\n<p><\/p>\n","protected":false},"excerpt":{"rendered":"<p>Das CASABIANCA Caf\u00e9 ist ein sehr eleganter, stilvoller und gleichzeitig informeller Ort. Es ist der ideale Ort f\u00fcr Ihren Aperitif, immer begleitet von Live-Musik. Im ersten Stock befindet sich die Dachgarten-Lounge, ein raffinierter Ort, an dem Sie Ihren Cocktail einen Schritt von den Sternen entfernt schl\u00fcrfen k\u00f6nnen. Das Lokal ist das ganze Jahr \u00fcber ge\u00f6ffnet [&hellip;]<\/p>\n","protected":false},"author":1,"featured_media":845,"parent":1031,"menu_order":0,"comment_status":"closed","ping_status":"closed","template":"templates\/lista-figlio.php","meta":{"_acf_changed":false,"footnotes":""},"class_list":["post-1135","page","type-page","status-publish","has-post-thumbnail","hentry"],"acf":[],"_links":{"self":[{"href":"https:\/\/tropicalhotel.it\/de\/wp-json\/wp\/v2\/pages\/1135","targetHints":{"allow":["GET"]}}],"collection":[{"href":"https:\/\/tropicalhotel.it\/de\/wp-json\/wp\/v2\/pages"}],"about":[{"href":"https:\/\/tropicalhotel.it\/de\/wp-json\/wp\/v2\/types\/page"}],"author":[{"embeddable":true,"href":"https:\/\/tropicalhotel.it\/de\/wp-json\/wp\/v2\/users\/1"}],"replies":[{"embeddable":true,"href":"https:\/\/tropicalhotel.it\/de\/wp-json\/wp\/v2\/comments?post=1135"}],"version-history":[{"count":3,"href":"https:\/\/tropicalhotel.it\/de\/wp-json\/wp\/v2\/pages\/1135\/revisions"}],"predecessor-version":[{"id":1437,"href":"https:\/\/tropicalhotel.it\/de\/wp-json\/wp\/v2\/pages\/1135\/revisions\/1437"}],"up":[{"embeddable":true,"href":"https:\/\/tropicalhotel.it\/de\/wp-json\/wp\/v2\/pages\/1031"}],"wp:featuredmedia":[{"embeddable":true,"href":"https:\/\/tropicalhotel.it\/de\/wp-json\/wp\/v2\/media\/845"}],"wp:attachment":[{"href":"https:\/\/tropicalhotel.it\/de\/wp-json\/wp\/v2\/media?parent=1135"}],"curies":[{"name":"wp","href":"https:\/\/api.w.org\/{rel}","templated":true}]}}