{"id":1138,"date":"2024-12-18T09:04:34","date_gmt":"2024-12-18T09:04:34","guid":{"rendered":"https:\/\/staging.tropicalhotel.it\/by-night\/casino-di-venezia\/"},"modified":"2025-01-31T10:47:14","modified_gmt":"2025-01-31T10:47:14","slug":"casino-di-venezia","status":"publish","type":"page","link":"https:\/\/tropicalhotel.it\/de\/attraktionen\/by-night\/casino-di-venezia\/","title":{"rendered":"KASINO VON VENEDIG"},"content":{"rendered":"\n<p>Jesolo Gaming Hall ist ein modernes und elegantes Spiel zu speichern, die die Atmosph\u00e4re des Casino von Venedig bietet. Auf der ersten Etage der Piazza Brescia Tourismus, bietet Gaming Hall Jesolo 20 Spielautomaten und zwei elektronische Tabellen bei einer realen Roulette-Spiel der Mechanik und der Herausforderung, jetzt spielen entv\u00f6lkert: Texas Hold\u2019em Poker. Die Nachricht vom Sommer 2011 sind die neuen Maschinen Videolotteries (VLT), damit Sie gewinnen den Jackpot Traum. Der Preispool Halle bis zu 100.000 \u20ac und man kann auch f\u00fcr den nationalen Preis in H\u00f6he von 500.000 \u20ac zu konkurrieren. Die Spiele, autorisiert durch das staatliche Gewaltmonopol, das perfekt zu reproduzieren aufregenden Welt der Casinos. Um f\u00f6rderf\u00e4hig zu sein f\u00fcr die Akkreditierung muss \u00fcber dem Eingang sein und der Eintritt ist frei.<br><\/p>\n\n\n\n<p>INFO&nbsp;\u2192<br>Piazza Brescia, 11&nbsp;(distanza 3 km)<br>E. gaminghall@palazzodelturismo.it<br><a href=\"http:\/\/www.palazzodelturismo.it\/\" target=\"_blank\" rel=\"noreferrer noopener\">www.palazzodelturismo.it<\/a><\/p>\n\n\n\n<p><a href=\"https:\/\/www.tropicalhotel.it\/#facebook\" rel=\"noreferrer noopener\" target=\"_blank\"><\/a><\/p>\n","protected":false},"excerpt":{"rendered":"<p>Jesolo Gaming Hall ist ein modernes und elegantes Spiel zu speichern, die die Atmosph\u00e4re des Casino von Venedig bietet. Auf der ersten Etage der Piazza Brescia Tourismus, bietet Gaming Hall Jesolo 20 Spielautomaten und zwei elektronische Tabellen bei einer realen Roulette-Spiel der Mechanik und der Herausforderung, jetzt spielen entv\u00f6lkert: Texas Hold\u2019em Poker. Die Nachricht vom [&hellip;]<\/p>\n","protected":false},"author":1,"featured_media":857,"parent":1031,"menu_order":0,"comment_status":"closed","ping_status":"closed","template":"templates\/lista-figlio.php","meta":{"_acf_changed":false,"footnotes":""},"class_list":["post-1138","page","type-page","status-publish","has-post-thumbnail","hentry"],"acf":[],"yoast_head":"<!-- This site is optimized with the Yoast SEO plugin v27.0 - https:\/\/yoast.com\/product\/yoast-seo-wordpress\/ -->\n<title>Casino Venedig Jesolo: Slots, Roulette und Texas Hold\u2019em Poker<\/title>\n<meta name=\"description\" content=\"Erleben Sie das Casino Venedig Jesolo mit Slots, Roulette und Poker. Jackpots bis zu 500.000\u20ac. Freier Eintritt f\u00fcr Erwachsene.\" \/>\n<meta name=\"robots\" content=\"index, follow, max-snippet:-1, max-image-preview:large, max-video-preview:-1\" \/>\n<link rel=\"canonical\" href=\"https:\/\/tropicalhotel.it\/de\/attraktionen\/by-night\/casino-di-venezia\/\" \/>\n<meta property=\"og:locale\" content=\"de_DE\" \/>\n<meta property=\"og:type\" content=\"article\" \/>\n<meta property=\"og:title\" content=\"Casino Venedig Jesolo: Slots, Roulette und Texas Hold\u2019em Poker\" \/>\n<meta property=\"og:description\" content=\"Erleben Sie das Casino Venedig Jesolo mit Slots, Roulette und Poker. Jackpots bis zu 500.000\u20ac. Freier Eintritt f\u00fcr Erwachsene.\" \/>\n<meta property=\"og:url\" content=\"https:\/\/tropicalhotel.it\/de\/attraktionen\/by-night\/casino-di-venezia\/\" \/>\n<meta property=\"og:site_name\" content=\"Tropical Hotel Jesolo\" \/>\n<meta property=\"article:publisher\" content=\"https:\/\/www.facebook.com\/Tropical-Hotel-Jesolo-276868195688612\/\" \/>\n<meta property=\"article:modified_time\" content=\"2025-01-31T10:47:14+00:00\" \/>\n<meta property=\"og:image\" content=\"https:\/\/tropicalhotel.it\/wp-content\/uploads\/2024\/12\/Casino-EVI-Tropical-1600x558-1.jpg\" \/>\n\t<meta property=\"og:image:width\" content=\"1600\" \/>\n\t<meta property=\"og:image:height\" content=\"558\" \/>\n\t<meta property=\"og:image:type\" content=\"image\/jpeg\" \/>\n<meta name=\"twitter:card\" content=\"summary_large_image\" \/>\n<meta name=\"twitter:label1\" content=\"Gesch\u00e4tzte Lesezeit\" \/>\n\t<meta name=\"twitter:data1\" content=\"1\u00a0Minute\" \/>\n<script type=\"application\/ld+json\" class=\"yoast-schema-graph\">{\"@context\":\"https:\/\/schema.org\",\"@graph\":[{\"@type\":\"WebPage\",\"@id\":\"https:\/\/tropicalhotel.it\/de\/attraktionen\/by-night\/casino-di-venezia\/\",\"url\":\"https:\/\/tropicalhotel.it\/de\/attraktionen\/by-night\/casino-di-venezia\/\",\"name\":\"Casino Venedig Jesolo: Slots, Roulette und Texas Hold\u2019em Poker\",\"isPartOf\":{\"@id\":\"https:\/\/tropicalhotel.it\/de\/#website\"},\"primaryImageOfPage\":{\"@id\":\"https:\/\/tropicalhotel.it\/de\/attraktionen\/by-night\/casino-di-venezia\/#primaryimage\"},\"image\":{\"@id\":\"https:\/\/tropicalhotel.it\/de\/attraktionen\/by-night\/casino-di-venezia\/#primaryimage\"},\"thumbnailUrl\":\"https:\/\/tropicalhotel.it\/wp-content\/uploads\/2024\/12\/Casino-EVI-Tropical-1600x558-1.jpg\",\"datePublished\":\"2024-12-18T09:04:34+00:00\",\"dateModified\":\"2025-01-31T10:47:14+00:00\",\"description\":\"Erleben Sie das Casino Venedig Jesolo mit Slots, Roulette und Poker. Jackpots bis zu 500.000\u20ac. Freier Eintritt f\u00fcr Erwachsene.\",\"breadcrumb\":{\"@id\":\"https:\/\/tropicalhotel.it\/de\/attraktionen\/by-night\/casino-di-venezia\/#breadcrumb\"},\"inLanguage\":\"de\",\"potentialAction\":[{\"@type\":\"ReadAction\",\"target\":[\"https:\/\/tropicalhotel.it\/de\/attraktionen\/by-night\/casino-di-venezia\/\"]}]},{\"@type\":\"ImageObject\",\"inLanguage\":\"de\",\"@id\":\"https:\/\/tropicalhotel.it\/de\/attraktionen\/by-night\/casino-di-venezia\/#primaryimage\",\"url\":\"https:\/\/tropicalhotel.it\/wp-content\/uploads\/2024\/12\/Casino-EVI-Tropical-1600x558-1.jpg\",\"contentUrl\":\"https:\/\/tropicalhotel.it\/wp-content\/uploads\/2024\/12\/Casino-EVI-Tropical-1600x558-1.jpg\",\"width\":1600,\"height\":558},{\"@type\":\"BreadcrumbList\",\"@id\":\"https:\/\/tropicalhotel.it\/de\/attraktionen\/by-night\/casino-di-venezia\/#breadcrumb\",\"itemListElement\":[{\"@type\":\"ListItem\",\"position\":1,\"name\":\"Home\",\"item\":\"https:\/\/tropicalhotel.it\/de\/\"},{\"@type\":\"ListItem\",\"position\":2,\"name\":\"Attraktionen\",\"item\":\"https:\/\/tropicalhotel.it\/de\/attraktionen\/\"},{\"@type\":\"ListItem\",\"position\":3,\"name\":\"By Night\",\"item\":\"https:\/\/tropicalhotel.it\/de\/attraktionen\/by-night\/\"},{\"@type\":\"ListItem\",\"position\":4,\"name\":\"KASINO VON VENEDIG\"}]},{\"@type\":\"WebSite\",\"@id\":\"https:\/\/tropicalhotel.it\/de\/#website\",\"url\":\"https:\/\/tropicalhotel.it\/de\/\",\"name\":\"Tropical Hotel Jesolo\",\"description\":\"Hotel 3 stelle a Jesolo\",\"publisher\":{\"@id\":\"https:\/\/tropicalhotel.it\/de\/#organization\"},\"potentialAction\":[{\"@type\":\"SearchAction\",\"target\":{\"@type\":\"EntryPoint\",\"urlTemplate\":\"https:\/\/tropicalhotel.it\/de\/?s={search_term_string}\"},\"query-input\":{\"@type\":\"PropertyValueSpecification\",\"valueRequired\":true,\"valueName\":\"search_term_string\"}}],\"inLanguage\":\"de\"},{\"@type\":\"Organization\",\"@id\":\"https:\/\/tropicalhotel.it\/de\/#organization\",\"name\":\"Tropical Hotel Jesolo\",\"url\":\"https:\/\/tropicalhotel.it\/de\/\",\"logo\":{\"@type\":\"ImageObject\",\"inLanguage\":\"de\",\"@id\":\"https:\/\/tropicalhotel.it\/de\/#\/schema\/logo\/image\/\",\"url\":\"https:\/\/tropicalhotel.it\/wp-content\/uploads\/2024\/12\/Logo-Tropical-Verticale-2-2.jpg\",\"contentUrl\":\"https:\/\/tropicalhotel.it\/wp-content\/uploads\/2024\/12\/Logo-Tropical-Verticale-2-2.jpg\",\"width\":190,\"height\":147,\"caption\":\"Tropical Hotel Jesolo\"},\"image\":{\"@id\":\"https:\/\/tropicalhotel.it\/de\/#\/schema\/logo\/image\/\"},\"sameAs\":[\"https:\/\/www.facebook.com\/Tropical-Hotel-Jesolo-276868195688612\/\",\"https:\/\/www.instagram.com\/tropicalhoteljesolo\/\"]}]}<\/script>\n<!-- \/ Yoast SEO plugin. -->","yoast_head_json":{"title":"Casino Venedig Jesolo: Slots, Roulette und Texas Hold\u2019em Poker","description":"Erleben Sie das Casino Venedig Jesolo mit Slots, Roulette und Poker. Jackpots bis zu 500.000\u20ac. Freier Eintritt f\u00fcr Erwachsene.","robots":{"index":"index","follow":"follow","max-snippet":"max-snippet:-1","max-image-preview":"max-image-preview:large","max-video-preview":"max-video-preview:-1"},"canonical":"https:\/\/tropicalhotel.it\/de\/attraktionen\/by-night\/casino-di-venezia\/","og_locale":"de_DE","og_type":"article","og_title":"Casino Venedig Jesolo: Slots, Roulette und Texas Hold\u2019em Poker","og_description":"Erleben Sie das Casino Venedig Jesolo mit Slots, Roulette und Poker. Jackpots bis zu 500.000\u20ac. Freier Eintritt f\u00fcr Erwachsene.","og_url":"https:\/\/tropicalhotel.it\/de\/attraktionen\/by-night\/casino-di-venezia\/","og_site_name":"Tropical Hotel Jesolo","article_publisher":"https:\/\/www.facebook.com\/Tropical-Hotel-Jesolo-276868195688612\/","article_modified_time":"2025-01-31T10:47:14+00:00","og_image":[{"width":1600,"height":558,"url":"https:\/\/tropicalhotel.it\/wp-content\/uploads\/2024\/12\/Casino-EVI-Tropical-1600x558-1.jpg","type":"image\/jpeg"}],"twitter_card":"summary_large_image","twitter_misc":{"Gesch\u00e4tzte Lesezeit":"1\u00a0Minute"},"schema":{"@context":"https:\/\/schema.org","@graph":[{"@type":"WebPage","@id":"https:\/\/tropicalhotel.it\/de\/attraktionen\/by-night\/casino-di-venezia\/","url":"https:\/\/tropicalhotel.it\/de\/attraktionen\/by-night\/casino-di-venezia\/","name":"Casino Venedig Jesolo: Slots, Roulette und Texas Hold\u2019em Poker","isPartOf":{"@id":"https:\/\/tropicalhotel.it\/de\/#website"},"primaryImageOfPage":{"@id":"https:\/\/tropicalhotel.it\/de\/attraktionen\/by-night\/casino-di-venezia\/#primaryimage"},"image":{"@id":"https:\/\/tropicalhotel.it\/de\/attraktionen\/by-night\/casino-di-venezia\/#primaryimage"},"thumbnailUrl":"https:\/\/tropicalhotel.it\/wp-content\/uploads\/2024\/12\/Casino-EVI-Tropical-1600x558-1.jpg","datePublished":"2024-12-18T09:04:34+00:00","dateModified":"2025-01-31T10:47:14+00:00","description":"Erleben Sie das Casino Venedig Jesolo mit Slots, Roulette und Poker. Jackpots bis zu 500.000\u20ac. Freier Eintritt f\u00fcr Erwachsene.","breadcrumb":{"@id":"https:\/\/tropicalhotel.it\/de\/attraktionen\/by-night\/casino-di-venezia\/#breadcrumb"},"inLanguage":"de","potentialAction":[{"@type":"ReadAction","target":["https:\/\/tropicalhotel.it\/de\/attraktionen\/by-night\/casino-di-venezia\/"]}]},{"@type":"ImageObject","inLanguage":"de","@id":"https:\/\/tropicalhotel.it\/de\/attraktionen\/by-night\/casino-di-venezia\/#primaryimage","url":"https:\/\/tropicalhotel.it\/wp-content\/uploads\/2024\/12\/Casino-EVI-Tropical-1600x558-1.jpg","contentUrl":"https:\/\/tropicalhotel.it\/wp-content\/uploads\/2024\/12\/Casino-EVI-Tropical-1600x558-1.jpg","width":1600,"height":558},{"@type":"BreadcrumbList","@id":"https:\/\/tropicalhotel.it\/de\/attraktionen\/by-night\/casino-di-venezia\/#breadcrumb","itemListElement":[{"@type":"ListItem","position":1,"name":"Home","item":"https:\/\/tropicalhotel.it\/de\/"},{"@type":"ListItem","position":2,"name":"Attraktionen","item":"https:\/\/tropicalhotel.it\/de\/attraktionen\/"},{"@type":"ListItem","position":3,"name":"By Night","item":"https:\/\/tropicalhotel.it\/de\/attraktionen\/by-night\/"},{"@type":"ListItem","position":4,"name":"KASINO VON VENEDIG"}]},{"@type":"WebSite","@id":"https:\/\/tropicalhotel.it\/de\/#website","url":"https:\/\/tropicalhotel.it\/de\/","name":"Tropical Hotel Jesolo","description":"Hotel 3 stelle a Jesolo","publisher":{"@id":"https:\/\/tropicalhotel.it\/de\/#organization"},"potentialAction":[{"@type":"SearchAction","target":{"@type":"EntryPoint","urlTemplate":"https:\/\/tropicalhotel.it\/de\/?s={search_term_string}"},"query-input":{"@type":"PropertyValueSpecification","valueRequired":true,"valueName":"search_term_string"}}],"inLanguage":"de"},{"@type":"Organization","@id":"https:\/\/tropicalhotel.it\/de\/#organization","name":"Tropical Hotel Jesolo","url":"https:\/\/tropicalhotel.it\/de\/","logo":{"@type":"ImageObject","inLanguage":"de","@id":"https:\/\/tropicalhotel.it\/de\/#\/schema\/logo\/image\/","url":"https:\/\/tropicalhotel.it\/wp-content\/uploads\/2024\/12\/Logo-Tropical-Verticale-2-2.jpg","contentUrl":"https:\/\/tropicalhotel.it\/wp-content\/uploads\/2024\/12\/Logo-Tropical-Verticale-2-2.jpg","width":190,"height":147,"caption":"Tropical Hotel Jesolo"},"image":{"@id":"https:\/\/tropicalhotel.it\/de\/#\/schema\/logo\/image\/"},"sameAs":["https:\/\/www.facebook.com\/Tropical-Hotel-Jesolo-276868195688612\/","https:\/\/www.instagram.com\/tropicalhoteljesolo\/"]}]}},"_links":{"self":[{"href":"https:\/\/tropicalhotel.it\/de\/wp-json\/wp\/v2\/pages\/1138","targetHints":{"allow":["GET"]}}],"collection":[{"href":"https:\/\/tropicalhotel.it\/de\/wp-json\/wp\/v2\/pages"}],"about":[{"href":"https:\/\/tropicalhotel.it\/de\/wp-json\/wp\/v2\/types\/page"}],"author":[{"embeddable":true,"href":"https:\/\/tropicalhotel.it\/de\/wp-json\/wp\/v2\/users\/1"}],"replies":[{"embeddable":true,"href":"https:\/\/tropicalhotel.it\/de\/wp-json\/wp\/v2\/comments?post=1138"}],"version-history":[{"count":1,"href":"https:\/\/tropicalhotel.it\/de\/wp-json\/wp\/v2\/pages\/1138\/revisions"}],"predecessor-version":[{"id":1441,"href":"https:\/\/tropicalhotel.it\/de\/wp-json\/wp\/v2\/pages\/1138\/revisions\/1441"}],"up":[{"embeddable":true,"href":"https:\/\/tropicalhotel.it\/de\/wp-json\/wp\/v2\/pages\/1031"}],"wp:featuredmedia":[{"embeddable":true,"href":"https:\/\/tropicalhotel.it\/de\/wp-json\/wp\/v2\/media\/857"}],"wp:attachment":[{"href":"https:\/\/tropicalhotel.it\/de\/wp-json\/wp\/v2\/media?parent=1138"}],"curies":[{"name":"wp","href":"https:\/\/api.w.org\/{rel}","templated":true}]}}