{"id":1141,"date":"2024-12-18T09:41:51","date_gmt":"2024-12-18T09:41:51","guid":{"rendered":"https:\/\/staging.tropicalhotel.it\/by-night\/il-muretto\/"},"modified":"2025-01-31T10:55:32","modified_gmt":"2025-01-31T10:55:32","slug":"il-muretto-nachtclub","status":"publish","type":"page","link":"https:\/\/tropicalhotel.it\/de\/attraktionen\/by-night\/il-muretto-nachtclub\/","title":{"rendered":"IL MURETTO"},"content":{"rendered":"\n<p>IL MURETTO Nachtclub in Jesolo ist einer der renommiertesten Clubs der Welt. Tats\u00e4chlich spielten sie hier mit den besten DJs und Produzenten aus verschiedenen Kontinenten.<br>Die Disco ist das ganze Jahr \u00fcber ge\u00f6ffnet. Hier k\u00f6nnen Sie Ihre Abende verbringen und sich dank exzellenter Musik und einem stets aufmerksamen Service von hoher Qualit\u00e4t starke Emotionen g\u00f6nnen.<\/p>\n\n\n\n<p>INFO&nbsp;\u2192<br>Via Roma Destra, 120 (distanza 7 km)<\/p>\n\n\n\n<p><a href=\"https:\/\/www.tropicalhotel.it\/#facebook\" rel=\"noreferrer noopener\" target=\"_blank\">Facebook<\/a><a href=\"https:\/\/www.tropicalhotel.it\/#twitter\" rel=\"noreferrer noopener\" target=\"_blank\">Twitter<\/a><a href=\"https:\/\/www.addtoany.com\/add_to\/google_plus?linkurl=https%3A%2F%2Fwww.tropicalhotel.it%2Fby-night%2Fil-muretto-jesolo%2F&amp;linkname=IL%20MURETTO\" rel=\"noreferrer noopener\" target=\"_blank\"><\/a><a href=\"https:\/\/www.addtoany.com\/share#url=https%3A%2F%2Fwww.tropicalhotel.it%2Fby-night%2Fil-muretto-jesolo%2F&amp;title=IL%20MURETTO\">Condividi<\/a><\/p>\n\n\n\n<p><\/p>\n","protected":false},"excerpt":{"rendered":"<p>IL MURETTO Nachtclub in Jesolo ist einer der renommiertesten Clubs der Welt. Tats\u00e4chlich spielten sie hier mit den besten DJs und Produzenten aus verschiedenen Kontinenten.Die Disco ist das ganze Jahr \u00fcber ge\u00f6ffnet. Hier k\u00f6nnen Sie Ihre Abende verbringen und sich dank exzellenter Musik und einem stets aufmerksamen Service von hoher Qualit\u00e4t starke Emotionen g\u00f6nnen. INFO&nbsp;\u2192Via [&hellip;]<\/p>\n","protected":false},"author":1,"featured_media":837,"parent":1031,"menu_order":0,"comment_status":"closed","ping_status":"closed","template":"templates\/lista-figlio.php","meta":{"_acf_changed":false,"footnotes":""},"class_list":["post-1141","page","type-page","status-publish","has-post-thumbnail","hentry"],"acf":[],"_links":{"self":[{"href":"https:\/\/tropicalhotel.it\/de\/wp-json\/wp\/v2\/pages\/1141","targetHints":{"allow":["GET"]}}],"collection":[{"href":"https:\/\/tropicalhotel.it\/de\/wp-json\/wp\/v2\/pages"}],"about":[{"href":"https:\/\/tropicalhotel.it\/de\/wp-json\/wp\/v2\/types\/page"}],"author":[{"embeddable":true,"href":"https:\/\/tropicalhotel.it\/de\/wp-json\/wp\/v2\/users\/1"}],"replies":[{"embeddable":true,"href":"https:\/\/tropicalhotel.it\/de\/wp-json\/wp\/v2\/comments?post=1141"}],"version-history":[{"count":5,"href":"https:\/\/tropicalhotel.it\/de\/wp-json\/wp\/v2\/pages\/1141\/revisions"}],"predecessor-version":[{"id":1475,"href":"https:\/\/tropicalhotel.it\/de\/wp-json\/wp\/v2\/pages\/1141\/revisions\/1475"}],"up":[{"embeddable":true,"href":"https:\/\/tropicalhotel.it\/de\/wp-json\/wp\/v2\/pages\/1031"}],"wp:featuredmedia":[{"embeddable":true,"href":"https:\/\/tropicalhotel.it\/de\/wp-json\/wp\/v2\/media\/837"}],"wp:attachment":[{"href":"https:\/\/tropicalhotel.it\/de\/wp-json\/wp\/v2\/media?parent=1141"}],"curies":[{"name":"wp","href":"https:\/\/api.w.org\/{rel}","templated":true}]}}