{"id":1150,"date":"2024-12-18T09:11:32","date_gmt":"2024-12-18T09:11:32","guid":{"rendered":"https:\/\/staging.tropicalhotel.it\/by-night\/marina-club\/"},"modified":"2025-01-31T12:59:52","modified_gmt":"2025-01-31T12:59:52","slug":"marina-club","status":"publish","type":"page","link":"https:\/\/tropicalhotel.it\/de\/attraktionen\/by-night\/marina-club\/","title":{"rendered":"MARINA CLUB"},"content":{"rendered":"\n<p>Discobar, sommergarten, vinothek, restaurant. Das Angebot des Marina Club ist sehr vielseitig. So avancierte das Lokal auch zum Treffpunkt Nummer 1 f\u00fcr Musik- und Live-Musikliebhaber. Im Marina Club traten neben Jazz- und Blues-K\u00fcnstlern internationalen Ranges K\u00fcnstler auf, wie Mario Biondi, Dolcenera, Alberto Fortis, Irene Fornaciari, Arisa und Noemi, um nur einige Namen zu nennen. Jeden Mittwoch, Freitag, Samstag und Sonntag finden DJ-Sets mit Daniele Danieli, Fausto Messina und Luciano Gaggia statt. Das Restaurant ist ab 20.00 Uhr ge\u00f6ffnet. Au\u00dferdem wurde dieses Jahr die Vinothek komplett renoviert: Das neue Silo im Garten wurde in eine Boutique der guten Drinks verwandelt, wo man die besten Drinks und Perlweine auch bei Austern und anderen Delikatessen genie\u00dfen kann.<\/p>\n\n\n\n<p>INFO&nbsp;\u2192<br>Via Roma Destra 120\/b (distanza 6 km)<br>E. marinaclub@hotmail.it<br>T. +39&nbsp;0421 370645<br><a href=\"http:\/\/www.marinaclubjesolo.com\/\" target=\"_blank\" rel=\"noreferrer noopener\">www.marinaclubjesolo.com<\/a><\/p>\n\n\n\n<p>Foto&nbsp;\u00a9 www.marinaclubjesolo.com<\/p>\n\n\n\n<p><a href=\"https:\/\/www.tropicalhotel.it\/#facebook\" rel=\"noreferrer noopener\" target=\"_blank\">Facebook<\/a><a href=\"https:\/\/www.tropicalhotel.it\/#twitter\" rel=\"noreferrer noopener\" target=\"_blank\">Twitter<\/a><a href=\"https:\/\/www.addtoany.com\/add_to\/google_plus?linkurl=https%3A%2F%2Fwww.tropicalhotel.it%2Fby-night%2Fmarina-club-jesolo%2F&amp;linkname=MARINA%20CLUB\" rel=\"noreferrer noopener\" target=\"_blank\"><\/a><a href=\"https:\/\/www.addtoany.com\/share#url=https%3A%2F%2Fwww.tropicalhotel.it%2Fby-night%2Fmarina-club-jesolo%2F&amp;title=MARINA%20CLUB\">Condividi<\/a><\/p>\n","protected":false},"excerpt":{"rendered":"<p>Discobar, sommergarten, vinothek, restaurant. Das Angebot des Marina Club ist sehr vielseitig. So avancierte das Lokal auch zum Treffpunkt Nummer 1 f\u00fcr Musik- und Live-Musikliebhaber. Im Marina Club traten neben Jazz- und Blues-K\u00fcnstlern internationalen Ranges K\u00fcnstler auf, wie Mario Biondi, Dolcenera, Alberto Fortis, Irene Fornaciari, Arisa und Noemi, um nur einige Namen zu nennen. Jeden [&hellip;]<\/p>\n","protected":false},"author":1,"featured_media":894,"parent":1031,"menu_order":0,"comment_status":"closed","ping_status":"closed","template":"templates\/lista-figlio.php","meta":{"_acf_changed":false,"footnotes":""},"class_list":["post-1150","page","type-page","status-publish","has-post-thumbnail","hentry"],"acf":[],"_links":{"self":[{"href":"https:\/\/tropicalhotel.it\/de\/wp-json\/wp\/v2\/pages\/1150","targetHints":{"allow":["GET"]}}],"collection":[{"href":"https:\/\/tropicalhotel.it\/de\/wp-json\/wp\/v2\/pages"}],"about":[{"href":"https:\/\/tropicalhotel.it\/de\/wp-json\/wp\/v2\/types\/page"}],"author":[{"embeddable":true,"href":"https:\/\/tropicalhotel.it\/de\/wp-json\/wp\/v2\/users\/1"}],"replies":[{"embeddable":true,"href":"https:\/\/tropicalhotel.it\/de\/wp-json\/wp\/v2\/comments?post=1150"}],"version-history":[{"count":2,"href":"https:\/\/tropicalhotel.it\/de\/wp-json\/wp\/v2\/pages\/1150\/revisions"}],"predecessor-version":[{"id":1505,"href":"https:\/\/tropicalhotel.it\/de\/wp-json\/wp\/v2\/pages\/1150\/revisions\/1505"}],"up":[{"embeddable":true,"href":"https:\/\/tropicalhotel.it\/de\/wp-json\/wp\/v2\/pages\/1031"}],"wp:featuredmedia":[{"embeddable":true,"href":"https:\/\/tropicalhotel.it\/de\/wp-json\/wp\/v2\/media\/894"}],"wp:attachment":[{"href":"https:\/\/tropicalhotel.it\/de\/wp-json\/wp\/v2\/media?parent=1150"}],"curies":[{"name":"wp","href":"https:\/\/api.w.org\/{rel}","templated":true}]}}