{"id":1153,"date":"2024-12-18T09:46:34","date_gmt":"2024-12-18T09:46:34","guid":{"rendered":"https:\/\/staging.tropicalhotel.it\/by-night\/morgans-pub\/"},"modified":"2025-01-31T13:06:57","modified_gmt":"2025-01-31T13:06:57","slug":"morgans-pub-jesolo","status":"publish","type":"page","link":"https:\/\/tropicalhotel.it\/de\/attraktionen\/by-night\/morgans-pub-jesolo\/","title":{"rendered":"MORGAN\u2019S PUB"},"content":{"rendered":"\n<p>MORGAN&#8217;S PUB ist ein historisches Lokal, das von denjenigen, die gerne die Nacht in Jesolo verbringen, sehr gesch\u00e4tzt wird. Mit seiner lateinamerikanischen Atmosph\u00e4re, brasilianischen Cocktails und fantasievollen Snacks ist Morgan&#8217;s Pub der ideale Ort f\u00fcr einen Aperitif, aber auch f\u00fcr Drinks nach dem Essen.<br>Jeden April und September sind sexy Damen, Biker und Piraten willkommene G\u00e4ste bei Morgan&#8217;s in Jesolos rockigstem Event.<br>Jeden Donnerstag gibt es akustischen Rock f\u00fcr vorbeifahrende Piraten.<br>Unsere Cocktailkarte mit dem 2\u00d71 Angebot, steigen Sie jeden Dienstag von 19 bis 21 Uhr bei uns ein!<\/p>\n\n\n\n<p>Die Kneipe ist die ganze Sommersaison \u00fcber ge\u00f6ffnet.<\/p>\n\n\n\n<p>INFO&nbsp;\u2192<br>Via Bafile, 225 (distanza 7 km)<br>E. morganspubjesolo@gmail.com<br><a href=\"https:\/\/www.morganspub.it\/\" target=\"_blank\" rel=\"noopener\">https:\/\/www.morganspub.it<\/a><br>T. +39 347 640 9003<\/p>\n\n\n\n<p><a href=\"https:\/\/www.tropicalhotel.it\/#facebook\" rel=\"noreferrer noopener\" target=\"_blank\"><\/a><\/p>\n","protected":false},"excerpt":{"rendered":"<p>MORGAN&#8217;S PUB ist ein historisches Lokal, das von denjenigen, die gerne die Nacht in Jesolo verbringen, sehr gesch\u00e4tzt wird. Mit seiner lateinamerikanischen Atmosph\u00e4re, brasilianischen Cocktails und fantasievollen Snacks ist Morgan&#8217;s Pub der ideale Ort f\u00fcr einen Aperitif, aber auch f\u00fcr Drinks nach dem Essen.Jeden April und September sind sexy Damen, Biker und Piraten willkommene G\u00e4ste [&hellip;]<\/p>\n","protected":false},"author":1,"featured_media":865,"parent":1031,"menu_order":0,"comment_status":"closed","ping_status":"closed","template":"templates\/lista-figlio.php","meta":{"_acf_changed":false,"footnotes":""},"class_list":["post-1153","page","type-page","status-publish","has-post-thumbnail","hentry"],"acf":[],"_links":{"self":[{"href":"https:\/\/tropicalhotel.it\/de\/wp-json\/wp\/v2\/pages\/1153","targetHints":{"allow":["GET"]}}],"collection":[{"href":"https:\/\/tropicalhotel.it\/de\/wp-json\/wp\/v2\/pages"}],"about":[{"href":"https:\/\/tropicalhotel.it\/de\/wp-json\/wp\/v2\/types\/page"}],"author":[{"embeddable":true,"href":"https:\/\/tropicalhotel.it\/de\/wp-json\/wp\/v2\/users\/1"}],"replies":[{"embeddable":true,"href":"https:\/\/tropicalhotel.it\/de\/wp-json\/wp\/v2\/comments?post=1153"}],"version-history":[{"count":3,"href":"https:\/\/tropicalhotel.it\/de\/wp-json\/wp\/v2\/pages\/1153\/revisions"}],"predecessor-version":[{"id":1515,"href":"https:\/\/tropicalhotel.it\/de\/wp-json\/wp\/v2\/pages\/1153\/revisions\/1515"}],"up":[{"embeddable":true,"href":"https:\/\/tropicalhotel.it\/de\/wp-json\/wp\/v2\/pages\/1031"}],"wp:featuredmedia":[{"embeddable":true,"href":"https:\/\/tropicalhotel.it\/de\/wp-json\/wp\/v2\/media\/865"}],"wp:attachment":[{"href":"https:\/\/tropicalhotel.it\/de\/wp-json\/wp\/v2\/media?parent=1153"}],"curies":[{"name":"wp","href":"https:\/\/api.w.org\/{rel}","templated":true}]}}