{"id":1156,"date":"2024-12-18T08:54:22","date_gmt":"2024-12-18T08:54:22","guid":{"rendered":"https:\/\/staging.tropicalhotel.it\/by-night\/new-jesolandia\/"},"modified":"2025-01-31T13:10:49","modified_gmt":"2025-01-31T13:10:49","slug":"new-jesolandia","status":"publish","type":"page","link":"https:\/\/tropicalhotel.it\/de\/attraktionen\/by-night\/new-jesolandia\/","title":{"rendered":"NEW JESOLANDIA"},"content":{"rendered":"\n<p>New Jesolandia ist der neue Vergn\u00fcgungspark \u00fcber ein Thema von Jesolo. Entwickelt auf einer Fl\u00e4che von 20.000 Quadratmetern am Eingang des Lido di Jesolo bietet Attraktionen und Spa\u00df f\u00fcr jung und alt, mit einem Fokus auf Familien. Kostenlose Shuttle-Busse von den Hauptstra\u00dfen des Parks alle 30 Minuten.<br><\/p>\n\n\n\n<p><br><\/p>\n\n\n\n<p>INFO \u2192<br>Via Lucio Battisti (distanza 3 km)<br>E.&nbsp;info@newjesolandia.com<br><a href=\"http:\/\/www.newjesolandia.com\/index.php\" target=\"_blank\" rel=\"noreferrer noopener\">www.newjesolandia.com<\/a><\/p>\n","protected":false},"excerpt":{"rendered":"<p>New Jesolandia ist der neue Vergn\u00fcgungspark \u00fcber ein Thema von Jesolo. Entwickelt auf einer Fl\u00e4che von 20.000 Quadratmetern am Eingang des Lido di Jesolo bietet Attraktionen und Spa\u00df f\u00fcr jung und alt, mit einem Fokus auf Familien. Kostenlose Shuttle-Busse von den Hauptstra\u00dfen des Parks alle 30 Minuten. INFO \u2192Via Lucio Battisti (distanza 3 km)E.&nbsp;info@newjesolandia.comwww.newjesolandia.com<\/p>\n","protected":false},"author":1,"featured_media":853,"parent":1031,"menu_order":0,"comment_status":"closed","ping_status":"closed","template":"templates\/lista-figlio.php","meta":{"_acf_changed":false,"footnotes":""},"class_list":["post-1156","page","type-page","status-publish","has-post-thumbnail","hentry"],"acf":[],"_links":{"self":[{"href":"https:\/\/tropicalhotel.it\/de\/wp-json\/wp\/v2\/pages\/1156","targetHints":{"allow":["GET"]}}],"collection":[{"href":"https:\/\/tropicalhotel.it\/de\/wp-json\/wp\/v2\/pages"}],"about":[{"href":"https:\/\/tropicalhotel.it\/de\/wp-json\/wp\/v2\/types\/page"}],"author":[{"embeddable":true,"href":"https:\/\/tropicalhotel.it\/de\/wp-json\/wp\/v2\/users\/1"}],"replies":[{"embeddable":true,"href":"https:\/\/tropicalhotel.it\/de\/wp-json\/wp\/v2\/comments?post=1156"}],"version-history":[{"count":4,"href":"https:\/\/tropicalhotel.it\/de\/wp-json\/wp\/v2\/pages\/1156\/revisions"}],"predecessor-version":[{"id":1566,"href":"https:\/\/tropicalhotel.it\/de\/wp-json\/wp\/v2\/pages\/1156\/revisions\/1566"}],"up":[{"embeddable":true,"href":"https:\/\/tropicalhotel.it\/de\/wp-json\/wp\/v2\/pages\/1031"}],"wp:featuredmedia":[{"embeddable":true,"href":"https:\/\/tropicalhotel.it\/de\/wp-json\/wp\/v2\/media\/853"}],"wp:attachment":[{"href":"https:\/\/tropicalhotel.it\/de\/wp-json\/wp\/v2\/media?parent=1156"}],"curies":[{"name":"wp","href":"https:\/\/api.w.org\/{rel}","templated":true}]}}