{"id":1739,"date":"2025-01-08T09:06:38","date_gmt":"2025-01-08T09:06:38","guid":{"rendered":"https:\/\/staging.tropicalhotel.it\/?page_id=1739"},"modified":"2025-02-20T11:45:25","modified_gmt":"2025-02-20T11:45:25","slug":"mittagessen-formel-take-away","status":"publish","type":"page","link":"https:\/\/tropicalhotel.it\/de\/mittagessen-formel-take-away\/","title":{"rendered":"Mittagessen-formel Take-away"},"content":{"rendered":"<p><strong>Caesar salad<\/strong><br \/>\n\u20ac 10,00<br \/>\n<span class=\"S1PPyQ\">Zutaten:\u00a0<\/span><span class=\"S1PPyQ\">Lattich, Croutons, Hanchenbrust, Parmigiano, Caesarsauce<\/span><\/p>\n<p><span class=\"S1PPyQ\"><strong>Fischsalat<\/strong><br \/>\n<\/span>\u20ac 11,00<br \/>\n<span class=\"S1PPyQ\">Zutaten:\u00a0<\/span><span class=\"S1PPyQ\">Krake, Tintenfische, Tomaten, Gurken, Zucchini, Karotten, Sellerie<\/span><\/p>\n<p><strong><span class=\"S1PPyQ\">Griechischer salat<br \/>\n<\/span><\/strong>\u20ac 8,00<br \/>\n<span class=\"S1PPyQ\">Zutaten:\u00a0<\/span><span class=\"S1PPyQ\">Gemischter Salat, Tomaten, Gurken, Oliven, Feta, Tropea-Zwiebel<\/span><\/p>\n<p><strong><span class=\"S1PPyQ\">Mediterranean salat<\/span><br \/>\n<\/strong>\u20ac 9,00<br \/>\n<span class=\"S1PPyQ\">Zutaten:\u00a0<\/span><span class=\"S1PPyQ\">Gr\u00fcnen Bohnen, Tomaten, Oliven, Eiern, Thunfisch, Zwiebeln Tropea<\/span><\/p>\n<p><strong><span class=\"S1PPyQ\">Bresaola-carpaCcio<\/span><\/strong><br \/>\n\u20ac 11,00<br \/>\n<span class=\"S1PPyQ\">Zutaten:\u00a0<\/span><span class=\"S1PPyQ\">Carpaccio von Bresaola, Rucola, Parmesan, Kirschtomaten<\/span><\/p>\n<p><span class=\"S1PPyQ\">SERVICE NACH RESERVIERUNG VON 12:00 BIS 13:00 VERF\u00dcGBAR<\/span><\/p>\n<p><strong>\u00a0<\/strong><\/p>\n<p><strong>\u00a0<\/strong><\/p>\n","protected":false},"excerpt":{"rendered":"<p>Caesar salad \u20ac 10,00 Zutaten:\u00a0Lattich, Croutons, Hanchenbrust, Parmigiano, Caesarsauce Fischsalat \u20ac 11,00 Zutaten:\u00a0Krake, Tintenfische, Tomaten, Gurken, Zucchini, Karotten, Sellerie Griechischer salat \u20ac 8,00 Zutaten:\u00a0Gemischter Salat, Tomaten, Gurken, Oliven, Feta, Tropea-Zwiebel Mediterranean salat \u20ac 9,00 Zutaten:\u00a0Gr\u00fcnen Bohnen, Tomaten, Oliven, Eiern, Thunfisch, Zwiebeln Tropea Bresaola-carpaCcio \u20ac 11,00 Zutaten:\u00a0Carpaccio von Bresaola, Rucola, Parmesan, Kirschtomaten SERVICE NACH RESERVIERUNG VON [&hellip;]<\/p>\n","protected":false},"author":1,"featured_media":1613,"parent":0,"menu_order":0,"comment_status":"closed","ping_status":"closed","template":"","meta":{"_acf_changed":false,"footnotes":""},"class_list":["post-1739","page","type-page","status-publish","has-post-thumbnail","hentry"],"acf":[],"yoast_head":"<!-- This site is optimized with the Yoast SEO plugin v27.0 - https:\/\/yoast.com\/product\/yoast-seo-wordpress\/ -->\n<title>Mittagessen-formel Take-away - Tropical Hotel Jesolo<\/title>\n<meta name=\"description\" content=\"W\u00e4hlen Sie unser Take-Away-Mittagsangebot! Entdecken Sie das Men\u00fc und bestellen Sie Ihr Lieblingsgericht f\u00fcr unterwegs.\" \/>\n<meta name=\"robots\" content=\"index, follow, max-snippet:-1, max-image-preview:large, max-video-preview:-1\" \/>\n<link rel=\"canonical\" href=\"https:\/\/tropicalhotel.it\/de\/mittagessen-formel-take-away\/\" \/>\n<meta property=\"og:locale\" content=\"de_DE\" \/>\n<meta property=\"og:type\" content=\"article\" \/>\n<meta property=\"og:title\" content=\"Mittagessen-formel Take-away - Tropical Hotel Jesolo\" \/>\n<meta property=\"og:description\" content=\"W\u00e4hlen Sie unser Take-Away-Mittagsangebot! Entdecken Sie das Men\u00fc und bestellen Sie Ihr Lieblingsgericht f\u00fcr unterwegs.\" \/>\n<meta property=\"og:url\" content=\"https:\/\/tropicalhotel.it\/de\/mittagessen-formel-take-away\/\" \/>\n<meta property=\"og:site_name\" content=\"Tropical Hotel Jesolo\" \/>\n<meta property=\"article:publisher\" content=\"https:\/\/www.facebook.com\/Tropical-Hotel-Jesolo-276868195688612\/\" \/>\n<meta property=\"article:modified_time\" content=\"2025-02-20T11:45:25+00:00\" \/>\n<meta property=\"og:image\" content=\"https:\/\/tropicalhotel.it\/wp-content\/uploads\/2025\/01\/insalata-tropical.jpg\" \/>\n\t<meta property=\"og:image:width\" content=\"1600\" \/>\n\t<meta property=\"og:image:height\" content=\"558\" \/>\n\t<meta property=\"og:image:type\" content=\"image\/jpeg\" \/>\n<meta name=\"twitter:card\" content=\"summary_large_image\" \/>\n<meta name=\"twitter:label1\" content=\"Gesch\u00e4tzte Lesezeit\" \/>\n\t<meta name=\"twitter:data1\" content=\"1\u00a0Minute\" \/>\n<script type=\"application\/ld+json\" class=\"yoast-schema-graph\">{\"@context\":\"https:\/\/schema.org\",\"@graph\":[{\"@type\":\"WebPage\",\"@id\":\"https:\/\/tropicalhotel.it\/de\/mittagessen-formel-take-away\/\",\"url\":\"https:\/\/tropicalhotel.it\/de\/mittagessen-formel-take-away\/\",\"name\":\"Mittagessen-formel Take-away - Tropical Hotel Jesolo\",\"isPartOf\":{\"@id\":\"https:\/\/tropicalhotel.it\/de\/#website\"},\"primaryImageOfPage\":{\"@id\":\"https:\/\/tropicalhotel.it\/de\/mittagessen-formel-take-away\/#primaryimage\"},\"image\":{\"@id\":\"https:\/\/tropicalhotel.it\/de\/mittagessen-formel-take-away\/#primaryimage\"},\"thumbnailUrl\":\"https:\/\/tropicalhotel.it\/wp-content\/uploads\/2025\/01\/insalata-tropical.jpg\",\"datePublished\":\"2025-01-08T09:06:38+00:00\",\"dateModified\":\"2025-02-20T11:45:25+00:00\",\"description\":\"W\u00e4hlen Sie unser Take-Away-Mittagsangebot! Entdecken Sie das Men\u00fc und bestellen Sie Ihr Lieblingsgericht f\u00fcr unterwegs.\",\"breadcrumb\":{\"@id\":\"https:\/\/tropicalhotel.it\/de\/mittagessen-formel-take-away\/#breadcrumb\"},\"inLanguage\":\"de\",\"potentialAction\":[{\"@type\":\"ReadAction\",\"target\":[\"https:\/\/tropicalhotel.it\/de\/mittagessen-formel-take-away\/\"]}]},{\"@type\":\"ImageObject\",\"inLanguage\":\"de\",\"@id\":\"https:\/\/tropicalhotel.it\/de\/mittagessen-formel-take-away\/#primaryimage\",\"url\":\"https:\/\/tropicalhotel.it\/wp-content\/uploads\/2025\/01\/insalata-tropical.jpg\",\"contentUrl\":\"https:\/\/tropicalhotel.it\/wp-content\/uploads\/2025\/01\/insalata-tropical.jpg\",\"width\":1600,\"height\":558},{\"@type\":\"BreadcrumbList\",\"@id\":\"https:\/\/tropicalhotel.it\/de\/mittagessen-formel-take-away\/#breadcrumb\",\"itemListElement\":[{\"@type\":\"ListItem\",\"position\":1,\"name\":\"Home\",\"item\":\"https:\/\/tropicalhotel.it\/de\/\"},{\"@type\":\"ListItem\",\"position\":2,\"name\":\"Mittagessen-formel Take-away\"}]},{\"@type\":\"WebSite\",\"@id\":\"https:\/\/tropicalhotel.it\/de\/#website\",\"url\":\"https:\/\/tropicalhotel.it\/de\/\",\"name\":\"Tropical Hotel Jesolo\",\"description\":\"Hotel 3 stelle a Jesolo\",\"publisher\":{\"@id\":\"https:\/\/tropicalhotel.it\/de\/#organization\"},\"potentialAction\":[{\"@type\":\"SearchAction\",\"target\":{\"@type\":\"EntryPoint\",\"urlTemplate\":\"https:\/\/tropicalhotel.it\/de\/?s={search_term_string}\"},\"query-input\":{\"@type\":\"PropertyValueSpecification\",\"valueRequired\":true,\"valueName\":\"search_term_string\"}}],\"inLanguage\":\"de\"},{\"@type\":\"Organization\",\"@id\":\"https:\/\/tropicalhotel.it\/de\/#organization\",\"name\":\"Tropical Hotel Jesolo\",\"url\":\"https:\/\/tropicalhotel.it\/de\/\",\"logo\":{\"@type\":\"ImageObject\",\"inLanguage\":\"de\",\"@id\":\"https:\/\/tropicalhotel.it\/de\/#\/schema\/logo\/image\/\",\"url\":\"https:\/\/tropicalhotel.it\/wp-content\/uploads\/2024\/12\/Logo-Tropical-Verticale-2-2.jpg\",\"contentUrl\":\"https:\/\/tropicalhotel.it\/wp-content\/uploads\/2024\/12\/Logo-Tropical-Verticale-2-2.jpg\",\"width\":190,\"height\":147,\"caption\":\"Tropical Hotel Jesolo\"},\"image\":{\"@id\":\"https:\/\/tropicalhotel.it\/de\/#\/schema\/logo\/image\/\"},\"sameAs\":[\"https:\/\/www.facebook.com\/Tropical-Hotel-Jesolo-276868195688612\/\",\"https:\/\/www.instagram.com\/tropicalhoteljesolo\/\"]}]}<\/script>\n<!-- \/ Yoast SEO plugin. -->","yoast_head_json":{"title":"Mittagessen-formel Take-away - Tropical Hotel Jesolo","description":"W\u00e4hlen Sie unser Take-Away-Mittagsangebot! Entdecken Sie das Men\u00fc und bestellen Sie Ihr Lieblingsgericht f\u00fcr unterwegs.","robots":{"index":"index","follow":"follow","max-snippet":"max-snippet:-1","max-image-preview":"max-image-preview:large","max-video-preview":"max-video-preview:-1"},"canonical":"https:\/\/tropicalhotel.it\/de\/mittagessen-formel-take-away\/","og_locale":"de_DE","og_type":"article","og_title":"Mittagessen-formel Take-away - Tropical Hotel Jesolo","og_description":"W\u00e4hlen Sie unser Take-Away-Mittagsangebot! Entdecken Sie das Men\u00fc und bestellen Sie Ihr Lieblingsgericht f\u00fcr unterwegs.","og_url":"https:\/\/tropicalhotel.it\/de\/mittagessen-formel-take-away\/","og_site_name":"Tropical Hotel Jesolo","article_publisher":"https:\/\/www.facebook.com\/Tropical-Hotel-Jesolo-276868195688612\/","article_modified_time":"2025-02-20T11:45:25+00:00","og_image":[{"width":1600,"height":558,"url":"https:\/\/tropicalhotel.it\/wp-content\/uploads\/2025\/01\/insalata-tropical.jpg","type":"image\/jpeg"}],"twitter_card":"summary_large_image","twitter_misc":{"Gesch\u00e4tzte Lesezeit":"1\u00a0Minute"},"schema":{"@context":"https:\/\/schema.org","@graph":[{"@type":"WebPage","@id":"https:\/\/tropicalhotel.it\/de\/mittagessen-formel-take-away\/","url":"https:\/\/tropicalhotel.it\/de\/mittagessen-formel-take-away\/","name":"Mittagessen-formel Take-away - Tropical Hotel Jesolo","isPartOf":{"@id":"https:\/\/tropicalhotel.it\/de\/#website"},"primaryImageOfPage":{"@id":"https:\/\/tropicalhotel.it\/de\/mittagessen-formel-take-away\/#primaryimage"},"image":{"@id":"https:\/\/tropicalhotel.it\/de\/mittagessen-formel-take-away\/#primaryimage"},"thumbnailUrl":"https:\/\/tropicalhotel.it\/wp-content\/uploads\/2025\/01\/insalata-tropical.jpg","datePublished":"2025-01-08T09:06:38+00:00","dateModified":"2025-02-20T11:45:25+00:00","description":"W\u00e4hlen Sie unser Take-Away-Mittagsangebot! Entdecken Sie das Men\u00fc und bestellen Sie Ihr Lieblingsgericht f\u00fcr unterwegs.","breadcrumb":{"@id":"https:\/\/tropicalhotel.it\/de\/mittagessen-formel-take-away\/#breadcrumb"},"inLanguage":"de","potentialAction":[{"@type":"ReadAction","target":["https:\/\/tropicalhotel.it\/de\/mittagessen-formel-take-away\/"]}]},{"@type":"ImageObject","inLanguage":"de","@id":"https:\/\/tropicalhotel.it\/de\/mittagessen-formel-take-away\/#primaryimage","url":"https:\/\/tropicalhotel.it\/wp-content\/uploads\/2025\/01\/insalata-tropical.jpg","contentUrl":"https:\/\/tropicalhotel.it\/wp-content\/uploads\/2025\/01\/insalata-tropical.jpg","width":1600,"height":558},{"@type":"BreadcrumbList","@id":"https:\/\/tropicalhotel.it\/de\/mittagessen-formel-take-away\/#breadcrumb","itemListElement":[{"@type":"ListItem","position":1,"name":"Home","item":"https:\/\/tropicalhotel.it\/de\/"},{"@type":"ListItem","position":2,"name":"Mittagessen-formel Take-away"}]},{"@type":"WebSite","@id":"https:\/\/tropicalhotel.it\/de\/#website","url":"https:\/\/tropicalhotel.it\/de\/","name":"Tropical Hotel Jesolo","description":"Hotel 3 stelle a Jesolo","publisher":{"@id":"https:\/\/tropicalhotel.it\/de\/#organization"},"potentialAction":[{"@type":"SearchAction","target":{"@type":"EntryPoint","urlTemplate":"https:\/\/tropicalhotel.it\/de\/?s={search_term_string}"},"query-input":{"@type":"PropertyValueSpecification","valueRequired":true,"valueName":"search_term_string"}}],"inLanguage":"de"},{"@type":"Organization","@id":"https:\/\/tropicalhotel.it\/de\/#organization","name":"Tropical Hotel Jesolo","url":"https:\/\/tropicalhotel.it\/de\/","logo":{"@type":"ImageObject","inLanguage":"de","@id":"https:\/\/tropicalhotel.it\/de\/#\/schema\/logo\/image\/","url":"https:\/\/tropicalhotel.it\/wp-content\/uploads\/2024\/12\/Logo-Tropical-Verticale-2-2.jpg","contentUrl":"https:\/\/tropicalhotel.it\/wp-content\/uploads\/2024\/12\/Logo-Tropical-Verticale-2-2.jpg","width":190,"height":147,"caption":"Tropical Hotel Jesolo"},"image":{"@id":"https:\/\/tropicalhotel.it\/de\/#\/schema\/logo\/image\/"},"sameAs":["https:\/\/www.facebook.com\/Tropical-Hotel-Jesolo-276868195688612\/","https:\/\/www.instagram.com\/tropicalhoteljesolo\/"]}]}},"_links":{"self":[{"href":"https:\/\/tropicalhotel.it\/de\/wp-json\/wp\/v2\/pages\/1739","targetHints":{"allow":["GET"]}}],"collection":[{"href":"https:\/\/tropicalhotel.it\/de\/wp-json\/wp\/v2\/pages"}],"about":[{"href":"https:\/\/tropicalhotel.it\/de\/wp-json\/wp\/v2\/types\/page"}],"author":[{"embeddable":true,"href":"https:\/\/tropicalhotel.it\/de\/wp-json\/wp\/v2\/users\/1"}],"replies":[{"embeddable":true,"href":"https:\/\/tropicalhotel.it\/de\/wp-json\/wp\/v2\/comments?post=1739"}],"version-history":[{"count":1,"href":"https:\/\/tropicalhotel.it\/de\/wp-json\/wp\/v2\/pages\/1739\/revisions"}],"predecessor-version":[{"id":1740,"href":"https:\/\/tropicalhotel.it\/de\/wp-json\/wp\/v2\/pages\/1739\/revisions\/1740"}],"wp:featuredmedia":[{"embeddable":true,"href":"https:\/\/tropicalhotel.it\/de\/wp-json\/wp\/v2\/media\/1613"}],"wp:attachment":[{"href":"https:\/\/tropicalhotel.it\/de\/wp-json\/wp\/v2\/media?parent=1739"}],"curies":[{"name":"wp","href":"https:\/\/api.w.org\/{rel}","templated":true}]}}