{"id":1744,"date":"2025-01-08T09:03:54","date_gmt":"2025-01-08T09:03:54","guid":{"rendered":"https:\/\/staging.tropicalhotel.it\/?page_id=1744"},"modified":"2025-04-07T12:19:21","modified_gmt":"2025-04-07T12:19:21","slug":"restaurant","status":"publish","type":"page","link":"https:\/\/tropicalhotel.it\/de\/restaurant\/","title":{"rendered":"Restaurant"},"content":{"rendered":"\n<p><strong>Ausgezeichnete K\u00fcche mit Wahl-Men\u00fc<\/strong>. Alle Gerichte werden mit frischen Produkten von ausgezeichneter Qualit\u00e4t zubereitet, wobei lokale Produkte bevorzugt werden, die direkt von unserem Chefkoch mit Sorgfalt und Leidenschaft ausgew\u00e4hlt und zubereitet werden. Wir bieten ein Men\u00fc mit einer gro\u00dfen Auswahl an traditionellen italienischen Gerichten und finden auch Platz f\u00fcr &nbsp;<strong>Kunden, die eine nat\u00fcrliche oder vegetarische Ern\u00e4hrung lieben<\/strong>. Besondere&nbsp;<strong>Aufmerksamkeit gilt auch den Kindermen\u00fcs.<\/strong><\/p>\n\n\n\n<p>Ein Urlaub im Zeichen des guten Geschmacks, auch mit&nbsp;<strong>mediterranen Aromen unserer K\u00fcche<\/strong>&nbsp;und dem unverwechselbaren Genuss eines wertvollen Fr\u00fchst\u00fccks, das mit herzlicher Gastfreundschaft serviert wird. Dazu geh\u00f6ren hausgemachte Backwaren, Aufschnitt und K\u00e4se, Joghurt, verschiedene Kaffeesorten, Fruchts\u00e4fte und vieles mehr! F\u00fcr einen optimalen Start in den Tag!<\/p>\n\n\n\n<h2 class=\"wp-block-heading has-text-color has-link-color wp-elements-f9f8ad29e37b2e97450a1c1da5ae8ac1\" style=\"color:#c47b27\">NEWS 2025<\/h2>\n\n\n\n<p><strong>Mittagessenformel<\/strong><\/p>\n\n\n\n<p>Nurf\u00fcr die G\u00e4ste des&nbsp;<strong>Hotel Tropical<\/strong>, bietenwir in diesemJahrmitunserem Partner&nbsp;<strong>Ristorante\/Pizzeria Happy Days<\/strong>, nur 20 Meter von unsentfernt, die sehrwillkommeneMittagessenformel an.<\/p>\n\n\n\n<p>Nurf\u00fcMittagessen Dank unsererVereinbarungmiteinerspeziellenKarteerhaltenSiejederzeit, ohne die Begrenzung der Hotelzeiten, einensofortigenRabatt von 10% auf den Listenpreis<\/p>\n\n\n\n<h3 class=\"wp-block-heading\">Die Vorschl\u00e4ge des Men\u00fcssindverf\u00fcgbar, indemSie <a href=\"https:\/\/tropicalhotel.it\/wp-content\/uploads\/happy-days-menu.pdf\" target=\"_blank\" rel=\"noreferrer noopener\"><strong>HIER KLICKEN.<\/strong><\/a><\/h3>\n\n\n\n<p>oder Sie reservieren am Vorabend eine kleine Pause zum Mitnehmen mit frischen Gerichten Ihrer Wahl. Sie haben die M\u00f6glichkeit, zwischen Nudeln oder Reis mit Saucen und Salaten zu w\u00e4hlen.<\/p>\n\n\n\n<h3 class=\"wp-block-heading\">Die Vorschl\u00e4ge des Men\u00fcssindverf\u00fcgbar Mittagessen-formel Take-away, indemSie <a href=\"https:\/\/tropicalhotel.it\/de\/mittagessen-formel-take-away\/\" target=\"_blank\" rel=\"noreferrer noopener\"><strong>HIER KLICKEN.<\/strong><\/a><\/h3>\n\n\n\n<p>F\u00fcr die Kleinen haben wir f\u00fcr das Mittagessen eine Babyfood-Ecke eingerichtet, wo die M\u00fctter das Essen f\u00fcr ihre Kinder aufw\u00e4rmen und servieren k\u00f6nnen, so wie dessen Zubereitung mit unserer K\u00fcche vereinbaren k\u00f6nnen.<\/p>\n\n\n\n<p><strong>Wenn Sie die Weinkarte sehen m\u00f6chten, <a href=\"https:\/\/tropicalhotel.it\/de\/carta-dei-vini\/\">KLICKEN SIE HIER<\/a><\/strong><\/p>\n","protected":false},"excerpt":{"rendered":"<p>Ausgezeichnete K\u00fcche mit Wahl-Men\u00fc. Alle Gerichte werden mit frischen Produkten von ausgezeichneter Qualit\u00e4t zubereitet, wobei lokale Produkte bevorzugt werden, die direkt von unserem Chefkoch mit Sorgfalt und Leidenschaft ausgew\u00e4hlt und zubereitet werden. Wir bieten ein Men\u00fc mit einer gro\u00dfen Auswahl an traditionellen italienischen Gerichten und finden auch Platz f\u00fcr &nbsp;Kunden, die eine nat\u00fcrliche oder vegetarische [&hellip;]<\/p>\n","protected":false},"author":1,"featured_media":1607,"parent":0,"menu_order":0,"comment_status":"closed","ping_status":"closed","template":"","meta":{"_acf_changed":false,"footnotes":""},"class_list":["post-1744","page","type-page","status-publish","has-post-thumbnail","hentry"],"acf":[],"yoast_head":"<!-- This site is optimized with the Yoast SEO plugin v27.0 - https:\/\/yoast.com\/product\/yoast-seo-wordpress\/ -->\n<title>Restaurant - Tropical Hotel Jesolo<\/title>\n<meta name=\"description\" content=\"Entdecken Sie das Restaurant unseres Hotels: traditionelle Gerichte, frische Zutaten und eine gem\u00fctliche Atmosph\u00e4re.\" \/>\n<meta name=\"robots\" content=\"index, follow, max-snippet:-1, max-image-preview:large, max-video-preview:-1\" \/>\n<link rel=\"canonical\" href=\"https:\/\/tropicalhotel.it\/de\/restaurant\/\" \/>\n<meta property=\"og:locale\" content=\"de_DE\" \/>\n<meta property=\"og:type\" content=\"article\" \/>\n<meta property=\"og:title\" content=\"Restaurant - Tropical Hotel Jesolo\" \/>\n<meta property=\"og:description\" content=\"Entdecken Sie das Restaurant unseres Hotels: traditionelle Gerichte, frische Zutaten und eine gem\u00fctliche Atmosph\u00e4re.\" \/>\n<meta property=\"og:url\" content=\"https:\/\/tropicalhotel.it\/de\/restaurant\/\" \/>\n<meta property=\"og:site_name\" content=\"Tropical Hotel Jesolo\" \/>\n<meta property=\"article:publisher\" content=\"https:\/\/www.facebook.com\/Tropical-Hotel-Jesolo-276868195688612\/\" \/>\n<meta property=\"article:modified_time\" content=\"2025-04-07T12:19:21+00:00\" \/>\n<meta property=\"og:image\" content=\"https:\/\/tropicalhotel.it\/wp-content\/uploads\/2025\/01\/Servizio-Ristorante-EVI-Tropical.jpg\" \/>\n\t<meta property=\"og:image:width\" content=\"1600\" \/>\n\t<meta property=\"og:image:height\" content=\"558\" \/>\n\t<meta property=\"og:image:type\" content=\"image\/jpeg\" \/>\n<meta name=\"twitter:card\" content=\"summary_large_image\" \/>\n<meta name=\"twitter:label1\" content=\"Gesch\u00e4tzte Lesezeit\" \/>\n\t<meta name=\"twitter:data1\" content=\"2\u00a0Minuten\" \/>\n<script type=\"application\/ld+json\" class=\"yoast-schema-graph\">{\"@context\":\"https:\/\/schema.org\",\"@graph\":[{\"@type\":\"WebPage\",\"@id\":\"https:\/\/tropicalhotel.it\/de\/restaurant\/\",\"url\":\"https:\/\/tropicalhotel.it\/de\/restaurant\/\",\"name\":\"Restaurant - Tropical Hotel Jesolo\",\"isPartOf\":{\"@id\":\"https:\/\/tropicalhotel.it\/de\/#website\"},\"primaryImageOfPage\":{\"@id\":\"https:\/\/tropicalhotel.it\/de\/restaurant\/#primaryimage\"},\"image\":{\"@id\":\"https:\/\/tropicalhotel.it\/de\/restaurant\/#primaryimage\"},\"thumbnailUrl\":\"https:\/\/tropicalhotel.it\/wp-content\/uploads\/2025\/01\/Servizio-Ristorante-EVI-Tropical.jpg\",\"datePublished\":\"2025-01-08T09:03:54+00:00\",\"dateModified\":\"2025-04-07T12:19:21+00:00\",\"description\":\"Entdecken Sie das Restaurant unseres Hotels: traditionelle Gerichte, frische Zutaten und eine gem\u00fctliche Atmosph\u00e4re.\",\"breadcrumb\":{\"@id\":\"https:\/\/tropicalhotel.it\/de\/restaurant\/#breadcrumb\"},\"inLanguage\":\"de\",\"potentialAction\":[{\"@type\":\"ReadAction\",\"target\":[\"https:\/\/tropicalhotel.it\/de\/restaurant\/\"]}]},{\"@type\":\"ImageObject\",\"inLanguage\":\"de\",\"@id\":\"https:\/\/tropicalhotel.it\/de\/restaurant\/#primaryimage\",\"url\":\"https:\/\/tropicalhotel.it\/wp-content\/uploads\/2025\/01\/Servizio-Ristorante-EVI-Tropical.jpg\",\"contentUrl\":\"https:\/\/tropicalhotel.it\/wp-content\/uploads\/2025\/01\/Servizio-Ristorante-EVI-Tropical.jpg\",\"width\":1600,\"height\":558},{\"@type\":\"BreadcrumbList\",\"@id\":\"https:\/\/tropicalhotel.it\/de\/restaurant\/#breadcrumb\",\"itemListElement\":[{\"@type\":\"ListItem\",\"position\":1,\"name\":\"Home\",\"item\":\"https:\/\/tropicalhotel.it\/de\/\"},{\"@type\":\"ListItem\",\"position\":2,\"name\":\"Restaurant\"}]},{\"@type\":\"WebSite\",\"@id\":\"https:\/\/tropicalhotel.it\/de\/#website\",\"url\":\"https:\/\/tropicalhotel.it\/de\/\",\"name\":\"Tropical Hotel Jesolo\",\"description\":\"Hotel 3 stelle a Jesolo\",\"publisher\":{\"@id\":\"https:\/\/tropicalhotel.it\/de\/#organization\"},\"potentialAction\":[{\"@type\":\"SearchAction\",\"target\":{\"@type\":\"EntryPoint\",\"urlTemplate\":\"https:\/\/tropicalhotel.it\/de\/?s={search_term_string}\"},\"query-input\":{\"@type\":\"PropertyValueSpecification\",\"valueRequired\":true,\"valueName\":\"search_term_string\"}}],\"inLanguage\":\"de\"},{\"@type\":\"Organization\",\"@id\":\"https:\/\/tropicalhotel.it\/de\/#organization\",\"name\":\"Tropical Hotel Jesolo\",\"url\":\"https:\/\/tropicalhotel.it\/de\/\",\"logo\":{\"@type\":\"ImageObject\",\"inLanguage\":\"de\",\"@id\":\"https:\/\/tropicalhotel.it\/de\/#\/schema\/logo\/image\/\",\"url\":\"https:\/\/tropicalhotel.it\/wp-content\/uploads\/2024\/12\/Logo-Tropical-Verticale-2-2.jpg\",\"contentUrl\":\"https:\/\/tropicalhotel.it\/wp-content\/uploads\/2024\/12\/Logo-Tropical-Verticale-2-2.jpg\",\"width\":190,\"height\":147,\"caption\":\"Tropical Hotel Jesolo\"},\"image\":{\"@id\":\"https:\/\/tropicalhotel.it\/de\/#\/schema\/logo\/image\/\"},\"sameAs\":[\"https:\/\/www.facebook.com\/Tropical-Hotel-Jesolo-276868195688612\/\",\"https:\/\/www.instagram.com\/tropicalhoteljesolo\/\"]}]}<\/script>\n<!-- \/ Yoast SEO plugin. -->","yoast_head_json":{"title":"Restaurant - Tropical Hotel Jesolo","description":"Entdecken Sie das Restaurant unseres Hotels: traditionelle Gerichte, frische Zutaten und eine gem\u00fctliche Atmosph\u00e4re.","robots":{"index":"index","follow":"follow","max-snippet":"max-snippet:-1","max-image-preview":"max-image-preview:large","max-video-preview":"max-video-preview:-1"},"canonical":"https:\/\/tropicalhotel.it\/de\/restaurant\/","og_locale":"de_DE","og_type":"article","og_title":"Restaurant - Tropical Hotel Jesolo","og_description":"Entdecken Sie das Restaurant unseres Hotels: traditionelle Gerichte, frische Zutaten und eine gem\u00fctliche Atmosph\u00e4re.","og_url":"https:\/\/tropicalhotel.it\/de\/restaurant\/","og_site_name":"Tropical Hotel Jesolo","article_publisher":"https:\/\/www.facebook.com\/Tropical-Hotel-Jesolo-276868195688612\/","article_modified_time":"2025-04-07T12:19:21+00:00","og_image":[{"width":1600,"height":558,"url":"https:\/\/tropicalhotel.it\/wp-content\/uploads\/2025\/01\/Servizio-Ristorante-EVI-Tropical.jpg","type":"image\/jpeg"}],"twitter_card":"summary_large_image","twitter_misc":{"Gesch\u00e4tzte Lesezeit":"2\u00a0Minuten"},"schema":{"@context":"https:\/\/schema.org","@graph":[{"@type":"WebPage","@id":"https:\/\/tropicalhotel.it\/de\/restaurant\/","url":"https:\/\/tropicalhotel.it\/de\/restaurant\/","name":"Restaurant - Tropical Hotel Jesolo","isPartOf":{"@id":"https:\/\/tropicalhotel.it\/de\/#website"},"primaryImageOfPage":{"@id":"https:\/\/tropicalhotel.it\/de\/restaurant\/#primaryimage"},"image":{"@id":"https:\/\/tropicalhotel.it\/de\/restaurant\/#primaryimage"},"thumbnailUrl":"https:\/\/tropicalhotel.it\/wp-content\/uploads\/2025\/01\/Servizio-Ristorante-EVI-Tropical.jpg","datePublished":"2025-01-08T09:03:54+00:00","dateModified":"2025-04-07T12:19:21+00:00","description":"Entdecken Sie das Restaurant unseres Hotels: traditionelle Gerichte, frische Zutaten und eine gem\u00fctliche Atmosph\u00e4re.","breadcrumb":{"@id":"https:\/\/tropicalhotel.it\/de\/restaurant\/#breadcrumb"},"inLanguage":"de","potentialAction":[{"@type":"ReadAction","target":["https:\/\/tropicalhotel.it\/de\/restaurant\/"]}]},{"@type":"ImageObject","inLanguage":"de","@id":"https:\/\/tropicalhotel.it\/de\/restaurant\/#primaryimage","url":"https:\/\/tropicalhotel.it\/wp-content\/uploads\/2025\/01\/Servizio-Ristorante-EVI-Tropical.jpg","contentUrl":"https:\/\/tropicalhotel.it\/wp-content\/uploads\/2025\/01\/Servizio-Ristorante-EVI-Tropical.jpg","width":1600,"height":558},{"@type":"BreadcrumbList","@id":"https:\/\/tropicalhotel.it\/de\/restaurant\/#breadcrumb","itemListElement":[{"@type":"ListItem","position":1,"name":"Home","item":"https:\/\/tropicalhotel.it\/de\/"},{"@type":"ListItem","position":2,"name":"Restaurant"}]},{"@type":"WebSite","@id":"https:\/\/tropicalhotel.it\/de\/#website","url":"https:\/\/tropicalhotel.it\/de\/","name":"Tropical Hotel Jesolo","description":"Hotel 3 stelle a Jesolo","publisher":{"@id":"https:\/\/tropicalhotel.it\/de\/#organization"},"potentialAction":[{"@type":"SearchAction","target":{"@type":"EntryPoint","urlTemplate":"https:\/\/tropicalhotel.it\/de\/?s={search_term_string}"},"query-input":{"@type":"PropertyValueSpecification","valueRequired":true,"valueName":"search_term_string"}}],"inLanguage":"de"},{"@type":"Organization","@id":"https:\/\/tropicalhotel.it\/de\/#organization","name":"Tropical Hotel Jesolo","url":"https:\/\/tropicalhotel.it\/de\/","logo":{"@type":"ImageObject","inLanguage":"de","@id":"https:\/\/tropicalhotel.it\/de\/#\/schema\/logo\/image\/","url":"https:\/\/tropicalhotel.it\/wp-content\/uploads\/2024\/12\/Logo-Tropical-Verticale-2-2.jpg","contentUrl":"https:\/\/tropicalhotel.it\/wp-content\/uploads\/2024\/12\/Logo-Tropical-Verticale-2-2.jpg","width":190,"height":147,"caption":"Tropical Hotel Jesolo"},"image":{"@id":"https:\/\/tropicalhotel.it\/de\/#\/schema\/logo\/image\/"},"sameAs":["https:\/\/www.facebook.com\/Tropical-Hotel-Jesolo-276868195688612\/","https:\/\/www.instagram.com\/tropicalhoteljesolo\/"]}]}},"_links":{"self":[{"href":"https:\/\/tropicalhotel.it\/de\/wp-json\/wp\/v2\/pages\/1744","targetHints":{"allow":["GET"]}}],"collection":[{"href":"https:\/\/tropicalhotel.it\/de\/wp-json\/wp\/v2\/pages"}],"about":[{"href":"https:\/\/tropicalhotel.it\/de\/wp-json\/wp\/v2\/types\/page"}],"author":[{"embeddable":true,"href":"https:\/\/tropicalhotel.it\/de\/wp-json\/wp\/v2\/users\/1"}],"replies":[{"embeddable":true,"href":"https:\/\/tropicalhotel.it\/de\/wp-json\/wp\/v2\/comments?post=1744"}],"version-history":[{"count":4,"href":"https:\/\/tropicalhotel.it\/de\/wp-json\/wp\/v2\/pages\/1744\/revisions"}],"predecessor-version":[{"id":3071,"href":"https:\/\/tropicalhotel.it\/de\/wp-json\/wp\/v2\/pages\/1744\/revisions\/3071"}],"wp:featuredmedia":[{"embeddable":true,"href":"https:\/\/tropicalhotel.it\/de\/wp-json\/wp\/v2\/media\/1607"}],"wp:attachment":[{"href":"https:\/\/tropicalhotel.it\/de\/wp-json\/wp\/v2\/media?parent=1744"}],"curies":[{"name":"wp","href":"https:\/\/api.w.org\/{rel}","templated":true}]}}