{"id":2195,"date":"2024-12-17T10:00:42","date_gmt":"2024-12-17T10:00:42","guid":{"rendered":"https:\/\/staging.tropicalhotel.it\/hotel\/"},"modified":"2025-02-20T12:50:54","modified_gmt":"2025-02-20T12:50:54","slug":"hotel","status":"publish","type":"page","link":"https:\/\/tropicalhotel.it\/de\/hotel\/","title":{"rendered":"Hotel"},"content":{"rendered":"\n<p>Das Hotel Tropical\u00a0<strong>ist harmonisch in die Natur eingegliedert<\/strong>\u00a0und nur wenige Meter vom Meer entfernt, wo Sie die notwendigen Elemente f\u00fcr Ihren Erholungsurlaub finden. Dazu kommt die unkomplizierte und herzliche Gastlichkeit des Hotels, wo Ihnen ein erstklassiger Service angeboten wird. Das geschmackvoll strukturierte Hotel vereint Erholung und Unterhaltung in einer\u00a0<strong>idealen Lage<\/strong>\u00a0an der Hauptgesch\u00e4ftsstra\u00dfe, die an den Sommerabenden zur Fu\u00dfg\u00e4ngerzone wird.<\/p>\n\n\n\n<p><\/p>\n","protected":false},"excerpt":{"rendered":"<p>Das Hotel Tropical\u00a0ist harmonisch in die Natur eingegliedert\u00a0und nur wenige Meter vom Meer entfernt, wo Sie die notwendigen Elemente f\u00fcr Ihren Erholungsurlaub finden. Dazu kommt die unkomplizierte und herzliche Gastlichkeit des Hotels, wo Ihnen ein erstklassiger Service angeboten wird. Das geschmackvoll strukturierte Hotel vereint Erholung und Unterhaltung in einer\u00a0idealen Lage\u00a0an der Hauptgesch\u00e4ftsstra\u00dfe, die an den [&hellip;]<\/p>\n","protected":false},"author":1,"featured_media":0,"parent":0,"menu_order":0,"comment_status":"closed","ping_status":"closed","template":"templates\/lista.php","meta":{"_acf_changed":false,"footnotes":""},"class_list":["post-2195","page","type-page","status-publish","hentry"],"acf":[],"yoast_head":"<!-- This site is optimized with the Yoast SEO plugin v27.0 - https:\/\/yoast.com\/product\/yoast-seo-wordpress\/ -->\n<title>Hotel - Tropical Hotel Jesolo<\/title>\n<meta name=\"description\" content=\"Das Hotel Tropical empf\u00e4ngt Sie in Meeresn\u00e4he, umgeben von Natur und Ruhe. Genie\u00dfen Sie Komfort und erstklassigen Service!\" \/>\n<meta name=\"robots\" content=\"index, follow, max-snippet:-1, max-image-preview:large, max-video-preview:-1\" \/>\n<link rel=\"canonical\" href=\"https:\/\/tropicalhotel.it\/de\/hotel\/\" \/>\n<meta property=\"og:locale\" content=\"de_DE\" \/>\n<meta property=\"og:type\" content=\"article\" \/>\n<meta property=\"og:title\" content=\"Hotel - Tropical Hotel Jesolo\" \/>\n<meta property=\"og:description\" content=\"Das Hotel Tropical empf\u00e4ngt Sie in Meeresn\u00e4he, umgeben von Natur und Ruhe. Genie\u00dfen Sie Komfort und erstklassigen Service!\" \/>\n<meta property=\"og:url\" content=\"https:\/\/tropicalhotel.it\/de\/hotel\/\" \/>\n<meta property=\"og:site_name\" content=\"Tropical Hotel Jesolo\" \/>\n<meta property=\"article:publisher\" content=\"https:\/\/www.facebook.com\/Tropical-Hotel-Jesolo-276868195688612\/\" \/>\n<meta property=\"article:modified_time\" content=\"2025-02-20T12:50:54+00:00\" \/>\n<meta name=\"twitter:card\" content=\"summary_large_image\" \/>\n<meta name=\"twitter:label1\" content=\"Gesch\u00e4tzte Lesezeit\" \/>\n\t<meta name=\"twitter:data1\" content=\"1\u00a0Minute\" \/>\n<script type=\"application\/ld+json\" class=\"yoast-schema-graph\">{\"@context\":\"https:\/\/schema.org\",\"@graph\":[{\"@type\":\"WebPage\",\"@id\":\"https:\/\/tropicalhotel.it\/de\/hotel\/\",\"url\":\"https:\/\/tropicalhotel.it\/de\/hotel\/\",\"name\":\"Hotel - Tropical Hotel Jesolo\",\"isPartOf\":{\"@id\":\"https:\/\/tropicalhotel.it\/de\/#website\"},\"datePublished\":\"2024-12-17T10:00:42+00:00\",\"dateModified\":\"2025-02-20T12:50:54+00:00\",\"description\":\"Das Hotel Tropical empf\u00e4ngt Sie in Meeresn\u00e4he, umgeben von Natur und Ruhe. Genie\u00dfen Sie Komfort und erstklassigen Service!\",\"breadcrumb\":{\"@id\":\"https:\/\/tropicalhotel.it\/de\/hotel\/#breadcrumb\"},\"inLanguage\":\"de\",\"potentialAction\":[{\"@type\":\"ReadAction\",\"target\":[\"https:\/\/tropicalhotel.it\/de\/hotel\/\"]}]},{\"@type\":\"BreadcrumbList\",\"@id\":\"https:\/\/tropicalhotel.it\/de\/hotel\/#breadcrumb\",\"itemListElement\":[{\"@type\":\"ListItem\",\"position\":1,\"name\":\"Home\",\"item\":\"https:\/\/tropicalhotel.it\/de\/\"},{\"@type\":\"ListItem\",\"position\":2,\"name\":\"Hotel\"}]},{\"@type\":\"WebSite\",\"@id\":\"https:\/\/tropicalhotel.it\/de\/#website\",\"url\":\"https:\/\/tropicalhotel.it\/de\/\",\"name\":\"Tropical Hotel Jesolo\",\"description\":\"Hotel 3 stelle a Jesolo\",\"publisher\":{\"@id\":\"https:\/\/tropicalhotel.it\/de\/#organization\"},\"potentialAction\":[{\"@type\":\"SearchAction\",\"target\":{\"@type\":\"EntryPoint\",\"urlTemplate\":\"https:\/\/tropicalhotel.it\/de\/?s={search_term_string}\"},\"query-input\":{\"@type\":\"PropertyValueSpecification\",\"valueRequired\":true,\"valueName\":\"search_term_string\"}}],\"inLanguage\":\"de\"},{\"@type\":\"Organization\",\"@id\":\"https:\/\/tropicalhotel.it\/de\/#organization\",\"name\":\"Tropical Hotel Jesolo\",\"url\":\"https:\/\/tropicalhotel.it\/de\/\",\"logo\":{\"@type\":\"ImageObject\",\"inLanguage\":\"de\",\"@id\":\"https:\/\/tropicalhotel.it\/de\/#\/schema\/logo\/image\/\",\"url\":\"https:\/\/tropicalhotel.it\/wp-content\/uploads\/2024\/12\/Logo-Tropical-Verticale-2-2.jpg\",\"contentUrl\":\"https:\/\/tropicalhotel.it\/wp-content\/uploads\/2024\/12\/Logo-Tropical-Verticale-2-2.jpg\",\"width\":190,\"height\":147,\"caption\":\"Tropical Hotel Jesolo\"},\"image\":{\"@id\":\"https:\/\/tropicalhotel.it\/de\/#\/schema\/logo\/image\/\"},\"sameAs\":[\"https:\/\/www.facebook.com\/Tropical-Hotel-Jesolo-276868195688612\/\",\"https:\/\/www.instagram.com\/tropicalhoteljesolo\/\"]}]}<\/script>\n<!-- \/ Yoast SEO plugin. -->","yoast_head_json":{"title":"Hotel - Tropical Hotel Jesolo","description":"Das Hotel Tropical empf\u00e4ngt Sie in Meeresn\u00e4he, umgeben von Natur und Ruhe. Genie\u00dfen Sie Komfort und erstklassigen Service!","robots":{"index":"index","follow":"follow","max-snippet":"max-snippet:-1","max-image-preview":"max-image-preview:large","max-video-preview":"max-video-preview:-1"},"canonical":"https:\/\/tropicalhotel.it\/de\/hotel\/","og_locale":"de_DE","og_type":"article","og_title":"Hotel - Tropical Hotel Jesolo","og_description":"Das Hotel Tropical empf\u00e4ngt Sie in Meeresn\u00e4he, umgeben von Natur und Ruhe. Genie\u00dfen Sie Komfort und erstklassigen Service!","og_url":"https:\/\/tropicalhotel.it\/de\/hotel\/","og_site_name":"Tropical Hotel Jesolo","article_publisher":"https:\/\/www.facebook.com\/Tropical-Hotel-Jesolo-276868195688612\/","article_modified_time":"2025-02-20T12:50:54+00:00","twitter_card":"summary_large_image","twitter_misc":{"Gesch\u00e4tzte Lesezeit":"1\u00a0Minute"},"schema":{"@context":"https:\/\/schema.org","@graph":[{"@type":"WebPage","@id":"https:\/\/tropicalhotel.it\/de\/hotel\/","url":"https:\/\/tropicalhotel.it\/de\/hotel\/","name":"Hotel - Tropical Hotel Jesolo","isPartOf":{"@id":"https:\/\/tropicalhotel.it\/de\/#website"},"datePublished":"2024-12-17T10:00:42+00:00","dateModified":"2025-02-20T12:50:54+00:00","description":"Das Hotel Tropical empf\u00e4ngt Sie in Meeresn\u00e4he, umgeben von Natur und Ruhe. Genie\u00dfen Sie Komfort und erstklassigen Service!","breadcrumb":{"@id":"https:\/\/tropicalhotel.it\/de\/hotel\/#breadcrumb"},"inLanguage":"de","potentialAction":[{"@type":"ReadAction","target":["https:\/\/tropicalhotel.it\/de\/hotel\/"]}]},{"@type":"BreadcrumbList","@id":"https:\/\/tropicalhotel.it\/de\/hotel\/#breadcrumb","itemListElement":[{"@type":"ListItem","position":1,"name":"Home","item":"https:\/\/tropicalhotel.it\/de\/"},{"@type":"ListItem","position":2,"name":"Hotel"}]},{"@type":"WebSite","@id":"https:\/\/tropicalhotel.it\/de\/#website","url":"https:\/\/tropicalhotel.it\/de\/","name":"Tropical Hotel Jesolo","description":"Hotel 3 stelle a Jesolo","publisher":{"@id":"https:\/\/tropicalhotel.it\/de\/#organization"},"potentialAction":[{"@type":"SearchAction","target":{"@type":"EntryPoint","urlTemplate":"https:\/\/tropicalhotel.it\/de\/?s={search_term_string}"},"query-input":{"@type":"PropertyValueSpecification","valueRequired":true,"valueName":"search_term_string"}}],"inLanguage":"de"},{"@type":"Organization","@id":"https:\/\/tropicalhotel.it\/de\/#organization","name":"Tropical Hotel Jesolo","url":"https:\/\/tropicalhotel.it\/de\/","logo":{"@type":"ImageObject","inLanguage":"de","@id":"https:\/\/tropicalhotel.it\/de\/#\/schema\/logo\/image\/","url":"https:\/\/tropicalhotel.it\/wp-content\/uploads\/2024\/12\/Logo-Tropical-Verticale-2-2.jpg","contentUrl":"https:\/\/tropicalhotel.it\/wp-content\/uploads\/2024\/12\/Logo-Tropical-Verticale-2-2.jpg","width":190,"height":147,"caption":"Tropical Hotel Jesolo"},"image":{"@id":"https:\/\/tropicalhotel.it\/de\/#\/schema\/logo\/image\/"},"sameAs":["https:\/\/www.facebook.com\/Tropical-Hotel-Jesolo-276868195688612\/","https:\/\/www.instagram.com\/tropicalhoteljesolo\/"]}]}},"_links":{"self":[{"href":"https:\/\/tropicalhotel.it\/de\/wp-json\/wp\/v2\/pages\/2195","targetHints":{"allow":["GET"]}}],"collection":[{"href":"https:\/\/tropicalhotel.it\/de\/wp-json\/wp\/v2\/pages"}],"about":[{"href":"https:\/\/tropicalhotel.it\/de\/wp-json\/wp\/v2\/types\/page"}],"author":[{"embeddable":true,"href":"https:\/\/tropicalhotel.it\/de\/wp-json\/wp\/v2\/users\/1"}],"replies":[{"embeddable":true,"href":"https:\/\/tropicalhotel.it\/de\/wp-json\/wp\/v2\/comments?post=2195"}],"version-history":[{"count":2,"href":"https:\/\/tropicalhotel.it\/de\/wp-json\/wp\/v2\/pages\/2195\/revisions"}],"predecessor-version":[{"id":2203,"href":"https:\/\/tropicalhotel.it\/de\/wp-json\/wp\/v2\/pages\/2195\/revisions\/2203"}],"wp:attachment":[{"href":"https:\/\/tropicalhotel.it\/de\/wp-json\/wp\/v2\/media?parent=2195"}],"curies":[{"name":"wp","href":"https:\/\/api.w.org\/{rel}","templated":true}]}}