{"id":2206,"date":"2025-01-09T07:43:17","date_gmt":"2025-01-09T07:43:17","guid":{"rendered":"https:\/\/staging.tropicalhotel.it\/hotel\/jesolo-bike-hotel\/"},"modified":"2025-02-21T15:00:00","modified_gmt":"2025-02-21T15:00:00","slug":"jesolo-bike-hotel","status":"publish","type":"page","link":"https:\/\/tropicalhotel.it\/de\/hotel\/jesolo-bike-hotel\/","title":{"rendered":"Jesolo Bike Hotel"},"content":{"rendered":"\n<p>Eine Lagune mit einem lebendigen \u00d6kosystem des wilden Lebens, einem \u00fcppigen Kiefernwald und einem Zentrum mit der l\u00e4ngsten Fu\u00dfg\u00e4ngerzone Europas \u2026 Jesolo hat, erkundet zu werden, vielleicht f\u00fcr eine Reise verl\u00e4sst mit Ihrer Familie auf unseren Fahrr\u00e4dern, steht f\u00fcr Sie&nbsp;<strong>kostenlos mieten<\/strong>!<\/p>\n\n\n\n<p>Wenn Sie Sport und die Natur lieben und suchen nach Unterhaltung au\u00dferhalb des Strandes, haben Sie die M\u00f6glichkeit, Jesolo und seine unmittelbare Umgebung radeln entlang der Radwege von&nbsp;<strong>Jesolo Ambient Bike<\/strong>&nbsp;zu erkunden.<\/p>\n\n\n\n<p>Dehnen vom Strand auf die Lagune, diese&nbsp;<strong>Routen aus 150 km<\/strong>&nbsp;und haben in&nbsp;<strong>6 Routen<\/strong>, unterschiedlicher L\u00e4nge, Schwierigkeitsgrad und Interessengebiet sind alle eindeutig gekennzeichnet aufgeteilt.<\/p>\n\n\n\n<p>Ein Spa\u00df und kosteng\u00fcnstige M\u00f6glichkeit, Teil dieser&nbsp;<strong>unber\u00fchrten Lebensraum<\/strong>&nbsp;zu f\u00fchlen, einzigartig, wo die herrlichen Lagune mit dem Hinterland zwischen dem Fluss und Ackerland \u00fcbergeht<\/p>\n\n\n\n<p><strong>Das Hotel Tropical ist ein Bike Hotel mit vielen anderen exklusiven und im Preis inbegriffenen Serviceleistungen f\u00fcr Sie\u2026<\/strong><\/p>\n\n\n\n<p>\u2022 Eigener und reservierter Fahrradabstellplatz<br>\u2022 Karten mit radtouristischen Touren f\u00fcr Bikes<br>\u2022 Energiefr\u00fchst\u00fcck vom Buffet und Lunchpakete auf Anfrage<br>\u2022 Kostenloser W\u00e4schedienst, auch f\u00fcr technische Bekleidung<br>\u2022 Kostenloser Verleih von Citybikes<br>\u2022 Waschplatz f\u00fcr Fahrr\u00e4der und mechanische Ausr\u00fcstung f\u00fcr kleinere Reparaturen<\/p>\n\n\n\n<p><strong>Auf Wunsch stellt das Hotel seinen G\u00e4sten, die als Fahrradtouristen anreisen, auch die folgenden kostenpflichtigen Serviceleistungen:<\/strong><\/p>\n\n\n\n<p>\u2022 Ausfl\u00fcge mit erfahrenem F\u00fchrer<br>\u2022 Qualifizierter technischer Service in einer Bike Shop in unmittelbarer N\u00e4he mit Reparaturservice innerhalb von 12 Stunden<br>\u2022 Lunchpakete auf Anfrage<br>\u2022 Energiedrink bei der R\u00fcckkehr mit Salze und Energieriegel<br>\u2022 Shuttleservice von und zu den Flugh\u00e4fen Venedig und Treviso und Stationen<\/p>\n\n\n<div class=\"wp-block-image\">\n<figure class=\"alignleft size-full\"><img loading=\"lazy\" decoding=\"async\" width=\"185\" height=\"160\" src=\"https:\/\/tropicalhotel.it\/wp-content\/uploads\/2025\/01\/Bike-Logo-Tropical.jpg\" alt=\"\" class=\"wp-image-1765\"\/><\/figure>\n<\/div>\n\n\n<p><\/p>\n","protected":false},"excerpt":{"rendered":"<p>Eine Lagune mit einem lebendigen \u00d6kosystem des wilden Lebens, einem \u00fcppigen Kiefernwald und einem Zentrum mit der l\u00e4ngsten Fu\u00dfg\u00e4ngerzone Europas \u2026 Jesolo hat, erkundet zu werden, vielleicht f\u00fcr eine Reise verl\u00e4sst mit Ihrer Familie auf unseren Fahrr\u00e4dern, steht f\u00fcr Sie&nbsp;kostenlos mieten! Wenn Sie Sport und die Natur lieben und suchen nach Unterhaltung au\u00dferhalb des Strandes, [&hellip;]<\/p>\n","protected":false},"author":1,"featured_media":2143,"parent":2195,"menu_order":0,"comment_status":"closed","ping_status":"closed","template":"","meta":{"_acf_changed":false,"footnotes":""},"class_list":["post-2206","page","type-page","status-publish","has-post-thumbnail","hentry"],"acf":[],"yoast_head":"<!-- This site is optimized with the Yoast SEO plugin v27.0 - https:\/\/yoast.com\/product\/yoast-seo-wordpress\/ -->\n<title>Jesolo Bike Hotel - Tropical Hotel Jesolo<\/title>\n<meta name=\"description\" content=\"Erkunden Sie Jesolo mit dem Fahrrad! Das Hotel Tropical bietet seinen G\u00e4sten einen komplett kostenlosen Bike-Sharing-Service.\" \/>\n<meta name=\"robots\" content=\"index, follow, max-snippet:-1, max-image-preview:large, max-video-preview:-1\" \/>\n<link rel=\"canonical\" href=\"https:\/\/tropicalhotel.it\/de\/hotel\/jesolo-bike-hotel\/\" \/>\n<meta property=\"og:locale\" content=\"de_DE\" \/>\n<meta property=\"og:type\" content=\"article\" \/>\n<meta property=\"og:title\" content=\"Jesolo Bike Hotel - Tropical Hotel Jesolo\" \/>\n<meta property=\"og:description\" content=\"Erkunden Sie Jesolo mit dem Fahrrad! Das Hotel Tropical bietet seinen G\u00e4sten einen komplett kostenlosen Bike-Sharing-Service.\" \/>\n<meta property=\"og:url\" content=\"https:\/\/tropicalhotel.it\/de\/hotel\/jesolo-bike-hotel\/\" \/>\n<meta property=\"og:site_name\" content=\"Tropical Hotel Jesolo\" \/>\n<meta property=\"article:publisher\" content=\"https:\/\/www.facebook.com\/Tropical-Hotel-Jesolo-276868195688612\/\" \/>\n<meta property=\"article:modified_time\" content=\"2025-02-21T15:00:00+00:00\" \/>\n<meta property=\"og:image\" content=\"https:\/\/tropicalhotel.it\/wp-content\/uploads\/2025\/02\/Bike-Hotel-Jesolo-EVI-Tropical-1600x558-1.jpg\" \/>\n\t<meta property=\"og:image:width\" content=\"1600\" \/>\n\t<meta property=\"og:image:height\" content=\"558\" \/>\n\t<meta property=\"og:image:type\" content=\"image\/jpeg\" \/>\n<meta name=\"twitter:card\" content=\"summary_large_image\" \/>\n<meta name=\"twitter:label1\" content=\"Gesch\u00e4tzte Lesezeit\" \/>\n\t<meta name=\"twitter:data1\" content=\"2\u00a0Minuten\" \/>\n<script type=\"application\/ld+json\" class=\"yoast-schema-graph\">{\"@context\":\"https:\/\/schema.org\",\"@graph\":[{\"@type\":\"WebPage\",\"@id\":\"https:\/\/tropicalhotel.it\/de\/hotel\/jesolo-bike-hotel\/\",\"url\":\"https:\/\/tropicalhotel.it\/de\/hotel\/jesolo-bike-hotel\/\",\"name\":\"Jesolo Bike Hotel - Tropical Hotel Jesolo\",\"isPartOf\":{\"@id\":\"https:\/\/tropicalhotel.it\/de\/#website\"},\"primaryImageOfPage\":{\"@id\":\"https:\/\/tropicalhotel.it\/de\/hotel\/jesolo-bike-hotel\/#primaryimage\"},\"image\":{\"@id\":\"https:\/\/tropicalhotel.it\/de\/hotel\/jesolo-bike-hotel\/#primaryimage\"},\"thumbnailUrl\":\"https:\/\/tropicalhotel.it\/wp-content\/uploads\/2025\/02\/Bike-Hotel-Jesolo-EVI-Tropical-1600x558-1.jpg\",\"datePublished\":\"2025-01-09T07:43:17+00:00\",\"dateModified\":\"2025-02-21T15:00:00+00:00\",\"description\":\"Erkunden Sie Jesolo mit dem Fahrrad! Das Hotel Tropical bietet seinen G\u00e4sten einen komplett kostenlosen Bike-Sharing-Service.\",\"breadcrumb\":{\"@id\":\"https:\/\/tropicalhotel.it\/de\/hotel\/jesolo-bike-hotel\/#breadcrumb\"},\"inLanguage\":\"de\",\"potentialAction\":[{\"@type\":\"ReadAction\",\"target\":[\"https:\/\/tropicalhotel.it\/de\/hotel\/jesolo-bike-hotel\/\"]}]},{\"@type\":\"ImageObject\",\"inLanguage\":\"de\",\"@id\":\"https:\/\/tropicalhotel.it\/de\/hotel\/jesolo-bike-hotel\/#primaryimage\",\"url\":\"https:\/\/tropicalhotel.it\/wp-content\/uploads\/2025\/02\/Bike-Hotel-Jesolo-EVI-Tropical-1600x558-1.jpg\",\"contentUrl\":\"https:\/\/tropicalhotel.it\/wp-content\/uploads\/2025\/02\/Bike-Hotel-Jesolo-EVI-Tropical-1600x558-1.jpg\",\"width\":1600,\"height\":558},{\"@type\":\"BreadcrumbList\",\"@id\":\"https:\/\/tropicalhotel.it\/de\/hotel\/jesolo-bike-hotel\/#breadcrumb\",\"itemListElement\":[{\"@type\":\"ListItem\",\"position\":1,\"name\":\"Home\",\"item\":\"https:\/\/tropicalhotel.it\/de\/\"},{\"@type\":\"ListItem\",\"position\":2,\"name\":\"Hotel\",\"item\":\"https:\/\/tropicalhotel.it\/de\/hotel\/\"},{\"@type\":\"ListItem\",\"position\":3,\"name\":\"Jesolo Bike Hotel\"}]},{\"@type\":\"WebSite\",\"@id\":\"https:\/\/tropicalhotel.it\/de\/#website\",\"url\":\"https:\/\/tropicalhotel.it\/de\/\",\"name\":\"Tropical Hotel Jesolo\",\"description\":\"Hotel 3 stelle a Jesolo\",\"publisher\":{\"@id\":\"https:\/\/tropicalhotel.it\/de\/#organization\"},\"potentialAction\":[{\"@type\":\"SearchAction\",\"target\":{\"@type\":\"EntryPoint\",\"urlTemplate\":\"https:\/\/tropicalhotel.it\/de\/?s={search_term_string}\"},\"query-input\":{\"@type\":\"PropertyValueSpecification\",\"valueRequired\":true,\"valueName\":\"search_term_string\"}}],\"inLanguage\":\"de\"},{\"@type\":\"Organization\",\"@id\":\"https:\/\/tropicalhotel.it\/de\/#organization\",\"name\":\"Tropical Hotel Jesolo\",\"url\":\"https:\/\/tropicalhotel.it\/de\/\",\"logo\":{\"@type\":\"ImageObject\",\"inLanguage\":\"de\",\"@id\":\"https:\/\/tropicalhotel.it\/de\/#\/schema\/logo\/image\/\",\"url\":\"https:\/\/tropicalhotel.it\/wp-content\/uploads\/2024\/12\/Logo-Tropical-Verticale-2-2.jpg\",\"contentUrl\":\"https:\/\/tropicalhotel.it\/wp-content\/uploads\/2024\/12\/Logo-Tropical-Verticale-2-2.jpg\",\"width\":190,\"height\":147,\"caption\":\"Tropical Hotel Jesolo\"},\"image\":{\"@id\":\"https:\/\/tropicalhotel.it\/de\/#\/schema\/logo\/image\/\"},\"sameAs\":[\"https:\/\/www.facebook.com\/Tropical-Hotel-Jesolo-276868195688612\/\",\"https:\/\/www.instagram.com\/tropicalhoteljesolo\/\"]}]}<\/script>\n<!-- \/ Yoast SEO plugin. -->","yoast_head_json":{"title":"Jesolo Bike Hotel - Tropical Hotel Jesolo","description":"Erkunden Sie Jesolo mit dem Fahrrad! Das Hotel Tropical bietet seinen G\u00e4sten einen komplett kostenlosen Bike-Sharing-Service.","robots":{"index":"index","follow":"follow","max-snippet":"max-snippet:-1","max-image-preview":"max-image-preview:large","max-video-preview":"max-video-preview:-1"},"canonical":"https:\/\/tropicalhotel.it\/de\/hotel\/jesolo-bike-hotel\/","og_locale":"de_DE","og_type":"article","og_title":"Jesolo Bike Hotel - Tropical Hotel Jesolo","og_description":"Erkunden Sie Jesolo mit dem Fahrrad! Das Hotel Tropical bietet seinen G\u00e4sten einen komplett kostenlosen Bike-Sharing-Service.","og_url":"https:\/\/tropicalhotel.it\/de\/hotel\/jesolo-bike-hotel\/","og_site_name":"Tropical Hotel Jesolo","article_publisher":"https:\/\/www.facebook.com\/Tropical-Hotel-Jesolo-276868195688612\/","article_modified_time":"2025-02-21T15:00:00+00:00","og_image":[{"width":1600,"height":558,"url":"https:\/\/tropicalhotel.it\/wp-content\/uploads\/2025\/02\/Bike-Hotel-Jesolo-EVI-Tropical-1600x558-1.jpg","type":"image\/jpeg"}],"twitter_card":"summary_large_image","twitter_misc":{"Gesch\u00e4tzte Lesezeit":"2\u00a0Minuten"},"schema":{"@context":"https:\/\/schema.org","@graph":[{"@type":"WebPage","@id":"https:\/\/tropicalhotel.it\/de\/hotel\/jesolo-bike-hotel\/","url":"https:\/\/tropicalhotel.it\/de\/hotel\/jesolo-bike-hotel\/","name":"Jesolo Bike Hotel - Tropical Hotel Jesolo","isPartOf":{"@id":"https:\/\/tropicalhotel.it\/de\/#website"},"primaryImageOfPage":{"@id":"https:\/\/tropicalhotel.it\/de\/hotel\/jesolo-bike-hotel\/#primaryimage"},"image":{"@id":"https:\/\/tropicalhotel.it\/de\/hotel\/jesolo-bike-hotel\/#primaryimage"},"thumbnailUrl":"https:\/\/tropicalhotel.it\/wp-content\/uploads\/2025\/02\/Bike-Hotel-Jesolo-EVI-Tropical-1600x558-1.jpg","datePublished":"2025-01-09T07:43:17+00:00","dateModified":"2025-02-21T15:00:00+00:00","description":"Erkunden Sie Jesolo mit dem Fahrrad! Das Hotel Tropical bietet seinen G\u00e4sten einen komplett kostenlosen Bike-Sharing-Service.","breadcrumb":{"@id":"https:\/\/tropicalhotel.it\/de\/hotel\/jesolo-bike-hotel\/#breadcrumb"},"inLanguage":"de","potentialAction":[{"@type":"ReadAction","target":["https:\/\/tropicalhotel.it\/de\/hotel\/jesolo-bike-hotel\/"]}]},{"@type":"ImageObject","inLanguage":"de","@id":"https:\/\/tropicalhotel.it\/de\/hotel\/jesolo-bike-hotel\/#primaryimage","url":"https:\/\/tropicalhotel.it\/wp-content\/uploads\/2025\/02\/Bike-Hotel-Jesolo-EVI-Tropical-1600x558-1.jpg","contentUrl":"https:\/\/tropicalhotel.it\/wp-content\/uploads\/2025\/02\/Bike-Hotel-Jesolo-EVI-Tropical-1600x558-1.jpg","width":1600,"height":558},{"@type":"BreadcrumbList","@id":"https:\/\/tropicalhotel.it\/de\/hotel\/jesolo-bike-hotel\/#breadcrumb","itemListElement":[{"@type":"ListItem","position":1,"name":"Home","item":"https:\/\/tropicalhotel.it\/de\/"},{"@type":"ListItem","position":2,"name":"Hotel","item":"https:\/\/tropicalhotel.it\/de\/hotel\/"},{"@type":"ListItem","position":3,"name":"Jesolo Bike Hotel"}]},{"@type":"WebSite","@id":"https:\/\/tropicalhotel.it\/de\/#website","url":"https:\/\/tropicalhotel.it\/de\/","name":"Tropical Hotel Jesolo","description":"Hotel 3 stelle a Jesolo","publisher":{"@id":"https:\/\/tropicalhotel.it\/de\/#organization"},"potentialAction":[{"@type":"SearchAction","target":{"@type":"EntryPoint","urlTemplate":"https:\/\/tropicalhotel.it\/de\/?s={search_term_string}"},"query-input":{"@type":"PropertyValueSpecification","valueRequired":true,"valueName":"search_term_string"}}],"inLanguage":"de"},{"@type":"Organization","@id":"https:\/\/tropicalhotel.it\/de\/#organization","name":"Tropical Hotel Jesolo","url":"https:\/\/tropicalhotel.it\/de\/","logo":{"@type":"ImageObject","inLanguage":"de","@id":"https:\/\/tropicalhotel.it\/de\/#\/schema\/logo\/image\/","url":"https:\/\/tropicalhotel.it\/wp-content\/uploads\/2024\/12\/Logo-Tropical-Verticale-2-2.jpg","contentUrl":"https:\/\/tropicalhotel.it\/wp-content\/uploads\/2024\/12\/Logo-Tropical-Verticale-2-2.jpg","width":190,"height":147,"caption":"Tropical Hotel Jesolo"},"image":{"@id":"https:\/\/tropicalhotel.it\/de\/#\/schema\/logo\/image\/"},"sameAs":["https:\/\/www.facebook.com\/Tropical-Hotel-Jesolo-276868195688612\/","https:\/\/www.instagram.com\/tropicalhoteljesolo\/"]}]}},"_links":{"self":[{"href":"https:\/\/tropicalhotel.it\/de\/wp-json\/wp\/v2\/pages\/2206","targetHints":{"allow":["GET"]}}],"collection":[{"href":"https:\/\/tropicalhotel.it\/de\/wp-json\/wp\/v2\/pages"}],"about":[{"href":"https:\/\/tropicalhotel.it\/de\/wp-json\/wp\/v2\/types\/page"}],"author":[{"embeddable":true,"href":"https:\/\/tropicalhotel.it\/de\/wp-json\/wp\/v2\/users\/1"}],"replies":[{"embeddable":true,"href":"https:\/\/tropicalhotel.it\/de\/wp-json\/wp\/v2\/comments?post=2206"}],"version-history":[{"count":3,"href":"https:\/\/tropicalhotel.it\/de\/wp-json\/wp\/v2\/pages\/2206\/revisions"}],"predecessor-version":[{"id":2483,"href":"https:\/\/tropicalhotel.it\/de\/wp-json\/wp\/v2\/pages\/2206\/revisions\/2483"}],"up":[{"embeddable":true,"href":"https:\/\/tropicalhotel.it\/de\/wp-json\/wp\/v2\/pages\/2195"}],"wp:featuredmedia":[{"embeddable":true,"href":"https:\/\/tropicalhotel.it\/de\/wp-json\/wp\/v2\/media\/2143"}],"wp:attachment":[{"href":"https:\/\/tropicalhotel.it\/de\/wp-json\/wp\/v2\/media?parent=2206"}],"curies":[{"name":"wp","href":"https:\/\/api.w.org\/{rel}","templated":true}]}}