{"id":2219,"date":"2024-12-16T13:01:16","date_gmt":"2024-12-16T13:01:16","guid":{"rendered":"https:\/\/staging.tropicalhotel.it\/hotel\/jesolo-pet-hotel\/"},"modified":"2025-02-21T15:00:18","modified_gmt":"2025-02-21T15:00:18","slug":"jesolo-pet-hotel","status":"publish","type":"page","link":"https:\/\/tropicalhotel.it\/de\/hotel\/jesolo-pet-hotel\/","title":{"rendered":"Jesolo Pet Hotel"},"content":{"rendered":"\n<p><strong>Bringen Sie Ihren vierbeinigen Freund mit, denn unserem Pet Hotel liegt jedes Familienmitglied am Herzen.<\/strong><\/p>\n\n\n\n<p>Um der ganzen Familie einen besonderen Aufenthalt zu erm\u00f6glichen, stellen wir einfache, jedoch n\u00fctzliche Serviceleistungen zur Verf\u00fcgung, damit Ihnen die Betreuung Ihres vierbeinigen Freundes erleichtert wird!<\/p>\n\n\n\n<p>So finden Sie am Eingang stets eine Wassersch\u00fcssel f\u00fcr Ihren Hund vor.<\/p>\n\n\n\n<p><strong>Im Zimmer stellen wir Ihnen kostenlos folgende Serviceleistungen zur Verf\u00fcgung<\/strong>:<\/p>\n\n\n\n<p>\u2022 Futter- und Wassersch\u00fcssel<br>\u2022 einen wattierten, kleinen Teppich zum Ausruhen<br>\u2022 ein Plaid f\u00fcr das Bett<br>\u2022 Zimmer mit Balkon<br>\u2022 einen eigenen Kratzteppich<\/p>\n\n\n\n<p><strong>An der Rezeption<\/strong>:<\/p>\n\n\n\n<p>\u2022 ein sympathisches Willkommensgeschenk beim Check-in<br>\u2022 stets verf\u00fcgbare Hundekotbeutel f\u00fcr Ihre Spazierg\u00e4nge<br>\u2022 s\u00e4mtliche Informationen f\u00fcr den Zutritt zum \u201eBau Bau Beach\u201f (der von uns etwa 800 Meter entfernt liegt)<br>\u2022 Informationen zu den Parks und Bereichen, wo Ihr vierbeiniger Freund frei laufen und sich am\u00fcsieren kann<br>\u2022 tier\u00e4rztliche Betreuung mit angeschlossener Spezialklinik, die rund um die Uhr ge\u00f6ffnet ist<br>\u2022 Dog-Sitting-Service auf Anfrage und gegen Geb\u00fchr<br>\u2022 Dog-Washing-Service rund um die Uhr auf Anfrage und gegen Geb\u00fchr<\/p>\n\n\n\n<p><strong>Gebiet<\/strong>: Unser Hotel befindet sich in einer zentralen, doch ruhigen Lage in Jesolo. Es liegt direkt an der Fu\u00dfg\u00e4ngerzone und nur wenige Schritte vom Hotel entfernt befinden sich gr\u00fcne Bereiche, die f\u00fcr den Hund an der Leine zug\u00e4nglich sind. Hunde sind auch am Strand entlang des Gehwegs (Strandpromenade) erlaubt. Au\u00dferdem k\u00f6nnen Hunde an die freien Strandbereiche mitgenommen werden. Das Baden der Hunde ist jedoch nicht gestattet (nur innerhalb der Strandanlage \u201eBau Bau Beach\u201f m\u00f6glich). Wir erinnern an die Leinenpflicht f\u00fcr Hunde und die Verwendung von Hundekotbeuteln.<\/p>\n\n\n\n<p><strong>Zug\u00e4ngliche Hotelbereiche<\/strong>: S\u00e4mtliche Gemeinschaftsbereiche in unserem Hotel (mit Ausnahme der Pools und der Sonnenterrasse) sind f\u00fcr Ihren vierbeinigen Freund mit R\u00fccksicht auf andere Personen zug\u00e4nglich.<\/p>\n\n\n\n<p><strong>Reinigung<\/strong>: Alle Zimmer werden am Ende des Aufenthalts mit speziellen und antiallergischen Reinigungsmitteln desinfiziert, sodass all unsere G\u00e4ste gl\u00fccklich, sicher und zufrieden sind, denn Sauberkeit ist das Wichtigste!<\/p>\n\n\n\n<p>Aus diesem Grund wird f\u00fcr die Zimmerdesinfizierung am Ende des Aufenthalts ein kleiner Aufschlag in Rechnung gestellt.<\/p>\n\n\n\n<figure class=\"wp-block-image size-full\"><img loading=\"lazy\" decoding=\"async\" width=\"171\" height=\"160\" src=\"https:\/\/tropicalhotel.it\/wp-content\/uploads\/2024\/12\/Pet-Logo-Tropical.jpg\" alt=\"\" class=\"wp-image-237\"\/><\/figure>\n\n\n\n<p><\/p>\n","protected":false},"excerpt":{"rendered":"<p>Bringen Sie Ihren vierbeinigen Freund mit, denn unserem Pet Hotel liegt jedes Familienmitglied am Herzen. Um der ganzen Familie einen besonderen Aufenthalt zu erm\u00f6glichen, stellen wir einfache, jedoch n\u00fctzliche Serviceleistungen zur Verf\u00fcgung, damit Ihnen die Betreuung Ihres vierbeinigen Freundes erleichtert wird! So finden Sie am Eingang stets eine Wassersch\u00fcssel f\u00fcr Ihren Hund vor. Im Zimmer [&hellip;]<\/p>\n","protected":false},"author":1,"featured_media":244,"parent":2195,"menu_order":0,"comment_status":"closed","ping_status":"closed","template":"","meta":{"_acf_changed":false,"footnotes":""},"class_list":["post-2219","page","type-page","status-publish","has-post-thumbnail","hentry"],"acf":[],"yoast_head":"<!-- This site is optimized with the Yoast SEO plugin v27.0 - https:\/\/yoast.com\/product\/yoast-seo-wordpress\/ -->\n<title>Jesolo Pet Hotel - Tropical Hotel Jesolo<\/title>\n<meta name=\"description\" content=\"Bringen Sie Ihre tierischen Freunde mit! Unser Pet Hotel k\u00fcmmert sich um jedes Familienmitglied und bietet spezielle Services f\u00fcr Ihren vierbeinigen Begleiter.\" \/>\n<meta name=\"robots\" content=\"index, follow, max-snippet:-1, max-image-preview:large, max-video-preview:-1\" \/>\n<link rel=\"canonical\" href=\"https:\/\/tropicalhotel.it\/de\/hotel\/jesolo-pet-hotel\/\" \/>\n<meta property=\"og:locale\" content=\"de_DE\" \/>\n<meta property=\"og:type\" content=\"article\" \/>\n<meta property=\"og:title\" content=\"Jesolo Pet Hotel - Tropical Hotel Jesolo\" \/>\n<meta property=\"og:description\" content=\"Bringen Sie Ihre tierischen Freunde mit! Unser Pet Hotel k\u00fcmmert sich um jedes Familienmitglied und bietet spezielle Services f\u00fcr Ihren vierbeinigen Begleiter.\" \/>\n<meta property=\"og:url\" content=\"https:\/\/tropicalhotel.it\/de\/hotel\/jesolo-pet-hotel\/\" \/>\n<meta property=\"og:site_name\" content=\"Tropical Hotel Jesolo\" \/>\n<meta property=\"article:publisher\" content=\"https:\/\/www.facebook.com\/Tropical-Hotel-Jesolo-276868195688612\/\" \/>\n<meta property=\"article:modified_time\" content=\"2025-02-21T15:00:18+00:00\" \/>\n<meta property=\"og:image\" content=\"https:\/\/tropicalhotel.it\/wp-content\/uploads\/2024\/12\/Pet-Hotel-Jesolo-EVI-Tropical.jpg\" \/>\n\t<meta property=\"og:image:width\" content=\"1600\" \/>\n\t<meta property=\"og:image:height\" content=\"558\" \/>\n\t<meta property=\"og:image:type\" content=\"image\/jpeg\" \/>\n<meta name=\"twitter:card\" content=\"summary_large_image\" \/>\n<meta name=\"twitter:label1\" content=\"Gesch\u00e4tzte Lesezeit\" \/>\n\t<meta name=\"twitter:data1\" content=\"3\u00a0Minuten\" \/>\n<script type=\"application\/ld+json\" class=\"yoast-schema-graph\">{\"@context\":\"https:\/\/schema.org\",\"@graph\":[{\"@type\":\"WebPage\",\"@id\":\"https:\/\/tropicalhotel.it\/de\/hotel\/jesolo-pet-hotel\/\",\"url\":\"https:\/\/tropicalhotel.it\/de\/hotel\/jesolo-pet-hotel\/\",\"name\":\"Jesolo Pet Hotel - Tropical Hotel Jesolo\",\"isPartOf\":{\"@id\":\"https:\/\/tropicalhotel.it\/de\/#website\"},\"primaryImageOfPage\":{\"@id\":\"https:\/\/tropicalhotel.it\/de\/hotel\/jesolo-pet-hotel\/#primaryimage\"},\"image\":{\"@id\":\"https:\/\/tropicalhotel.it\/de\/hotel\/jesolo-pet-hotel\/#primaryimage\"},\"thumbnailUrl\":\"https:\/\/tropicalhotel.it\/wp-content\/uploads\/2024\/12\/Pet-Hotel-Jesolo-EVI-Tropical.jpg\",\"datePublished\":\"2024-12-16T13:01:16+00:00\",\"dateModified\":\"2025-02-21T15:00:18+00:00\",\"description\":\"Bringen Sie Ihre tierischen Freunde mit! Unser Pet Hotel k\u00fcmmert sich um jedes Familienmitglied und bietet spezielle Services f\u00fcr Ihren vierbeinigen Begleiter.\",\"breadcrumb\":{\"@id\":\"https:\/\/tropicalhotel.it\/de\/hotel\/jesolo-pet-hotel\/#breadcrumb\"},\"inLanguage\":\"de\",\"potentialAction\":[{\"@type\":\"ReadAction\",\"target\":[\"https:\/\/tropicalhotel.it\/de\/hotel\/jesolo-pet-hotel\/\"]}]},{\"@type\":\"ImageObject\",\"inLanguage\":\"de\",\"@id\":\"https:\/\/tropicalhotel.it\/de\/hotel\/jesolo-pet-hotel\/#primaryimage\",\"url\":\"https:\/\/tropicalhotel.it\/wp-content\/uploads\/2024\/12\/Pet-Hotel-Jesolo-EVI-Tropical.jpg\",\"contentUrl\":\"https:\/\/tropicalhotel.it\/wp-content\/uploads\/2024\/12\/Pet-Hotel-Jesolo-EVI-Tropical.jpg\",\"width\":1600,\"height\":558,\"caption\":\"Pet Hotel Jesolo\"},{\"@type\":\"BreadcrumbList\",\"@id\":\"https:\/\/tropicalhotel.it\/de\/hotel\/jesolo-pet-hotel\/#breadcrumb\",\"itemListElement\":[{\"@type\":\"ListItem\",\"position\":1,\"name\":\"Home\",\"item\":\"https:\/\/tropicalhotel.it\/de\/\"},{\"@type\":\"ListItem\",\"position\":2,\"name\":\"Hotel\",\"item\":\"https:\/\/tropicalhotel.it\/de\/hotel\/\"},{\"@type\":\"ListItem\",\"position\":3,\"name\":\"Jesolo Pet Hotel\"}]},{\"@type\":\"WebSite\",\"@id\":\"https:\/\/tropicalhotel.it\/de\/#website\",\"url\":\"https:\/\/tropicalhotel.it\/de\/\",\"name\":\"Tropical Hotel Jesolo\",\"description\":\"Hotel 3 stelle a Jesolo\",\"publisher\":{\"@id\":\"https:\/\/tropicalhotel.it\/de\/#organization\"},\"potentialAction\":[{\"@type\":\"SearchAction\",\"target\":{\"@type\":\"EntryPoint\",\"urlTemplate\":\"https:\/\/tropicalhotel.it\/de\/?s={search_term_string}\"},\"query-input\":{\"@type\":\"PropertyValueSpecification\",\"valueRequired\":true,\"valueName\":\"search_term_string\"}}],\"inLanguage\":\"de\"},{\"@type\":\"Organization\",\"@id\":\"https:\/\/tropicalhotel.it\/de\/#organization\",\"name\":\"Tropical Hotel Jesolo\",\"url\":\"https:\/\/tropicalhotel.it\/de\/\",\"logo\":{\"@type\":\"ImageObject\",\"inLanguage\":\"de\",\"@id\":\"https:\/\/tropicalhotel.it\/de\/#\/schema\/logo\/image\/\",\"url\":\"https:\/\/tropicalhotel.it\/wp-content\/uploads\/2024\/12\/Logo-Tropical-Verticale-2-2.jpg\",\"contentUrl\":\"https:\/\/tropicalhotel.it\/wp-content\/uploads\/2024\/12\/Logo-Tropical-Verticale-2-2.jpg\",\"width\":190,\"height\":147,\"caption\":\"Tropical Hotel Jesolo\"},\"image\":{\"@id\":\"https:\/\/tropicalhotel.it\/de\/#\/schema\/logo\/image\/\"},\"sameAs\":[\"https:\/\/www.facebook.com\/Tropical-Hotel-Jesolo-276868195688612\/\",\"https:\/\/www.instagram.com\/tropicalhoteljesolo\/\"]}]}<\/script>\n<!-- \/ Yoast SEO plugin. -->","yoast_head_json":{"title":"Jesolo Pet Hotel - Tropical Hotel Jesolo","description":"Bringen Sie Ihre tierischen Freunde mit! Unser Pet Hotel k\u00fcmmert sich um jedes Familienmitglied und bietet spezielle Services f\u00fcr Ihren vierbeinigen Begleiter.","robots":{"index":"index","follow":"follow","max-snippet":"max-snippet:-1","max-image-preview":"max-image-preview:large","max-video-preview":"max-video-preview:-1"},"canonical":"https:\/\/tropicalhotel.it\/de\/hotel\/jesolo-pet-hotel\/","og_locale":"de_DE","og_type":"article","og_title":"Jesolo Pet Hotel - Tropical Hotel Jesolo","og_description":"Bringen Sie Ihre tierischen Freunde mit! Unser Pet Hotel k\u00fcmmert sich um jedes Familienmitglied und bietet spezielle Services f\u00fcr Ihren vierbeinigen Begleiter.","og_url":"https:\/\/tropicalhotel.it\/de\/hotel\/jesolo-pet-hotel\/","og_site_name":"Tropical Hotel Jesolo","article_publisher":"https:\/\/www.facebook.com\/Tropical-Hotel-Jesolo-276868195688612\/","article_modified_time":"2025-02-21T15:00:18+00:00","og_image":[{"width":1600,"height":558,"url":"https:\/\/tropicalhotel.it\/wp-content\/uploads\/2024\/12\/Pet-Hotel-Jesolo-EVI-Tropical.jpg","type":"image\/jpeg"}],"twitter_card":"summary_large_image","twitter_misc":{"Gesch\u00e4tzte Lesezeit":"3\u00a0Minuten"},"schema":{"@context":"https:\/\/schema.org","@graph":[{"@type":"WebPage","@id":"https:\/\/tropicalhotel.it\/de\/hotel\/jesolo-pet-hotel\/","url":"https:\/\/tropicalhotel.it\/de\/hotel\/jesolo-pet-hotel\/","name":"Jesolo Pet Hotel - Tropical Hotel Jesolo","isPartOf":{"@id":"https:\/\/tropicalhotel.it\/de\/#website"},"primaryImageOfPage":{"@id":"https:\/\/tropicalhotel.it\/de\/hotel\/jesolo-pet-hotel\/#primaryimage"},"image":{"@id":"https:\/\/tropicalhotel.it\/de\/hotel\/jesolo-pet-hotel\/#primaryimage"},"thumbnailUrl":"https:\/\/tropicalhotel.it\/wp-content\/uploads\/2024\/12\/Pet-Hotel-Jesolo-EVI-Tropical.jpg","datePublished":"2024-12-16T13:01:16+00:00","dateModified":"2025-02-21T15:00:18+00:00","description":"Bringen Sie Ihre tierischen Freunde mit! Unser Pet Hotel k\u00fcmmert sich um jedes Familienmitglied und bietet spezielle Services f\u00fcr Ihren vierbeinigen Begleiter.","breadcrumb":{"@id":"https:\/\/tropicalhotel.it\/de\/hotel\/jesolo-pet-hotel\/#breadcrumb"},"inLanguage":"de","potentialAction":[{"@type":"ReadAction","target":["https:\/\/tropicalhotel.it\/de\/hotel\/jesolo-pet-hotel\/"]}]},{"@type":"ImageObject","inLanguage":"de","@id":"https:\/\/tropicalhotel.it\/de\/hotel\/jesolo-pet-hotel\/#primaryimage","url":"https:\/\/tropicalhotel.it\/wp-content\/uploads\/2024\/12\/Pet-Hotel-Jesolo-EVI-Tropical.jpg","contentUrl":"https:\/\/tropicalhotel.it\/wp-content\/uploads\/2024\/12\/Pet-Hotel-Jesolo-EVI-Tropical.jpg","width":1600,"height":558,"caption":"Pet Hotel Jesolo"},{"@type":"BreadcrumbList","@id":"https:\/\/tropicalhotel.it\/de\/hotel\/jesolo-pet-hotel\/#breadcrumb","itemListElement":[{"@type":"ListItem","position":1,"name":"Home","item":"https:\/\/tropicalhotel.it\/de\/"},{"@type":"ListItem","position":2,"name":"Hotel","item":"https:\/\/tropicalhotel.it\/de\/hotel\/"},{"@type":"ListItem","position":3,"name":"Jesolo Pet Hotel"}]},{"@type":"WebSite","@id":"https:\/\/tropicalhotel.it\/de\/#website","url":"https:\/\/tropicalhotel.it\/de\/","name":"Tropical Hotel Jesolo","description":"Hotel 3 stelle a Jesolo","publisher":{"@id":"https:\/\/tropicalhotel.it\/de\/#organization"},"potentialAction":[{"@type":"SearchAction","target":{"@type":"EntryPoint","urlTemplate":"https:\/\/tropicalhotel.it\/de\/?s={search_term_string}"},"query-input":{"@type":"PropertyValueSpecification","valueRequired":true,"valueName":"search_term_string"}}],"inLanguage":"de"},{"@type":"Organization","@id":"https:\/\/tropicalhotel.it\/de\/#organization","name":"Tropical Hotel Jesolo","url":"https:\/\/tropicalhotel.it\/de\/","logo":{"@type":"ImageObject","inLanguage":"de","@id":"https:\/\/tropicalhotel.it\/de\/#\/schema\/logo\/image\/","url":"https:\/\/tropicalhotel.it\/wp-content\/uploads\/2024\/12\/Logo-Tropical-Verticale-2-2.jpg","contentUrl":"https:\/\/tropicalhotel.it\/wp-content\/uploads\/2024\/12\/Logo-Tropical-Verticale-2-2.jpg","width":190,"height":147,"caption":"Tropical Hotel Jesolo"},"image":{"@id":"https:\/\/tropicalhotel.it\/de\/#\/schema\/logo\/image\/"},"sameAs":["https:\/\/www.facebook.com\/Tropical-Hotel-Jesolo-276868195688612\/","https:\/\/www.instagram.com\/tropicalhoteljesolo\/"]}]}},"_links":{"self":[{"href":"https:\/\/tropicalhotel.it\/de\/wp-json\/wp\/v2\/pages\/2219","targetHints":{"allow":["GET"]}}],"collection":[{"href":"https:\/\/tropicalhotel.it\/de\/wp-json\/wp\/v2\/pages"}],"about":[{"href":"https:\/\/tropicalhotel.it\/de\/wp-json\/wp\/v2\/types\/page"}],"author":[{"embeddable":true,"href":"https:\/\/tropicalhotel.it\/de\/wp-json\/wp\/v2\/users\/1"}],"replies":[{"embeddable":true,"href":"https:\/\/tropicalhotel.it\/de\/wp-json\/wp\/v2\/comments?post=2219"}],"version-history":[{"count":2,"href":"https:\/\/tropicalhotel.it\/de\/wp-json\/wp\/v2\/pages\/2219\/revisions"}],"predecessor-version":[{"id":2484,"href":"https:\/\/tropicalhotel.it\/de\/wp-json\/wp\/v2\/pages\/2219\/revisions\/2484"}],"up":[{"embeddable":true,"href":"https:\/\/tropicalhotel.it\/de\/wp-json\/wp\/v2\/pages\/2195"}],"wp:featuredmedia":[{"embeddable":true,"href":"https:\/\/tropicalhotel.it\/de\/wp-json\/wp\/v2\/media\/244"}],"wp:attachment":[{"href":"https:\/\/tropicalhotel.it\/de\/wp-json\/wp\/v2\/media?parent=2219"}],"curies":[{"name":"wp","href":"https:\/\/api.w.org\/{rel}","templated":true}]}}