{"id":2230,"date":"2025-01-09T07:48:39","date_gmt":"2025-01-09T07:48:39","guid":{"rendered":"https:\/\/staging.tropicalhotel.it\/hotel\/jesolo-walk-hotel\/"},"modified":"2025-02-21T15:00:32","modified_gmt":"2025-02-21T15:00:32","slug":"jesolo-walk-hotel","status":"publish","type":"page","link":"https:\/\/tropicalhotel.it\/de\/hotel\/jesolo-walk-hotel\/","title":{"rendered":"Jesolo Walk Hotel"},"content":{"rendered":"\n<p><strong>Ein gesunder Urlaub mit k\u00f6rperlicher Bet\u00e4tigung und gleichzeitig die sch\u00f6ne Landschaft von Jesolo genie\u00dfen<\/strong><\/p>\n\n\n\n<p>Vom Hotel Tropical f\u00fchren kilometerlange Wege und Spazierstrecken mitten in die Natur. Um diese wundersch\u00f6ne Landschaft vollends zu genie\u00dfen, k\u00f6nnen Sie zu Fu\u00df verschiedene Wege und Strecken an der K\u00fcste, durch Pinienhaine, sowie Naturparks und in unmittelbarer N\u00e4he der Lagune Venedigs erforschen.<\/p>\n\n\n\n<p><strong>Das Hotel Tropical ist ein Walk Hotel mit vielen anderen im Preis inbegriffenen Serviceleistungen ganz exklusiv f\u00fcr Sie<\/strong>:<\/p>\n\n\n\n<p>\u2022 Verleih von l\u00e4ngenverstellbaren St\u00f6cken<br>\u2022 Sichere Aufbewahrung der Ausr\u00fcstung<br>\u2022 Energie-Fr\u00fchst\u00fcck<br>\u2022 Bild- und Informationsmaterial der Wege und Strecken<br>\u2022 ATVO-Fahrkarten kostenlos f\u00fcr eine etwaige R\u00fcckkehr mit dem Bus<br>\u2022 Energy-Drink bei der R\u00fcckkehr<br>\u2022 \u00c4rztliche Betreuung<\/p>\n\n\n\n<p><strong>Auch folgende Serviceleistungen sind auf Anfrage und gegen Geb\u00fchr verf\u00fcgbar<\/strong>:<\/p>\n\n\n\n<p>\u2022 Nordic Walking-Ausfl\u00fcge mit erfahrenem Ausflugsleiter<br>\u2022 Abholtransport<\/p>\n\n\n\n<p>Nordic Walking-Grundkurs \u2013 3 \u00dcbungseinheiten zu jeweils 60 Minuten<\/p>\n\n\n<div class=\"wp-block-image\">\n<figure class=\"alignleft size-full\"><img loading=\"lazy\" decoding=\"async\" width=\"235\" height=\"160\" src=\"https:\/\/tropicalhotel.it\/wp-content\/uploads\/2025\/01\/Walk-Logo-Tropical.jpg\" alt=\"\" class=\"wp-image-1777\"\/><\/figure>\n<\/div>\n\n\n<p><\/p>\n","protected":false},"excerpt":{"rendered":"<p>Ein gesunder Urlaub mit k\u00f6rperlicher Bet\u00e4tigung und gleichzeitig die sch\u00f6ne Landschaft von Jesolo genie\u00dfen Vom Hotel Tropical f\u00fchren kilometerlange Wege und Spazierstrecken mitten in die Natur. Um diese wundersch\u00f6ne Landschaft vollends zu genie\u00dfen, k\u00f6nnen Sie zu Fu\u00df verschiedene Wege und Strecken an der K\u00fcste, durch Pinienhaine, sowie Naturparks und in unmittelbarer N\u00e4he der Lagune Venedigs [&hellip;]<\/p>\n","protected":false},"author":1,"featured_media":1775,"parent":2195,"menu_order":0,"comment_status":"closed","ping_status":"closed","template":"","meta":{"_acf_changed":false,"footnotes":""},"class_list":["post-2230","page","type-page","status-publish","has-post-thumbnail","hentry"],"acf":[],"yoast_head":"<!-- This site is optimized with the Yoast SEO plugin v27.0 - https:\/\/yoast.com\/product\/yoast-seo-wordpress\/ -->\n<title>Jesolo Walk Hotel - Tropical Hotel Jesolo<\/title>\n<meta name=\"description\" content=\"Rund um das Hotel Tropical schl\u00e4ngeln sich Wege durch die Natur (Naturschutzgebiete und die Lagune von Venedig). Das Walk Hotel bietet viele Leistungen im Preis inbegriffen.\" \/>\n<meta name=\"robots\" content=\"index, follow, max-snippet:-1, max-image-preview:large, max-video-preview:-1\" \/>\n<link rel=\"canonical\" href=\"https:\/\/tropicalhotel.it\/de\/hotel\/jesolo-walk-hotel\/\" \/>\n<meta property=\"og:locale\" content=\"de_DE\" \/>\n<meta property=\"og:type\" content=\"article\" \/>\n<meta property=\"og:title\" content=\"Jesolo Walk Hotel - Tropical Hotel Jesolo\" \/>\n<meta property=\"og:description\" content=\"Rund um das Hotel Tropical schl\u00e4ngeln sich Wege durch die Natur (Naturschutzgebiete und die Lagune von Venedig). Das Walk Hotel bietet viele Leistungen im Preis inbegriffen.\" \/>\n<meta property=\"og:url\" content=\"https:\/\/tropicalhotel.it\/de\/hotel\/jesolo-walk-hotel\/\" \/>\n<meta property=\"og:site_name\" content=\"Tropical Hotel Jesolo\" \/>\n<meta property=\"article:publisher\" content=\"https:\/\/www.facebook.com\/Tropical-Hotel-Jesolo-276868195688612\/\" \/>\n<meta property=\"article:modified_time\" content=\"2025-02-21T15:00:32+00:00\" \/>\n<meta property=\"og:image\" content=\"https:\/\/tropicalhotel.it\/wp-content\/uploads\/2025\/01\/Walk-Hotel-Jesolo-EVI-Tropical-2.jpg\" \/>\n\t<meta property=\"og:image:width\" content=\"1600\" \/>\n\t<meta property=\"og:image:height\" content=\"558\" \/>\n\t<meta property=\"og:image:type\" content=\"image\/jpeg\" \/>\n<meta name=\"twitter:card\" content=\"summary_large_image\" \/>\n<meta name=\"twitter:label1\" content=\"Gesch\u00e4tzte Lesezeit\" \/>\n\t<meta name=\"twitter:data1\" content=\"2\u00a0Minuten\" \/>\n<script type=\"application\/ld+json\" class=\"yoast-schema-graph\">{\"@context\":\"https:\/\/schema.org\",\"@graph\":[{\"@type\":\"WebPage\",\"@id\":\"https:\/\/tropicalhotel.it\/de\/hotel\/jesolo-walk-hotel\/\",\"url\":\"https:\/\/tropicalhotel.it\/de\/hotel\/jesolo-walk-hotel\/\",\"name\":\"Jesolo Walk Hotel - Tropical Hotel Jesolo\",\"isPartOf\":{\"@id\":\"https:\/\/tropicalhotel.it\/de\/#website\"},\"primaryImageOfPage\":{\"@id\":\"https:\/\/tropicalhotel.it\/de\/hotel\/jesolo-walk-hotel\/#primaryimage\"},\"image\":{\"@id\":\"https:\/\/tropicalhotel.it\/de\/hotel\/jesolo-walk-hotel\/#primaryimage\"},\"thumbnailUrl\":\"https:\/\/tropicalhotel.it\/wp-content\/uploads\/2025\/01\/Walk-Hotel-Jesolo-EVI-Tropical-2.jpg\",\"datePublished\":\"2025-01-09T07:48:39+00:00\",\"dateModified\":\"2025-02-21T15:00:32+00:00\",\"description\":\"Rund um das Hotel Tropical schl\u00e4ngeln sich Wege durch die Natur (Naturschutzgebiete und die Lagune von Venedig). Das Walk Hotel bietet viele Leistungen im Preis inbegriffen.\",\"breadcrumb\":{\"@id\":\"https:\/\/tropicalhotel.it\/de\/hotel\/jesolo-walk-hotel\/#breadcrumb\"},\"inLanguage\":\"de\",\"potentialAction\":[{\"@type\":\"ReadAction\",\"target\":[\"https:\/\/tropicalhotel.it\/de\/hotel\/jesolo-walk-hotel\/\"]}]},{\"@type\":\"ImageObject\",\"inLanguage\":\"de\",\"@id\":\"https:\/\/tropicalhotel.it\/de\/hotel\/jesolo-walk-hotel\/#primaryimage\",\"url\":\"https:\/\/tropicalhotel.it\/wp-content\/uploads\/2025\/01\/Walk-Hotel-Jesolo-EVI-Tropical-2.jpg\",\"contentUrl\":\"https:\/\/tropicalhotel.it\/wp-content\/uploads\/2025\/01\/Walk-Hotel-Jesolo-EVI-Tropical-2.jpg\",\"width\":1600,\"height\":558},{\"@type\":\"BreadcrumbList\",\"@id\":\"https:\/\/tropicalhotel.it\/de\/hotel\/jesolo-walk-hotel\/#breadcrumb\",\"itemListElement\":[{\"@type\":\"ListItem\",\"position\":1,\"name\":\"Home\",\"item\":\"https:\/\/tropicalhotel.it\/de\/\"},{\"@type\":\"ListItem\",\"position\":2,\"name\":\"Hotel\",\"item\":\"https:\/\/tropicalhotel.it\/de\/hotel\/\"},{\"@type\":\"ListItem\",\"position\":3,\"name\":\"Jesolo Walk Hotel\"}]},{\"@type\":\"WebSite\",\"@id\":\"https:\/\/tropicalhotel.it\/de\/#website\",\"url\":\"https:\/\/tropicalhotel.it\/de\/\",\"name\":\"Tropical Hotel Jesolo\",\"description\":\"Hotel 3 stelle a Jesolo\",\"publisher\":{\"@id\":\"https:\/\/tropicalhotel.it\/de\/#organization\"},\"potentialAction\":[{\"@type\":\"SearchAction\",\"target\":{\"@type\":\"EntryPoint\",\"urlTemplate\":\"https:\/\/tropicalhotel.it\/de\/?s={search_term_string}\"},\"query-input\":{\"@type\":\"PropertyValueSpecification\",\"valueRequired\":true,\"valueName\":\"search_term_string\"}}],\"inLanguage\":\"de\"},{\"@type\":\"Organization\",\"@id\":\"https:\/\/tropicalhotel.it\/de\/#organization\",\"name\":\"Tropical Hotel Jesolo\",\"url\":\"https:\/\/tropicalhotel.it\/de\/\",\"logo\":{\"@type\":\"ImageObject\",\"inLanguage\":\"de\",\"@id\":\"https:\/\/tropicalhotel.it\/de\/#\/schema\/logo\/image\/\",\"url\":\"https:\/\/tropicalhotel.it\/wp-content\/uploads\/2024\/12\/Logo-Tropical-Verticale-2-2.jpg\",\"contentUrl\":\"https:\/\/tropicalhotel.it\/wp-content\/uploads\/2024\/12\/Logo-Tropical-Verticale-2-2.jpg\",\"width\":190,\"height\":147,\"caption\":\"Tropical Hotel Jesolo\"},\"image\":{\"@id\":\"https:\/\/tropicalhotel.it\/de\/#\/schema\/logo\/image\/\"},\"sameAs\":[\"https:\/\/www.facebook.com\/Tropical-Hotel-Jesolo-276868195688612\/\",\"https:\/\/www.instagram.com\/tropicalhoteljesolo\/\"]}]}<\/script>\n<!-- \/ Yoast SEO plugin. -->","yoast_head_json":{"title":"Jesolo Walk Hotel - Tropical Hotel Jesolo","description":"Rund um das Hotel Tropical schl\u00e4ngeln sich Wege durch die Natur (Naturschutzgebiete und die Lagune von Venedig). Das Walk Hotel bietet viele Leistungen im Preis inbegriffen.","robots":{"index":"index","follow":"follow","max-snippet":"max-snippet:-1","max-image-preview":"max-image-preview:large","max-video-preview":"max-video-preview:-1"},"canonical":"https:\/\/tropicalhotel.it\/de\/hotel\/jesolo-walk-hotel\/","og_locale":"de_DE","og_type":"article","og_title":"Jesolo Walk Hotel - Tropical Hotel Jesolo","og_description":"Rund um das Hotel Tropical schl\u00e4ngeln sich Wege durch die Natur (Naturschutzgebiete und die Lagune von Venedig). Das Walk Hotel bietet viele Leistungen im Preis inbegriffen.","og_url":"https:\/\/tropicalhotel.it\/de\/hotel\/jesolo-walk-hotel\/","og_site_name":"Tropical Hotel Jesolo","article_publisher":"https:\/\/www.facebook.com\/Tropical-Hotel-Jesolo-276868195688612\/","article_modified_time":"2025-02-21T15:00:32+00:00","og_image":[{"width":1600,"height":558,"url":"https:\/\/tropicalhotel.it\/wp-content\/uploads\/2025\/01\/Walk-Hotel-Jesolo-EVI-Tropical-2.jpg","type":"image\/jpeg"}],"twitter_card":"summary_large_image","twitter_misc":{"Gesch\u00e4tzte Lesezeit":"2\u00a0Minuten"},"schema":{"@context":"https:\/\/schema.org","@graph":[{"@type":"WebPage","@id":"https:\/\/tropicalhotel.it\/de\/hotel\/jesolo-walk-hotel\/","url":"https:\/\/tropicalhotel.it\/de\/hotel\/jesolo-walk-hotel\/","name":"Jesolo Walk Hotel - Tropical Hotel Jesolo","isPartOf":{"@id":"https:\/\/tropicalhotel.it\/de\/#website"},"primaryImageOfPage":{"@id":"https:\/\/tropicalhotel.it\/de\/hotel\/jesolo-walk-hotel\/#primaryimage"},"image":{"@id":"https:\/\/tropicalhotel.it\/de\/hotel\/jesolo-walk-hotel\/#primaryimage"},"thumbnailUrl":"https:\/\/tropicalhotel.it\/wp-content\/uploads\/2025\/01\/Walk-Hotel-Jesolo-EVI-Tropical-2.jpg","datePublished":"2025-01-09T07:48:39+00:00","dateModified":"2025-02-21T15:00:32+00:00","description":"Rund um das Hotel Tropical schl\u00e4ngeln sich Wege durch die Natur (Naturschutzgebiete und die Lagune von Venedig). Das Walk Hotel bietet viele Leistungen im Preis inbegriffen.","breadcrumb":{"@id":"https:\/\/tropicalhotel.it\/de\/hotel\/jesolo-walk-hotel\/#breadcrumb"},"inLanguage":"de","potentialAction":[{"@type":"ReadAction","target":["https:\/\/tropicalhotel.it\/de\/hotel\/jesolo-walk-hotel\/"]}]},{"@type":"ImageObject","inLanguage":"de","@id":"https:\/\/tropicalhotel.it\/de\/hotel\/jesolo-walk-hotel\/#primaryimage","url":"https:\/\/tropicalhotel.it\/wp-content\/uploads\/2025\/01\/Walk-Hotel-Jesolo-EVI-Tropical-2.jpg","contentUrl":"https:\/\/tropicalhotel.it\/wp-content\/uploads\/2025\/01\/Walk-Hotel-Jesolo-EVI-Tropical-2.jpg","width":1600,"height":558},{"@type":"BreadcrumbList","@id":"https:\/\/tropicalhotel.it\/de\/hotel\/jesolo-walk-hotel\/#breadcrumb","itemListElement":[{"@type":"ListItem","position":1,"name":"Home","item":"https:\/\/tropicalhotel.it\/de\/"},{"@type":"ListItem","position":2,"name":"Hotel","item":"https:\/\/tropicalhotel.it\/de\/hotel\/"},{"@type":"ListItem","position":3,"name":"Jesolo Walk Hotel"}]},{"@type":"WebSite","@id":"https:\/\/tropicalhotel.it\/de\/#website","url":"https:\/\/tropicalhotel.it\/de\/","name":"Tropical Hotel Jesolo","description":"Hotel 3 stelle a Jesolo","publisher":{"@id":"https:\/\/tropicalhotel.it\/de\/#organization"},"potentialAction":[{"@type":"SearchAction","target":{"@type":"EntryPoint","urlTemplate":"https:\/\/tropicalhotel.it\/de\/?s={search_term_string}"},"query-input":{"@type":"PropertyValueSpecification","valueRequired":true,"valueName":"search_term_string"}}],"inLanguage":"de"},{"@type":"Organization","@id":"https:\/\/tropicalhotel.it\/de\/#organization","name":"Tropical Hotel Jesolo","url":"https:\/\/tropicalhotel.it\/de\/","logo":{"@type":"ImageObject","inLanguage":"de","@id":"https:\/\/tropicalhotel.it\/de\/#\/schema\/logo\/image\/","url":"https:\/\/tropicalhotel.it\/wp-content\/uploads\/2024\/12\/Logo-Tropical-Verticale-2-2.jpg","contentUrl":"https:\/\/tropicalhotel.it\/wp-content\/uploads\/2024\/12\/Logo-Tropical-Verticale-2-2.jpg","width":190,"height":147,"caption":"Tropical Hotel Jesolo"},"image":{"@id":"https:\/\/tropicalhotel.it\/de\/#\/schema\/logo\/image\/"},"sameAs":["https:\/\/www.facebook.com\/Tropical-Hotel-Jesolo-276868195688612\/","https:\/\/www.instagram.com\/tropicalhoteljesolo\/"]}]}},"_links":{"self":[{"href":"https:\/\/tropicalhotel.it\/de\/wp-json\/wp\/v2\/pages\/2230","targetHints":{"allow":["GET"]}}],"collection":[{"href":"https:\/\/tropicalhotel.it\/de\/wp-json\/wp\/v2\/pages"}],"about":[{"href":"https:\/\/tropicalhotel.it\/de\/wp-json\/wp\/v2\/types\/page"}],"author":[{"embeddable":true,"href":"https:\/\/tropicalhotel.it\/de\/wp-json\/wp\/v2\/users\/1"}],"replies":[{"embeddable":true,"href":"https:\/\/tropicalhotel.it\/de\/wp-json\/wp\/v2\/comments?post=2230"}],"version-history":[{"count":2,"href":"https:\/\/tropicalhotel.it\/de\/wp-json\/wp\/v2\/pages\/2230\/revisions"}],"predecessor-version":[{"id":2485,"href":"https:\/\/tropicalhotel.it\/de\/wp-json\/wp\/v2\/pages\/2230\/revisions\/2485"}],"up":[{"embeddable":true,"href":"https:\/\/tropicalhotel.it\/de\/wp-json\/wp\/v2\/pages\/2195"}],"wp:featuredmedia":[{"embeddable":true,"href":"https:\/\/tropicalhotel.it\/de\/wp-json\/wp\/v2\/media\/1775"}],"wp:attachment":[{"href":"https:\/\/tropicalhotel.it\/de\/wp-json\/wp\/v2\/media?parent=2230"}],"curies":[{"name":"wp","href":"https:\/\/api.w.org\/{rel}","templated":true}]}}