{"id":2285,"date":"2025-01-09T09:58:11","date_gmt":"2025-01-09T09:58:11","guid":{"rendered":"https:\/\/staging.tropicalhotel.it\/prezzi\/"},"modified":"2025-06-17T07:52:01","modified_gmt":"2025-06-17T07:52:01","slug":"preise","status":"publish","type":"page","link":"https:\/\/tropicalhotel.it\/de\/preise\/","title":{"rendered":"Preise"},"content":{"rendered":"\n<blockquote class=\"wp-block-quote is-layout-flow wp-block-quote-is-layout-flow\">\n<blockquote class=\"wp-block-quote is-layout-flow wp-block-quote-is-layout-flow\">\n<p><em>Liebe G\u00e4ste!<\/em><br><em>Das Hotel Tropical verwendet ab diesem Jahr eine dynamische Preisliste, um sich den neuen Markttechnologien anzupassen und Ihnen immer den besten Preis bieten zu k\u00f6nnen.<\/em><br><em>Denken Sie stets daran, im Voraus zu buchen, um den besten Preisvorteil zu genie\u00dfen.<\/em><br><em>Andrea und Nadia sowie das gesamte Team stehen f\u00fcr Ihre Anfragen stets zur Verf\u00fcgung.<\/em><\/p>\n\n\n\n<p>Die Preise umfassen den&nbsp;<strong>Privatstrand mit Sonnenschirm und 2 Liegebetten&nbsp;<\/strong>(ausgenommen die erste\/zweite und dritte Reihe am Meer), die Benutzung der Panorama-Sonnenterrasse mit&nbsp;<strong>beheiztem Jacuzzi-Whirlpool&nbsp;<\/strong>(nur mit Reservierung gegen Geb\u00fchr nutzbar) und die Neue&nbsp;<strong>Roof-Garden,<\/strong>&nbsp;Benutzung des neuen&nbsp;<strong>Pools mit Unterwassermassage und des Kinderpools<\/strong>, die in der Nebensaison beide beheiztwerden.<br>Es besteht die M\u00f6glichkeit, einen ausschlie\u00dflich Ihnen vorbehaltenen&nbsp;<strong>Strandplatz direkt am Meer<\/strong>, in der ersten\/zweiten Reihe, zu buchen. Um diesen Service zu buchen, setzen Sie sich mit der Hotelrezeption in Verbindung.<\/p>\n\n\n\n<p>Ein kostenloser Fahrradverleih, kostenlose WiFi-Verbindung und s\u00e4mtliche weitere vom Hotel angebotenen Serviceleistungen stehen den G\u00e4sten zur Verf\u00fcgung.<br><strong>Privater<\/strong>&nbsp;und video\u00fcberwachter&nbsp;<strong>Parkplatz<\/strong>, ein weiterer \u00fcberwachter Parkplatz befindet sich 100 Meter vom Hotel entfernt.<\/p>\n\n\n\n<p>Das Hotel bietet ein&nbsp;<strong>Men\u00fc mit umfangreicher Auswahl<\/strong>&nbsp;an ersten und zweiten G\u00e4ngen, darunter stets Fischgerichte und vegetarische Speisen,&nbsp; zum Abendessen, au\u00dferdem ein Salat- und Gem\u00fcsebuffet, sowie Kindermen\u00fcs.<br>Reichhaltiges Fr\u00fchst\u00fccksbuffet auf unserer Panorama-Veranda.<\/p>\n\n\n\n<p>Getr\u00e4nke zu den Mahlzeiten nicht inbegriffen.<br><strong>Check-in&nbsp;<\/strong>ab 13:00, am Tag der Abreise sind das Zimmer, der Parkplatz und der Strand bis sp\u00e4testens 10 Uhr zu r\u00e4umen.<\/p>\n\n\n\n<figure class=\"wp-block-table\"><table class=\"has-fixed-layout\"><tbody><tr><td colspan=\"2\"><strong>Erm\u00e4ssigung (mit zusatzbett im Zimmer der Eltern)<\/strong><\/td><\/tr><tr><td>Kinder bis 2 Jahre<\/td><td>Gratis<\/td><\/tr><tr><td>von 2 bis 6 Jahren<\/td><td>&#8211; 50%<\/td><\/tr><tr><td>von 7 bis 15 Jahren<\/td><td>&#8211; 30% \/ &#8211; 40%<\/td><\/tr><tr><td>Dritte\/vierte Bett f\u00fcr Erwachsene<\/td><td>&#8211; 15% \/ &#8211; 20%<\/td><\/tr><\/tbody><\/table><\/figure>\n\n\n\n<h3 class=\"wp-block-heading\"><strong>STRANDLEISTUNGEN:<\/strong><\/h3>\n\n\n\n<hr class=\"wp-block-separator has-alpha-channel-opacity\"\/>\n\n\n\n<figure class=\"wp-block-image size-full\"><img loading=\"lazy\" decoding=\"async\" width=\"300\" height=\"200\" src=\"https:\/\/tropicalhotel.it\/wp-content\/uploads\/2025\/01\/spiaggia.jpg\" alt=\"\" class=\"wp-image-1982\"\/><\/figure>\n\n\n\n<h3 class=\"wp-block-heading\">STRANDPLATZ DIREKT AM MEER<\/h3>\n\n\n\n<p>Ihr Strandplatz in der ersten Reihe, zweiten Reihe, dritten Reihe mit Safe, reserviert<\/p>\n\n\n\n<p>exklusiv f\u00fcr Sie. (Dienst mit begrenzter Verf\u00fcgbarkeit)<\/p>\n\n\n\n<p>Der Service umfasst einen Sonnenschirm mit elektronischem Safe und 2 Sonnenliegen.<\/p>\n\n\n\n<p>Ab der vierten Reihe sind der Sonnenschirm und 2 Sonnenliegen im Zimmerpreis inbegriffen<\/p>\n\n\n\n<p>Tageskosten f\u00fcr 1. Reihe 12,00 \u20ac<\/p>\n\n\n\n<p>Tageskosten f\u00fcr 2. Reihe 10,00 \u20ac<\/p>\n\n\n\n<p>Tageskosten f\u00fcr 3. Reihe 7,00 \u20ac<\/p>\n\n\n\n<hr class=\"wp-block-separator has-alpha-channel-opacity\"\/>\n\n\n\n<figure class=\"wp-block-image size-full\"><img loading=\"lazy\" decoding=\"async\" width=\"300\" height=\"200\" src=\"https:\/\/tropicalhotel.it\/wp-content\/uploads\/2025\/01\/telo-mare.jpg\" alt=\"\" class=\"wp-image-1986\"\/><\/figure>\n\n\n\n<h3 class=\"wp-block-heading\">STRANDTUCH<\/h3>\n\n\n\n<p>F\u00fcr Strandt\u00fccher fragen Sie an der Rezeption nach der Verf\u00fcgbarkeit.<\/p>\n\n\n\n<p>Der Einzelverleih von Strandt\u00fcchern kostet 5,00 \u20ac.<\/p>\n\n\n\n<p>3,00 \u20ac f\u00fcr jedes Wechselgeld<\/p>\n\n\n\n<hr class=\"wp-block-separator has-alpha-channel-opacity\"\/>\n\n\n\n<h3 class=\"wp-block-heading\"><strong>RESTAURANT:<\/strong><\/h3>\n\n\n\n<hr class=\"wp-block-separator has-alpha-channel-opacity\"\/>\n\n\n\n<figure class=\"wp-block-image size-full\"><img loading=\"lazy\" decoding=\"async\" width=\"300\" height=\"200\" src=\"https:\/\/tropicalhotel.it\/wp-content\/uploads\/2025\/01\/colazione.jpg\" alt=\"\" class=\"wp-image-1990\"\/><\/figure>\n\n\n\n<h3 class=\"wp-block-heading\">FR\u00dcHST\u00dcCK<\/h3>\n\n\n\n<p>Ein Urlaub im Zeichen des guten Geschmacks, auch mit mediterranen Aromen unserer K\u00fcche und dem unverwechselbaren Genuss eines wertvollen Fr\u00fchst\u00fccks, das mit herzlicher Gastfreundschaft serviert wird. Dazu geh\u00f6ren hausgemachte Backwaren, Aufschnitt und K\u00e4se, Joghurt, verschiedene Kaffeesorten, Fruchts\u00e4fte und vieles mehr! F\u00fcr einen optimalen Start in den Tag!<\/p>\n\n\n\n<p>(Der Service ist t\u00e4glich buchbar und vor Ort zu bezahlen) 10,00 \u20ac pro Person<\/p>\n\n\n\n<hr class=\"wp-block-separator has-alpha-channel-opacity\"\/>\n\n\n\n<h3 class=\"wp-block-heading\"><strong><strong>UNSERE SALATE:<\/strong><\/strong><\/h3>\n\n\n\n<hr class=\"wp-block-separator has-alpha-channel-opacity\"\/>\n\n\n\n<figure class=\"wp-block-image size-full\"><img loading=\"lazy\" decoding=\"async\" width=\"300\" height=\"200\" src=\"https:\/\/tropicalhotel.it\/wp-content\/uploads\/2025\/01\/insalatona.jpg\" alt=\"\" class=\"wp-image-1994\"\/><\/figure>\n\n\n\n<h3 class=\"wp-block-heading\">MITTAGESSEN-FORMEL TAKE-AWAY<\/h3>\n\n\n\n<p><strong>Caesar salad<\/strong><br>\u20ac 10,00<br>Zutaten:&nbsp;Lattich, Croutons, Hanchenbrust, Parmigiano, Caesarsauce<\/p>\n\n\n\n<p><strong>Fischsalat<\/strong><br>\u20ac 11,00<br>Zutaten:&nbsp;Krake, Tintenfische, Tomaten, Gurken, Zucchini, Karotten, Sellerie<\/p>\n\n\n\n<p><strong>Griechischer salat<br><\/strong>\u20ac 8,00<br>Zutaten:&nbsp;Gemischter Salat, Tomaten, Gurken, Oliven, Feta, Tropea-Zwiebel<\/p>\n\n\n\n<p><strong>Mediterranean salat<br><\/strong>\u20ac 9,00<br>Zutaten:&nbsp;Gr\u00fcnen Bohnen, Tomaten, Oliven, Eiern, Thunfisch, Zwiebeln Tropea<\/p>\n\n\n\n<p><strong>Bresaola-carpaCcio<\/strong><br>\u20ac 11,00<br>Zutaten:&nbsp;Carpaccio von Bresaola, Rucola, Parmesan, Kirschtomaten<\/p>\n\n\n\n<p>SERVICE NACH RESERVIERUNG VON 12:00 BIS 13:00 VERF\u00dcGBAR<\/p>\n\n\n\n<hr class=\"wp-block-separator has-alpha-channel-opacity\"\/>\n\n\n\n<figure class=\"wp-block-image size-full\"><img loading=\"lazy\" decoding=\"async\" width=\"300\" height=\"200\" src=\"https:\/\/tropicalhotel.it\/wp-content\/uploads\/2025\/01\/cena.jpg\" alt=\"\" class=\"wp-image-1998\"\/><\/figure>\n\n\n\n<h3 class=\"wp-block-heading\">ABENDESSEN<\/h3>\n\n\n\n<p>Unser K\u00fcchenchef bietet Ihnen die besten typischen Gerichte unserer Region f\u00fcr eine gef\u00fchrte kulinarische Reise durch die Aromen raffinierter und hochwertiger Zubereitungen.<\/p>\n\n\n\n<p>Fisch ist immer in unserem Men\u00fc als vegetarisches Angebot und ein Men\u00fc f\u00fcr unsere kleinen G\u00e4ste enthalten.<\/p>\n\n\n\n<p>4-Gang-Abendessen mit Salatbuffet und warmem Gem\u00fcse mit abschlie\u00dfendem Dessert.<\/p>\n\n\n\n<p>Die Speisenkarte kann t\u00e4glich an unserer Rezeption eingesehen werden.<\/p>\n\n\n\n<p>Erwachsene 25,00 \u20ac<\/p>\n\n\n\n<p>Kinder 12,00 \u20ac<\/p>\n\n\n\n<p>Infant 9,00 \u20ac<\/p>\n\n\n\n<hr class=\"wp-block-separator has-alpha-channel-opacity\"\/>\n\n\n\n<h3 class=\"wp-block-heading\"><strong>ZIMMERSERVICE:<\/strong><\/h3>\n\n\n\n<hr class=\"wp-block-separator has-alpha-channel-opacity\"\/>\n\n\n\n<figure class=\"wp-block-image size-full\"><img loading=\"lazy\" decoding=\"async\" width=\"300\" height=\"200\" src=\"https:\/\/tropicalhotel.it\/wp-content\/uploads\/2025\/01\/s-camera.jpg\" alt=\"\" class=\"wp-image-2002\"\/><\/figure>\n\n\n\n<h3 class=\"wp-block-heading\">ZIMMERSERVICE<\/h3>\n\n\n\n<p>Die Zufriedenheit unserer G\u00e4ste liegt uns sehr am Herzen und aus diesem Grund bieten wir die M\u00f6glichkeit, \u00fcber unseren exklusiven ROOM SERVICE f\u00fcr \u20ac 7,00 pro Tag zu fr\u00fchst\u00fccken, um denjenigen, die es w\u00fcnschen, Privatsph\u00e4re, Entspannung und Komfort zu bieten.<\/p>\n\n\n\n<p>Wer nur das Zimmer bucht, bekommt zus\u00e4tzlich zum Zimmerservice ein \u00e0 la carte Fr\u00fchst\u00fcck extra f\u00fcr \u20ac 10,00 pro Person.<\/p>\n\n\n\n<p>(Der Service kann t\u00e4glich gebucht und vor Ort bezahlt werden)<\/p>\n\n\n\n<hr class=\"wp-block-separator has-alpha-channel-opacity\"\/>\n\n\n\n<figure class=\"wp-block-image size-full\"><img loading=\"lazy\" decoding=\"async\" width=\"300\" height=\"200\" src=\"https:\/\/tropicalhotel.it\/wp-content\/uploads\/2025\/01\/Prosecco.jpg\" alt=\"\" class=\"wp-image-2010\"\/><\/figure>\n\n\n\n<h3 class=\"wp-block-heading\">ZUR FEIER DES TAGES ANSTOSSEN<\/h3>\n\n\n\n<p>M\u00f6chten Sie im Zimmer eine gek\u00fchlte Flasche eines typischen Proseccos vorfinden?<\/p>\n\n\n\n<p>Indem Sie diesen Service buchen, finden Sie bei Ihrer Ankunft eine gek\u00fchlte Flasche eines typischen Proseccos vor, um dem Urlaub bestens zu beginnen oder etwas Besonderes zu feiern\u2026<\/p>\n\n\n\n<p>\u20ac22,00<\/p>\n\n\n\n<hr class=\"wp-block-separator has-alpha-channel-opacity\"\/>\n\n\n\n<figure class=\"wp-block-image size-full\"><img loading=\"lazy\" decoding=\"async\" width=\"300\" height=\"200\" src=\"https:\/\/tropicalhotel.it\/wp-content\/uploads\/2025\/01\/animali.jpg\" alt=\"\" class=\"wp-image-2014\"\/><\/figure>\n\n\n\n<h3 class=\"wp-block-heading\">TIERE<\/h3>\n\n\n\n<p>Obligatorischer Endreinigungsservice beim Check-out, vor Ort zu bezahlen.<\/p>\n\n\n\n<p>\u20ac 30,00<\/p>\n\n\n\n<hr class=\"wp-block-separator has-alpha-channel-opacity\"\/>\n\n\n\n<figure class=\"wp-block-image size-full\"><img loading=\"lazy\" decoding=\"async\" width=\"300\" height=\"200\" src=\"https:\/\/tropicalhotel.it\/wp-content\/uploads\/2025\/01\/late.jpg\" alt=\"\" class=\"wp-image-2018\"\/><\/figure>\n\n\n\n<h3 class=\"wp-block-heading\">LATE CHECK-OUT<\/h3>\n\n\n\n<p>Es ist m\u00f6glich, die Abreise zu verschieben, indem Sie das Zimmer, den Parkplatz und den Strand behalten und auch das Schwimmbad und das Solarium bis 18:30 Uhr nutzen. Extra-Service nach Verf\u00fcgbarkeit<\/p>\n\n\n\n<hr class=\"wp-block-separator has-alpha-channel-opacity\"\/>\n\n\n\n<h3 class=\"wp-block-heading\"><strong><strong>WELLNESSBEREICH<\/strong>:<\/strong><\/h3>\n\n\n\n<hr class=\"wp-block-separator has-alpha-channel-opacity\"\/>\n\n\n\n<figure class=\"wp-block-image size-full\"><img loading=\"lazy\" decoding=\"async\" width=\"300\" height=\"200\" src=\"https:\/\/tropicalhotel.it\/wp-content\/uploads\/2025\/01\/romantica.jpg\" alt=\"\" class=\"wp-image-2022\"\/><\/figure>\n\n\n\n<h3 class=\"wp-block-heading\">Romantischer Abend im Jacuzzi mit Sekt<\/h3>\n\n\n\n<p>ROMANTISCHER ABEND IM WHIRLPOOL UND NOCH MEHR SPRUDEL<\/p>\n\n\n\n<p>M\u00f6chten Sie Ihre Partnerin\/Ihren Partner \u00fcberraschen? Auf dem Dachgescho\u00df unter den Sternen bei Kerzenlicht und musikalischem Hintergrund erwartet Sie ein intimer Abend im Jacuzzi-Whirlpool. All das wird von einer Flasche italienischem Prosecco-Schaumwein und einem K\u00f6rbchen Erdbeeren begleitet.<\/p>\n\n\n\n<p>(Der Service ist gem\u00e4\u00df der Verf\u00fcgbarkeit mit der Rezeption zu vereinbaren).<\/p>\n\n\n\n<p>\u20ac40,00<\/p>\n\n\n\n<hr class=\"wp-block-separator has-alpha-channel-opacity\"\/>\n\n\n\n<figure class=\"wp-block-image size-full\"><img loading=\"lazy\" decoding=\"async\" width=\"300\" height=\"200\" src=\"https:\/\/tropicalhotel.it\/wp-content\/uploads\/2025\/01\/jacuzzi.jpg\" alt=\"\" class=\"wp-image-2026\"\/><\/figure>\n\n\n\n<h3 class=\"wp-block-heading\">ROMANTISCHER ABEND IM WHIRLPOOL UND NOCH MEHR SPRUDEL<\/h3>\n\n\n\n<p>M\u00f6chten Sie Ihre Partnerin\/Ihren Partner \u00fcberraschen? Auf dem Dachgescho\u00df unter den Sternen bei Kerzenlicht und musikalischem Hintergrund erwartet Sie ein intimer Abend im Jacuzzi-Whirlpool. All das wird von einer Flasche italienischem Prosecco-Schaumwein und einem K\u00f6rbchen Erdbeeren begleitet.<\/p>\n\n\n\n<p>(Der Service ist gem\u00e4\u00df der Verf\u00fcgbarkeit mit der Rezeption zu vereinbaren).<\/p>\n\n\n\n<p>\u20ac40,00<\/p>\n\n\n\n<hr class=\"wp-block-separator has-alpha-channel-opacity\"\/>\n\n\n\n<p>DIE EVENTUELL VOM GAST ZU ZAHLENDE KURTAXE AN DIE GEMEINDEVERWALTUNG, SOWIE GESETZLICH M\u00d6GLICHE STEUERERH\u00d6HUNGEN SIND IN DEN VERTRAGLICH FESTGELEGTEN PREISEN NICHT ENTHALTEN.<\/p>\n<\/blockquote>\n<\/blockquote>\n","protected":false},"excerpt":{"rendered":"","protected":false},"author":1,"featured_media":2036,"parent":0,"menu_order":0,"comment_status":"closed","ping_status":"closed","template":"","meta":{"_acf_changed":false,"footnotes":""},"class_list":["post-2285","page","type-page","status-publish","has-post-thumbnail","hentry"],"acf":[],"_links":{"self":[{"href":"https:\/\/tropicalhotel.it\/de\/wp-json\/wp\/v2\/pages\/2285","targetHints":{"allow":["GET"]}}],"collection":[{"href":"https:\/\/tropicalhotel.it\/de\/wp-json\/wp\/v2\/pages"}],"about":[{"href":"https:\/\/tropicalhotel.it\/de\/wp-json\/wp\/v2\/types\/page"}],"author":[{"embeddable":true,"href":"https:\/\/tropicalhotel.it\/de\/wp-json\/wp\/v2\/users\/1"}],"replies":[{"embeddable":true,"href":"https:\/\/tropicalhotel.it\/de\/wp-json\/wp\/v2\/comments?post=2285"}],"version-history":[{"count":4,"href":"https:\/\/tropicalhotel.it\/de\/wp-json\/wp\/v2\/pages\/2285\/revisions"}],"predecessor-version":[{"id":3955,"href":"https:\/\/tropicalhotel.it\/de\/wp-json\/wp\/v2\/pages\/2285\/revisions\/3955"}],"wp:featuredmedia":[{"embeddable":true,"href":"https:\/\/tropicalhotel.it\/de\/wp-json\/wp\/v2\/media\/2036"}],"wp:attachment":[{"href":"https:\/\/tropicalhotel.it\/de\/wp-json\/wp\/v2\/media?parent=2285"}],"curies":[{"name":"wp","href":"https:\/\/api.w.org\/{rel}","templated":true}]}}