{"id":2294,"date":"2025-01-09T09:59:31","date_gmt":"2025-01-09T09:59:31","guid":{"rendered":"https:\/\/staging.tropicalhotel.it\/preise\/cancellation-policy\/"},"modified":"2025-04-23T13:21:37","modified_gmt":"2025-04-23T13:21:37","slug":"stornobedingungen","status":"publish","type":"page","link":"https:\/\/tropicalhotel.it\/de\/preise\/stornobedingungen\/","title":{"rendered":"Stornobedingungen"},"content":{"rendered":"\n<p>1. Die Zimmer, der Parkpl\u00e4tze und der Strand, stehen am Anreisetag ab 12. 00 Uhr zur Verf\u00fcgung und m\u00fcssen am Abreisetag bis um 10.00 Uhr ger\u00e4umt werden.<\/p>\n\n\n\n<p>2. Die Buchungen gelten als best\u00e4tigt nach vorausgehender Bekanntgabe einer Kreditkartennummer mit G\u00fcltigkeitsdatum als Buchungsgarantie, oder nachdem eine Best\u00e4tigungsanzahlung (mind. 30% den Betrag des Aufenthalts pro Zimmer) per Bank\u00fcberweisung oder.<\/p>\n\n\n\n<p>3. Mit Ausnahme spezieller Angebote, kann die Buchung bis zum 7. Tag vor Reiseantritt schriftlich per E-Mail oder Fax storniert werden, ohne dass R\u00fccktrittsgeb\u00fchren entstehen.<\/p>\n\n\n\n<p>4. Im No-Snow-Fall (Nichtankunft des Reisegastes) oder bei Stornierungen nach den unter Punkt 3 vorgesehenen Fristen, wird der Betrag von 3 N\u00e4chten in Rechnung gestellt oder die Best\u00e4tigungsanzahlung einbehalten.<\/p>\n\n\n\n<p>5. Bei sp\u00e4terer Anreise oder vorzeitiger Abreise wird lediglich die \u00dcbernachtung f\u00fcr den gesamten Zeitraum der Nichtnutzung des Zimmers in Rechnung gestellt.<\/p>\n\n\n\n<p>Die Buchungsgarantie ist auch f\u00fcr den Reisegast eine Gew\u00e4hrleistung.<\/p>\n","protected":false},"excerpt":{"rendered":"<p>1. Die Zimmer, der Parkpl\u00e4tze und der Strand, stehen am Anreisetag ab 12. 00 Uhr zur Verf\u00fcgung und m\u00fcssen am Abreisetag bis um 10.00 Uhr ger\u00e4umt werden. 2. Die Buchungen gelten als best\u00e4tigt nach vorausgehender Bekanntgabe einer Kreditkartennummer mit G\u00fcltigkeitsdatum als Buchungsgarantie, oder nachdem eine Best\u00e4tigungsanzahlung (mind. 30% den Betrag des Aufenthalts pro Zimmer) per [&hellip;]<\/p>\n","protected":false},"author":1,"featured_media":2036,"parent":2285,"menu_order":0,"comment_status":"closed","ping_status":"closed","template":"","meta":{"_acf_changed":false,"footnotes":""},"class_list":["post-2294","page","type-page","status-publish","has-post-thumbnail","hentry"],"acf":[],"yoast_head":"<!-- This site is optimized with the Yoast SEO plugin v27.0 - https:\/\/yoast.com\/product\/yoast-seo-wordpress\/ -->\n<title>Stornobedingungen - Tropical Hotel Jesolo<\/title>\n<meta name=\"description\" content=\"Erfahren Sie unsere Buchungsbedingungen: Check-in ab 12:00, kostenlose Stornierung bis 7 Tage, Garantie mit Kreditkarte oder Anzahlung.\" \/>\n<meta name=\"robots\" content=\"index, follow, max-snippet:-1, max-image-preview:large, max-video-preview:-1\" \/>\n<link rel=\"canonical\" href=\"https:\/\/tropicalhotel.it\/de\/preise\/stornobedingungen\/\" \/>\n<meta property=\"og:locale\" content=\"de_DE\" \/>\n<meta property=\"og:type\" content=\"article\" \/>\n<meta property=\"og:title\" content=\"Stornobedingungen - Tropical Hotel Jesolo\" \/>\n<meta property=\"og:description\" content=\"Erfahren Sie unsere Buchungsbedingungen: Check-in ab 12:00, kostenlose Stornierung bis 7 Tage, Garantie mit Kreditkarte oder Anzahlung.\" \/>\n<meta property=\"og:url\" content=\"https:\/\/tropicalhotel.it\/de\/preise\/stornobedingungen\/\" \/>\n<meta property=\"og:site_name\" content=\"Tropical Hotel Jesolo\" \/>\n<meta property=\"article:publisher\" content=\"https:\/\/www.facebook.com\/Tropical-Hotel-Jesolo-276868195688612\/\" \/>\n<meta property=\"article:modified_time\" content=\"2025-04-23T13:21:37+00:00\" \/>\n<meta property=\"og:image\" content=\"https:\/\/tropicalhotel.it\/wp-content\/uploads\/2025\/01\/Prezzi-EVI-Tropical.jpg\" \/>\n\t<meta property=\"og:image:width\" content=\"1600\" \/>\n\t<meta property=\"og:image:height\" content=\"558\" \/>\n\t<meta property=\"og:image:type\" content=\"image\/jpeg\" \/>\n<meta name=\"twitter:card\" content=\"summary_large_image\" \/>\n<meta name=\"twitter:label1\" content=\"Gesch\u00e4tzte Lesezeit\" \/>\n\t<meta name=\"twitter:data1\" content=\"1\u00a0Minute\" \/>\n<script type=\"application\/ld+json\" class=\"yoast-schema-graph\">{\"@context\":\"https:\/\/schema.org\",\"@graph\":[{\"@type\":\"WebPage\",\"@id\":\"https:\/\/tropicalhotel.it\/de\/preise\/stornobedingungen\/\",\"url\":\"https:\/\/tropicalhotel.it\/de\/preise\/stornobedingungen\/\",\"name\":\"Stornobedingungen - Tropical Hotel Jesolo\",\"isPartOf\":{\"@id\":\"https:\/\/tropicalhotel.it\/de\/#website\"},\"primaryImageOfPage\":{\"@id\":\"https:\/\/tropicalhotel.it\/de\/preise\/stornobedingungen\/#primaryimage\"},\"image\":{\"@id\":\"https:\/\/tropicalhotel.it\/de\/preise\/stornobedingungen\/#primaryimage\"},\"thumbnailUrl\":\"https:\/\/tropicalhotel.it\/wp-content\/uploads\/2025\/01\/Prezzi-EVI-Tropical.jpg\",\"datePublished\":\"2025-01-09T09:59:31+00:00\",\"dateModified\":\"2025-04-23T13:21:37+00:00\",\"description\":\"Erfahren Sie unsere Buchungsbedingungen: Check-in ab 12:00, kostenlose Stornierung bis 7 Tage, Garantie mit Kreditkarte oder Anzahlung.\",\"breadcrumb\":{\"@id\":\"https:\/\/tropicalhotel.it\/de\/preise\/stornobedingungen\/#breadcrumb\"},\"inLanguage\":\"de\",\"potentialAction\":[{\"@type\":\"ReadAction\",\"target\":[\"https:\/\/tropicalhotel.it\/de\/preise\/stornobedingungen\/\"]}]},{\"@type\":\"ImageObject\",\"inLanguage\":\"de\",\"@id\":\"https:\/\/tropicalhotel.it\/de\/preise\/stornobedingungen\/#primaryimage\",\"url\":\"https:\/\/tropicalhotel.it\/wp-content\/uploads\/2025\/01\/Prezzi-EVI-Tropical.jpg\",\"contentUrl\":\"https:\/\/tropicalhotel.it\/wp-content\/uploads\/2025\/01\/Prezzi-EVI-Tropical.jpg\",\"width\":1600,\"height\":558},{\"@type\":\"BreadcrumbList\",\"@id\":\"https:\/\/tropicalhotel.it\/de\/preise\/stornobedingungen\/#breadcrumb\",\"itemListElement\":[{\"@type\":\"ListItem\",\"position\":1,\"name\":\"Home\",\"item\":\"https:\/\/tropicalhotel.it\/de\/\"},{\"@type\":\"ListItem\",\"position\":2,\"name\":\"Preise\",\"item\":\"https:\/\/tropicalhotel.it\/de\/preise\/\"},{\"@type\":\"ListItem\",\"position\":3,\"name\":\"Stornobedingungen\"}]},{\"@type\":\"WebSite\",\"@id\":\"https:\/\/tropicalhotel.it\/de\/#website\",\"url\":\"https:\/\/tropicalhotel.it\/de\/\",\"name\":\"Tropical Hotel Jesolo\",\"description\":\"Hotel 3 stelle a Jesolo\",\"publisher\":{\"@id\":\"https:\/\/tropicalhotel.it\/de\/#organization\"},\"potentialAction\":[{\"@type\":\"SearchAction\",\"target\":{\"@type\":\"EntryPoint\",\"urlTemplate\":\"https:\/\/tropicalhotel.it\/de\/?s={search_term_string}\"},\"query-input\":{\"@type\":\"PropertyValueSpecification\",\"valueRequired\":true,\"valueName\":\"search_term_string\"}}],\"inLanguage\":\"de\"},{\"@type\":\"Organization\",\"@id\":\"https:\/\/tropicalhotel.it\/de\/#organization\",\"name\":\"Tropical Hotel Jesolo\",\"url\":\"https:\/\/tropicalhotel.it\/de\/\",\"logo\":{\"@type\":\"ImageObject\",\"inLanguage\":\"de\",\"@id\":\"https:\/\/tropicalhotel.it\/de\/#\/schema\/logo\/image\/\",\"url\":\"https:\/\/tropicalhotel.it\/wp-content\/uploads\/2024\/12\/Logo-Tropical-Verticale-2-2.jpg\",\"contentUrl\":\"https:\/\/tropicalhotel.it\/wp-content\/uploads\/2024\/12\/Logo-Tropical-Verticale-2-2.jpg\",\"width\":190,\"height\":147,\"caption\":\"Tropical Hotel Jesolo\"},\"image\":{\"@id\":\"https:\/\/tropicalhotel.it\/de\/#\/schema\/logo\/image\/\"},\"sameAs\":[\"https:\/\/www.facebook.com\/Tropical-Hotel-Jesolo-276868195688612\/\",\"https:\/\/www.instagram.com\/tropicalhoteljesolo\/\"]}]}<\/script>\n<!-- \/ Yoast SEO plugin. -->","yoast_head_json":{"title":"Stornobedingungen - Tropical Hotel Jesolo","description":"Erfahren Sie unsere Buchungsbedingungen: Check-in ab 12:00, kostenlose Stornierung bis 7 Tage, Garantie mit Kreditkarte oder Anzahlung.","robots":{"index":"index","follow":"follow","max-snippet":"max-snippet:-1","max-image-preview":"max-image-preview:large","max-video-preview":"max-video-preview:-1"},"canonical":"https:\/\/tropicalhotel.it\/de\/preise\/stornobedingungen\/","og_locale":"de_DE","og_type":"article","og_title":"Stornobedingungen - Tropical Hotel Jesolo","og_description":"Erfahren Sie unsere Buchungsbedingungen: Check-in ab 12:00, kostenlose Stornierung bis 7 Tage, Garantie mit Kreditkarte oder Anzahlung.","og_url":"https:\/\/tropicalhotel.it\/de\/preise\/stornobedingungen\/","og_site_name":"Tropical Hotel Jesolo","article_publisher":"https:\/\/www.facebook.com\/Tropical-Hotel-Jesolo-276868195688612\/","article_modified_time":"2025-04-23T13:21:37+00:00","og_image":[{"width":1600,"height":558,"url":"https:\/\/tropicalhotel.it\/wp-content\/uploads\/2025\/01\/Prezzi-EVI-Tropical.jpg","type":"image\/jpeg"}],"twitter_card":"summary_large_image","twitter_misc":{"Gesch\u00e4tzte Lesezeit":"1\u00a0Minute"},"schema":{"@context":"https:\/\/schema.org","@graph":[{"@type":"WebPage","@id":"https:\/\/tropicalhotel.it\/de\/preise\/stornobedingungen\/","url":"https:\/\/tropicalhotel.it\/de\/preise\/stornobedingungen\/","name":"Stornobedingungen - Tropical Hotel Jesolo","isPartOf":{"@id":"https:\/\/tropicalhotel.it\/de\/#website"},"primaryImageOfPage":{"@id":"https:\/\/tropicalhotel.it\/de\/preise\/stornobedingungen\/#primaryimage"},"image":{"@id":"https:\/\/tropicalhotel.it\/de\/preise\/stornobedingungen\/#primaryimage"},"thumbnailUrl":"https:\/\/tropicalhotel.it\/wp-content\/uploads\/2025\/01\/Prezzi-EVI-Tropical.jpg","datePublished":"2025-01-09T09:59:31+00:00","dateModified":"2025-04-23T13:21:37+00:00","description":"Erfahren Sie unsere Buchungsbedingungen: Check-in ab 12:00, kostenlose Stornierung bis 7 Tage, Garantie mit Kreditkarte oder Anzahlung.","breadcrumb":{"@id":"https:\/\/tropicalhotel.it\/de\/preise\/stornobedingungen\/#breadcrumb"},"inLanguage":"de","potentialAction":[{"@type":"ReadAction","target":["https:\/\/tropicalhotel.it\/de\/preise\/stornobedingungen\/"]}]},{"@type":"ImageObject","inLanguage":"de","@id":"https:\/\/tropicalhotel.it\/de\/preise\/stornobedingungen\/#primaryimage","url":"https:\/\/tropicalhotel.it\/wp-content\/uploads\/2025\/01\/Prezzi-EVI-Tropical.jpg","contentUrl":"https:\/\/tropicalhotel.it\/wp-content\/uploads\/2025\/01\/Prezzi-EVI-Tropical.jpg","width":1600,"height":558},{"@type":"BreadcrumbList","@id":"https:\/\/tropicalhotel.it\/de\/preise\/stornobedingungen\/#breadcrumb","itemListElement":[{"@type":"ListItem","position":1,"name":"Home","item":"https:\/\/tropicalhotel.it\/de\/"},{"@type":"ListItem","position":2,"name":"Preise","item":"https:\/\/tropicalhotel.it\/de\/preise\/"},{"@type":"ListItem","position":3,"name":"Stornobedingungen"}]},{"@type":"WebSite","@id":"https:\/\/tropicalhotel.it\/de\/#website","url":"https:\/\/tropicalhotel.it\/de\/","name":"Tropical Hotel Jesolo","description":"Hotel 3 stelle a Jesolo","publisher":{"@id":"https:\/\/tropicalhotel.it\/de\/#organization"},"potentialAction":[{"@type":"SearchAction","target":{"@type":"EntryPoint","urlTemplate":"https:\/\/tropicalhotel.it\/de\/?s={search_term_string}"},"query-input":{"@type":"PropertyValueSpecification","valueRequired":true,"valueName":"search_term_string"}}],"inLanguage":"de"},{"@type":"Organization","@id":"https:\/\/tropicalhotel.it\/de\/#organization","name":"Tropical Hotel Jesolo","url":"https:\/\/tropicalhotel.it\/de\/","logo":{"@type":"ImageObject","inLanguage":"de","@id":"https:\/\/tropicalhotel.it\/de\/#\/schema\/logo\/image\/","url":"https:\/\/tropicalhotel.it\/wp-content\/uploads\/2024\/12\/Logo-Tropical-Verticale-2-2.jpg","contentUrl":"https:\/\/tropicalhotel.it\/wp-content\/uploads\/2024\/12\/Logo-Tropical-Verticale-2-2.jpg","width":190,"height":147,"caption":"Tropical Hotel Jesolo"},"image":{"@id":"https:\/\/tropicalhotel.it\/de\/#\/schema\/logo\/image\/"},"sameAs":["https:\/\/www.facebook.com\/Tropical-Hotel-Jesolo-276868195688612\/","https:\/\/www.instagram.com\/tropicalhoteljesolo\/"]}]}},"_links":{"self":[{"href":"https:\/\/tropicalhotel.it\/de\/wp-json\/wp\/v2\/pages\/2294","targetHints":{"allow":["GET"]}}],"collection":[{"href":"https:\/\/tropicalhotel.it\/de\/wp-json\/wp\/v2\/pages"}],"about":[{"href":"https:\/\/tropicalhotel.it\/de\/wp-json\/wp\/v2\/types\/page"}],"author":[{"embeddable":true,"href":"https:\/\/tropicalhotel.it\/de\/wp-json\/wp\/v2\/users\/1"}],"replies":[{"embeddable":true,"href":"https:\/\/tropicalhotel.it\/de\/wp-json\/wp\/v2\/comments?post=2294"}],"version-history":[{"count":3,"href":"https:\/\/tropicalhotel.it\/de\/wp-json\/wp\/v2\/pages\/2294\/revisions"}],"predecessor-version":[{"id":3101,"href":"https:\/\/tropicalhotel.it\/de\/wp-json\/wp\/v2\/pages\/2294\/revisions\/3101"}],"up":[{"embeddable":true,"href":"https:\/\/tropicalhotel.it\/de\/wp-json\/wp\/v2\/pages\/2285"}],"wp:featuredmedia":[{"embeddable":true,"href":"https:\/\/tropicalhotel.it\/de\/wp-json\/wp\/v2\/media\/2036"}],"wp:attachment":[{"href":"https:\/\/tropicalhotel.it\/de\/wp-json\/wp\/v2\/media?parent=2294"}],"curies":[{"name":"wp","href":"https:\/\/api.w.org\/{rel}","templated":true}]}}