{"id":2302,"date":"2025-01-09T10:10:01","date_gmt":"2025-01-09T10:10:01","guid":{"rendered":"https:\/\/staging.tropicalhotel.it\/preise\/info-generali\/"},"modified":"2025-04-23T13:29:55","modified_gmt":"2025-04-23T13:29:55","slug":"allgemeine-informationen","status":"publish","type":"page","link":"https:\/\/tropicalhotel.it\/de\/preise\/allgemeine-informationen\/","title":{"rendered":"Allgemeine Informationen"},"content":{"rendered":"\n<h3 class=\"wp-block-heading\"><strong>Ankunft:<\/strong><\/h3>\n\n\n\n<p>Normalerweise sind die Zimmer ab 13:00 Uhr des Ankunftstages fertig, aber wir entschuldigen uns wenn Ihr Zimmer noch nicht fertig ist.<\/p>\n\n\n\n<h3 class=\"wp-block-heading\"><strong>Auto:<\/strong><\/h3>\n\n\n\n<p>Der Parkplatz liegt hinter dem Hotel. Unsere G\u00e4ste werden h\u00f6flich gebeten, die Autoschl\u00fcssel an der Rezeption zu lassen, wenn Ihr Auto die andere behindert.<\/p>\n\n\n\n<h3 class=\"wp-block-heading\"><strong>Haustiere:<\/strong><\/h3>\n\n\n\n<p>Sie sind in den \u00f6ffentlichen Bereichen des Hotels nur erlaubt, wenn sie an der Leine gef\u00fchrt werden.<br>Haustiere sind im Schwimmbad und auf der Sonnenterrasse nicht erlaubt.<\/p>\n\n\n\n<h3 class=\"wp-block-heading\"><strong>Privatstrand:<\/strong><\/h3>\n\n\n\n<p>Um einen Strandplatz in der ersten, zweiten oder dritten Reihe zu reservieren, ist es notwendig, die Verf\u00fcgbarkeit an der Rezeption zu erfragen.<\/p>\n\n\n\n<h3 class=\"wp-block-heading\"><strong>Tagespreis:<\/strong><\/h3>\n\n\n\n<p>Strandplatz 1. Reihe \u20ac 12,00<br>Strandplatz 2. Reihe \u20ac 10,00<br>Strandplatz 3. Reihe \u20ac 7,00<\/p>\n\n\n\n<p>Von der 4. bis zur 15. Reihe (gekennzeichnet durch die \u201eHotel Tropical\u201c-Schilder) sind die Strandpl\u00e4tze frei zug\u00e4nglich.<br>Unser Abstellraum f\u00fcr Gummimatratze und Spiele liegt neben dem Eingang, unter der Treppe.<\/p>\n\n\n\n<h3 class=\"wp-block-heading\"><strong>Schwimmingpool:<\/strong><\/h3>\n\n\n\n<p>Unser Schwimmbad mit Whirlpool und Kinderbecken befindet sich im zweiten Stock und ist t\u00e4glich von 9.30 bis 19.30 Uhr ge\u00f6ffnet.<br>Wir laden Sie ein, die Poolregeln zu lesen.<br>Unsere G\u00e4ste werden gebeten, eine Dusche vor dem Eintritt in das Schwimmbad zu nehmen.<\/p>\n\n\n\n<h3 class=\"wp-block-heading\"><strong>Solarium:<\/strong><\/h3>\n\n\n\n<p>Unser Rooftop Garden befindet sich im f\u00fcnften Stock und ist t\u00e4glich von 9.00 bis 24.00 Uhr ge\u00f6ffnet.<\/p>\n\n\n\n<h3 class=\"wp-block-heading\"><strong>Jacuzzi:<\/strong><\/h3>\n\n\n\n<p>Sie befindet sich im f\u00fcnften Stock und ist t\u00e4glich von 10:00 bis 19:30 Uhr ge\u00f6ffnet.<br>Es ist m\u00f6glich, es an der Rezeption f\u00fcr 30 Minuten f\u00fcr nur 5 \u20ac pro Person zu buchen.<br>Bitte beachten Sie, dass vor dem Betreten immer eine Dusche erforderlich ist.<br>Wir laden Sie ein, die Regeln des Jacuzzi zu lesen.<\/p>\n\n\n\n<h3 class=\"wp-block-heading\"><strong>Schl\u00fcssel des Zimmers:<\/strong><\/h3>\n\n\n\n<p>Wenn Sie ankommen, bekommen Sie der Schl\u00fcssel Ihres Zimmers, mit dem Sie neben der T\u00fcr Ihres Zimmers auch die des Haupteingangs des Hotels und des internen Parkplatzes \u00f6ffnen k\u00f6nnen, indem Sie die Karte an den externen Sensor halten.<\/p>\n\n\n\n<h3 class=\"wp-block-heading\"><strong>Wichtig f\u00fcr die Sicherheit des Zimmers:<\/strong><\/h3>\n\n\n\n<p>Lehnen Sie den Schl\u00fcssel an den \u00e4u\u00dferen Sensor und treten Sie ins Zimmer ein, nachdem die gelbe Anzeigeleuchte ausgeht. Im Zimmer stecken Sie den Schl\u00fcssel in den Spalt neben der T\u00fcr, um Elektrizit\u00e4t zu bekommen.<br>Bevor Sie abreisen, bitte lassen Sie den Schl\u00fcssel an der Rezeption.<br>Um eine andere Kopie des Schl\u00fcssel zu bekommen, bitten Sie um die Kopie an der Rezeption.<br>Wenn der Schl\u00fcssel verloren wird, wird er in der Rechnung belastet \u20ac10,00.<\/p>\n\n\n\n<h3 class=\"wp-block-heading\"><strong>Klimaanlage:<\/strong><\/h3>\n\n\n\n<p>Mit eingef\u00fchrter Karte und Schlie\u00dfen der Terrassent\u00fcr k\u00f6nnen Sie die Klimaanlage einschalten und die gew\u00fcnschte Temperatur w\u00e4hlen.<br>Durch \u00d6ffnen der Terrassent\u00fcr wird die Klimaanlage gestoppt.<\/p>\n\n\n\n<h3 class=\"wp-block-heading\"><strong>Safe:<\/strong><\/h3>\n\n\n\n<p>Der Safe liegt in dem Kleiderschrank. Es ist frei, darin Wertgegenst\u00e4nde und Geld hinterzulegen, diese finden Sie im Formular oben.<\/p>\n\n\n\n<h3 class=\"wp-block-heading\"><strong>Natur:<\/strong><\/h3>\n\n\n\n<p>Jesolo und seine Umgebung sind so anziehend auch dank der Natur, deshalb muss man sie schonen.<br>Wir bitten Sie selbst zu entscheiden, ob Handt\u00fccher gewechselt werden sollen.<\/p>\n\n\n\n<h3 class=\"wp-block-heading\"><strong>Mahlzeiten:<\/strong><\/h3>\n\n\n\n<p>Fr\u00fchst\u00fcck: von 7:45 bis 10:30Uhr in unserer Veranda.<br>Wenn Sie fr\u00fcher fr\u00fchst\u00fccken w\u00fcnschen, bitte benachrichtigen Sie uns am vorherigen Abend.<\/p>\n\n\n\n<h3 class=\"wp-block-heading\"><strong>Take away:<\/strong><\/h3>\n\n\n\n<p>Von 12:30 bis 13:00 Uhr k\u00f6nnen Sie Ihre Take-aways abholen.<\/p>\n\n\n\n<h3 class=\"wp-block-heading\"><strong>Baby Food-Mittags Ecke:<\/strong><\/h3>\n\n\n\n<p>die M\u00fctter das Essen f\u00fcr ihre Kinder aufw\u00e4rmen und servieren k\u00f6nnen, so wie dessen Zubereitung mit unserer K\u00fcche vereinbaren k\u00f6nnen.<\/p>\n\n\n\n<h3 class=\"wp-block-heading\"><strong>Abendessen:<\/strong><\/h3>\n\n\n\n<p>Ihren Tisch finden Sie in einem unserer beiden Speises\u00e4le, die Kellner stehen Ihnen von 19.30 bis 20.30 Uhr zur Verf\u00fcgung.<br>Unser Chef vorbereitet die Speisen mit viel Sorge.<br>Das Men\u00fc nach Wahl liegt auf Ihrem Tisch jedem Tag. Eventuell ist es m\u00f6glich extra Men\u00fc W\u00fcnsche mit der Rezeption zu verabreden.<br>Extra Men\u00fc W\u00fcnsche, die nicht mit der Rezeption verabredet werden, werden als Extra in der Rechnung belastet.<br>Abendessen f\u00fcr Kinder: m\u00f6glich um 19.15 Uhr (nur auf Wunsch).<\/p>\n\n\n\n<h3 class=\"wp-block-heading\"><strong>Telefon:<\/strong><\/h3>\n\n\n\n<p>Dr\u00fccken Sie Nummer 9 um die Rezeption anzurufen.<br>Um ein anderes Zimmer anzurufen, dr\u00fccken Sie sein Nummer.<br>Um nach au\u00dfen anzurufen, tippen Sie Nummer 0 vor der ausgew\u00e4hlten Telefonnummer.<\/p>\n\n\n\n<h3 class=\"wp-block-heading\"><strong>Notrufnummer:<\/strong><\/h3>\n\n\n\n<ul class=\"wp-block-list\">\n<li>Rezeption in der Nacht: 9<\/li>\n\n\n\n<li>Erste Hilfe: 118<\/li>\n<\/ul>\n\n\n\n<h3 class=\"wp-block-heading\"><strong>Xbox 360:<\/strong><\/h3>\n\n\n\n<p>Jeder, der spielen m\u00f6chte, kann unsere Xbox 360 nutzen, die sich im Haupteingang des Hotels befindet.<\/p>\n\n\n\n<h3 class=\"wp-block-heading\"><strong>Bank:<\/strong><\/h3>\n\n\n\n<p>Vor dem Hotel finden Sie die Bank Prealpi S. Biagio, w\u00e4hrend Sie auf der P.zza Milano (200 Meter vom Hotel entfernt) die Bank BPER finden.<\/p>\n\n\n\n<h3 class=\"wp-block-heading\"><strong>Kosmetiker:<\/strong><\/h3>\n\n\n\n<p>Artestetica, via Danimarca, 4 (1. Gasse)<br>Tel. +39 (0)421-961771<\/p>\n\n\n\n<h3 class=\"wp-block-heading\"><strong>Friseur:<\/strong><\/h3>\n\n\n\n<p>Salon Zoccarato auf der Piazza Milano<br>Salon Nella auf der Piazza Milano<br>Salon von Manuel vor dem Hotel.<\/p>\n\n\n\n<h3 class=\"wp-block-heading\"><strong>Apotheke:<\/strong><\/h3>\n\n\n\n<p>Die Apotheke befindet sich auf der Piazza Milano.<br>Sie k\u00f6nnen auch einen auf der Piazza Torino finden.<\/p>\n\n\n\n<h3 class=\"wp-block-heading\"><strong>Arzt:<\/strong><\/h3>\n\n\n\n<p>In den Nachtstunden soll man sich im Fall tats\u00e4chlicher Notwendigkeit an die \u201ccontinuit\u00e0 assistenziale\u201d (Nachtdienst) wenden (von 20:00 bis 08:00 Uhr).<br>Das Krankenhaus von Jesolo ist etwa c.a 1,0 km vom Hotel entfernt.<\/p>\n\n\n\n<h3 class=\"wp-block-heading\"><strong>Bar:<\/strong><\/h3>\n\n\n\n<p>Entspannen Sie sich und probieren Sie einen Espresso oder ein Longdrink von unserem Barman.<br>Die Bar und der Dachgarten sind von 7.30 bis Mitternacht ge\u00f6ffnet.<br>Es ist m\u00f6glich, direkt vom Pool oder vom Dachgarten zu bestellen, indem Sie die Nummer 9 von der Gegensprechanlage aus eingeben.<\/p>\n\n\n\n<h3 class=\"wp-block-heading\"><strong>R\u00fcckkehr in der Nacht:<\/strong><\/h3>\n\n\n\n<p>Um einzutreten, k\u00f6nnen Sie die Haupteingang mit dem Schl\u00fcssel Ihres Zimmers irgendwann \u00f6ffnen. Lehnen Sie den Schl\u00fcssel an den Sensor.<\/p>\n\n\n\n<h3 class=\"wp-block-heading\"><strong>Fahrr\u00e4der<\/strong><\/h3>\n\n\n\n<p>Wir bitten Sie zu Aufmerksamkeit auf die folgenden Regeln achten:<\/p>\n\n\n\n<ol class=\"wp-block-list\">\n<li>Fahrr\u00e4der werden verpflichtet zeit nutzen und sind nicht gebucht.<\/li>\n\n\n\n<li>Fahrr\u00e4der sind f\u00fcr alle G\u00e4ste und sollte nicht mehr als 3 Stunden verwendet werden.<\/li>\n\n\n\n<li>Bitte melde Dich an fehlfunktionen oder Sch\u00e4den auftreten.<\/li>\n\n\n\n<li>Bitte sperren Sie das Velos an dem daf\u00fcr vorgesehenen Rack durch Vorhangeschl\u00f6sser und geben zur\u00fcck die Schl\u00fcssel in der Empfang nach der Nutzug<\/li>\n<\/ol>\n\n\n\n<h3 class=\"wp-block-heading\"><strong>Taxi:<\/strong><\/h3>\n\n\n\n<p>Wenn Sie ein Taxi brauchen, werden wir gerneein f\u00fcr Sie anrufen.<\/p>\n\n\n\n<h3 class=\"wp-block-heading\"><strong>Rechnung:<\/strong><\/h3>\n\n\n\n<p>Unsere G\u00e4ste werden h\u00f6flich gebeten die Hotelrechnung einen Tag vor der Abreise vom 14.00 bis 20.00 Uhr begleichen zu wollen.<br>Wenn ein Angebot in der Rechnung enthalten ist, bitten wir Ihnen, in Bar zu bezahlen.<\/p>\n\n\n\n<h3 class=\"wp-block-heading\"><strong>Abreise:<\/strong><\/h3>\n\n\n\n<p>Sie sind soeben angekommen, aber wir w\u00fcnschen etwas \u00fcber Ihre Abreise sagen. Am Abreisetag lassen Sie bitte Ihr Zimmer und Parkplatz innerhalb 10.00 Uhr frei.<br>Es ist m\u00f6glich, die Abreise zu verschieben, indem Sie das Zimmer, den Parkplatz und den Strand behalten und auch den Pool und das Solarium bis 18:30 Uhr nutzen.<br>Zus\u00e4tzlicher Service je nach Verf\u00fcgbarkeit<\/p>\n\n\n\n<h3 class=\"wp-block-heading\"><strong>Um zu schlie\u00dfen:<\/strong><\/h3>\n\n\n\n<p>Wenn es ein Problem in Ihrem Zimmer gibt, benachrichtigen Sie uns bitte; auf diese Weise werden Sie uns helfen.<br>Wir w\u00fcnschen Ihnen einen gl\u00fccklichen und unbeschwerten Aufenthalt im Hotel Tropical, Jesolo.<\/p>\n","protected":false},"excerpt":{"rendered":"<p>Ankunft: Normalerweise sind die Zimmer ab 13:00 Uhr des Ankunftstages fertig, aber wir entschuldigen uns wenn Ihr Zimmer noch nicht fertig ist. Auto: Der Parkplatz liegt hinter dem Hotel. Unsere G\u00e4ste werden h\u00f6flich gebeten, die Autoschl\u00fcssel an der Rezeption zu lassen, wenn Ihr Auto die andere behindert. Haustiere: Sie sind in den \u00f6ffentlichen Bereichen des [&hellip;]<\/p>\n","protected":false},"author":1,"featured_media":2044,"parent":2285,"menu_order":0,"comment_status":"closed","ping_status":"closed","template":"","meta":{"_acf_changed":false,"footnotes":""},"class_list":["post-2302","page","type-page","status-publish","has-post-thumbnail","hentry"],"acf":[],"yoast_head":"<!-- This site is optimized with the Yoast SEO plugin v27.0 - https:\/\/yoast.com\/product\/yoast-seo-wordpress\/ -->\n<title>Allgemeine Informationen - Tropical Hotel Jesolo<\/title>\n<meta name=\"description\" content=\"Alle wichtigen Infos f\u00fcr Ihren Aufenthalt im Hotel Tropical Jesolo: Services, Zeiten, Regeln und Tipps f\u00fcr einen unbeschwerten Urlaub.\" \/>\n<meta name=\"robots\" content=\"index, follow, max-snippet:-1, max-image-preview:large, max-video-preview:-1\" \/>\n<link rel=\"canonical\" href=\"https:\/\/tropicalhotel.it\/de\/preise\/allgemeine-informationen\/\" \/>\n<meta property=\"og:locale\" content=\"de_DE\" \/>\n<meta property=\"og:type\" content=\"article\" \/>\n<meta property=\"og:title\" content=\"Allgemeine Informationen - Tropical Hotel Jesolo\" \/>\n<meta property=\"og:description\" content=\"Alle wichtigen Infos f\u00fcr Ihren Aufenthalt im Hotel Tropical Jesolo: Services, Zeiten, Regeln und Tipps f\u00fcr einen unbeschwerten Urlaub.\" \/>\n<meta property=\"og:url\" content=\"https:\/\/tropicalhotel.it\/de\/preise\/allgemeine-informationen\/\" \/>\n<meta property=\"og:site_name\" content=\"Tropical Hotel Jesolo\" \/>\n<meta property=\"article:publisher\" content=\"https:\/\/www.facebook.com\/Tropical-Hotel-Jesolo-276868195688612\/\" \/>\n<meta property=\"article:modified_time\" content=\"2025-04-23T13:29:55+00:00\" \/>\n<meta property=\"og:image\" content=\"https:\/\/tropicalhotel.it\/wp-content\/uploads\/2025\/01\/info-generali2.jpg\" \/>\n\t<meta property=\"og:image:width\" content=\"1600\" \/>\n\t<meta property=\"og:image:height\" content=\"558\" \/>\n\t<meta property=\"og:image:type\" content=\"image\/jpeg\" \/>\n<meta name=\"twitter:card\" content=\"summary_large_image\" \/>\n<meta name=\"twitter:label1\" content=\"Gesch\u00e4tzte Lesezeit\" \/>\n\t<meta name=\"twitter:data1\" content=\"6\u00a0Minuten\" \/>\n<script type=\"application\/ld+json\" class=\"yoast-schema-graph\">{\"@context\":\"https:\/\/schema.org\",\"@graph\":[{\"@type\":\"WebPage\",\"@id\":\"https:\/\/tropicalhotel.it\/de\/preise\/allgemeine-informationen\/\",\"url\":\"https:\/\/tropicalhotel.it\/de\/preise\/allgemeine-informationen\/\",\"name\":\"Allgemeine Informationen - Tropical Hotel Jesolo\",\"isPartOf\":{\"@id\":\"https:\/\/tropicalhotel.it\/de\/#website\"},\"primaryImageOfPage\":{\"@id\":\"https:\/\/tropicalhotel.it\/de\/preise\/allgemeine-informationen\/#primaryimage\"},\"image\":{\"@id\":\"https:\/\/tropicalhotel.it\/de\/preise\/allgemeine-informationen\/#primaryimage\"},\"thumbnailUrl\":\"https:\/\/tropicalhotel.it\/wp-content\/uploads\/2025\/01\/info-generali2.jpg\",\"datePublished\":\"2025-01-09T10:10:01+00:00\",\"dateModified\":\"2025-04-23T13:29:55+00:00\",\"description\":\"Alle wichtigen Infos f\u00fcr Ihren Aufenthalt im Hotel Tropical Jesolo: Services, Zeiten, Regeln und Tipps f\u00fcr einen unbeschwerten Urlaub.\",\"breadcrumb\":{\"@id\":\"https:\/\/tropicalhotel.it\/de\/preise\/allgemeine-informationen\/#breadcrumb\"},\"inLanguage\":\"de\",\"potentialAction\":[{\"@type\":\"ReadAction\",\"target\":[\"https:\/\/tropicalhotel.it\/de\/preise\/allgemeine-informationen\/\"]}]},{\"@type\":\"ImageObject\",\"inLanguage\":\"de\",\"@id\":\"https:\/\/tropicalhotel.it\/de\/preise\/allgemeine-informationen\/#primaryimage\",\"url\":\"https:\/\/tropicalhotel.it\/wp-content\/uploads\/2025\/01\/info-generali2.jpg\",\"contentUrl\":\"https:\/\/tropicalhotel.it\/wp-content\/uploads\/2025\/01\/info-generali2.jpg\",\"width\":1600,\"height\":558},{\"@type\":\"BreadcrumbList\",\"@id\":\"https:\/\/tropicalhotel.it\/de\/preise\/allgemeine-informationen\/#breadcrumb\",\"itemListElement\":[{\"@type\":\"ListItem\",\"position\":1,\"name\":\"Home\",\"item\":\"https:\/\/tropicalhotel.it\/de\/\"},{\"@type\":\"ListItem\",\"position\":2,\"name\":\"Preise\",\"item\":\"https:\/\/tropicalhotel.it\/de\/preise\/\"},{\"@type\":\"ListItem\",\"position\":3,\"name\":\"Allgemeine Informationen\"}]},{\"@type\":\"WebSite\",\"@id\":\"https:\/\/tropicalhotel.it\/de\/#website\",\"url\":\"https:\/\/tropicalhotel.it\/de\/\",\"name\":\"Tropical Hotel Jesolo\",\"description\":\"Hotel 3 stelle a Jesolo\",\"publisher\":{\"@id\":\"https:\/\/tropicalhotel.it\/de\/#organization\"},\"potentialAction\":[{\"@type\":\"SearchAction\",\"target\":{\"@type\":\"EntryPoint\",\"urlTemplate\":\"https:\/\/tropicalhotel.it\/de\/?s={search_term_string}\"},\"query-input\":{\"@type\":\"PropertyValueSpecification\",\"valueRequired\":true,\"valueName\":\"search_term_string\"}}],\"inLanguage\":\"de\"},{\"@type\":\"Organization\",\"@id\":\"https:\/\/tropicalhotel.it\/de\/#organization\",\"name\":\"Tropical Hotel Jesolo\",\"url\":\"https:\/\/tropicalhotel.it\/de\/\",\"logo\":{\"@type\":\"ImageObject\",\"inLanguage\":\"de\",\"@id\":\"https:\/\/tropicalhotel.it\/de\/#\/schema\/logo\/image\/\",\"url\":\"https:\/\/tropicalhotel.it\/wp-content\/uploads\/2024\/12\/Logo-Tropical-Verticale-2-2.jpg\",\"contentUrl\":\"https:\/\/tropicalhotel.it\/wp-content\/uploads\/2024\/12\/Logo-Tropical-Verticale-2-2.jpg\",\"width\":190,\"height\":147,\"caption\":\"Tropical Hotel Jesolo\"},\"image\":{\"@id\":\"https:\/\/tropicalhotel.it\/de\/#\/schema\/logo\/image\/\"},\"sameAs\":[\"https:\/\/www.facebook.com\/Tropical-Hotel-Jesolo-276868195688612\/\",\"https:\/\/www.instagram.com\/tropicalhoteljesolo\/\"]}]}<\/script>\n<!-- \/ Yoast SEO plugin. -->","yoast_head_json":{"title":"Allgemeine Informationen - Tropical Hotel Jesolo","description":"Alle wichtigen Infos f\u00fcr Ihren Aufenthalt im Hotel Tropical Jesolo: Services, Zeiten, Regeln und Tipps f\u00fcr einen unbeschwerten Urlaub.","robots":{"index":"index","follow":"follow","max-snippet":"max-snippet:-1","max-image-preview":"max-image-preview:large","max-video-preview":"max-video-preview:-1"},"canonical":"https:\/\/tropicalhotel.it\/de\/preise\/allgemeine-informationen\/","og_locale":"de_DE","og_type":"article","og_title":"Allgemeine Informationen - Tropical Hotel Jesolo","og_description":"Alle wichtigen Infos f\u00fcr Ihren Aufenthalt im Hotel Tropical Jesolo: Services, Zeiten, Regeln und Tipps f\u00fcr einen unbeschwerten Urlaub.","og_url":"https:\/\/tropicalhotel.it\/de\/preise\/allgemeine-informationen\/","og_site_name":"Tropical Hotel Jesolo","article_publisher":"https:\/\/www.facebook.com\/Tropical-Hotel-Jesolo-276868195688612\/","article_modified_time":"2025-04-23T13:29:55+00:00","og_image":[{"width":1600,"height":558,"url":"https:\/\/tropicalhotel.it\/wp-content\/uploads\/2025\/01\/info-generali2.jpg","type":"image\/jpeg"}],"twitter_card":"summary_large_image","twitter_misc":{"Gesch\u00e4tzte Lesezeit":"6\u00a0Minuten"},"schema":{"@context":"https:\/\/schema.org","@graph":[{"@type":"WebPage","@id":"https:\/\/tropicalhotel.it\/de\/preise\/allgemeine-informationen\/","url":"https:\/\/tropicalhotel.it\/de\/preise\/allgemeine-informationen\/","name":"Allgemeine Informationen - Tropical Hotel Jesolo","isPartOf":{"@id":"https:\/\/tropicalhotel.it\/de\/#website"},"primaryImageOfPage":{"@id":"https:\/\/tropicalhotel.it\/de\/preise\/allgemeine-informationen\/#primaryimage"},"image":{"@id":"https:\/\/tropicalhotel.it\/de\/preise\/allgemeine-informationen\/#primaryimage"},"thumbnailUrl":"https:\/\/tropicalhotel.it\/wp-content\/uploads\/2025\/01\/info-generali2.jpg","datePublished":"2025-01-09T10:10:01+00:00","dateModified":"2025-04-23T13:29:55+00:00","description":"Alle wichtigen Infos f\u00fcr Ihren Aufenthalt im Hotel Tropical Jesolo: Services, Zeiten, Regeln und Tipps f\u00fcr einen unbeschwerten Urlaub.","breadcrumb":{"@id":"https:\/\/tropicalhotel.it\/de\/preise\/allgemeine-informationen\/#breadcrumb"},"inLanguage":"de","potentialAction":[{"@type":"ReadAction","target":["https:\/\/tropicalhotel.it\/de\/preise\/allgemeine-informationen\/"]}]},{"@type":"ImageObject","inLanguage":"de","@id":"https:\/\/tropicalhotel.it\/de\/preise\/allgemeine-informationen\/#primaryimage","url":"https:\/\/tropicalhotel.it\/wp-content\/uploads\/2025\/01\/info-generali2.jpg","contentUrl":"https:\/\/tropicalhotel.it\/wp-content\/uploads\/2025\/01\/info-generali2.jpg","width":1600,"height":558},{"@type":"BreadcrumbList","@id":"https:\/\/tropicalhotel.it\/de\/preise\/allgemeine-informationen\/#breadcrumb","itemListElement":[{"@type":"ListItem","position":1,"name":"Home","item":"https:\/\/tropicalhotel.it\/de\/"},{"@type":"ListItem","position":2,"name":"Preise","item":"https:\/\/tropicalhotel.it\/de\/preise\/"},{"@type":"ListItem","position":3,"name":"Allgemeine Informationen"}]},{"@type":"WebSite","@id":"https:\/\/tropicalhotel.it\/de\/#website","url":"https:\/\/tropicalhotel.it\/de\/","name":"Tropical Hotel Jesolo","description":"Hotel 3 stelle a Jesolo","publisher":{"@id":"https:\/\/tropicalhotel.it\/de\/#organization"},"potentialAction":[{"@type":"SearchAction","target":{"@type":"EntryPoint","urlTemplate":"https:\/\/tropicalhotel.it\/de\/?s={search_term_string}"},"query-input":{"@type":"PropertyValueSpecification","valueRequired":true,"valueName":"search_term_string"}}],"inLanguage":"de"},{"@type":"Organization","@id":"https:\/\/tropicalhotel.it\/de\/#organization","name":"Tropical Hotel Jesolo","url":"https:\/\/tropicalhotel.it\/de\/","logo":{"@type":"ImageObject","inLanguage":"de","@id":"https:\/\/tropicalhotel.it\/de\/#\/schema\/logo\/image\/","url":"https:\/\/tropicalhotel.it\/wp-content\/uploads\/2024\/12\/Logo-Tropical-Verticale-2-2.jpg","contentUrl":"https:\/\/tropicalhotel.it\/wp-content\/uploads\/2024\/12\/Logo-Tropical-Verticale-2-2.jpg","width":190,"height":147,"caption":"Tropical Hotel Jesolo"},"image":{"@id":"https:\/\/tropicalhotel.it\/de\/#\/schema\/logo\/image\/"},"sameAs":["https:\/\/www.facebook.com\/Tropical-Hotel-Jesolo-276868195688612\/","https:\/\/www.instagram.com\/tropicalhoteljesolo\/"]}]}},"_links":{"self":[{"href":"https:\/\/tropicalhotel.it\/de\/wp-json\/wp\/v2\/pages\/2302","targetHints":{"allow":["GET"]}}],"collection":[{"href":"https:\/\/tropicalhotel.it\/de\/wp-json\/wp\/v2\/pages"}],"about":[{"href":"https:\/\/tropicalhotel.it\/de\/wp-json\/wp\/v2\/types\/page"}],"author":[{"embeddable":true,"href":"https:\/\/tropicalhotel.it\/de\/wp-json\/wp\/v2\/users\/1"}],"replies":[{"embeddable":true,"href":"https:\/\/tropicalhotel.it\/de\/wp-json\/wp\/v2\/comments?post=2302"}],"version-history":[{"count":3,"href":"https:\/\/tropicalhotel.it\/de\/wp-json\/wp\/v2\/pages\/2302\/revisions"}],"predecessor-version":[{"id":3110,"href":"https:\/\/tropicalhotel.it\/de\/wp-json\/wp\/v2\/pages\/2302\/revisions\/3110"}],"up":[{"embeddable":true,"href":"https:\/\/tropicalhotel.it\/de\/wp-json\/wp\/v2\/pages\/2285"}],"wp:featuredmedia":[{"embeddable":true,"href":"https:\/\/tropicalhotel.it\/de\/wp-json\/wp\/v2\/media\/2044"}],"wp:attachment":[{"href":"https:\/\/tropicalhotel.it\/de\/wp-json\/wp\/v2\/media?parent=2302"}],"curies":[{"name":"wp","href":"https:\/\/api.w.org\/{rel}","templated":true}]}}