{"id":2317,"date":"2025-02-03T13:24:04","date_gmt":"2025-02-03T13:24:04","guid":{"rendered":"https:\/\/staging.tropicalhotel.it\/pubblicazione-degli-aiuti-di-stato-contributi-ricevuti-nellanno-2020-legge-124-2017\/"},"modified":"2025-02-21T10:20:02","modified_gmt":"2025-02-21T10:20:02","slug":"veroeffentlichung-der-erhaltenen-staatlichen-beihilfen-zuschuesse-im-jahr-2020-gesetz-124-2017","status":"publish","type":"page","link":"https:\/\/tropicalhotel.it\/de\/veroeffentlichung-der-erhaltenen-staatlichen-beihilfen-zuschuesse-im-jahr-2020-gesetz-124-2017\/","title":{"rendered":"VER\u00d6FFENTLICHUNG DER ERHALTENEN STAATLICHEN BEIHILFEN\/ZUSCH\u00dcSSE IM JAHR 2020 \u2013 GESETZ 124\/2017"},"content":{"rendered":"\n<p><strong>Empf\u00e4ngername: TROPICAL S.N.C. DI ANDREA BERGAMO &amp; C.<br><\/strong>Steuernummer des Empf\u00e4ngers: <strong>02174050274<\/strong><\/p>\n\n\n\n<ol class=\"wp-block-list\">\n<li>Zahlende Beh\u00f6rde: Italienische Finanzverwaltung<br>Erhaltener Betrag: 3.848,00 \u20ac<br>Empfangsdatum: 25\/06\/2020<br>Grund: Nicht r\u00fcckzahlbarer Zuschuss \u2013 Relaunch-Dekret, Art. 25 des Gesetzesdekrets vom 19.05.2020<\/li>\n\n\n\n<li>Zahlende Beh\u00f6rde: Italienische Finanzverwaltung<br>Erhaltener Betrag: 5.772,00 \u20ac<br>Empfangsdatum: 10\/11\/2020<br>Grund: Ristori- und Ristori Bis-Dekrete \u2013 Art. 1 des Gesetzesdekrets vom 28. Oktober 2020 Nr. 137 und Art. 2 des Gesetzesdekrets vom 9. November 2020 Nr. 149<\/li>\n\n\n\n<li>Zahlende Beh\u00f6rde: Italienische Steuerbeh\u00f6rde<br>Gew\u00e4hrter Kredit: 480,00 \u20ac<br>Letztes Nutzungsdatum: 14\/12\/2020<br>Grund: Steuergutschrift f\u00fcr Desinfektion und PSA \u2013 Artikel 125 des Gesetzesdekrets Nr. 34 vom 19. Mai 2020<\/li>\n<\/ol>\n","protected":false},"excerpt":{"rendered":"<p>Empf\u00e4ngername: TROPICAL S.N.C. DI ANDREA BERGAMO &amp; C.Steuernummer des Empf\u00e4ngers: 02174050274<\/p>\n","protected":false},"author":1,"featured_media":0,"parent":0,"menu_order":0,"comment_status":"closed","ping_status":"closed","template":"","meta":{"_acf_changed":false,"footnotes":""},"class_list":["post-2317","page","type-page","status-publish","hentry"],"acf":[],"_links":{"self":[{"href":"https:\/\/tropicalhotel.it\/de\/wp-json\/wp\/v2\/pages\/2317","targetHints":{"allow":["GET"]}}],"collection":[{"href":"https:\/\/tropicalhotel.it\/de\/wp-json\/wp\/v2\/pages"}],"about":[{"href":"https:\/\/tropicalhotel.it\/de\/wp-json\/wp\/v2\/types\/page"}],"author":[{"embeddable":true,"href":"https:\/\/tropicalhotel.it\/de\/wp-json\/wp\/v2\/users\/1"}],"replies":[{"embeddable":true,"href":"https:\/\/tropicalhotel.it\/de\/wp-json\/wp\/v2\/comments?post=2317"}],"version-history":[{"count":2,"href":"https:\/\/tropicalhotel.it\/de\/wp-json\/wp\/v2\/pages\/2317\/revisions"}],"predecessor-version":[{"id":2327,"href":"https:\/\/tropicalhotel.it\/de\/wp-json\/wp\/v2\/pages\/2317\/revisions\/2327"}],"wp:attachment":[{"href":"https:\/\/tropicalhotel.it\/de\/wp-json\/wp\/v2\/media?parent=2317"}],"curies":[{"name":"wp","href":"https:\/\/api.w.org\/{rel}","templated":true}]}}