{"id":2330,"date":"2024-12-17T09:17:42","date_gmt":"2024-12-17T09:17:42","guid":{"rendered":"https:\/\/staging.tropicalhotel.it\/servizio-in-camera\/"},"modified":"2025-02-21T10:31:56","modified_gmt":"2025-02-21T10:31:56","slug":"zimmerservice","status":"publish","type":"page","link":"https:\/\/tropicalhotel.it\/de\/zimmerservice\/","title":{"rendered":"Zimmerservice"},"content":{"rendered":"\n<p><strong>Das Vergn\u00fcgen, das Fr\u00fchst\u00fcck in Ihrem Zimmer zu genie\u00dfen.<\/strong><br>Da wir wirklich m\u00f6chten, dass unsere G\u00e4ste gesund und gl\u00fccklich sind, bieten wir Ihnen gerne die M\u00f6glichkeit, ein<br>glutenfreies Fr\u00fchst\u00fcck in Ihrem Zimmer zu genie\u00dfen, bei dem Sie Ihre Privatsph\u00e4re, Entspannung und Ihren Komfort<br>nach Belieben genie\u00dfen k\u00f6nnen.<\/p>\n\n\n\n<p><strong>Wie es funktioniert<\/strong><br>Es ist sehr einfach!<br>Das Fr\u00fchst\u00fccksmen\u00fc finden Sie in Ihrem Zimmer. W\u00e4hlen Sie, was Sie haben m\u00f6chten und den gew\u00fcnschten<br>Lieferzeitpunkt. Lassen Sie das ausgef\u00fcllte Formular vor 6 Uhr morgens vor Ihrer T\u00fcr h\u00e4ngen und wir liefern Ihnen Ihr<br>Fr\u00fchst\u00fcck auf dem Zimmer nach Ihren W\u00fcnschen.<\/p>\n\n\n\n<p><strong>\u2026Wie viel kostet es?<\/strong><br>Unser Fr\u00fchst\u00fcckszuschlag in dem Zimmer betr\u00e4gt 7,00 Eur pro Zimmer. Die Kosten f\u00fcr das Fr\u00fchst\u00fcck h\u00e4ngen von Ihrer<br>Wahl ab. Wir haben viele Optionen erh\u00e4ltlich, sowie Fr\u00fchst\u00fcck in den Zimmerkosten enthalten. Sie d\u00fcrfen Ihr<br>Fr\u00fchst\u00fcck auch \u00e0 la carte w\u00e4hlen. In diesem Fall finden Sie die Kosten f\u00fcr die einzelnen Elemente auf der Speisekarte in<br>Ihrem Zimmer.<\/p>\n","protected":false},"excerpt":{"rendered":"<p>Das Vergn\u00fcgen, das Fr\u00fchst\u00fcck in Ihrem Zimmer zu genie\u00dfen.Da wir wirklich m\u00f6chten, dass unsere G\u00e4ste gesund und gl\u00fccklich sind, bieten wir Ihnen gerne die M\u00f6glichkeit, einglutenfreies Fr\u00fchst\u00fcck in Ihrem Zimmer zu genie\u00dfen, bei dem Sie Ihre Privatsph\u00e4re, Entspannung und Ihren Komfortnach Belieben genie\u00dfen k\u00f6nnen. Wie es funktioniertEs ist sehr einfach!Das Fr\u00fchst\u00fccksmen\u00fc finden Sie in Ihrem [&hellip;]<\/p>\n","protected":false},"author":1,"featured_media":495,"parent":0,"menu_order":0,"comment_status":"closed","ping_status":"closed","template":"","meta":{"_acf_changed":false,"footnotes":""},"class_list":["post-2330","page","type-page","status-publish","has-post-thumbnail","hentry"],"acf":[],"yoast_head":"<!-- This site is optimized with the Yoast SEO plugin v27.0 - https:\/\/yoast.com\/product\/yoast-seo-wordpress\/ -->\n<title>Zimmerservice - Tropical Hotel Jesolo<\/title>\n<meta name=\"description\" content=\"Genie\u00dfen Sie Ihr Fr\u00fchst\u00fcck im Zimmer mit unserem exklusiven Service, auch mit glutenfreien Optionen. Privatsph\u00e4re, Entspannung und Komfort.\" \/>\n<meta name=\"robots\" content=\"index, follow, max-snippet:-1, max-image-preview:large, max-video-preview:-1\" \/>\n<link rel=\"canonical\" href=\"https:\/\/tropicalhotel.it\/de\/zimmerservice\/\" \/>\n<meta property=\"og:locale\" content=\"de_DE\" \/>\n<meta property=\"og:type\" content=\"article\" \/>\n<meta property=\"og:title\" content=\"Zimmerservice - Tropical Hotel Jesolo\" \/>\n<meta property=\"og:description\" content=\"Genie\u00dfen Sie Ihr Fr\u00fchst\u00fcck im Zimmer mit unserem exklusiven Service, auch mit glutenfreien Optionen. Privatsph\u00e4re, Entspannung und Komfort.\" \/>\n<meta property=\"og:url\" content=\"https:\/\/tropicalhotel.it\/de\/zimmerservice\/\" \/>\n<meta property=\"og:site_name\" content=\"Tropical Hotel Jesolo\" \/>\n<meta property=\"article:publisher\" content=\"https:\/\/www.facebook.com\/Tropical-Hotel-Jesolo-276868195688612\/\" \/>\n<meta property=\"article:modified_time\" content=\"2025-02-21T10:31:56+00:00\" \/>\n<meta property=\"og:image\" content=\"https:\/\/tropicalhotel.it\/wp-content\/uploads\/2024\/12\/colazione-top.jpg\" \/>\n\t<meta property=\"og:image:width\" content=\"1920\" \/>\n\t<meta property=\"og:image:height\" content=\"670\" \/>\n\t<meta property=\"og:image:type\" content=\"image\/jpeg\" \/>\n<meta name=\"twitter:card\" content=\"summary_large_image\" \/>\n<meta name=\"twitter:label1\" content=\"Gesch\u00e4tzte Lesezeit\" \/>\n\t<meta name=\"twitter:data1\" content=\"2\u00a0Minuten\" \/>\n<script type=\"application\/ld+json\" class=\"yoast-schema-graph\">{\"@context\":\"https:\/\/schema.org\",\"@graph\":[{\"@type\":\"WebPage\",\"@id\":\"https:\/\/tropicalhotel.it\/de\/zimmerservice\/\",\"url\":\"https:\/\/tropicalhotel.it\/de\/zimmerservice\/\",\"name\":\"Zimmerservice - Tropical Hotel Jesolo\",\"isPartOf\":{\"@id\":\"https:\/\/tropicalhotel.it\/de\/#website\"},\"primaryImageOfPage\":{\"@id\":\"https:\/\/tropicalhotel.it\/de\/zimmerservice\/#primaryimage\"},\"image\":{\"@id\":\"https:\/\/tropicalhotel.it\/de\/zimmerservice\/#primaryimage\"},\"thumbnailUrl\":\"https:\/\/tropicalhotel.it\/wp-content\/uploads\/2024\/12\/colazione-top.jpg\",\"datePublished\":\"2024-12-17T09:17:42+00:00\",\"dateModified\":\"2025-02-21T10:31:56+00:00\",\"description\":\"Genie\u00dfen Sie Ihr Fr\u00fchst\u00fcck im Zimmer mit unserem exklusiven Service, auch mit glutenfreien Optionen. Privatsph\u00e4re, Entspannung und Komfort.\",\"breadcrumb\":{\"@id\":\"https:\/\/tropicalhotel.it\/de\/zimmerservice\/#breadcrumb\"},\"inLanguage\":\"de\",\"potentialAction\":[{\"@type\":\"ReadAction\",\"target\":[\"https:\/\/tropicalhotel.it\/de\/zimmerservice\/\"]}]},{\"@type\":\"ImageObject\",\"inLanguage\":\"de\",\"@id\":\"https:\/\/tropicalhotel.it\/de\/zimmerservice\/#primaryimage\",\"url\":\"https:\/\/tropicalhotel.it\/wp-content\/uploads\/2024\/12\/colazione-top.jpg\",\"contentUrl\":\"https:\/\/tropicalhotel.it\/wp-content\/uploads\/2024\/12\/colazione-top.jpg\",\"width\":1920,\"height\":670},{\"@type\":\"BreadcrumbList\",\"@id\":\"https:\/\/tropicalhotel.it\/de\/zimmerservice\/#breadcrumb\",\"itemListElement\":[{\"@type\":\"ListItem\",\"position\":1,\"name\":\"Home\",\"item\":\"https:\/\/tropicalhotel.it\/de\/\"},{\"@type\":\"ListItem\",\"position\":2,\"name\":\"Zimmerservice\"}]},{\"@type\":\"WebSite\",\"@id\":\"https:\/\/tropicalhotel.it\/de\/#website\",\"url\":\"https:\/\/tropicalhotel.it\/de\/\",\"name\":\"Tropical Hotel Jesolo\",\"description\":\"Hotel 3 stelle a Jesolo\",\"publisher\":{\"@id\":\"https:\/\/tropicalhotel.it\/de\/#organization\"},\"potentialAction\":[{\"@type\":\"SearchAction\",\"target\":{\"@type\":\"EntryPoint\",\"urlTemplate\":\"https:\/\/tropicalhotel.it\/de\/?s={search_term_string}\"},\"query-input\":{\"@type\":\"PropertyValueSpecification\",\"valueRequired\":true,\"valueName\":\"search_term_string\"}}],\"inLanguage\":\"de\"},{\"@type\":\"Organization\",\"@id\":\"https:\/\/tropicalhotel.it\/de\/#organization\",\"name\":\"Tropical Hotel Jesolo\",\"url\":\"https:\/\/tropicalhotel.it\/de\/\",\"logo\":{\"@type\":\"ImageObject\",\"inLanguage\":\"de\",\"@id\":\"https:\/\/tropicalhotel.it\/de\/#\/schema\/logo\/image\/\",\"url\":\"https:\/\/tropicalhotel.it\/wp-content\/uploads\/2024\/12\/Logo-Tropical-Verticale-2-2.jpg\",\"contentUrl\":\"https:\/\/tropicalhotel.it\/wp-content\/uploads\/2024\/12\/Logo-Tropical-Verticale-2-2.jpg\",\"width\":190,\"height\":147,\"caption\":\"Tropical Hotel Jesolo\"},\"image\":{\"@id\":\"https:\/\/tropicalhotel.it\/de\/#\/schema\/logo\/image\/\"},\"sameAs\":[\"https:\/\/www.facebook.com\/Tropical-Hotel-Jesolo-276868195688612\/\",\"https:\/\/www.instagram.com\/tropicalhoteljesolo\/\"]}]}<\/script>\n<!-- \/ Yoast SEO plugin. -->","yoast_head_json":{"title":"Zimmerservice - Tropical Hotel Jesolo","description":"Genie\u00dfen Sie Ihr Fr\u00fchst\u00fcck im Zimmer mit unserem exklusiven Service, auch mit glutenfreien Optionen. Privatsph\u00e4re, Entspannung und Komfort.","robots":{"index":"index","follow":"follow","max-snippet":"max-snippet:-1","max-image-preview":"max-image-preview:large","max-video-preview":"max-video-preview:-1"},"canonical":"https:\/\/tropicalhotel.it\/de\/zimmerservice\/","og_locale":"de_DE","og_type":"article","og_title":"Zimmerservice - Tropical Hotel Jesolo","og_description":"Genie\u00dfen Sie Ihr Fr\u00fchst\u00fcck im Zimmer mit unserem exklusiven Service, auch mit glutenfreien Optionen. Privatsph\u00e4re, Entspannung und Komfort.","og_url":"https:\/\/tropicalhotel.it\/de\/zimmerservice\/","og_site_name":"Tropical Hotel Jesolo","article_publisher":"https:\/\/www.facebook.com\/Tropical-Hotel-Jesolo-276868195688612\/","article_modified_time":"2025-02-21T10:31:56+00:00","og_image":[{"width":1920,"height":670,"url":"https:\/\/tropicalhotel.it\/wp-content\/uploads\/2024\/12\/colazione-top.jpg","type":"image\/jpeg"}],"twitter_card":"summary_large_image","twitter_misc":{"Gesch\u00e4tzte Lesezeit":"2\u00a0Minuten"},"schema":{"@context":"https:\/\/schema.org","@graph":[{"@type":"WebPage","@id":"https:\/\/tropicalhotel.it\/de\/zimmerservice\/","url":"https:\/\/tropicalhotel.it\/de\/zimmerservice\/","name":"Zimmerservice - Tropical Hotel Jesolo","isPartOf":{"@id":"https:\/\/tropicalhotel.it\/de\/#website"},"primaryImageOfPage":{"@id":"https:\/\/tropicalhotel.it\/de\/zimmerservice\/#primaryimage"},"image":{"@id":"https:\/\/tropicalhotel.it\/de\/zimmerservice\/#primaryimage"},"thumbnailUrl":"https:\/\/tropicalhotel.it\/wp-content\/uploads\/2024\/12\/colazione-top.jpg","datePublished":"2024-12-17T09:17:42+00:00","dateModified":"2025-02-21T10:31:56+00:00","description":"Genie\u00dfen Sie Ihr Fr\u00fchst\u00fcck im Zimmer mit unserem exklusiven Service, auch mit glutenfreien Optionen. Privatsph\u00e4re, Entspannung und Komfort.","breadcrumb":{"@id":"https:\/\/tropicalhotel.it\/de\/zimmerservice\/#breadcrumb"},"inLanguage":"de","potentialAction":[{"@type":"ReadAction","target":["https:\/\/tropicalhotel.it\/de\/zimmerservice\/"]}]},{"@type":"ImageObject","inLanguage":"de","@id":"https:\/\/tropicalhotel.it\/de\/zimmerservice\/#primaryimage","url":"https:\/\/tropicalhotel.it\/wp-content\/uploads\/2024\/12\/colazione-top.jpg","contentUrl":"https:\/\/tropicalhotel.it\/wp-content\/uploads\/2024\/12\/colazione-top.jpg","width":1920,"height":670},{"@type":"BreadcrumbList","@id":"https:\/\/tropicalhotel.it\/de\/zimmerservice\/#breadcrumb","itemListElement":[{"@type":"ListItem","position":1,"name":"Home","item":"https:\/\/tropicalhotel.it\/de\/"},{"@type":"ListItem","position":2,"name":"Zimmerservice"}]},{"@type":"WebSite","@id":"https:\/\/tropicalhotel.it\/de\/#website","url":"https:\/\/tropicalhotel.it\/de\/","name":"Tropical Hotel Jesolo","description":"Hotel 3 stelle a Jesolo","publisher":{"@id":"https:\/\/tropicalhotel.it\/de\/#organization"},"potentialAction":[{"@type":"SearchAction","target":{"@type":"EntryPoint","urlTemplate":"https:\/\/tropicalhotel.it\/de\/?s={search_term_string}"},"query-input":{"@type":"PropertyValueSpecification","valueRequired":true,"valueName":"search_term_string"}}],"inLanguage":"de"},{"@type":"Organization","@id":"https:\/\/tropicalhotel.it\/de\/#organization","name":"Tropical Hotel Jesolo","url":"https:\/\/tropicalhotel.it\/de\/","logo":{"@type":"ImageObject","inLanguage":"de","@id":"https:\/\/tropicalhotel.it\/de\/#\/schema\/logo\/image\/","url":"https:\/\/tropicalhotel.it\/wp-content\/uploads\/2024\/12\/Logo-Tropical-Verticale-2-2.jpg","contentUrl":"https:\/\/tropicalhotel.it\/wp-content\/uploads\/2024\/12\/Logo-Tropical-Verticale-2-2.jpg","width":190,"height":147,"caption":"Tropical Hotel Jesolo"},"image":{"@id":"https:\/\/tropicalhotel.it\/de\/#\/schema\/logo\/image\/"},"sameAs":["https:\/\/www.facebook.com\/Tropical-Hotel-Jesolo-276868195688612\/","https:\/\/www.instagram.com\/tropicalhoteljesolo\/"]}]}},"_links":{"self":[{"href":"https:\/\/tropicalhotel.it\/de\/wp-json\/wp\/v2\/pages\/2330","targetHints":{"allow":["GET"]}}],"collection":[{"href":"https:\/\/tropicalhotel.it\/de\/wp-json\/wp\/v2\/pages"}],"about":[{"href":"https:\/\/tropicalhotel.it\/de\/wp-json\/wp\/v2\/types\/page"}],"author":[{"embeddable":true,"href":"https:\/\/tropicalhotel.it\/de\/wp-json\/wp\/v2\/users\/1"}],"replies":[{"embeddable":true,"href":"https:\/\/tropicalhotel.it\/de\/wp-json\/wp\/v2\/comments?post=2330"}],"version-history":[{"count":2,"href":"https:\/\/tropicalhotel.it\/de\/wp-json\/wp\/v2\/pages\/2330\/revisions"}],"predecessor-version":[{"id":2337,"href":"https:\/\/tropicalhotel.it\/de\/wp-json\/wp\/v2\/pages\/2330\/revisions\/2337"}],"wp:featuredmedia":[{"embeddable":true,"href":"https:\/\/tropicalhotel.it\/de\/wp-json\/wp\/v2\/media\/495"}],"wp:attachment":[{"href":"https:\/\/tropicalhotel.it\/de\/wp-json\/wp\/v2\/media?parent=2330"}],"curies":[{"name":"wp","href":"https:\/\/api.w.org\/{rel}","templated":true}]}}