{"id":2340,"date":"2025-01-09T09:25:52","date_gmt":"2025-01-09T09:25:52","guid":{"rendered":"https:\/\/staging.tropicalhotel.it\/solarium\/"},"modified":"2025-02-21T15:01:47","modified_gmt":"2025-02-21T15:01:47","slug":"solarium","status":"publish","type":"page","link":"https:\/\/tropicalhotel.it\/de\/solarium\/","title":{"rendered":"Solarium"},"content":{"rendered":"\n<p><strong>Die Sonne<\/strong>! Psychophysisches Wohlbefinden, Br\u00e4une und Erholung bekommen Sie auch auf unserer Sonnenterrasse mit beheiztem Whirlpool, wo sich K\u00f6rper und Seele bei der Wirkung von drei Elementen regenerieren: Sonne, Wasser und Luft werden von der W\u00e4rme der sch\u00f6nen Jahreszeit begleitet!<\/p>\n\n\n\n<figure class=\"wp-block-gallery has-nested-images columns-default is-cropped wp-block-gallery-1 is-layout-flex wp-block-gallery-is-layout-flex\">\n<figure class=\"wp-block-image size-large\"><img loading=\"lazy\" decoding=\"async\" width=\"1024\" height=\"683\" data-id=\"1886\" src=\"https:\/\/tropicalhotel.it\/wp-content\/uploads\/2025\/01\/Solarium-Tropical-GA-01-1024x683.jpg\" alt=\"\" class=\"wp-image-1886\" srcset=\"https:\/\/tropicalhotel.it\/wp-content\/uploads\/2025\/01\/Solarium-Tropical-GA-01-1024x683.jpg 1024w, https:\/\/tropicalhotel.it\/wp-content\/uploads\/2025\/01\/Solarium-Tropical-GA-01-300x200.jpg 300w, https:\/\/tropicalhotel.it\/wp-content\/uploads\/2025\/01\/Solarium-Tropical-GA-01-768x512.jpg 768w, https:\/\/tropicalhotel.it\/wp-content\/uploads\/2025\/01\/Solarium-Tropical-GA-01.jpg 1200w\" sizes=\"auto, (max-width: 1024px) 100vw, 1024px\" \/><\/figure>\n\n\n\n<figure class=\"wp-block-image size-large\"><img loading=\"lazy\" decoding=\"async\" width=\"1024\" height=\"683\" data-id=\"1897\" src=\"https:\/\/tropicalhotel.it\/wp-content\/uploads\/2025\/01\/Solarium-Tropical-GA-02-1024x683.jpg\" alt=\"\" class=\"wp-image-1897\" srcset=\"https:\/\/tropicalhotel.it\/wp-content\/uploads\/2025\/01\/Solarium-Tropical-GA-02-1024x683.jpg 1024w, https:\/\/tropicalhotel.it\/wp-content\/uploads\/2025\/01\/Solarium-Tropical-GA-02-300x200.jpg 300w, https:\/\/tropicalhotel.it\/wp-content\/uploads\/2025\/01\/Solarium-Tropical-GA-02-768x512.jpg 768w, https:\/\/tropicalhotel.it\/wp-content\/uploads\/2025\/01\/Solarium-Tropical-GA-02.jpg 1200w\" sizes=\"auto, (max-width: 1024px) 100vw, 1024px\" \/><\/figure>\n\n\n\n<figure class=\"wp-block-image size-large\"><img loading=\"lazy\" decoding=\"async\" width=\"1024\" height=\"683\" data-id=\"1882\" src=\"https:\/\/tropicalhotel.it\/wp-content\/uploads\/2025\/01\/Solarium-Tropical-GA-03-1024x683.jpg\" alt=\"\" class=\"wp-image-1882\" srcset=\"https:\/\/tropicalhotel.it\/wp-content\/uploads\/2025\/01\/Solarium-Tropical-GA-03-1024x683.jpg 1024w, https:\/\/tropicalhotel.it\/wp-content\/uploads\/2025\/01\/Solarium-Tropical-GA-03-300x200.jpg 300w, https:\/\/tropicalhotel.it\/wp-content\/uploads\/2025\/01\/Solarium-Tropical-GA-03-768x512.jpg 768w, https:\/\/tropicalhotel.it\/wp-content\/uploads\/2025\/01\/Solarium-Tropical-GA-03.jpg 1200w\" sizes=\"auto, (max-width: 1024px) 100vw, 1024px\" \/><\/figure>\n\n\n\n<figure class=\"wp-block-image size-large\"><img loading=\"lazy\" decoding=\"async\" width=\"1024\" height=\"683\" data-id=\"1890\" src=\"https:\/\/tropicalhotel.it\/wp-content\/uploads\/2025\/01\/Solarium-Tropical-GA-04-1024x683.jpg\" alt=\"\" class=\"wp-image-1890\" srcset=\"https:\/\/tropicalhotel.it\/wp-content\/uploads\/2025\/01\/Solarium-Tropical-GA-04-1024x683.jpg 1024w, https:\/\/tropicalhotel.it\/wp-content\/uploads\/2025\/01\/Solarium-Tropical-GA-04-300x200.jpg 300w, https:\/\/tropicalhotel.it\/wp-content\/uploads\/2025\/01\/Solarium-Tropical-GA-04-768x512.jpg 768w, https:\/\/tropicalhotel.it\/wp-content\/uploads\/2025\/01\/Solarium-Tropical-GA-04.jpg 1200w\" sizes=\"auto, (max-width: 1024px) 100vw, 1024px\" \/><\/figure>\n\n\n\n<figure class=\"wp-block-image size-large\"><img loading=\"lazy\" decoding=\"async\" width=\"1024\" height=\"683\" data-id=\"1892\" src=\"https:\/\/tropicalhotel.it\/wp-content\/uploads\/2025\/01\/Solarium-Tropical-GA-05-2-1024x683.jpg\" alt=\"\" class=\"wp-image-1892\" srcset=\"https:\/\/tropicalhotel.it\/wp-content\/uploads\/2025\/01\/Solarium-Tropical-GA-05-2-1024x683.jpg 1024w, https:\/\/tropicalhotel.it\/wp-content\/uploads\/2025\/01\/Solarium-Tropical-GA-05-2-300x200.jpg 300w, https:\/\/tropicalhotel.it\/wp-content\/uploads\/2025\/01\/Solarium-Tropical-GA-05-2-768x512.jpg 768w, https:\/\/tropicalhotel.it\/wp-content\/uploads\/2025\/01\/Solarium-Tropical-GA-05-2.jpg 1200w\" sizes=\"auto, (max-width: 1024px) 100vw, 1024px\" \/><\/figure>\n<\/figure>\n","protected":false},"excerpt":{"rendered":"<p>Die Sonne! Psychophysisches Wohlbefinden, Br\u00e4une und Erholung bekommen Sie auch auf unserer Sonnenterrasse mit beheiztem Whirlpool, wo sich K\u00f6rper und Seele bei der Wirkung von drei Elementen regenerieren: Sonne, Wasser und Luft werden von der W\u00e4rme der sch\u00f6nen Jahreszeit begleitet!<\/p>\n","protected":false},"author":1,"featured_media":0,"parent":0,"menu_order":0,"comment_status":"closed","ping_status":"closed","template":"","meta":{"_acf_changed":false,"footnotes":""},"class_list":["post-2340","page","type-page","status-publish","hentry"],"acf":[],"yoast_head":"<!-- This site is optimized with the Yoast SEO plugin v27.0 - https:\/\/yoast.com\/product\/yoast-seo-wordpress\/ -->\n<title>Solarium - Tropical Hotel Jesolo<\/title>\n<meta name=\"description\" content=\"Entspannung und Wohlbefinden in unserem Solarium mit beheiztem Whirlpool. Sonne, Wasser und Luft f\u00fcr eine perfekte Br\u00e4une.\" \/>\n<meta name=\"robots\" content=\"index, follow, max-snippet:-1, max-image-preview:large, max-video-preview:-1\" \/>\n<link rel=\"canonical\" href=\"https:\/\/tropicalhotel.it\/de\/solarium\/\" \/>\n<meta property=\"og:locale\" content=\"de_DE\" \/>\n<meta property=\"og:type\" content=\"article\" \/>\n<meta property=\"og:title\" content=\"Solarium - Tropical Hotel Jesolo\" \/>\n<meta property=\"og:description\" content=\"Entspannung und Wohlbefinden in unserem Solarium mit beheiztem Whirlpool. Sonne, Wasser und Luft f\u00fcr eine perfekte Br\u00e4une.\" \/>\n<meta property=\"og:url\" content=\"https:\/\/tropicalhotel.it\/de\/solarium\/\" \/>\n<meta property=\"og:site_name\" content=\"Tropical Hotel Jesolo\" \/>\n<meta property=\"article:publisher\" content=\"https:\/\/www.facebook.com\/Tropical-Hotel-Jesolo-276868195688612\/\" \/>\n<meta property=\"article:modified_time\" content=\"2025-02-21T15:01:47+00:00\" \/>\n<meta property=\"og:image\" content=\"https:\/\/tropicalhotel.it\/wp-content\/uploads\/2025\/01\/Solarium-Tropical-GA-01.jpg\" \/>\n\t<meta property=\"og:image:width\" content=\"1200\" \/>\n\t<meta property=\"og:image:height\" content=\"800\" \/>\n\t<meta property=\"og:image:type\" content=\"image\/jpeg\" \/>\n<meta name=\"twitter:card\" content=\"summary_large_image\" \/>\n<meta name=\"twitter:label1\" content=\"Gesch\u00e4tzte Lesezeit\" \/>\n\t<meta name=\"twitter:data1\" content=\"2\u00a0Minuten\" \/>\n<script type=\"application\/ld+json\" class=\"yoast-schema-graph\">{\"@context\":\"https:\/\/schema.org\",\"@graph\":[{\"@type\":\"WebPage\",\"@id\":\"https:\/\/tropicalhotel.it\/de\/solarium\/\",\"url\":\"https:\/\/tropicalhotel.it\/de\/solarium\/\",\"name\":\"Solarium - Tropical Hotel Jesolo\",\"isPartOf\":{\"@id\":\"https:\/\/tropicalhotel.it\/de\/#website\"},\"primaryImageOfPage\":{\"@id\":\"https:\/\/tropicalhotel.it\/de\/solarium\/#primaryimage\"},\"image\":{\"@id\":\"https:\/\/tropicalhotel.it\/de\/solarium\/#primaryimage\"},\"thumbnailUrl\":\"https:\/\/tropicalhotel.it\/wp-content\/uploads\/2025\/01\/Solarium-Tropical-GA-01-1024x683.jpg\",\"datePublished\":\"2025-01-09T09:25:52+00:00\",\"dateModified\":\"2025-02-21T15:01:47+00:00\",\"description\":\"Entspannung und Wohlbefinden in unserem Solarium mit beheiztem Whirlpool. Sonne, Wasser und Luft f\u00fcr eine perfekte Br\u00e4une.\",\"breadcrumb\":{\"@id\":\"https:\/\/tropicalhotel.it\/de\/solarium\/#breadcrumb\"},\"inLanguage\":\"de\",\"potentialAction\":[{\"@type\":\"ReadAction\",\"target\":[\"https:\/\/tropicalhotel.it\/de\/solarium\/\"]}]},{\"@type\":\"ImageObject\",\"inLanguage\":\"de\",\"@id\":\"https:\/\/tropicalhotel.it\/de\/solarium\/#primaryimage\",\"url\":\"https:\/\/tropicalhotel.it\/wp-content\/uploads\/2025\/01\/Solarium-Tropical-GA-01-1024x683.jpg\",\"contentUrl\":\"https:\/\/tropicalhotel.it\/wp-content\/uploads\/2025\/01\/Solarium-Tropical-GA-01-1024x683.jpg\"},{\"@type\":\"BreadcrumbList\",\"@id\":\"https:\/\/tropicalhotel.it\/de\/solarium\/#breadcrumb\",\"itemListElement\":[{\"@type\":\"ListItem\",\"position\":1,\"name\":\"Home\",\"item\":\"https:\/\/tropicalhotel.it\/de\/\"},{\"@type\":\"ListItem\",\"position\":2,\"name\":\"Solarium\"}]},{\"@type\":\"WebSite\",\"@id\":\"https:\/\/tropicalhotel.it\/de\/#website\",\"url\":\"https:\/\/tropicalhotel.it\/de\/\",\"name\":\"Tropical Hotel Jesolo\",\"description\":\"Hotel 3 stelle a Jesolo\",\"publisher\":{\"@id\":\"https:\/\/tropicalhotel.it\/de\/#organization\"},\"potentialAction\":[{\"@type\":\"SearchAction\",\"target\":{\"@type\":\"EntryPoint\",\"urlTemplate\":\"https:\/\/tropicalhotel.it\/de\/?s={search_term_string}\"},\"query-input\":{\"@type\":\"PropertyValueSpecification\",\"valueRequired\":true,\"valueName\":\"search_term_string\"}}],\"inLanguage\":\"de\"},{\"@type\":\"Organization\",\"@id\":\"https:\/\/tropicalhotel.it\/de\/#organization\",\"name\":\"Tropical Hotel Jesolo\",\"url\":\"https:\/\/tropicalhotel.it\/de\/\",\"logo\":{\"@type\":\"ImageObject\",\"inLanguage\":\"de\",\"@id\":\"https:\/\/tropicalhotel.it\/de\/#\/schema\/logo\/image\/\",\"url\":\"https:\/\/tropicalhotel.it\/wp-content\/uploads\/2024\/12\/Logo-Tropical-Verticale-2-2.jpg\",\"contentUrl\":\"https:\/\/tropicalhotel.it\/wp-content\/uploads\/2024\/12\/Logo-Tropical-Verticale-2-2.jpg\",\"width\":190,\"height\":147,\"caption\":\"Tropical Hotel Jesolo\"},\"image\":{\"@id\":\"https:\/\/tropicalhotel.it\/de\/#\/schema\/logo\/image\/\"},\"sameAs\":[\"https:\/\/www.facebook.com\/Tropical-Hotel-Jesolo-276868195688612\/\",\"https:\/\/www.instagram.com\/tropicalhoteljesolo\/\"]}]}<\/script>\n<!-- \/ Yoast SEO plugin. -->","yoast_head_json":{"title":"Solarium - Tropical Hotel Jesolo","description":"Entspannung und Wohlbefinden in unserem Solarium mit beheiztem Whirlpool. Sonne, Wasser und Luft f\u00fcr eine perfekte Br\u00e4une.","robots":{"index":"index","follow":"follow","max-snippet":"max-snippet:-1","max-image-preview":"max-image-preview:large","max-video-preview":"max-video-preview:-1"},"canonical":"https:\/\/tropicalhotel.it\/de\/solarium\/","og_locale":"de_DE","og_type":"article","og_title":"Solarium - Tropical Hotel Jesolo","og_description":"Entspannung und Wohlbefinden in unserem Solarium mit beheiztem Whirlpool. Sonne, Wasser und Luft f\u00fcr eine perfekte Br\u00e4une.","og_url":"https:\/\/tropicalhotel.it\/de\/solarium\/","og_site_name":"Tropical Hotel Jesolo","article_publisher":"https:\/\/www.facebook.com\/Tropical-Hotel-Jesolo-276868195688612\/","article_modified_time":"2025-02-21T15:01:47+00:00","og_image":[{"width":1200,"height":800,"url":"https:\/\/tropicalhotel.it\/wp-content\/uploads\/2025\/01\/Solarium-Tropical-GA-01.jpg","type":"image\/jpeg"}],"twitter_card":"summary_large_image","twitter_misc":{"Gesch\u00e4tzte Lesezeit":"2\u00a0Minuten"},"schema":{"@context":"https:\/\/schema.org","@graph":[{"@type":"WebPage","@id":"https:\/\/tropicalhotel.it\/de\/solarium\/","url":"https:\/\/tropicalhotel.it\/de\/solarium\/","name":"Solarium - Tropical Hotel Jesolo","isPartOf":{"@id":"https:\/\/tropicalhotel.it\/de\/#website"},"primaryImageOfPage":{"@id":"https:\/\/tropicalhotel.it\/de\/solarium\/#primaryimage"},"image":{"@id":"https:\/\/tropicalhotel.it\/de\/solarium\/#primaryimage"},"thumbnailUrl":"https:\/\/tropicalhotel.it\/wp-content\/uploads\/2025\/01\/Solarium-Tropical-GA-01-1024x683.jpg","datePublished":"2025-01-09T09:25:52+00:00","dateModified":"2025-02-21T15:01:47+00:00","description":"Entspannung und Wohlbefinden in unserem Solarium mit beheiztem Whirlpool. Sonne, Wasser und Luft f\u00fcr eine perfekte Br\u00e4une.","breadcrumb":{"@id":"https:\/\/tropicalhotel.it\/de\/solarium\/#breadcrumb"},"inLanguage":"de","potentialAction":[{"@type":"ReadAction","target":["https:\/\/tropicalhotel.it\/de\/solarium\/"]}]},{"@type":"ImageObject","inLanguage":"de","@id":"https:\/\/tropicalhotel.it\/de\/solarium\/#primaryimage","url":"https:\/\/tropicalhotel.it\/wp-content\/uploads\/2025\/01\/Solarium-Tropical-GA-01-1024x683.jpg","contentUrl":"https:\/\/tropicalhotel.it\/wp-content\/uploads\/2025\/01\/Solarium-Tropical-GA-01-1024x683.jpg"},{"@type":"BreadcrumbList","@id":"https:\/\/tropicalhotel.it\/de\/solarium\/#breadcrumb","itemListElement":[{"@type":"ListItem","position":1,"name":"Home","item":"https:\/\/tropicalhotel.it\/de\/"},{"@type":"ListItem","position":2,"name":"Solarium"}]},{"@type":"WebSite","@id":"https:\/\/tropicalhotel.it\/de\/#website","url":"https:\/\/tropicalhotel.it\/de\/","name":"Tropical Hotel Jesolo","description":"Hotel 3 stelle a Jesolo","publisher":{"@id":"https:\/\/tropicalhotel.it\/de\/#organization"},"potentialAction":[{"@type":"SearchAction","target":{"@type":"EntryPoint","urlTemplate":"https:\/\/tropicalhotel.it\/de\/?s={search_term_string}"},"query-input":{"@type":"PropertyValueSpecification","valueRequired":true,"valueName":"search_term_string"}}],"inLanguage":"de"},{"@type":"Organization","@id":"https:\/\/tropicalhotel.it\/de\/#organization","name":"Tropical Hotel Jesolo","url":"https:\/\/tropicalhotel.it\/de\/","logo":{"@type":"ImageObject","inLanguage":"de","@id":"https:\/\/tropicalhotel.it\/de\/#\/schema\/logo\/image\/","url":"https:\/\/tropicalhotel.it\/wp-content\/uploads\/2024\/12\/Logo-Tropical-Verticale-2-2.jpg","contentUrl":"https:\/\/tropicalhotel.it\/wp-content\/uploads\/2024\/12\/Logo-Tropical-Verticale-2-2.jpg","width":190,"height":147,"caption":"Tropical Hotel Jesolo"},"image":{"@id":"https:\/\/tropicalhotel.it\/de\/#\/schema\/logo\/image\/"},"sameAs":["https:\/\/www.facebook.com\/Tropical-Hotel-Jesolo-276868195688612\/","https:\/\/www.instagram.com\/tropicalhoteljesolo\/"]}]}},"_links":{"self":[{"href":"https:\/\/tropicalhotel.it\/de\/wp-json\/wp\/v2\/pages\/2340","targetHints":{"allow":["GET"]}}],"collection":[{"href":"https:\/\/tropicalhotel.it\/de\/wp-json\/wp\/v2\/pages"}],"about":[{"href":"https:\/\/tropicalhotel.it\/de\/wp-json\/wp\/v2\/types\/page"}],"author":[{"embeddable":true,"href":"https:\/\/tropicalhotel.it\/de\/wp-json\/wp\/v2\/users\/1"}],"replies":[{"embeddable":true,"href":"https:\/\/tropicalhotel.it\/de\/wp-json\/wp\/v2\/comments?post=2340"}],"version-history":[{"count":3,"href":"https:\/\/tropicalhotel.it\/de\/wp-json\/wp\/v2\/pages\/2340\/revisions"}],"predecessor-version":[{"id":2491,"href":"https:\/\/tropicalhotel.it\/de\/wp-json\/wp\/v2\/pages\/2340\/revisions\/2491"}],"wp:attachment":[{"href":"https:\/\/tropicalhotel.it\/de\/wp-json\/wp\/v2\/media?parent=2340"}],"curies":[{"name":"wp","href":"https:\/\/api.w.org\/{rel}","templated":true}]}}