{"id":2350,"date":"2025-01-09T09:27:51","date_gmt":"2025-01-09T09:27:51","guid":{"rendered":"https:\/\/staging.tropicalhotel.it\/spiaggia\/"},"modified":"2025-02-21T10:49:13","modified_gmt":"2025-02-21T10:49:13","slug":"strand","status":"publish","type":"page","link":"https:\/\/tropicalhotel.it\/de\/strand\/","title":{"rendered":"Strand"},"content":{"rendered":"\n<p><strong>Das Wasser<\/strong>! Die ausgestr\u00f6mte Energie vom Wasser und Seewind befindet sich nur wenige Schritte vom Hotel entfernt, wo man barfu\u00df am exklusiven Privatstrand spazieren gehen kann, der unseren G\u00e4sten eine einzigartige und unvergleichliche Umgebung mit zahlreichen D\u00fcften, Farben und Kl\u00e4ngen aufbewahrt. Strand-Service Kostenlos<\/p>\n\n\n\n<ul class=\"wp-block-list\">\n<li><strong>Platz Sonnenschirm und 2 Strandbett pro Zimmer<\/strong><strong>Ankleideraum<\/strong><\/li>\n\n\n\n<li><strong>\u00a0Duschb\u00e4der<\/strong><\/li>\n\n\n\n<li><strong>Lifeguard am Strand<\/strong><\/li>\n\n\n\n<li><strong>Animation<\/strong><\/li>\n\n\n\n<li><strong>Beleuchtung auf dem Spaziergang am Strand<\/strong><\/li>\n<\/ul>\n\n\n\n<p>Die Strandpl\u00e4tze k\u00f6nnen selbst ausgew\u00e4hlt werden, mit Ausnahme der ersten\/zweiten und&nbsp;dritte Reihe, die gegen Geb\u00fchr an der Hotelrezeption reserviert werden k\u00f6nnen.<\/p>\n\n\n\n<p><a href=\"https:\/\/www.tropicalhotel.it\/#facebook\" rel=\"noreferrer noopener\" target=\"_blank\"><\/a><\/p>\n\n\n\n<figure class=\"wp-block-gallery has-nested-images columns-default is-cropped wp-block-gallery-1 is-layout-flex wp-block-gallery-is-layout-flex\">\n<figure class=\"wp-block-image size-large\"><img loading=\"lazy\" decoding=\"async\" width=\"1024\" height=\"683\" data-id=\"1904\" src=\"https:\/\/tropicalhotel.it\/wp-content\/uploads\/2025\/01\/Spiaggia-Tropical-GA-01-1024x683.jpg\" alt=\"\" class=\"wp-image-1904\" srcset=\"https:\/\/tropicalhotel.it\/wp-content\/uploads\/2025\/01\/Spiaggia-Tropical-GA-01-1024x683.jpg 1024w, https:\/\/tropicalhotel.it\/wp-content\/uploads\/2025\/01\/Spiaggia-Tropical-GA-01-300x200.jpg 300w, https:\/\/tropicalhotel.it\/wp-content\/uploads\/2025\/01\/Spiaggia-Tropical-GA-01-768x512.jpg 768w, https:\/\/tropicalhotel.it\/wp-content\/uploads\/2025\/01\/Spiaggia-Tropical-GA-01.jpg 1200w\" sizes=\"auto, (max-width: 1024px) 100vw, 1024px\" \/><\/figure>\n\n\n\n<figure class=\"wp-block-image size-large\"><img loading=\"lazy\" decoding=\"async\" width=\"1024\" height=\"683\" data-id=\"1921\" src=\"https:\/\/tropicalhotel.it\/wp-content\/uploads\/2025\/01\/Spiaggia-Tropical-GA-02-1024x683.jpg\" alt=\"\" class=\"wp-image-1921\" srcset=\"https:\/\/tropicalhotel.it\/wp-content\/uploads\/2025\/01\/Spiaggia-Tropical-GA-02-1024x683.jpg 1024w, https:\/\/tropicalhotel.it\/wp-content\/uploads\/2025\/01\/Spiaggia-Tropical-GA-02-300x200.jpg 300w, https:\/\/tropicalhotel.it\/wp-content\/uploads\/2025\/01\/Spiaggia-Tropical-GA-02-768x512.jpg 768w, https:\/\/tropicalhotel.it\/wp-content\/uploads\/2025\/01\/Spiaggia-Tropical-GA-02.jpg 1200w\" sizes=\"auto, (max-width: 1024px) 100vw, 1024px\" \/><\/figure>\n\n\n\n<figure class=\"wp-block-image size-large\"><img loading=\"lazy\" decoding=\"async\" width=\"1024\" height=\"683\" data-id=\"1914\" src=\"https:\/\/tropicalhotel.it\/wp-content\/uploads\/2025\/01\/Spiaggia-Tropical-GA-03-1024x683.jpg\" alt=\"\" class=\"wp-image-1914\" srcset=\"https:\/\/tropicalhotel.it\/wp-content\/uploads\/2025\/01\/Spiaggia-Tropical-GA-03-1024x683.jpg 1024w, https:\/\/tropicalhotel.it\/wp-content\/uploads\/2025\/01\/Spiaggia-Tropical-GA-03-300x200.jpg 300w, https:\/\/tropicalhotel.it\/wp-content\/uploads\/2025\/01\/Spiaggia-Tropical-GA-03-768x512.jpg 768w, https:\/\/tropicalhotel.it\/wp-content\/uploads\/2025\/01\/Spiaggia-Tropical-GA-03.jpg 1200w\" sizes=\"auto, (max-width: 1024px) 100vw, 1024px\" \/><\/figure>\n\n\n\n<figure class=\"wp-block-image size-large\"><img loading=\"lazy\" decoding=\"async\" width=\"1024\" height=\"683\" data-id=\"1920\" src=\"https:\/\/tropicalhotel.it\/wp-content\/uploads\/2025\/01\/Spiaggia-Tropical-GA-04-1024x683.jpg\" alt=\"\" class=\"wp-image-1920\" srcset=\"https:\/\/tropicalhotel.it\/wp-content\/uploads\/2025\/01\/Spiaggia-Tropical-GA-04-1024x683.jpg 1024w, https:\/\/tropicalhotel.it\/wp-content\/uploads\/2025\/01\/Spiaggia-Tropical-GA-04-300x200.jpg 300w, https:\/\/tropicalhotel.it\/wp-content\/uploads\/2025\/01\/Spiaggia-Tropical-GA-04-768x512.jpg 768w, https:\/\/tropicalhotel.it\/wp-content\/uploads\/2025\/01\/Spiaggia-Tropical-GA-04.jpg 1200w\" sizes=\"auto, (max-width: 1024px) 100vw, 1024px\" \/><\/figure>\n\n\n\n<figure class=\"wp-block-image size-large\"><img loading=\"lazy\" decoding=\"async\" width=\"1024\" height=\"683\" data-id=\"1912\" src=\"https:\/\/tropicalhotel.it\/wp-content\/uploads\/2025\/01\/Spiaggia-Tropical-GA-05-1024x683.jpg\" alt=\"\" class=\"wp-image-1912\" srcset=\"https:\/\/tropicalhotel.it\/wp-content\/uploads\/2025\/01\/Spiaggia-Tropical-GA-05-1024x683.jpg 1024w, https:\/\/tropicalhotel.it\/wp-content\/uploads\/2025\/01\/Spiaggia-Tropical-GA-05-300x200.jpg 300w, https:\/\/tropicalhotel.it\/wp-content\/uploads\/2025\/01\/Spiaggia-Tropical-GA-05-768x512.jpg 768w, https:\/\/tropicalhotel.it\/wp-content\/uploads\/2025\/01\/Spiaggia-Tropical-GA-05.jpg 1200w\" sizes=\"auto, (max-width: 1024px) 100vw, 1024px\" \/><\/figure>\n\n\n\n<figure class=\"wp-block-image size-large\"><img loading=\"lazy\" decoding=\"async\" width=\"1024\" height=\"683\" data-id=\"1908\" src=\"https:\/\/tropicalhotel.it\/wp-content\/uploads\/2025\/01\/Spiaggia-Tropical-GA-06-1024x683.jpg\" alt=\"\" class=\"wp-image-1908\" srcset=\"https:\/\/tropicalhotel.it\/wp-content\/uploads\/2025\/01\/Spiaggia-Tropical-GA-06-1024x683.jpg 1024w, https:\/\/tropicalhotel.it\/wp-content\/uploads\/2025\/01\/Spiaggia-Tropical-GA-06-300x200.jpg 300w, https:\/\/tropicalhotel.it\/wp-content\/uploads\/2025\/01\/Spiaggia-Tropical-GA-06-768x512.jpg 768w, https:\/\/tropicalhotel.it\/wp-content\/uploads\/2025\/01\/Spiaggia-Tropical-GA-06.jpg 1200w\" sizes=\"auto, (max-width: 1024px) 100vw, 1024px\" \/><\/figure>\n<\/figure>\n","protected":false},"excerpt":{"rendered":"<p>Das Wasser! Die ausgestr\u00f6mte Energie vom Wasser und Seewind befindet sich nur wenige Schritte vom Hotel entfernt, wo man barfu\u00df am exklusiven Privatstrand spazieren gehen kann, der unseren G\u00e4sten eine einzigartige und unvergleichliche Umgebung mit zahlreichen D\u00fcften, Farben und Kl\u00e4ngen aufbewahrt. Strand-Service Kostenlos Die Strandpl\u00e4tze k\u00f6nnen selbst ausgew\u00e4hlt werden, mit Ausnahme der ersten\/zweiten und&nbsp;dritte Reihe, [&hellip;]<\/p>\n","protected":false},"author":1,"featured_media":0,"parent":0,"menu_order":0,"comment_status":"closed","ping_status":"closed","template":"","meta":{"_acf_changed":false,"footnotes":""},"class_list":["post-2350","page","type-page","status-publish","hentry"],"acf":[],"yoast_head":"<!-- This site is optimized with the Yoast SEO plugin v27.0 - https:\/\/yoast.com\/product\/yoast-seo-wordpress\/ -->\n<title>Strand - Tropical Hotel Jesolo<\/title>\n<meta name=\"description\" content=\"Privatstrand nur wenige Schritte vom Hotel entfernt mit Sonnenschirm und Liegen inklusive. Exklusive Services und Entspannung am Meer.\" \/>\n<meta name=\"robots\" content=\"index, follow, max-snippet:-1, max-image-preview:large, max-video-preview:-1\" \/>\n<link rel=\"canonical\" href=\"https:\/\/tropicalhotel.it\/de\/strand\/\" \/>\n<meta property=\"og:locale\" content=\"de_DE\" \/>\n<meta property=\"og:type\" content=\"article\" \/>\n<meta property=\"og:title\" content=\"Strand - Tropical Hotel Jesolo\" \/>\n<meta property=\"og:description\" content=\"Privatstrand nur wenige Schritte vom Hotel entfernt mit Sonnenschirm und Liegen inklusive. Exklusive Services und Entspannung am Meer.\" \/>\n<meta property=\"og:url\" content=\"https:\/\/tropicalhotel.it\/de\/strand\/\" \/>\n<meta property=\"og:site_name\" content=\"Tropical Hotel Jesolo\" \/>\n<meta property=\"article:publisher\" content=\"https:\/\/www.facebook.com\/Tropical-Hotel-Jesolo-276868195688612\/\" \/>\n<meta property=\"article:modified_time\" content=\"2025-02-21T10:49:13+00:00\" \/>\n<meta property=\"og:image\" content=\"https:\/\/tropicalhotel.it\/wp-content\/uploads\/2025\/01\/Spiaggia-Tropical-GA-01.jpg\" \/>\n\t<meta property=\"og:image:width\" content=\"1200\" \/>\n\t<meta property=\"og:image:height\" content=\"800\" \/>\n\t<meta property=\"og:image:type\" content=\"image\/jpeg\" \/>\n<meta name=\"twitter:card\" content=\"summary_large_image\" \/>\n<meta name=\"twitter:label1\" content=\"Gesch\u00e4tzte Lesezeit\" \/>\n\t<meta name=\"twitter:data1\" content=\"2\u00a0Minuten\" \/>\n<script type=\"application\/ld+json\" class=\"yoast-schema-graph\">{\"@context\":\"https:\/\/schema.org\",\"@graph\":[{\"@type\":\"WebPage\",\"@id\":\"https:\/\/tropicalhotel.it\/de\/strand\/\",\"url\":\"https:\/\/tropicalhotel.it\/de\/strand\/\",\"name\":\"Strand - Tropical Hotel Jesolo\",\"isPartOf\":{\"@id\":\"https:\/\/tropicalhotel.it\/de\/#website\"},\"primaryImageOfPage\":{\"@id\":\"https:\/\/tropicalhotel.it\/de\/strand\/#primaryimage\"},\"image\":{\"@id\":\"https:\/\/tropicalhotel.it\/de\/strand\/#primaryimage\"},\"thumbnailUrl\":\"https:\/\/tropicalhotel.it\/wp-content\/uploads\/2025\/01\/Spiaggia-Tropical-GA-01-1024x683.jpg\",\"datePublished\":\"2025-01-09T09:27:51+00:00\",\"dateModified\":\"2025-02-21T10:49:13+00:00\",\"description\":\"Privatstrand nur wenige Schritte vom Hotel entfernt mit Sonnenschirm und Liegen inklusive. Exklusive Services und Entspannung am Meer.\",\"breadcrumb\":{\"@id\":\"https:\/\/tropicalhotel.it\/de\/strand\/#breadcrumb\"},\"inLanguage\":\"de\",\"potentialAction\":[{\"@type\":\"ReadAction\",\"target\":[\"https:\/\/tropicalhotel.it\/de\/strand\/\"]}]},{\"@type\":\"ImageObject\",\"inLanguage\":\"de\",\"@id\":\"https:\/\/tropicalhotel.it\/de\/strand\/#primaryimage\",\"url\":\"https:\/\/tropicalhotel.it\/wp-content\/uploads\/2025\/01\/Spiaggia-Tropical-GA-01-1024x683.jpg\",\"contentUrl\":\"https:\/\/tropicalhotel.it\/wp-content\/uploads\/2025\/01\/Spiaggia-Tropical-GA-01-1024x683.jpg\"},{\"@type\":\"BreadcrumbList\",\"@id\":\"https:\/\/tropicalhotel.it\/de\/strand\/#breadcrumb\",\"itemListElement\":[{\"@type\":\"ListItem\",\"position\":1,\"name\":\"Home\",\"item\":\"https:\/\/tropicalhotel.it\/de\/\"},{\"@type\":\"ListItem\",\"position\":2,\"name\":\"Strand\"}]},{\"@type\":\"WebSite\",\"@id\":\"https:\/\/tropicalhotel.it\/de\/#website\",\"url\":\"https:\/\/tropicalhotel.it\/de\/\",\"name\":\"Tropical Hotel Jesolo\",\"description\":\"Hotel 3 stelle a Jesolo\",\"publisher\":{\"@id\":\"https:\/\/tropicalhotel.it\/de\/#organization\"},\"potentialAction\":[{\"@type\":\"SearchAction\",\"target\":{\"@type\":\"EntryPoint\",\"urlTemplate\":\"https:\/\/tropicalhotel.it\/de\/?s={search_term_string}\"},\"query-input\":{\"@type\":\"PropertyValueSpecification\",\"valueRequired\":true,\"valueName\":\"search_term_string\"}}],\"inLanguage\":\"de\"},{\"@type\":\"Organization\",\"@id\":\"https:\/\/tropicalhotel.it\/de\/#organization\",\"name\":\"Tropical Hotel Jesolo\",\"url\":\"https:\/\/tropicalhotel.it\/de\/\",\"logo\":{\"@type\":\"ImageObject\",\"inLanguage\":\"de\",\"@id\":\"https:\/\/tropicalhotel.it\/de\/#\/schema\/logo\/image\/\",\"url\":\"https:\/\/tropicalhotel.it\/wp-content\/uploads\/2024\/12\/Logo-Tropical-Verticale-2-2.jpg\",\"contentUrl\":\"https:\/\/tropicalhotel.it\/wp-content\/uploads\/2024\/12\/Logo-Tropical-Verticale-2-2.jpg\",\"width\":190,\"height\":147,\"caption\":\"Tropical Hotel Jesolo\"},\"image\":{\"@id\":\"https:\/\/tropicalhotel.it\/de\/#\/schema\/logo\/image\/\"},\"sameAs\":[\"https:\/\/www.facebook.com\/Tropical-Hotel-Jesolo-276868195688612\/\",\"https:\/\/www.instagram.com\/tropicalhoteljesolo\/\"]}]}<\/script>\n<!-- \/ Yoast SEO plugin. -->","yoast_head_json":{"title":"Strand - Tropical Hotel Jesolo","description":"Privatstrand nur wenige Schritte vom Hotel entfernt mit Sonnenschirm und Liegen inklusive. Exklusive Services und Entspannung am Meer.","robots":{"index":"index","follow":"follow","max-snippet":"max-snippet:-1","max-image-preview":"max-image-preview:large","max-video-preview":"max-video-preview:-1"},"canonical":"https:\/\/tropicalhotel.it\/de\/strand\/","og_locale":"de_DE","og_type":"article","og_title":"Strand - Tropical Hotel Jesolo","og_description":"Privatstrand nur wenige Schritte vom Hotel entfernt mit Sonnenschirm und Liegen inklusive. Exklusive Services und Entspannung am Meer.","og_url":"https:\/\/tropicalhotel.it\/de\/strand\/","og_site_name":"Tropical Hotel Jesolo","article_publisher":"https:\/\/www.facebook.com\/Tropical-Hotel-Jesolo-276868195688612\/","article_modified_time":"2025-02-21T10:49:13+00:00","og_image":[{"width":1200,"height":800,"url":"https:\/\/tropicalhotel.it\/wp-content\/uploads\/2025\/01\/Spiaggia-Tropical-GA-01.jpg","type":"image\/jpeg"}],"twitter_card":"summary_large_image","twitter_misc":{"Gesch\u00e4tzte Lesezeit":"2\u00a0Minuten"},"schema":{"@context":"https:\/\/schema.org","@graph":[{"@type":"WebPage","@id":"https:\/\/tropicalhotel.it\/de\/strand\/","url":"https:\/\/tropicalhotel.it\/de\/strand\/","name":"Strand - Tropical Hotel Jesolo","isPartOf":{"@id":"https:\/\/tropicalhotel.it\/de\/#website"},"primaryImageOfPage":{"@id":"https:\/\/tropicalhotel.it\/de\/strand\/#primaryimage"},"image":{"@id":"https:\/\/tropicalhotel.it\/de\/strand\/#primaryimage"},"thumbnailUrl":"https:\/\/tropicalhotel.it\/wp-content\/uploads\/2025\/01\/Spiaggia-Tropical-GA-01-1024x683.jpg","datePublished":"2025-01-09T09:27:51+00:00","dateModified":"2025-02-21T10:49:13+00:00","description":"Privatstrand nur wenige Schritte vom Hotel entfernt mit Sonnenschirm und Liegen inklusive. Exklusive Services und Entspannung am Meer.","breadcrumb":{"@id":"https:\/\/tropicalhotel.it\/de\/strand\/#breadcrumb"},"inLanguage":"de","potentialAction":[{"@type":"ReadAction","target":["https:\/\/tropicalhotel.it\/de\/strand\/"]}]},{"@type":"ImageObject","inLanguage":"de","@id":"https:\/\/tropicalhotel.it\/de\/strand\/#primaryimage","url":"https:\/\/tropicalhotel.it\/wp-content\/uploads\/2025\/01\/Spiaggia-Tropical-GA-01-1024x683.jpg","contentUrl":"https:\/\/tropicalhotel.it\/wp-content\/uploads\/2025\/01\/Spiaggia-Tropical-GA-01-1024x683.jpg"},{"@type":"BreadcrumbList","@id":"https:\/\/tropicalhotel.it\/de\/strand\/#breadcrumb","itemListElement":[{"@type":"ListItem","position":1,"name":"Home","item":"https:\/\/tropicalhotel.it\/de\/"},{"@type":"ListItem","position":2,"name":"Strand"}]},{"@type":"WebSite","@id":"https:\/\/tropicalhotel.it\/de\/#website","url":"https:\/\/tropicalhotel.it\/de\/","name":"Tropical Hotel Jesolo","description":"Hotel 3 stelle a Jesolo","publisher":{"@id":"https:\/\/tropicalhotel.it\/de\/#organization"},"potentialAction":[{"@type":"SearchAction","target":{"@type":"EntryPoint","urlTemplate":"https:\/\/tropicalhotel.it\/de\/?s={search_term_string}"},"query-input":{"@type":"PropertyValueSpecification","valueRequired":true,"valueName":"search_term_string"}}],"inLanguage":"de"},{"@type":"Organization","@id":"https:\/\/tropicalhotel.it\/de\/#organization","name":"Tropical Hotel Jesolo","url":"https:\/\/tropicalhotel.it\/de\/","logo":{"@type":"ImageObject","inLanguage":"de","@id":"https:\/\/tropicalhotel.it\/de\/#\/schema\/logo\/image\/","url":"https:\/\/tropicalhotel.it\/wp-content\/uploads\/2024\/12\/Logo-Tropical-Verticale-2-2.jpg","contentUrl":"https:\/\/tropicalhotel.it\/wp-content\/uploads\/2024\/12\/Logo-Tropical-Verticale-2-2.jpg","width":190,"height":147,"caption":"Tropical Hotel Jesolo"},"image":{"@id":"https:\/\/tropicalhotel.it\/de\/#\/schema\/logo\/image\/"},"sameAs":["https:\/\/www.facebook.com\/Tropical-Hotel-Jesolo-276868195688612\/","https:\/\/www.instagram.com\/tropicalhoteljesolo\/"]}]}},"_links":{"self":[{"href":"https:\/\/tropicalhotel.it\/de\/wp-json\/wp\/v2\/pages\/2350","targetHints":{"allow":["GET"]}}],"collection":[{"href":"https:\/\/tropicalhotel.it\/de\/wp-json\/wp\/v2\/pages"}],"about":[{"href":"https:\/\/tropicalhotel.it\/de\/wp-json\/wp\/v2\/types\/page"}],"author":[{"embeddable":true,"href":"https:\/\/tropicalhotel.it\/de\/wp-json\/wp\/v2\/users\/1"}],"replies":[{"embeddable":true,"href":"https:\/\/tropicalhotel.it\/de\/wp-json\/wp\/v2\/comments?post=2350"}],"version-history":[{"count":1,"href":"https:\/\/tropicalhotel.it\/de\/wp-json\/wp\/v2\/pages\/2350\/revisions"}],"predecessor-version":[{"id":2354,"href":"https:\/\/tropicalhotel.it\/de\/wp-json\/wp\/v2\/pages\/2350\/revisions\/2354"}],"wp:attachment":[{"href":"https:\/\/tropicalhotel.it\/de\/wp-json\/wp\/v2\/media?parent=2350"}],"curies":[{"name":"wp","href":"https:\/\/api.w.org\/{rel}","templated":true}]}}