{"id":2661,"date":"2024-11-27T07:53:08","date_gmt":"2024-11-27T07:53:08","guid":{"rendered":"https:\/\/staging.tropicalhotel.it\/?page_id=2661"},"modified":"2025-03-20T09:07:36","modified_gmt":"2025-03-20T09:07:36","slug":"privacy-policy","status":"publish","type":"page","link":"https:\/\/tropicalhotel.it\/de\/privacy-policy\/","title":{"rendered":"Privacy Policy"},"content":{"rendered":"\n<p><strong>Datenschutzklausel<\/strong><\/p>\n\n\n\n<p><strong>Gesetzesdekret Nr. 196\/2003 f\u00fcr Kunden und Lieferanten<\/strong><\/p>\n\n\n\n<p>Gem\u00e4\u00df Artikel 13 des Datenschutzgesetzes informieren wir Sie dar\u00fcber, dass die pers\u00f6nlichen, steuerlichen und Identifikationsdaten, die direkt und\/oder \u00fcber Dritte vom Unternehmen <strong>Hotel Tropical \u2013 P.zza Milano \u2013 Via Altinate, 49 \u2013 Lido di Jesolo (VE) \u2013 USt-IdNr. 02174050274<\/strong>, als Datenverantwortlicher erfasst wurden, in Papier-, elektronischer und telematischer Form verarbeitet werden, um vertragliche und gesetzliche Anforderungen zu erf\u00fcllen sowie eine effektive Verwaltung der Gesch\u00e4ftsbeziehungen zu erm\u00f6glichen.<\/p>\n\n\n\n<p>Die angegebenen E-Mail-Adressen k\u00f6nnen vom Unternehmen verwendet werden, um Mitteilungen \u00fcber Dienstleistungen zu senden, die denen der bestehenden Gesch\u00e4ftsbeziehung \u00e4hneln. Die Nichtbereitstellung von Daten, wenn nicht obligatorisch, wird von Fall zu Fall vom Datenverantwortlichen bewertet und kann zu Entscheidungen f\u00fchren, die von der Bedeutung der angeforderten Daten f\u00fcr die Gesch\u00e4ftsbeziehung abh\u00e4ngen.<\/p>\n\n\n\n<p>Die Daten k\u00f6nnen ausschlie\u00dflich f\u00fcr die oben genannten Zwecke in Italien und\/oder im Ausland weitergegeben und von folgenden Stellen verarbeitet werden:<br>\u2013 Unser Agentennetz<br>\u2013 Kreditinstitute<br>\u2013 Inkassounternehmen<br>\u2013 Kreditversicherungen<br>\u2013 Wirtschaftsauskunfteien<br>\u2013 Fachleute und Berater<\/p>\n\n\n\n<p>F\u00fcr dieselben Zwecke k\u00f6nnen die Daten von autorisiertem Personal innerhalb des Unternehmens verarbeitet werden.<\/p>\n\n\n\n<p>Die betroffene Person kann alle Rechte gem\u00e4\u00df Artikel 7 des Gesetzesdekrets Nr. 196\/2003 aus\u00fcben, einschlie\u00dflich des Rechts auf Zugang, Berichtigung, Aktualisierung, Widerspruch gegen die Verarbeitung und L\u00f6schung der personenbezogenen Daten.<\/p>\n","protected":false},"excerpt":{"rendered":"<p>Datenschutzklausel Gesetzesdekret Nr. 196\/2003 f\u00fcr Kunden und Lieferanten Gem\u00e4\u00df Artikel 13 des Datenschutzgesetzes informieren wir Sie dar\u00fcber, dass die pers\u00f6nlichen, steuerlichen und Identifikationsdaten, die direkt und\/oder \u00fcber Dritte vom Unternehmen Hotel Tropical \u2013 P.zza Milano \u2013 Via Altinate, 49 \u2013 Lido di Jesolo (VE) \u2013 USt-IdNr. 02174050274, als Datenverantwortlicher erfasst wurden, in Papier-, elektronischer und [&hellip;]<\/p>\n","protected":false},"author":1,"featured_media":0,"parent":0,"menu_order":0,"comment_status":"closed","ping_status":"open","template":"","meta":{"_acf_changed":false,"footnotes":""},"class_list":["post-2661","page","type-page","status-publish","hentry"],"acf":[],"yoast_head":"<!-- This site is optimized with the Yoast SEO plugin v27.0 - https:\/\/yoast.com\/product\/yoast-seo-wordpress\/ -->\n<title>Privacy Policy - Tropical Hotel Jesolo<\/title>\n<meta name=\"robots\" content=\"index, follow, max-snippet:-1, max-image-preview:large, max-video-preview:-1\" \/>\n<link rel=\"canonical\" href=\"https:\/\/tropicalhotel.it\/de\/privacy-policy\/\" \/>\n<meta property=\"og:locale\" content=\"de_DE\" \/>\n<meta property=\"og:type\" content=\"article\" \/>\n<meta property=\"og:title\" content=\"Privacy Policy - Tropical Hotel Jesolo\" \/>\n<meta property=\"og:description\" content=\"Datenschutzklausel Gesetzesdekret Nr. 196\/2003 f\u00fcr Kunden und Lieferanten Gem\u00e4\u00df Artikel 13 des Datenschutzgesetzes informieren wir Sie dar\u00fcber, dass die pers\u00f6nlichen, steuerlichen und Identifikationsdaten, die direkt und\/oder \u00fcber Dritte vom Unternehmen Hotel Tropical \u2013 P.zza Milano \u2013 Via Altinate, 49 \u2013 Lido di Jesolo (VE) \u2013 USt-IdNr. 02174050274, als Datenverantwortlicher erfasst wurden, in Papier-, elektronischer und [&hellip;]\" \/>\n<meta property=\"og:url\" content=\"https:\/\/tropicalhotel.it\/de\/privacy-policy\/\" \/>\n<meta property=\"og:site_name\" content=\"Tropical Hotel Jesolo\" \/>\n<meta property=\"article:publisher\" content=\"https:\/\/www.facebook.com\/Tropical-Hotel-Jesolo-276868195688612\/\" \/>\n<meta property=\"article:modified_time\" content=\"2025-03-20T09:07:36+00:00\" \/>\n<meta name=\"twitter:card\" content=\"summary_large_image\" \/>\n<script type=\"application\/ld+json\" class=\"yoast-schema-graph\">{\"@context\":\"https:\/\/schema.org\",\"@graph\":[{\"@type\":\"WebPage\",\"@id\":\"https:\/\/tropicalhotel.it\/de\/privacy-policy\/\",\"url\":\"https:\/\/tropicalhotel.it\/de\/privacy-policy\/\",\"name\":\"Privacy Policy - Tropical Hotel Jesolo\",\"isPartOf\":{\"@id\":\"https:\/\/tropicalhotel.it\/de\/#website\"},\"datePublished\":\"2024-11-27T07:53:08+00:00\",\"dateModified\":\"2025-03-20T09:07:36+00:00\",\"breadcrumb\":{\"@id\":\"https:\/\/tropicalhotel.it\/de\/privacy-policy\/#breadcrumb\"},\"inLanguage\":\"de\",\"potentialAction\":[{\"@type\":\"ReadAction\",\"target\":[\"https:\/\/tropicalhotel.it\/de\/privacy-policy\/\"]}]},{\"@type\":\"BreadcrumbList\",\"@id\":\"https:\/\/tropicalhotel.it\/de\/privacy-policy\/#breadcrumb\",\"itemListElement\":[{\"@type\":\"ListItem\",\"position\":1,\"name\":\"Home\",\"item\":\"https:\/\/tropicalhotel.it\/de\/\"},{\"@type\":\"ListItem\",\"position\":2,\"name\":\"Privacy Policy\"}]},{\"@type\":\"WebSite\",\"@id\":\"https:\/\/tropicalhotel.it\/de\/#website\",\"url\":\"https:\/\/tropicalhotel.it\/de\/\",\"name\":\"Tropical Hotel Jesolo\",\"description\":\"Hotel 3 stelle a Jesolo\",\"publisher\":{\"@id\":\"https:\/\/tropicalhotel.it\/de\/#organization\"},\"potentialAction\":[{\"@type\":\"SearchAction\",\"target\":{\"@type\":\"EntryPoint\",\"urlTemplate\":\"https:\/\/tropicalhotel.it\/de\/?s={search_term_string}\"},\"query-input\":{\"@type\":\"PropertyValueSpecification\",\"valueRequired\":true,\"valueName\":\"search_term_string\"}}],\"inLanguage\":\"de\"},{\"@type\":\"Organization\",\"@id\":\"https:\/\/tropicalhotel.it\/de\/#organization\",\"name\":\"Tropical Hotel Jesolo\",\"url\":\"https:\/\/tropicalhotel.it\/de\/\",\"logo\":{\"@type\":\"ImageObject\",\"inLanguage\":\"de\",\"@id\":\"https:\/\/tropicalhotel.it\/de\/#\/schema\/logo\/image\/\",\"url\":\"https:\/\/tropicalhotel.it\/wp-content\/uploads\/2024\/12\/Logo-Tropical-Verticale-2-2.jpg\",\"contentUrl\":\"https:\/\/tropicalhotel.it\/wp-content\/uploads\/2024\/12\/Logo-Tropical-Verticale-2-2.jpg\",\"width\":190,\"height\":147,\"caption\":\"Tropical Hotel Jesolo\"},\"image\":{\"@id\":\"https:\/\/tropicalhotel.it\/de\/#\/schema\/logo\/image\/\"},\"sameAs\":[\"https:\/\/www.facebook.com\/Tropical-Hotel-Jesolo-276868195688612\/\",\"https:\/\/www.instagram.com\/tropicalhoteljesolo\/\"]}]}<\/script>\n<!-- \/ Yoast SEO plugin. -->","yoast_head_json":{"title":"Privacy Policy - Tropical Hotel Jesolo","robots":{"index":"index","follow":"follow","max-snippet":"max-snippet:-1","max-image-preview":"max-image-preview:large","max-video-preview":"max-video-preview:-1"},"canonical":"https:\/\/tropicalhotel.it\/de\/privacy-policy\/","og_locale":"de_DE","og_type":"article","og_title":"Privacy Policy - Tropical Hotel Jesolo","og_description":"Datenschutzklausel Gesetzesdekret Nr. 196\/2003 f\u00fcr Kunden und Lieferanten Gem\u00e4\u00df Artikel 13 des Datenschutzgesetzes informieren wir Sie dar\u00fcber, dass die pers\u00f6nlichen, steuerlichen und Identifikationsdaten, die direkt und\/oder \u00fcber Dritte vom Unternehmen Hotel Tropical \u2013 P.zza Milano \u2013 Via Altinate, 49 \u2013 Lido di Jesolo (VE) \u2013 USt-IdNr. 02174050274, als Datenverantwortlicher erfasst wurden, in Papier-, elektronischer und [&hellip;]","og_url":"https:\/\/tropicalhotel.it\/de\/privacy-policy\/","og_site_name":"Tropical Hotel Jesolo","article_publisher":"https:\/\/www.facebook.com\/Tropical-Hotel-Jesolo-276868195688612\/","article_modified_time":"2025-03-20T09:07:36+00:00","twitter_card":"summary_large_image","schema":{"@context":"https:\/\/schema.org","@graph":[{"@type":"WebPage","@id":"https:\/\/tropicalhotel.it\/de\/privacy-policy\/","url":"https:\/\/tropicalhotel.it\/de\/privacy-policy\/","name":"Privacy Policy - Tropical Hotel Jesolo","isPartOf":{"@id":"https:\/\/tropicalhotel.it\/de\/#website"},"datePublished":"2024-11-27T07:53:08+00:00","dateModified":"2025-03-20T09:07:36+00:00","breadcrumb":{"@id":"https:\/\/tropicalhotel.it\/de\/privacy-policy\/#breadcrumb"},"inLanguage":"de","potentialAction":[{"@type":"ReadAction","target":["https:\/\/tropicalhotel.it\/de\/privacy-policy\/"]}]},{"@type":"BreadcrumbList","@id":"https:\/\/tropicalhotel.it\/de\/privacy-policy\/#breadcrumb","itemListElement":[{"@type":"ListItem","position":1,"name":"Home","item":"https:\/\/tropicalhotel.it\/de\/"},{"@type":"ListItem","position":2,"name":"Privacy Policy"}]},{"@type":"WebSite","@id":"https:\/\/tropicalhotel.it\/de\/#website","url":"https:\/\/tropicalhotel.it\/de\/","name":"Tropical Hotel Jesolo","description":"Hotel 3 stelle a Jesolo","publisher":{"@id":"https:\/\/tropicalhotel.it\/de\/#organization"},"potentialAction":[{"@type":"SearchAction","target":{"@type":"EntryPoint","urlTemplate":"https:\/\/tropicalhotel.it\/de\/?s={search_term_string}"},"query-input":{"@type":"PropertyValueSpecification","valueRequired":true,"valueName":"search_term_string"}}],"inLanguage":"de"},{"@type":"Organization","@id":"https:\/\/tropicalhotel.it\/de\/#organization","name":"Tropical Hotel Jesolo","url":"https:\/\/tropicalhotel.it\/de\/","logo":{"@type":"ImageObject","inLanguage":"de","@id":"https:\/\/tropicalhotel.it\/de\/#\/schema\/logo\/image\/","url":"https:\/\/tropicalhotel.it\/wp-content\/uploads\/2024\/12\/Logo-Tropical-Verticale-2-2.jpg","contentUrl":"https:\/\/tropicalhotel.it\/wp-content\/uploads\/2024\/12\/Logo-Tropical-Verticale-2-2.jpg","width":190,"height":147,"caption":"Tropical Hotel Jesolo"},"image":{"@id":"https:\/\/tropicalhotel.it\/de\/#\/schema\/logo\/image\/"},"sameAs":["https:\/\/www.facebook.com\/Tropical-Hotel-Jesolo-276868195688612\/","https:\/\/www.instagram.com\/tropicalhoteljesolo\/"]}]}},"_links":{"self":[{"href":"https:\/\/tropicalhotel.it\/de\/wp-json\/wp\/v2\/pages\/2661","targetHints":{"allow":["GET"]}}],"collection":[{"href":"https:\/\/tropicalhotel.it\/de\/wp-json\/wp\/v2\/pages"}],"about":[{"href":"https:\/\/tropicalhotel.it\/de\/wp-json\/wp\/v2\/types\/page"}],"author":[{"embeddable":true,"href":"https:\/\/tropicalhotel.it\/de\/wp-json\/wp\/v2\/users\/1"}],"replies":[{"embeddable":true,"href":"https:\/\/tropicalhotel.it\/de\/wp-json\/wp\/v2\/comments?post=2661"}],"version-history":[{"count":1,"href":"https:\/\/tropicalhotel.it\/de\/wp-json\/wp\/v2\/pages\/2661\/revisions"}],"predecessor-version":[{"id":2662,"href":"https:\/\/tropicalhotel.it\/de\/wp-json\/wp\/v2\/pages\/2661\/revisions\/2662"}],"wp:attachment":[{"href":"https:\/\/tropicalhotel.it\/de\/wp-json\/wp\/v2\/media?parent=2661"}],"curies":[{"name":"wp","href":"https:\/\/api.w.org\/{rel}","templated":true}]}}