{"id":2680,"date":"2025-03-20T10:01:28","date_gmt":"2025-03-20T10:01:28","guid":{"rendered":"https:\/\/staging.tropicalhotel.it\/?page_id=2680"},"modified":"2025-03-20T10:05:11","modified_gmt":"2025-03-20T10:05:11","slug":"hotel-mit-beheiztem-pool-in-jesolo","status":"publish","type":"page","link":"https:\/\/tropicalhotel.it\/de\/hotel-mit-beheiztem-pool-in-jesolo\/","title":{"rendered":"Hotel mit beheiztem Pool in Jesolo"},"content":{"rendered":"\n<p><strong>Hotel Tropical \u2013 Ihr Hotel mit beheiztem Pool in Jesolo!<\/strong> Entdecken Sie zwei exklusive Wohlf\u00fchlbereiche: einen beheizten <a href=\"https:\/\/tropicalhotel.it\/de\/schwimmbad\/\">Pool mit Whirlpool-Funktion<\/a> im zweiten Stock und einen Panorama-Jacuzzi auf der Dachterrasse.<\/p>\n\n\n\n<p>Laut dem Buch <em>Die japanische Methode f\u00fcr ein gl\u00fcckliches, langes Leben<\/em> von Qing Li hat Zeit in der Natur erstaunliche gesundheitliche Vorteile. Deshalb haben wir unseren beheizten Pool geschaffen \u2013 damit Sie auch in den fr\u00fchen Sommermonaten die frische Luft genie\u00dfen k\u00f6nnen, umgeben von Himmel, Wasser und einer entspannten Atmosph\u00e4re.<\/p>\n\n\n\n<p>Ein perfekter Ort zum Abschalten, begleitet vom sanften Pl\u00e4tschern des Wasserfalls, der den gro\u00dfen Pool vom Kinderbereich trennt. Wasser ist eine Quelle der Energie, und wir glauben, dass kleine Details \u2013 wie eine perfekt temperierte Poolanlage \u2013 den Unterschied f\u00fcr Ihr Wohlbefinden machen.<\/p>\n\n\n\n<p>F\u00fcr alle, die offene R\u00e4ume und Wellness lieben, gibt es nichts Besseres, als im blauen Himmel und gleichzeitig in den sprudelnden Blasen unseres <a href=\"https:\/\/tropicalhotel.it\/de\/solarium\/\">Rooftop-Jacuzzis <\/a>zu versinken. Diese exklusive Entspannungszone ist ideal, um tags\u00fcber neue Energie zu tanken \u2013 oder f\u00fcr ein ganz besonderes Erlebnis am Abend: <strong>ein privater Sternenhimmel-Abend mit Sekt und Erdbeeren<\/strong>.<\/p>\n\n\n\n<p><strong>UNSER ZIEL: IHR WOHLBEFINDEN<\/strong><br>Ihr Komfort hat f\u00fcr uns oberste Priorit\u00e4t. Unser stilvoller Poolbereich ist die perfekte Wohlf\u00fchloase f\u00fcr eine erholsame Auszeit.<\/p>\n\n\n\n<p><strong>WIR ITALIENER LIEBEN BEHEIZTE POOLS!<\/strong><br>Wir Italiener bevorzugen angenehm warmes Wasser in unseren Pools \u2013 idealerweise bei <strong>28-29\u00b0C<\/strong>.<\/p>\n\n\n\n<p>Eine Temperatur von <strong>24-26\u00b0C<\/strong> empfinden wir oft schon als zu k\u00fchl, besonders morgens!<\/p>\n\n\n\n<p>F\u00fcr viele G\u00e4ste aus Nordeuropa ist es genau umgekehrt \u2013 sie bevorzugen k\u00fchleres Wasser und w\u00fcnschen sich oft eine <strong>K\u00fchlpumpe<\/strong>, die die Temperatur unter <strong>25\u00b0C<\/strong> h\u00e4lt.<\/p>\n","protected":false},"excerpt":{"rendered":"<p>Hotel Tropical \u2013 Ihr Hotel mit beheiztem Pool in Jesolo! Entdecken Sie zwei exklusive Wohlf\u00fchlbereiche: einen beheizten Pool mit Whirlpool-Funktion im zweiten Stock und einen Panorama-Jacuzzi auf der Dachterrasse. Laut dem Buch Die japanische Methode f\u00fcr ein gl\u00fcckliches, langes Leben von Qing Li hat Zeit in der Natur erstaunliche gesundheitliche Vorteile. Deshalb haben wir unseren [&hellip;]<\/p>\n","protected":false},"author":1,"featured_media":23,"parent":0,"menu_order":0,"comment_status":"closed","ping_status":"closed","template":"","meta":{"_acf_changed":false,"footnotes":""},"class_list":["post-2680","page","type-page","status-publish","has-post-thumbnail","hentry"],"acf":[],"yoast_head":"<!-- This site is optimized with the Yoast SEO plugin v27.0 - https:\/\/yoast.com\/product\/yoast-seo-wordpress\/ -->\n<title>Hotel mit beheiztem Pool in Jesolo - Tropical Hotel Jesolo<\/title>\n<meta name=\"robots\" content=\"index, follow, max-snippet:-1, max-image-preview:large, max-video-preview:-1\" \/>\n<link rel=\"canonical\" href=\"https:\/\/tropicalhotel.it\/de\/hotel-mit-beheiztem-pool-in-jesolo\/\" \/>\n<meta property=\"og:locale\" content=\"de_DE\" \/>\n<meta property=\"og:type\" content=\"article\" \/>\n<meta property=\"og:title\" content=\"Hotel mit beheiztem Pool in Jesolo - Tropical Hotel Jesolo\" \/>\n<meta property=\"og:description\" content=\"Hotel Tropical \u2013 Ihr Hotel mit beheiztem Pool in Jesolo! Entdecken Sie zwei exklusive Wohlf\u00fchlbereiche: einen beheizten Pool mit Whirlpool-Funktion im zweiten Stock und einen Panorama-Jacuzzi auf der Dachterrasse. Laut dem Buch Die japanische Methode f\u00fcr ein gl\u00fcckliches, langes Leben von Qing Li hat Zeit in der Natur erstaunliche gesundheitliche Vorteile. Deshalb haben wir unseren [&hellip;]\" \/>\n<meta property=\"og:url\" content=\"https:\/\/tropicalhotel.it\/de\/hotel-mit-beheiztem-pool-in-jesolo\/\" \/>\n<meta property=\"og:site_name\" content=\"Tropical Hotel Jesolo\" \/>\n<meta property=\"article:publisher\" content=\"https:\/\/www.facebook.com\/Tropical-Hotel-Jesolo-276868195688612\/\" \/>\n<meta property=\"article:modified_time\" content=\"2025-03-20T10:05:11+00:00\" \/>\n<meta property=\"og:image\" content=\"https:\/\/tropicalhotel.it\/wp-content\/uploads\/2024\/12\/Home-Tropical-04.jpg\" \/>\n\t<meta property=\"og:image:width\" content=\"1600\" \/>\n\t<meta property=\"og:image:height\" content=\"833\" \/>\n\t<meta property=\"og:image:type\" content=\"image\/jpeg\" \/>\n<meta name=\"twitter:card\" content=\"summary_large_image\" \/>\n<meta name=\"twitter:label1\" content=\"Gesch\u00e4tzte Lesezeit\" \/>\n\t<meta name=\"twitter:data1\" content=\"2\u00a0Minuten\" \/>\n<script type=\"application\/ld+json\" class=\"yoast-schema-graph\">{\"@context\":\"https:\/\/schema.org\",\"@graph\":[{\"@type\":\"WebPage\",\"@id\":\"https:\/\/tropicalhotel.it\/de\/hotel-mit-beheiztem-pool-in-jesolo\/\",\"url\":\"https:\/\/tropicalhotel.it\/de\/hotel-mit-beheiztem-pool-in-jesolo\/\",\"name\":\"Hotel mit beheiztem Pool in Jesolo - Tropical Hotel Jesolo\",\"isPartOf\":{\"@id\":\"https:\/\/tropicalhotel.it\/de\/#website\"},\"primaryImageOfPage\":{\"@id\":\"https:\/\/tropicalhotel.it\/de\/hotel-mit-beheiztem-pool-in-jesolo\/#primaryimage\"},\"image\":{\"@id\":\"https:\/\/tropicalhotel.it\/de\/hotel-mit-beheiztem-pool-in-jesolo\/#primaryimage\"},\"thumbnailUrl\":\"https:\/\/tropicalhotel.it\/wp-content\/uploads\/2024\/12\/Home-Tropical-04.jpg\",\"datePublished\":\"2025-03-20T10:01:28+00:00\",\"dateModified\":\"2025-03-20T10:05:11+00:00\",\"breadcrumb\":{\"@id\":\"https:\/\/tropicalhotel.it\/de\/hotel-mit-beheiztem-pool-in-jesolo\/#breadcrumb\"},\"inLanguage\":\"de\",\"potentialAction\":[{\"@type\":\"ReadAction\",\"target\":[\"https:\/\/tropicalhotel.it\/de\/hotel-mit-beheiztem-pool-in-jesolo\/\"]}]},{\"@type\":\"ImageObject\",\"inLanguage\":\"de\",\"@id\":\"https:\/\/tropicalhotel.it\/de\/hotel-mit-beheiztem-pool-in-jesolo\/#primaryimage\",\"url\":\"https:\/\/tropicalhotel.it\/wp-content\/uploads\/2024\/12\/Home-Tropical-04.jpg\",\"contentUrl\":\"https:\/\/tropicalhotel.it\/wp-content\/uploads\/2024\/12\/Home-Tropical-04.jpg\",\"width\":1600,\"height\":833},{\"@type\":\"BreadcrumbList\",\"@id\":\"https:\/\/tropicalhotel.it\/de\/hotel-mit-beheiztem-pool-in-jesolo\/#breadcrumb\",\"itemListElement\":[{\"@type\":\"ListItem\",\"position\":1,\"name\":\"Home\",\"item\":\"https:\/\/tropicalhotel.it\/de\/\"},{\"@type\":\"ListItem\",\"position\":2,\"name\":\"Hotel mit beheiztem Pool in Jesolo\"}]},{\"@type\":\"WebSite\",\"@id\":\"https:\/\/tropicalhotel.it\/de\/#website\",\"url\":\"https:\/\/tropicalhotel.it\/de\/\",\"name\":\"Tropical Hotel Jesolo\",\"description\":\"Hotel 3 stelle a Jesolo\",\"publisher\":{\"@id\":\"https:\/\/tropicalhotel.it\/de\/#organization\"},\"potentialAction\":[{\"@type\":\"SearchAction\",\"target\":{\"@type\":\"EntryPoint\",\"urlTemplate\":\"https:\/\/tropicalhotel.it\/de\/?s={search_term_string}\"},\"query-input\":{\"@type\":\"PropertyValueSpecification\",\"valueRequired\":true,\"valueName\":\"search_term_string\"}}],\"inLanguage\":\"de\"},{\"@type\":\"Organization\",\"@id\":\"https:\/\/tropicalhotel.it\/de\/#organization\",\"name\":\"Tropical Hotel Jesolo\",\"url\":\"https:\/\/tropicalhotel.it\/de\/\",\"logo\":{\"@type\":\"ImageObject\",\"inLanguage\":\"de\",\"@id\":\"https:\/\/tropicalhotel.it\/de\/#\/schema\/logo\/image\/\",\"url\":\"https:\/\/tropicalhotel.it\/wp-content\/uploads\/2024\/12\/Logo-Tropical-Verticale-2-2.jpg\",\"contentUrl\":\"https:\/\/tropicalhotel.it\/wp-content\/uploads\/2024\/12\/Logo-Tropical-Verticale-2-2.jpg\",\"width\":190,\"height\":147,\"caption\":\"Tropical Hotel Jesolo\"},\"image\":{\"@id\":\"https:\/\/tropicalhotel.it\/de\/#\/schema\/logo\/image\/\"},\"sameAs\":[\"https:\/\/www.facebook.com\/Tropical-Hotel-Jesolo-276868195688612\/\",\"https:\/\/www.instagram.com\/tropicalhoteljesolo\/\"]}]}<\/script>\n<!-- \/ Yoast SEO plugin. -->","yoast_head_json":{"title":"Hotel mit beheiztem Pool in Jesolo - Tropical Hotel Jesolo","robots":{"index":"index","follow":"follow","max-snippet":"max-snippet:-1","max-image-preview":"max-image-preview:large","max-video-preview":"max-video-preview:-1"},"canonical":"https:\/\/tropicalhotel.it\/de\/hotel-mit-beheiztem-pool-in-jesolo\/","og_locale":"de_DE","og_type":"article","og_title":"Hotel mit beheiztem Pool in Jesolo - Tropical Hotel Jesolo","og_description":"Hotel Tropical \u2013 Ihr Hotel mit beheiztem Pool in Jesolo! Entdecken Sie zwei exklusive Wohlf\u00fchlbereiche: einen beheizten Pool mit Whirlpool-Funktion im zweiten Stock und einen Panorama-Jacuzzi auf der Dachterrasse. Laut dem Buch Die japanische Methode f\u00fcr ein gl\u00fcckliches, langes Leben von Qing Li hat Zeit in der Natur erstaunliche gesundheitliche Vorteile. Deshalb haben wir unseren [&hellip;]","og_url":"https:\/\/tropicalhotel.it\/de\/hotel-mit-beheiztem-pool-in-jesolo\/","og_site_name":"Tropical Hotel Jesolo","article_publisher":"https:\/\/www.facebook.com\/Tropical-Hotel-Jesolo-276868195688612\/","article_modified_time":"2025-03-20T10:05:11+00:00","og_image":[{"width":1600,"height":833,"url":"https:\/\/tropicalhotel.it\/wp-content\/uploads\/2024\/12\/Home-Tropical-04.jpg","type":"image\/jpeg"}],"twitter_card":"summary_large_image","twitter_misc":{"Gesch\u00e4tzte Lesezeit":"2\u00a0Minuten"},"schema":{"@context":"https:\/\/schema.org","@graph":[{"@type":"WebPage","@id":"https:\/\/tropicalhotel.it\/de\/hotel-mit-beheiztem-pool-in-jesolo\/","url":"https:\/\/tropicalhotel.it\/de\/hotel-mit-beheiztem-pool-in-jesolo\/","name":"Hotel mit beheiztem Pool in Jesolo - Tropical Hotel Jesolo","isPartOf":{"@id":"https:\/\/tropicalhotel.it\/de\/#website"},"primaryImageOfPage":{"@id":"https:\/\/tropicalhotel.it\/de\/hotel-mit-beheiztem-pool-in-jesolo\/#primaryimage"},"image":{"@id":"https:\/\/tropicalhotel.it\/de\/hotel-mit-beheiztem-pool-in-jesolo\/#primaryimage"},"thumbnailUrl":"https:\/\/tropicalhotel.it\/wp-content\/uploads\/2024\/12\/Home-Tropical-04.jpg","datePublished":"2025-03-20T10:01:28+00:00","dateModified":"2025-03-20T10:05:11+00:00","breadcrumb":{"@id":"https:\/\/tropicalhotel.it\/de\/hotel-mit-beheiztem-pool-in-jesolo\/#breadcrumb"},"inLanguage":"de","potentialAction":[{"@type":"ReadAction","target":["https:\/\/tropicalhotel.it\/de\/hotel-mit-beheiztem-pool-in-jesolo\/"]}]},{"@type":"ImageObject","inLanguage":"de","@id":"https:\/\/tropicalhotel.it\/de\/hotel-mit-beheiztem-pool-in-jesolo\/#primaryimage","url":"https:\/\/tropicalhotel.it\/wp-content\/uploads\/2024\/12\/Home-Tropical-04.jpg","contentUrl":"https:\/\/tropicalhotel.it\/wp-content\/uploads\/2024\/12\/Home-Tropical-04.jpg","width":1600,"height":833},{"@type":"BreadcrumbList","@id":"https:\/\/tropicalhotel.it\/de\/hotel-mit-beheiztem-pool-in-jesolo\/#breadcrumb","itemListElement":[{"@type":"ListItem","position":1,"name":"Home","item":"https:\/\/tropicalhotel.it\/de\/"},{"@type":"ListItem","position":2,"name":"Hotel mit beheiztem Pool in Jesolo"}]},{"@type":"WebSite","@id":"https:\/\/tropicalhotel.it\/de\/#website","url":"https:\/\/tropicalhotel.it\/de\/","name":"Tropical Hotel Jesolo","description":"Hotel 3 stelle a Jesolo","publisher":{"@id":"https:\/\/tropicalhotel.it\/de\/#organization"},"potentialAction":[{"@type":"SearchAction","target":{"@type":"EntryPoint","urlTemplate":"https:\/\/tropicalhotel.it\/de\/?s={search_term_string}"},"query-input":{"@type":"PropertyValueSpecification","valueRequired":true,"valueName":"search_term_string"}}],"inLanguage":"de"},{"@type":"Organization","@id":"https:\/\/tropicalhotel.it\/de\/#organization","name":"Tropical Hotel Jesolo","url":"https:\/\/tropicalhotel.it\/de\/","logo":{"@type":"ImageObject","inLanguage":"de","@id":"https:\/\/tropicalhotel.it\/de\/#\/schema\/logo\/image\/","url":"https:\/\/tropicalhotel.it\/wp-content\/uploads\/2024\/12\/Logo-Tropical-Verticale-2-2.jpg","contentUrl":"https:\/\/tropicalhotel.it\/wp-content\/uploads\/2024\/12\/Logo-Tropical-Verticale-2-2.jpg","width":190,"height":147,"caption":"Tropical Hotel Jesolo"},"image":{"@id":"https:\/\/tropicalhotel.it\/de\/#\/schema\/logo\/image\/"},"sameAs":["https:\/\/www.facebook.com\/Tropical-Hotel-Jesolo-276868195688612\/","https:\/\/www.instagram.com\/tropicalhoteljesolo\/"]}]}},"_links":{"self":[{"href":"https:\/\/tropicalhotel.it\/de\/wp-json\/wp\/v2\/pages\/2680","targetHints":{"allow":["GET"]}}],"collection":[{"href":"https:\/\/tropicalhotel.it\/de\/wp-json\/wp\/v2\/pages"}],"about":[{"href":"https:\/\/tropicalhotel.it\/de\/wp-json\/wp\/v2\/types\/page"}],"author":[{"embeddable":true,"href":"https:\/\/tropicalhotel.it\/de\/wp-json\/wp\/v2\/users\/1"}],"replies":[{"embeddable":true,"href":"https:\/\/tropicalhotel.it\/de\/wp-json\/wp\/v2\/comments?post=2680"}],"version-history":[{"count":1,"href":"https:\/\/tropicalhotel.it\/de\/wp-json\/wp\/v2\/pages\/2680\/revisions"}],"predecessor-version":[{"id":2681,"href":"https:\/\/tropicalhotel.it\/de\/wp-json\/wp\/v2\/pages\/2680\/revisions\/2681"}],"wp:featuredmedia":[{"embeddable":true,"href":"https:\/\/tropicalhotel.it\/de\/wp-json\/wp\/v2\/media\/23"}],"wp:attachment":[{"href":"https:\/\/tropicalhotel.it\/de\/wp-json\/wp\/v2\/media?parent=2680"}],"curies":[{"name":"wp","href":"https:\/\/api.w.org\/{rel}","templated":true}]}}