{"id":3123,"date":"2025-04-28T09:20:33","date_gmt":"2025-04-28T09:20:33","guid":{"rendered":"https:\/\/staging.tropicalhotel.it\/attraktionen\/by-day\/jmuseo\/"},"modified":"2025-04-28T09:26:53","modified_gmt":"2025-04-28T09:26:53","slug":"jmuseo","status":"publish","type":"page","link":"https:\/\/tropicalhotel.it\/de\/attraktionen\/by-day\/jmuseo\/","title":{"rendered":"JMuseo"},"content":{"rendered":"\n<p>Entstanden, um ein lebendiges Ausstellungszentrum und kultureller Treffpunkt zu werden, wurde dieser Raum konzipiert, um eine Vielzahl von Ausstellungen, sowohl permanente als auch tempor\u00e4re, zu beherbergen. Dank der gro\u00dfen \u00d6ffnung in der Wand des zweiten Stockwerks kann das Museum auch gro\u00dfformatige Werke und Exponate aufnehmen und bietet so eine au\u00dfergew\u00f6hnliche Ausstellungsflexibilit\u00e4t.<\/p>\n\n\n\n<p><strong>INFO \u2192<\/strong><br>Via Aldo Policek 7, 30016 Jesolo VE<br>E. <a class=\"\">info@jmuseo.it<\/a><br>T. +39 0418627167<br><a class=\"\" href=\"https:\/\/jmuseo.it\/\">https:\/\/jmuseo.it\/<\/a><\/p>\n\n\n\n<p>Foto \u00a9 jmuseo.it<\/p>\n\n\n\n<p><strong>\u00d6FFNUNGSZEITEN<\/strong><br>Vom 19. April bis 8. Juni ist das Museum ge\u00f6ffnet:<\/p>\n\n\n\n<ul class=\"wp-block-list\">\n<li>Samstags von 14:30 bis 18:30 Uhr<\/li>\n\n\n\n<li>Sonntags von 10:30 bis 18:30 Uhr<\/li>\n<\/ul>\n\n\n\n<p><strong>SONDER\u00d6FFNUNGEN<\/strong><br>Das Museum ist an folgenden Tagen von 10:30 bis 18:30 Uhr ge\u00f6ffnet:<\/p>\n\n\n\n<p>Juni<br>19.\u201321. April<br>25.\u201327. April<br>1.\u20134. Mai<\/p>\n\n\n\n<p><\/p>\n","protected":false},"excerpt":{"rendered":"<p>Entstanden, um ein lebendiges Ausstellungszentrum und kultureller Treffpunkt zu werden, wurde dieser Raum konzipiert, um eine Vielzahl von Ausstellungen, sowohl permanente als auch tempor\u00e4re, zu beherbergen. Dank der gro\u00dfen \u00d6ffnung in der Wand des zweiten Stockwerks kann das Museum auch gro\u00dfformatige Werke und Exponate aufnehmen und bietet so eine au\u00dfergew\u00f6hnliche Ausstellungsflexibilit\u00e4t. INFO \u2192Via Aldo Policek [&hellip;]<\/p>\n","protected":false},"author":1,"featured_media":3116,"parent":1163,"menu_order":0,"comment_status":"closed","ping_status":"closed","template":"templates\/lista.php","meta":{"_acf_changed":false,"footnotes":""},"class_list":["post-3123","page","type-page","status-publish","has-post-thumbnail","hentry"],"acf":[],"yoast_head":"<!-- This site is optimized with the Yoast SEO plugin v27.0 - https:\/\/yoast.com\/product\/yoast-seo-wordpress\/ -->\n<title>JMuseo - Tropical Hotel Jesolo<\/title>\n<meta name=\"description\" content=\"Jmuseo Nato per diventare un vivace polo espositivo e un punto di incontro culturale, questo spazio \u00e8 stato progettato per ospitare una variet\u00e0 di mostre, sia permanenti che temporanee.\" \/>\n<meta name=\"robots\" content=\"index, follow, max-snippet:-1, max-image-preview:large, max-video-preview:-1\" \/>\n<link rel=\"canonical\" href=\"https:\/\/tropicalhotel.it\/de\/attraktionen\/by-day\/jmuseo\/\" \/>\n<meta property=\"og:locale\" content=\"de_DE\" \/>\n<meta property=\"og:type\" content=\"article\" \/>\n<meta property=\"og:title\" content=\"JMuseo - Tropical Hotel Jesolo\" \/>\n<meta property=\"og:description\" content=\"Jmuseo Nato per diventare un vivace polo espositivo e un punto di incontro culturale, questo spazio \u00e8 stato progettato per ospitare una variet\u00e0 di mostre, sia permanenti che temporanee.\" \/>\n<meta property=\"og:url\" content=\"https:\/\/tropicalhotel.it\/de\/attraktionen\/by-day\/jmuseo\/\" \/>\n<meta property=\"og:site_name\" content=\"Tropical Hotel Jesolo\" \/>\n<meta property=\"article:publisher\" content=\"https:\/\/www.facebook.com\/Tropical-Hotel-Jesolo-276868195688612\/\" \/>\n<meta property=\"article:modified_time\" content=\"2025-04-28T09:26:53+00:00\" \/>\n<meta property=\"og:image\" content=\"https:\/\/tropicalhotel.it\/wp-content\/uploads\/2025\/04\/jmuseo.jpg\" \/>\n\t<meta property=\"og:image:width\" content=\"1280\" \/>\n\t<meta property=\"og:image:height\" content=\"470\" \/>\n\t<meta property=\"og:image:type\" content=\"image\/jpeg\" \/>\n<meta name=\"twitter:card\" content=\"summary_large_image\" \/>\n<meta name=\"twitter:label1\" content=\"Gesch\u00e4tzte Lesezeit\" \/>\n\t<meta name=\"twitter:data1\" content=\"1\u00a0Minute\" \/>\n<script type=\"application\/ld+json\" class=\"yoast-schema-graph\">{\"@context\":\"https:\/\/schema.org\",\"@graph\":[{\"@type\":\"WebPage\",\"@id\":\"https:\/\/tropicalhotel.it\/de\/attraktionen\/by-day\/jmuseo\/\",\"url\":\"https:\/\/tropicalhotel.it\/de\/attraktionen\/by-day\/jmuseo\/\",\"name\":\"JMuseo - Tropical Hotel Jesolo\",\"isPartOf\":{\"@id\":\"https:\/\/tropicalhotel.it\/de\/#website\"},\"primaryImageOfPage\":{\"@id\":\"https:\/\/tropicalhotel.it\/de\/attraktionen\/by-day\/jmuseo\/#primaryimage\"},\"image\":{\"@id\":\"https:\/\/tropicalhotel.it\/de\/attraktionen\/by-day\/jmuseo\/#primaryimage\"},\"thumbnailUrl\":\"https:\/\/tropicalhotel.it\/wp-content\/uploads\/2025\/04\/jmuseo.jpg\",\"datePublished\":\"2025-04-28T09:20:33+00:00\",\"dateModified\":\"2025-04-28T09:26:53+00:00\",\"description\":\"Jmuseo Nato per diventare un vivace polo espositivo e un punto di incontro culturale, questo spazio \u00e8 stato progettato per ospitare una variet\u00e0 di mostre, sia permanenti che temporanee.\",\"breadcrumb\":{\"@id\":\"https:\/\/tropicalhotel.it\/de\/attraktionen\/by-day\/jmuseo\/#breadcrumb\"},\"inLanguage\":\"de\",\"potentialAction\":[{\"@type\":\"ReadAction\",\"target\":[\"https:\/\/tropicalhotel.it\/de\/attraktionen\/by-day\/jmuseo\/\"]}]},{\"@type\":\"ImageObject\",\"inLanguage\":\"de\",\"@id\":\"https:\/\/tropicalhotel.it\/de\/attraktionen\/by-day\/jmuseo\/#primaryimage\",\"url\":\"https:\/\/tropicalhotel.it\/wp-content\/uploads\/2025\/04\/jmuseo.jpg\",\"contentUrl\":\"https:\/\/tropicalhotel.it\/wp-content\/uploads\/2025\/04\/jmuseo.jpg\",\"width\":1280,\"height\":470},{\"@type\":\"BreadcrumbList\",\"@id\":\"https:\/\/tropicalhotel.it\/de\/attraktionen\/by-day\/jmuseo\/#breadcrumb\",\"itemListElement\":[{\"@type\":\"ListItem\",\"position\":1,\"name\":\"Home\",\"item\":\"https:\/\/tropicalhotel.it\/de\/\"},{\"@type\":\"ListItem\",\"position\":2,\"name\":\"Attraktionen\",\"item\":\"https:\/\/tropicalhotel.it\/de\/attraktionen\/\"},{\"@type\":\"ListItem\",\"position\":3,\"name\":\"By Day\",\"item\":\"https:\/\/tropicalhotel.it\/de\/attraktionen\/by-day\/\"},{\"@type\":\"ListItem\",\"position\":4,\"name\":\"JMuseo\"}]},{\"@type\":\"WebSite\",\"@id\":\"https:\/\/tropicalhotel.it\/de\/#website\",\"url\":\"https:\/\/tropicalhotel.it\/de\/\",\"name\":\"Tropical Hotel Jesolo\",\"description\":\"Hotel 3 stelle a Jesolo\",\"publisher\":{\"@id\":\"https:\/\/tropicalhotel.it\/de\/#organization\"},\"potentialAction\":[{\"@type\":\"SearchAction\",\"target\":{\"@type\":\"EntryPoint\",\"urlTemplate\":\"https:\/\/tropicalhotel.it\/de\/?s={search_term_string}\"},\"query-input\":{\"@type\":\"PropertyValueSpecification\",\"valueRequired\":true,\"valueName\":\"search_term_string\"}}],\"inLanguage\":\"de\"},{\"@type\":\"Organization\",\"@id\":\"https:\/\/tropicalhotel.it\/de\/#organization\",\"name\":\"Tropical Hotel Jesolo\",\"url\":\"https:\/\/tropicalhotel.it\/de\/\",\"logo\":{\"@type\":\"ImageObject\",\"inLanguage\":\"de\",\"@id\":\"https:\/\/tropicalhotel.it\/de\/#\/schema\/logo\/image\/\",\"url\":\"https:\/\/tropicalhotel.it\/wp-content\/uploads\/2024\/12\/Logo-Tropical-Verticale-2-2.jpg\",\"contentUrl\":\"https:\/\/tropicalhotel.it\/wp-content\/uploads\/2024\/12\/Logo-Tropical-Verticale-2-2.jpg\",\"width\":190,\"height\":147,\"caption\":\"Tropical Hotel Jesolo\"},\"image\":{\"@id\":\"https:\/\/tropicalhotel.it\/de\/#\/schema\/logo\/image\/\"},\"sameAs\":[\"https:\/\/www.facebook.com\/Tropical-Hotel-Jesolo-276868195688612\/\",\"https:\/\/www.instagram.com\/tropicalhoteljesolo\/\"]}]}<\/script>\n<!-- \/ Yoast SEO plugin. -->","yoast_head_json":{"title":"JMuseo - Tropical Hotel Jesolo","description":"Jmuseo Nato per diventare un vivace polo espositivo e un punto di incontro culturale, questo spazio \u00e8 stato progettato per ospitare una variet\u00e0 di mostre, sia permanenti che temporanee.","robots":{"index":"index","follow":"follow","max-snippet":"max-snippet:-1","max-image-preview":"max-image-preview:large","max-video-preview":"max-video-preview:-1"},"canonical":"https:\/\/tropicalhotel.it\/de\/attraktionen\/by-day\/jmuseo\/","og_locale":"de_DE","og_type":"article","og_title":"JMuseo - Tropical Hotel Jesolo","og_description":"Jmuseo Nato per diventare un vivace polo espositivo e un punto di incontro culturale, questo spazio \u00e8 stato progettato per ospitare una variet\u00e0 di mostre, sia permanenti che temporanee.","og_url":"https:\/\/tropicalhotel.it\/de\/attraktionen\/by-day\/jmuseo\/","og_site_name":"Tropical Hotel Jesolo","article_publisher":"https:\/\/www.facebook.com\/Tropical-Hotel-Jesolo-276868195688612\/","article_modified_time":"2025-04-28T09:26:53+00:00","og_image":[{"width":1280,"height":470,"url":"https:\/\/tropicalhotel.it\/wp-content\/uploads\/2025\/04\/jmuseo.jpg","type":"image\/jpeg"}],"twitter_card":"summary_large_image","twitter_misc":{"Gesch\u00e4tzte Lesezeit":"1\u00a0Minute"},"schema":{"@context":"https:\/\/schema.org","@graph":[{"@type":"WebPage","@id":"https:\/\/tropicalhotel.it\/de\/attraktionen\/by-day\/jmuseo\/","url":"https:\/\/tropicalhotel.it\/de\/attraktionen\/by-day\/jmuseo\/","name":"JMuseo - Tropical Hotel Jesolo","isPartOf":{"@id":"https:\/\/tropicalhotel.it\/de\/#website"},"primaryImageOfPage":{"@id":"https:\/\/tropicalhotel.it\/de\/attraktionen\/by-day\/jmuseo\/#primaryimage"},"image":{"@id":"https:\/\/tropicalhotel.it\/de\/attraktionen\/by-day\/jmuseo\/#primaryimage"},"thumbnailUrl":"https:\/\/tropicalhotel.it\/wp-content\/uploads\/2025\/04\/jmuseo.jpg","datePublished":"2025-04-28T09:20:33+00:00","dateModified":"2025-04-28T09:26:53+00:00","description":"Jmuseo Nato per diventare un vivace polo espositivo e un punto di incontro culturale, questo spazio \u00e8 stato progettato per ospitare una variet\u00e0 di mostre, sia permanenti che temporanee.","breadcrumb":{"@id":"https:\/\/tropicalhotel.it\/de\/attraktionen\/by-day\/jmuseo\/#breadcrumb"},"inLanguage":"de","potentialAction":[{"@type":"ReadAction","target":["https:\/\/tropicalhotel.it\/de\/attraktionen\/by-day\/jmuseo\/"]}]},{"@type":"ImageObject","inLanguage":"de","@id":"https:\/\/tropicalhotel.it\/de\/attraktionen\/by-day\/jmuseo\/#primaryimage","url":"https:\/\/tropicalhotel.it\/wp-content\/uploads\/2025\/04\/jmuseo.jpg","contentUrl":"https:\/\/tropicalhotel.it\/wp-content\/uploads\/2025\/04\/jmuseo.jpg","width":1280,"height":470},{"@type":"BreadcrumbList","@id":"https:\/\/tropicalhotel.it\/de\/attraktionen\/by-day\/jmuseo\/#breadcrumb","itemListElement":[{"@type":"ListItem","position":1,"name":"Home","item":"https:\/\/tropicalhotel.it\/de\/"},{"@type":"ListItem","position":2,"name":"Attraktionen","item":"https:\/\/tropicalhotel.it\/de\/attraktionen\/"},{"@type":"ListItem","position":3,"name":"By Day","item":"https:\/\/tropicalhotel.it\/de\/attraktionen\/by-day\/"},{"@type":"ListItem","position":4,"name":"JMuseo"}]},{"@type":"WebSite","@id":"https:\/\/tropicalhotel.it\/de\/#website","url":"https:\/\/tropicalhotel.it\/de\/","name":"Tropical Hotel Jesolo","description":"Hotel 3 stelle a Jesolo","publisher":{"@id":"https:\/\/tropicalhotel.it\/de\/#organization"},"potentialAction":[{"@type":"SearchAction","target":{"@type":"EntryPoint","urlTemplate":"https:\/\/tropicalhotel.it\/de\/?s={search_term_string}"},"query-input":{"@type":"PropertyValueSpecification","valueRequired":true,"valueName":"search_term_string"}}],"inLanguage":"de"},{"@type":"Organization","@id":"https:\/\/tropicalhotel.it\/de\/#organization","name":"Tropical Hotel Jesolo","url":"https:\/\/tropicalhotel.it\/de\/","logo":{"@type":"ImageObject","inLanguage":"de","@id":"https:\/\/tropicalhotel.it\/de\/#\/schema\/logo\/image\/","url":"https:\/\/tropicalhotel.it\/wp-content\/uploads\/2024\/12\/Logo-Tropical-Verticale-2-2.jpg","contentUrl":"https:\/\/tropicalhotel.it\/wp-content\/uploads\/2024\/12\/Logo-Tropical-Verticale-2-2.jpg","width":190,"height":147,"caption":"Tropical Hotel Jesolo"},"image":{"@id":"https:\/\/tropicalhotel.it\/de\/#\/schema\/logo\/image\/"},"sameAs":["https:\/\/www.facebook.com\/Tropical-Hotel-Jesolo-276868195688612\/","https:\/\/www.instagram.com\/tropicalhoteljesolo\/"]}]}},"_links":{"self":[{"href":"https:\/\/tropicalhotel.it\/de\/wp-json\/wp\/v2\/pages\/3123","targetHints":{"allow":["GET"]}}],"collection":[{"href":"https:\/\/tropicalhotel.it\/de\/wp-json\/wp\/v2\/pages"}],"about":[{"href":"https:\/\/tropicalhotel.it\/de\/wp-json\/wp\/v2\/types\/page"}],"author":[{"embeddable":true,"href":"https:\/\/tropicalhotel.it\/de\/wp-json\/wp\/v2\/users\/1"}],"replies":[{"embeddable":true,"href":"https:\/\/tropicalhotel.it\/de\/wp-json\/wp\/v2\/comments?post=3123"}],"version-history":[{"count":2,"href":"https:\/\/tropicalhotel.it\/de\/wp-json\/wp\/v2\/pages\/3123\/revisions"}],"predecessor-version":[{"id":3128,"href":"https:\/\/tropicalhotel.it\/de\/wp-json\/wp\/v2\/pages\/3123\/revisions\/3128"}],"up":[{"embeddable":true,"href":"https:\/\/tropicalhotel.it\/de\/wp-json\/wp\/v2\/pages\/1163"}],"wp:featuredmedia":[{"embeddable":true,"href":"https:\/\/tropicalhotel.it\/de\/wp-json\/wp\/v2\/media\/3116"}],"wp:attachment":[{"href":"https:\/\/tropicalhotel.it\/de\/wp-json\/wp\/v2\/media?parent=3123"}],"curies":[{"name":"wp","href":"https:\/\/api.w.org\/{rel}","templated":true}]}}