{"id":4111,"date":"2026-04-24T05:53:29","date_gmt":"2026-04-24T05:53:29","guid":{"rendered":"https:\/\/tropicalhotel.it\/?page_id=4111"},"modified":"2026-04-24T07:36:30","modified_gmt":"2026-04-24T07:36:30","slug":"hotel-jesolo-ohne-auto","status":"publish","type":"page","link":"https:\/\/tropicalhotel.it\/de\/hotel-jesolo-ohne-auto\/","title":{"rendered":"Hotel in Jesolo ohne Auto: ist das m\u00f6glich?"},"content":{"rendered":"\n<p>Ja, ein Urlaub in einem Hotel in Jesolo ohne Auto ist absolut m\u00f6glich und sogar sehr angenehm. Wichtig ist, eine Unterkunft in der N\u00e4he des Strandes und der wichtigsten Dienstleistungen zu w\u00e4hlen.<\/p>\n\n\n\n<p>So k\u00f6nnen Sie sich zu Fu\u00df oder mit dem Fahrrad bewegen und Ihren Aufenthalt entspannt genie\u00dfen.<\/p>\n\n\n\n<h3 class=\"wp-block-heading\">Warum ein Urlaub ohne Auto sinnvoll ist<\/h3>\n\n\n\n<ul class=\"wp-block-list\">\n<li>Mehr Entspannung<\/li>\n\n\n\n<li>Keine Parkplatzsuche<\/li>\n\n\n\n<li>Mehr Freiheit<\/li>\n\n\n\n<li>Angenehmeres Urlaubserlebnis<\/li>\n<\/ul>\n\n\n\n<p>Jesolo ist ideal f\u00fcr diese Art von Urlaub, da viele Bereiche gut erreichbar sind.<\/p>\n\n\n\n<h3 class=\"wp-block-heading\">Die richtige Lage w\u00e4hlen<\/h3>\n\n\n\n<p>Ein Hotel nahe am Strand ist entscheidend. So k\u00f6nnen Sie alles bequem erreichen.<\/p>\n\n\n\n<p>Mehr dazu auf der Seite \u00fcber <a href=\"\/de\/dove-dormire-jesolo-vicino-spiaggia\/\">wo man in Jesolo nahe am Strand \u00fcbernachten kann<\/a>.<\/p>\n\n\n\n<h3 class=\"wp-block-heading\">Services, die den Unterschied machen<\/h3>\n\n\n\n<ul class=\"wp-block-list\">\n<li>Strand inklusive<\/li>\n\n\n\n<li>Kostenlose Fahrr\u00e4der<\/li>\n\n\n\n<li>Zentrale Lage<\/li>\n\n\n\n<li>Restaurant im Hotel<\/li>\n<\/ul>\n\n\n\n<p>Entdecken Sie auch das <a href=\"https:\/\/tropicalhotel.it\/de\/hotel-jesolo-nahe-strand-inklusive-leistungen\/\">Hotel in Jesolo nahe Strand mit inklusive Leistungen<\/a>.<\/p>\n\n\n\n<h3 class=\"wp-block-heading\">Ein entspannter Aufenthalt ohne Stress<\/h3>\n\n\n\n<p>Ohne Auto zu reisen bedeutet weniger Stress und mehr Zeit f\u00fcr Entspannung und Erholung.<\/p>\n\n\n\n<p><strong>Buchen Sie jetzt und genie\u00dfen Sie Jesolo ohne Auto.<\/strong><\/p>\n\n\n<div id=\"rank-math-faq\" class=\"rank-math-block\">\n<div class=\"rank-math-list \">\n<div id=\"rm-faq-09e6cab4093d0c860f472021e6dcafc5\" class=\"rank-math-list-item\">\n<h3 class=\"rank-math-question \">Kann man Jesolo ohne Auto besuchen?<\/h3>\n<div class=\"rank-math-answer \">\n\n<p>Ja, viele Bereiche sind zu Fu\u00df oder mit dem Fahrrad erreichbar.<\/p>\n\n<\/div>\n<\/div>\n<div id=\"rm-faq-811ed9baeacc5b83080f7526c94821be\" class=\"rank-math-list-item\">\n<h3 class=\"rank-math-question \">Ist ein Hotel nahe am Strand wichtig?<\/h3>\n<div class=\"rank-math-answer \">\n\n<p>Ja, es erleichtert den Aufenthalt ohne Auto.<\/p>\n\n<\/div>\n<\/div>\n<div id=\"rm-faq-9390f79f606bc6cb56df2d538343de8c\" class=\"rank-math-list-item\">\n<h3 class=\"rank-math-question \">Sind Fahrr\u00e4der verf\u00fcgbar?<\/h3>\n<div class=\"rank-math-answer \">\n\n<p>Viele Hotels bieten kostenlose Fahrr\u00e4der.<\/p>\n\n<\/div>\n<\/div>\n<div id=\"rm-faq-577cbdb34851cd0c0840b08978a8f26c\" class=\"rank-math-list-item\">\n<h3 class=\"rank-math-question \">Ist ein Urlaub ohne Auto entspannter?<\/h3>\n<div class=\"rank-math-answer \">\n\n<p>Ja, da man sich weniger organisieren muss.<\/p>\n\n<\/div>\n<\/div>\n<\/div>\n<\/div>","protected":false},"excerpt":{"rendered":"<p>Ja, ein Urlaub in einem Hotel in Jesolo ohne Auto ist absolut m\u00f6glich und sogar sehr angenehm. Wichtig ist, eine Unterkunft in der N\u00e4he des Strandes und der wichtigsten Dienstleistungen zu w\u00e4hlen. So k\u00f6nnen Sie sich zu Fu\u00df oder mit dem Fahrrad bewegen und Ihren Aufenthalt entspannt genie\u00dfen. Warum ein Urlaub ohne Auto sinnvoll ist [&hellip;]<\/p>\n","protected":false},"author":1,"featured_media":4110,"parent":0,"menu_order":0,"comment_status":"closed","ping_status":"closed","template":"","meta":{"_acf_changed":false,"footnotes":""},"class_list":["post-4111","page","type-page","status-publish","has-post-thumbnail","hentry"],"acf":[],"_links":{"self":[{"href":"https:\/\/tropicalhotel.it\/de\/wp-json\/wp\/v2\/pages\/4111","targetHints":{"allow":["GET"]}}],"collection":[{"href":"https:\/\/tropicalhotel.it\/de\/wp-json\/wp\/v2\/pages"}],"about":[{"href":"https:\/\/tropicalhotel.it\/de\/wp-json\/wp\/v2\/types\/page"}],"author":[{"embeddable":true,"href":"https:\/\/tropicalhotel.it\/de\/wp-json\/wp\/v2\/users\/1"}],"replies":[{"embeddable":true,"href":"https:\/\/tropicalhotel.it\/de\/wp-json\/wp\/v2\/comments?post=4111"}],"version-history":[{"count":2,"href":"https:\/\/tropicalhotel.it\/de\/wp-json\/wp\/v2\/pages\/4111\/revisions"}],"predecessor-version":[{"id":4113,"href":"https:\/\/tropicalhotel.it\/de\/wp-json\/wp\/v2\/pages\/4111\/revisions\/4113"}],"wp:featuredmedia":[{"embeddable":true,"href":"https:\/\/tropicalhotel.it\/de\/wp-json\/wp\/v2\/media\/4110"}],"wp:attachment":[{"href":"https:\/\/tropicalhotel.it\/de\/wp-json\/wp\/v2\/media?parent=4111"}],"curies":[{"name":"wp","href":"https:\/\/api.w.org\/{rel}","templated":true}]}}