{"id":4255,"date":"2026-05-05T07:08:18","date_gmt":"2026-05-05T07:08:18","guid":{"rendered":"https:\/\/tropicalhotel.it\/?page_id=4255"},"modified":"2026-05-06T07:40:55","modified_gmt":"2026-05-06T07:40:55","slug":"uber-uns","status":"publish","type":"page","link":"https:\/\/tropicalhotel.it\/de\/hotel\/uber-uns\/","title":{"rendered":"\u00dcber uns"},"content":{"rendered":"\n<p>Seit \u00fcber <strong>60 Jahren<\/strong> erz\u00e4hlt das Hotel Tropical eine Geschichte aus <strong>Familie, Leidenschaft und Gastfreundschaft<\/strong>. Gegr\u00fcndet in den fr\u00fchen 1960er Jahren, als diese Gegend von Jesolo noch als \u201edie W\u00fcste\u201c bekannt war, hat es die Entwicklung der Region miterlebt und ist zu einem <strong>Bezugspunkt f\u00fcr alle geworden, die einen authentischen Urlaub suchen<\/strong>.<\/p>\n\n\n\n<p>Seit 1963 befindet es sich in den H\u00e4nden der Familie Bergamo, die mit Mut eine Investition in ein <strong>Lebensprojekt<\/strong> verwandelt hat und Tag f\u00fcr Tag mit Hingabe und Leidenschaft die Kunst der Gastfreundschaft gelernt hat. Noch heute ist diese Geschichte in vielen Details sp\u00fcrbar: wie bei der historischen Faema E61 Kaffeemaschine aus dem Jahr 1962, die noch immer in Betrieb ist und Kaffee wie fr\u00fcher serviert, oder in den Bereichen der Lobby, die bewusst <strong>Teile der originalen Einrichtung und des venezianischen Bodens aus den 60er Jahren bewahren<\/strong>.<\/p>\n\n\n\n<p>Im Laufe der Zeit hat sich das Hotel weiterentwickelt, <strong>ohne jemals seine Seele zu verlieren<\/strong>. Heute f\u00fchrt bereits die dritte Generation, Andrea und Nadia zusammen mit Martina und Elisa, eine Tradition fort, die auf <strong>Aufmerksamkeit, Qualit\u00e4t und echten Beziehungen zu den G\u00e4sten<\/strong> basiert \u2014 viele von ihnen kommen seit <strong>\u00fcber vierzig Jahren<\/strong> immer wieder zur\u00fcck.<\/p>\n\n\n\n<p>Im Hotel Tropical wird jeder Aufenthalt Teil einer <strong>fortlaufenden Geschichte<\/strong>. Mit Stolz und Begeisterung empfangen wir unsere G\u00e4ste seit Generationen <strong>wie einen Freund<\/strong>.<\/p>\n\n\n\n<p>Denn die sch\u00f6nste Gastfreundschaft ist die, die <strong>von Herzen kommt und lange in Erinnerung bleibt<\/strong>.<br><strong>Unsere Geschichte geht weiter\u2026 gemeinsam mit Ihnen.<\/strong><\/p>\n","protected":false},"excerpt":{"rendered":"<p>Seit \u00fcber 60 Jahren erz\u00e4hlt das Hotel Tropical eine Geschichte aus Familie, Leidenschaft und Gastfreundschaft. Gegr\u00fcndet in den fr\u00fchen 1960er Jahren, als diese Gegend von Jesolo noch als \u201edie W\u00fcste\u201c bekannt war, hat es die Entwicklung der Region miterlebt und ist zu einem Bezugspunkt f\u00fcr alle geworden, die einen authentischen Urlaub suchen. Seit 1963 befindet [&hellip;]<\/p>\n","protected":false},"author":1,"featured_media":4254,"parent":2195,"menu_order":0,"comment_status":"closed","ping_status":"closed","template":"","meta":{"_acf_changed":false,"footnotes":""},"class_list":["post-4255","page","type-page","status-publish","has-post-thumbnail","hentry"],"acf":[],"_links":{"self":[{"href":"https:\/\/tropicalhotel.it\/de\/wp-json\/wp\/v2\/pages\/4255","targetHints":{"allow":["GET"]}}],"collection":[{"href":"https:\/\/tropicalhotel.it\/de\/wp-json\/wp\/v2\/pages"}],"about":[{"href":"https:\/\/tropicalhotel.it\/de\/wp-json\/wp\/v2\/types\/page"}],"author":[{"embeddable":true,"href":"https:\/\/tropicalhotel.it\/de\/wp-json\/wp\/v2\/users\/1"}],"replies":[{"embeddable":true,"href":"https:\/\/tropicalhotel.it\/de\/wp-json\/wp\/v2\/comments?post=4255"}],"version-history":[{"count":1,"href":"https:\/\/tropicalhotel.it\/de\/wp-json\/wp\/v2\/pages\/4255\/revisions"}],"predecessor-version":[{"id":4256,"href":"https:\/\/tropicalhotel.it\/de\/wp-json\/wp\/v2\/pages\/4255\/revisions\/4256"}],"up":[{"embeddable":true,"href":"https:\/\/tropicalhotel.it\/de\/wp-json\/wp\/v2\/pages\/2195"}],"wp:featuredmedia":[{"embeddable":true,"href":"https:\/\/tropicalhotel.it\/de\/wp-json\/wp\/v2\/media\/4254"}],"wp:attachment":[{"href":"https:\/\/tropicalhotel.it\/de\/wp-json\/wp\/v2\/media?parent=4255"}],"curies":[{"name":"wp","href":"https:\/\/api.w.org\/{rel}","templated":true}]}}