{"id":1033,"date":"2024-12-18T09:31:21","date_gmt":"2024-12-18T09:31:21","guid":{"rendered":"https:\/\/staging.tropicalhotel.it\/by-night\/terrazza-bavarese\/"},"modified":"2025-01-31T13:14:27","modified_gmt":"2025-01-31T13:14:27","slug":"terrazza-bavarese","status":"publish","type":"page","link":"https:\/\/tropicalhotel.it\/fr\/attractions\/by-night\/terrazza-bavarese\/","title":{"rendered":"TERRAZZA BAVARESE"},"content":{"rendered":"\n<p>La TERRAZZA BAVARESE est un lieu de rencontre et de divertissement \u00e0 Jesolo.<br>Vous pourrez y d\u00e9guster des sp\u00e9cialit\u00e9s bavaroises, telles que les saucisses de Francfort classiques ou le typique strudel accompagn\u00e9 de cr\u00e8me chaude \u00e0 la vanille. Pour accompagner ces plats, vous trouverez les bi\u00e8res bavaroises originales (blonde, rouge ou double malt).<br>Vous pourrez \u00e9galement y d\u00e9guster des pizzas napolitaines cuites au feu de bois, garnies d&rsquo;ingr\u00e9dients de saison et de qualit\u00e9. Plus de 40 pizzas \u00e0 d\u00e9guster en compagnie de vos amis.<br>Des soir\u00e9es avec musique live sont organis\u00e9es p\u00e9riodiquement.<\/p>\n\n\n\n<p>INFO \u2192<br>Via Giuseppe Verdi, 17 (distanza 9 km)<br><a href=\"https:\/\/www.hotel-international.it\/terrazza-bavarese-jesolo-lido\/\" target=\"_blank\" rel=\"noreferrer noopener\">https:\/\/www.hotel-international.it\/terrazza-bavarese-jesolo-lido\/<\/a><\/p>\n\n\n\n<p><a href=\"https:\/\/www.tropicalhotel.it\/#facebook\" rel=\"noreferrer noopener\" target=\"_blank\">Facebook<\/a><a href=\"https:\/\/www.tropicalhotel.it\/#twitter\" rel=\"noreferrer noopener\" target=\"_blank\">Twitter<\/a><a href=\"https:\/\/www.addtoany.com\/add_to\/google_plus?linkurl=https%3A%2F%2Fwww.tropicalhotel.it%2Fby-night%2Fterrazza-bavarese-jesolo%2F&amp;linkname=TERRAZZA%20BAVARESE\" rel=\"noreferrer noopener\" target=\"_blank\"><\/a><a href=\"https:\/\/www.addtoany.com\/share#url=https%3A%2F%2Fwww.tropicalhotel.it%2Fby-night%2Fterrazza-bavarese-jesolo%2F&amp;title=TERRAZZA%20BAVARESE\">Condividi<\/a><\/p>\n","protected":false},"excerpt":{"rendered":"<p>La TERRAZZA BAVARESE est un lieu de rencontre et de divertissement \u00e0 Jesolo.Vous pourrez y d\u00e9guster des sp\u00e9cialit\u00e9s bavaroises, telles que les saucisses de Francfort classiques ou le typique strudel accompagn\u00e9 de cr\u00e8me chaude \u00e0 la vanille. Pour accompagner ces plats, vous trouverez les bi\u00e8res bavaroises originales (blonde, rouge ou double malt).Vous pourrez \u00e9galement y [&hellip;]<\/p>\n","protected":false},"author":1,"featured_media":820,"parent":1030,"menu_order":0,"comment_status":"closed","ping_status":"closed","template":"templates\/lista-figlio.php","meta":{"_acf_changed":false,"footnotes":""},"class_list":["post-1033","page","type-page","status-publish","has-post-thumbnail","hentry"],"acf":[],"yoast_head":"<!-- This site is optimized with the Yoast SEO plugin v27.0 - https:\/\/yoast.com\/product\/yoast-seo-wordpress\/ -->\n<title>Terrazza Bavarese Jesolo : cuisine bavaroise et pizza napolitaine<\/title>\n<meta name=\"description\" content=\"D\u00e9gustez des sp\u00e9cialit\u00e9s bavaroises et des pizzas napolitaines \u00e0 la Terrazza Bavarese Jesolo. Bi\u00e8res authentiques et musique live.\" \/>\n<meta name=\"robots\" content=\"index, follow, max-snippet:-1, max-image-preview:large, max-video-preview:-1\" \/>\n<link rel=\"canonical\" href=\"https:\/\/tropicalhotel.it\/fr\/attractions\/by-night\/terrazza-bavarese\/\" \/>\n<meta property=\"og:locale\" content=\"fr_FR\" \/>\n<meta property=\"og:type\" content=\"article\" \/>\n<meta property=\"og:title\" content=\"Terrazza Bavarese Jesolo : cuisine bavaroise et pizza napolitaine\" \/>\n<meta property=\"og:description\" content=\"D\u00e9gustez des sp\u00e9cialit\u00e9s bavaroises et des pizzas napolitaines \u00e0 la Terrazza Bavarese Jesolo. Bi\u00e8res authentiques et musique live.\" \/>\n<meta property=\"og:url\" content=\"https:\/\/tropicalhotel.it\/fr\/attractions\/by-night\/terrazza-bavarese\/\" \/>\n<meta property=\"og:site_name\" content=\"Tropical Hotel Jesolo\" \/>\n<meta property=\"article:publisher\" content=\"https:\/\/www.facebook.com\/Tropical-Hotel-Jesolo-276868195688612\/\" \/>\n<meta property=\"article:modified_time\" content=\"2025-01-31T13:14:27+00:00\" \/>\n<meta property=\"og:image\" content=\"https:\/\/tropicalhotel.it\/wp-content\/uploads\/2024\/12\/terrazza-bavarese-1600x558-1.jpg\" \/>\n\t<meta property=\"og:image:width\" content=\"1600\" \/>\n\t<meta property=\"og:image:height\" content=\"558\" \/>\n\t<meta property=\"og:image:type\" content=\"image\/jpeg\" \/>\n<meta name=\"twitter:card\" content=\"summary_large_image\" \/>\n<meta name=\"twitter:label1\" content=\"Dur\u00e9e de lecture estim\u00e9e\" \/>\n\t<meta name=\"twitter:data1\" content=\"1 minute\" \/>\n<script type=\"application\/ld+json\" class=\"yoast-schema-graph\">{\"@context\":\"https:\/\/schema.org\",\"@graph\":[{\"@type\":\"WebPage\",\"@id\":\"https:\/\/tropicalhotel.it\/fr\/attractions\/by-night\/terrazza-bavarese\/\",\"url\":\"https:\/\/tropicalhotel.it\/fr\/attractions\/by-night\/terrazza-bavarese\/\",\"name\":\"Terrazza Bavarese Jesolo : cuisine bavaroise et pizza napolitaine\",\"isPartOf\":{\"@id\":\"https:\/\/tropicalhotel.it\/fr\/#website\"},\"primaryImageOfPage\":{\"@id\":\"https:\/\/tropicalhotel.it\/fr\/attractions\/by-night\/terrazza-bavarese\/#primaryimage\"},\"image\":{\"@id\":\"https:\/\/tropicalhotel.it\/fr\/attractions\/by-night\/terrazza-bavarese\/#primaryimage\"},\"thumbnailUrl\":\"https:\/\/tropicalhotel.it\/wp-content\/uploads\/2024\/12\/terrazza-bavarese-1600x558-1.jpg\",\"datePublished\":\"2024-12-18T09:31:21+00:00\",\"dateModified\":\"2025-01-31T13:14:27+00:00\",\"description\":\"D\u00e9gustez des sp\u00e9cialit\u00e9s bavaroises et des pizzas napolitaines \u00e0 la Terrazza Bavarese Jesolo. Bi\u00e8res authentiques et musique live.\",\"breadcrumb\":{\"@id\":\"https:\/\/tropicalhotel.it\/fr\/attractions\/by-night\/terrazza-bavarese\/#breadcrumb\"},\"inLanguage\":\"fr-FR\",\"potentialAction\":[{\"@type\":\"ReadAction\",\"target\":[\"https:\/\/tropicalhotel.it\/fr\/attractions\/by-night\/terrazza-bavarese\/\"]}]},{\"@type\":\"ImageObject\",\"inLanguage\":\"fr-FR\",\"@id\":\"https:\/\/tropicalhotel.it\/fr\/attractions\/by-night\/terrazza-bavarese\/#primaryimage\",\"url\":\"https:\/\/tropicalhotel.it\/wp-content\/uploads\/2024\/12\/terrazza-bavarese-1600x558-1.jpg\",\"contentUrl\":\"https:\/\/tropicalhotel.it\/wp-content\/uploads\/2024\/12\/terrazza-bavarese-1600x558-1.jpg\",\"width\":1600,\"height\":558,\"caption\":\"Terrazza Bavarese Jesolo\"},{\"@type\":\"BreadcrumbList\",\"@id\":\"https:\/\/tropicalhotel.it\/fr\/attractions\/by-night\/terrazza-bavarese\/#breadcrumb\",\"itemListElement\":[{\"@type\":\"ListItem\",\"position\":1,\"name\":\"Home\",\"item\":\"https:\/\/tropicalhotel.it\/fr\/\"},{\"@type\":\"ListItem\",\"position\":2,\"name\":\"Attractions\",\"item\":\"https:\/\/tropicalhotel.it\/fr\/attractions\/\"},{\"@type\":\"ListItem\",\"position\":3,\"name\":\"By Night\",\"item\":\"https:\/\/tropicalhotel.it\/fr\/attractions\/by-night\/\"},{\"@type\":\"ListItem\",\"position\":4,\"name\":\"TERRAZZA BAVARESE\"}]},{\"@type\":\"WebSite\",\"@id\":\"https:\/\/tropicalhotel.it\/fr\/#website\",\"url\":\"https:\/\/tropicalhotel.it\/fr\/\",\"name\":\"Tropical Hotel Jesolo\",\"description\":\"Hotel 3 stelle a Jesolo\",\"publisher\":{\"@id\":\"https:\/\/tropicalhotel.it\/fr\/#organization\"},\"potentialAction\":[{\"@type\":\"SearchAction\",\"target\":{\"@type\":\"EntryPoint\",\"urlTemplate\":\"https:\/\/tropicalhotel.it\/fr\/?s={search_term_string}\"},\"query-input\":{\"@type\":\"PropertyValueSpecification\",\"valueRequired\":true,\"valueName\":\"search_term_string\"}}],\"inLanguage\":\"fr-FR\"},{\"@type\":\"Organization\",\"@id\":\"https:\/\/tropicalhotel.it\/fr\/#organization\",\"name\":\"Tropical Hotel Jesolo\",\"url\":\"https:\/\/tropicalhotel.it\/fr\/\",\"logo\":{\"@type\":\"ImageObject\",\"inLanguage\":\"fr-FR\",\"@id\":\"https:\/\/tropicalhotel.it\/fr\/#\/schema\/logo\/image\/\",\"url\":\"https:\/\/tropicalhotel.it\/wp-content\/uploads\/2024\/12\/Logo-Tropical-Verticale-2-2.jpg\",\"contentUrl\":\"https:\/\/tropicalhotel.it\/wp-content\/uploads\/2024\/12\/Logo-Tropical-Verticale-2-2.jpg\",\"width\":190,\"height\":147,\"caption\":\"Tropical Hotel Jesolo\"},\"image\":{\"@id\":\"https:\/\/tropicalhotel.it\/fr\/#\/schema\/logo\/image\/\"},\"sameAs\":[\"https:\/\/www.facebook.com\/Tropical-Hotel-Jesolo-276868195688612\/\",\"https:\/\/www.instagram.com\/tropicalhoteljesolo\/\"]}]}<\/script>\n<!-- \/ Yoast SEO plugin. -->","yoast_head_json":{"title":"Terrazza Bavarese Jesolo : cuisine bavaroise et pizza napolitaine","description":"D\u00e9gustez des sp\u00e9cialit\u00e9s bavaroises et des pizzas napolitaines \u00e0 la Terrazza Bavarese Jesolo. Bi\u00e8res authentiques et musique live.","robots":{"index":"index","follow":"follow","max-snippet":"max-snippet:-1","max-image-preview":"max-image-preview:large","max-video-preview":"max-video-preview:-1"},"canonical":"https:\/\/tropicalhotel.it\/fr\/attractions\/by-night\/terrazza-bavarese\/","og_locale":"fr_FR","og_type":"article","og_title":"Terrazza Bavarese Jesolo : cuisine bavaroise et pizza napolitaine","og_description":"D\u00e9gustez des sp\u00e9cialit\u00e9s bavaroises et des pizzas napolitaines \u00e0 la Terrazza Bavarese Jesolo. Bi\u00e8res authentiques et musique live.","og_url":"https:\/\/tropicalhotel.it\/fr\/attractions\/by-night\/terrazza-bavarese\/","og_site_name":"Tropical Hotel Jesolo","article_publisher":"https:\/\/www.facebook.com\/Tropical-Hotel-Jesolo-276868195688612\/","article_modified_time":"2025-01-31T13:14:27+00:00","og_image":[{"width":1600,"height":558,"url":"https:\/\/tropicalhotel.it\/wp-content\/uploads\/2024\/12\/terrazza-bavarese-1600x558-1.jpg","type":"image\/jpeg"}],"twitter_card":"summary_large_image","twitter_misc":{"Dur\u00e9e de lecture estim\u00e9e":"1 minute"},"schema":{"@context":"https:\/\/schema.org","@graph":[{"@type":"WebPage","@id":"https:\/\/tropicalhotel.it\/fr\/attractions\/by-night\/terrazza-bavarese\/","url":"https:\/\/tropicalhotel.it\/fr\/attractions\/by-night\/terrazza-bavarese\/","name":"Terrazza Bavarese Jesolo : cuisine bavaroise et pizza napolitaine","isPartOf":{"@id":"https:\/\/tropicalhotel.it\/fr\/#website"},"primaryImageOfPage":{"@id":"https:\/\/tropicalhotel.it\/fr\/attractions\/by-night\/terrazza-bavarese\/#primaryimage"},"image":{"@id":"https:\/\/tropicalhotel.it\/fr\/attractions\/by-night\/terrazza-bavarese\/#primaryimage"},"thumbnailUrl":"https:\/\/tropicalhotel.it\/wp-content\/uploads\/2024\/12\/terrazza-bavarese-1600x558-1.jpg","datePublished":"2024-12-18T09:31:21+00:00","dateModified":"2025-01-31T13:14:27+00:00","description":"D\u00e9gustez des sp\u00e9cialit\u00e9s bavaroises et des pizzas napolitaines \u00e0 la Terrazza Bavarese Jesolo. Bi\u00e8res authentiques et musique live.","breadcrumb":{"@id":"https:\/\/tropicalhotel.it\/fr\/attractions\/by-night\/terrazza-bavarese\/#breadcrumb"},"inLanguage":"fr-FR","potentialAction":[{"@type":"ReadAction","target":["https:\/\/tropicalhotel.it\/fr\/attractions\/by-night\/terrazza-bavarese\/"]}]},{"@type":"ImageObject","inLanguage":"fr-FR","@id":"https:\/\/tropicalhotel.it\/fr\/attractions\/by-night\/terrazza-bavarese\/#primaryimage","url":"https:\/\/tropicalhotel.it\/wp-content\/uploads\/2024\/12\/terrazza-bavarese-1600x558-1.jpg","contentUrl":"https:\/\/tropicalhotel.it\/wp-content\/uploads\/2024\/12\/terrazza-bavarese-1600x558-1.jpg","width":1600,"height":558,"caption":"Terrazza Bavarese Jesolo"},{"@type":"BreadcrumbList","@id":"https:\/\/tropicalhotel.it\/fr\/attractions\/by-night\/terrazza-bavarese\/#breadcrumb","itemListElement":[{"@type":"ListItem","position":1,"name":"Home","item":"https:\/\/tropicalhotel.it\/fr\/"},{"@type":"ListItem","position":2,"name":"Attractions","item":"https:\/\/tropicalhotel.it\/fr\/attractions\/"},{"@type":"ListItem","position":3,"name":"By Night","item":"https:\/\/tropicalhotel.it\/fr\/attractions\/by-night\/"},{"@type":"ListItem","position":4,"name":"TERRAZZA BAVARESE"}]},{"@type":"WebSite","@id":"https:\/\/tropicalhotel.it\/fr\/#website","url":"https:\/\/tropicalhotel.it\/fr\/","name":"Tropical Hotel Jesolo","description":"Hotel 3 stelle a Jesolo","publisher":{"@id":"https:\/\/tropicalhotel.it\/fr\/#organization"},"potentialAction":[{"@type":"SearchAction","target":{"@type":"EntryPoint","urlTemplate":"https:\/\/tropicalhotel.it\/fr\/?s={search_term_string}"},"query-input":{"@type":"PropertyValueSpecification","valueRequired":true,"valueName":"search_term_string"}}],"inLanguage":"fr-FR"},{"@type":"Organization","@id":"https:\/\/tropicalhotel.it\/fr\/#organization","name":"Tropical Hotel Jesolo","url":"https:\/\/tropicalhotel.it\/fr\/","logo":{"@type":"ImageObject","inLanguage":"fr-FR","@id":"https:\/\/tropicalhotel.it\/fr\/#\/schema\/logo\/image\/","url":"https:\/\/tropicalhotel.it\/wp-content\/uploads\/2024\/12\/Logo-Tropical-Verticale-2-2.jpg","contentUrl":"https:\/\/tropicalhotel.it\/wp-content\/uploads\/2024\/12\/Logo-Tropical-Verticale-2-2.jpg","width":190,"height":147,"caption":"Tropical Hotel Jesolo"},"image":{"@id":"https:\/\/tropicalhotel.it\/fr\/#\/schema\/logo\/image\/"},"sameAs":["https:\/\/www.facebook.com\/Tropical-Hotel-Jesolo-276868195688612\/","https:\/\/www.instagram.com\/tropicalhoteljesolo\/"]}]}},"_links":{"self":[{"href":"https:\/\/tropicalhotel.it\/fr\/wp-json\/wp\/v2\/pages\/1033","targetHints":{"allow":["GET"]}}],"collection":[{"href":"https:\/\/tropicalhotel.it\/fr\/wp-json\/wp\/v2\/pages"}],"about":[{"href":"https:\/\/tropicalhotel.it\/fr\/wp-json\/wp\/v2\/types\/page"}],"author":[{"embeddable":true,"href":"https:\/\/tropicalhotel.it\/fr\/wp-json\/wp\/v2\/users\/1"}],"replies":[{"embeddable":true,"href":"https:\/\/tropicalhotel.it\/fr\/wp-json\/wp\/v2\/comments?post=1033"}],"version-history":[{"count":3,"href":"https:\/\/tropicalhotel.it\/fr\/wp-json\/wp\/v2\/pages\/1033\/revisions"}],"predecessor-version":[{"id":1542,"href":"https:\/\/tropicalhotel.it\/fr\/wp-json\/wp\/v2\/pages\/1033\/revisions\/1542"}],"up":[{"embeddable":true,"href":"https:\/\/tropicalhotel.it\/fr\/wp-json\/wp\/v2\/pages\/1030"}],"wp:featuredmedia":[{"embeddable":true,"href":"https:\/\/tropicalhotel.it\/fr\/wp-json\/wp\/v2\/media\/820"}],"wp:attachment":[{"href":"https:\/\/tropicalhotel.it\/fr\/wp-json\/wp\/v2\/media?parent=1033"}],"curies":[{"name":"wp","href":"https:\/\/api.w.org\/{rel}","templated":true}]}}