{"id":1042,"date":"2024-12-18T09:08:32","date_gmt":"2024-12-18T09:08:32","guid":{"rendered":"https:\/\/staging.tropicalhotel.it\/by-night\/vanilla-club\/"},"modified":"2025-01-31T13:34:23","modified_gmt":"2025-01-31T13:34:23","slug":"vanilla-club","status":"publish","type":"page","link":"https:\/\/tropicalhotel.it\/fr\/attractions\/by-night\/vanilla-club\/","title":{"rendered":"VANILLA CLUB"},"content":{"rendered":"\n<p>VANILLE\u00a0CLUB est\u00a0l\u2019usine\u00a0du plaisir de\u00a0Jesolo.\u00a0Au cours des cinq\u00a0derni\u00e8res ann\u00e9es, gr\u00e2ce \u00e0\u00a0l\u2019extravagance\u00a0de ses\u00a0nuits,\u00a0l\u2019\u00e9nergie des\u00a0artistes\u00a0et de l\u2019animation\u00a0du freestyle\u00a0bartending\u00a0a sans aucun doute\u00a0devenir un\u00a0point de r\u00e9f\u00e9rence pour\u00a0ceux qui souhaitent passer\u00a0une soir\u00e9e m\u00e9morable\u00a0dans cette ville.\u00a0Vanille\u00a0dirigeants\u00a0est fier de pr\u00e9senter\u00a0pour\u00a0la saison estivale 2011\u00a0un calendrier complet\u00a0d\u2019\u00e9v\u00e9nements.\u00a0En effet, outre\u00a0les\u00a0artistes les plus\u00a0c\u00e9l\u00e8bres\u00a0locaux,\u00a0du vendredi 15\u00a0Juillet,\u00a0la vanille\u00a0se tourne vers\u00a0la console\u00a0d\u2019invit\u00e9 sp\u00e9cial\u00a0international\u00a0qui a marqu\u00e9\u00a0l\u2019histoire\u00a0de la house music.\u00a0La croisi\u00e8re\u00a0\u00e0 la voile\u00a0pendant la nuit et\u00a0sera c\u00e9l\u00e9br\u00e9e\u00a0Saturday,\u00a0Juin\u00a04,\u00a0comme cela est devenu\u00a0habituel, avec\u00a0la soir\u00e9e \u00e0 th\u00e8me\u00a0le plus populaire de\u00a0la population locale:\u00a0Yachting\u00a0Marina.\u00a0Ne pas\u00a0oublier de respecter\u00a0le th\u00e8me!\u00a0Il sera\u00a0l\u2019entr\u00e9e\u00a0pr\u00e9f\u00e9r\u00e9e de\u00a0ceux qui suivent\u00a0le code vestimentaire!<br><\/p>\n\n\n\n<p>INFO&nbsp;\u2192<br>Via Michelangelo Buonarroti, 15 (distanza 6 km)<br>E. info@vanilla.it<br><a href=\"http:\/\/www.vanilla.it\/\" target=\"_blank\" rel=\"noreferrer noopener\">www.vanilla.it<\/a><\/p>\n\n\n\n<p>Foto&nbsp;\u00a9 www.vanilla.it<\/p>\n","protected":false},"excerpt":{"rendered":"<p>VANILLE\u00a0CLUB est\u00a0l\u2019usine\u00a0du plaisir de\u00a0Jesolo.\u00a0Au cours des cinq\u00a0derni\u00e8res ann\u00e9es, gr\u00e2ce \u00e0\u00a0l\u2019extravagance\u00a0de ses\u00a0nuits,\u00a0l\u2019\u00e9nergie des\u00a0artistes\u00a0et de l\u2019animation\u00a0du freestyle\u00a0bartending\u00a0a sans aucun doute\u00a0devenir un\u00a0point de r\u00e9f\u00e9rence pour\u00a0ceux qui souhaitent passer\u00a0une soir\u00e9e m\u00e9morable\u00a0dans cette ville.\u00a0Vanille\u00a0dirigeants\u00a0est fier de pr\u00e9senter\u00a0pour\u00a0la saison estivale 2011\u00a0un calendrier complet\u00a0d\u2019\u00e9v\u00e9nements.\u00a0En effet, outre\u00a0les\u00a0artistes les plus\u00a0c\u00e9l\u00e8bres\u00a0locaux,\u00a0du vendredi 15\u00a0Juillet,\u00a0la vanille\u00a0se tourne vers\u00a0la console\u00a0d\u2019invit\u00e9 sp\u00e9cial\u00a0international\u00a0qui a marqu\u00e9\u00a0l\u2019histoire\u00a0de la house music.\u00a0La croisi\u00e8re\u00a0\u00e0 la [&hellip;]<\/p>\n","protected":false},"author":1,"featured_media":840,"parent":1030,"menu_order":0,"comment_status":"closed","ping_status":"closed","template":"templates\/lista-figlio.php","meta":{"_acf_changed":false,"footnotes":""},"class_list":["post-1042","page","type-page","status-publish","has-post-thumbnail","hentry"],"acf":[],"yoast_head":"<!-- This site is optimized with the Yoast SEO plugin v27.0 - https:\/\/yoast.com\/product\/yoast-seo-wordpress\/ -->\n<title>Vanilla Club Jesolo: the summer garden nightclub<\/title>\n<meta name=\"description\" content=\"Experience Vanilla Club Jesolo with top events, freestyle bartenders, and live performances every night from July.\" \/>\n<meta name=\"robots\" content=\"index, follow, max-snippet:-1, max-image-preview:large, max-video-preview:-1\" \/>\n<link rel=\"canonical\" href=\"https:\/\/tropicalhotel.it\/fr\/attractions\/by-night\/vanilla-club\/\" \/>\n<meta property=\"og:locale\" content=\"fr_FR\" \/>\n<meta property=\"og:type\" content=\"article\" \/>\n<meta property=\"og:title\" content=\"Vanilla Club Jesolo: the summer garden nightclub\" \/>\n<meta property=\"og:description\" content=\"Experience Vanilla Club Jesolo with top events, freestyle bartenders, and live performances every night from July.\" \/>\n<meta property=\"og:url\" content=\"https:\/\/tropicalhotel.it\/fr\/attractions\/by-night\/vanilla-club\/\" \/>\n<meta property=\"og:site_name\" content=\"Tropical Hotel Jesolo\" \/>\n<meta property=\"article:publisher\" content=\"https:\/\/www.facebook.com\/Tropical-Hotel-Jesolo-276868195688612\/\" \/>\n<meta property=\"article:modified_time\" content=\"2025-01-31T13:34:23+00:00\" \/>\n<meta property=\"og:image\" content=\"https:\/\/tropicalhotel.it\/wp-content\/uploads\/2024\/12\/Vanilla-EVI-Tropical-1600x558-1.jpg\" \/>\n\t<meta property=\"og:image:width\" content=\"1600\" \/>\n\t<meta property=\"og:image:height\" content=\"558\" \/>\n\t<meta property=\"og:image:type\" content=\"image\/jpeg\" \/>\n<meta name=\"twitter:card\" content=\"summary_large_image\" \/>\n<meta name=\"twitter:label1\" content=\"Dur\u00e9e de lecture estim\u00e9e\" \/>\n\t<meta name=\"twitter:data1\" content=\"2 minutes\" \/>\n<script type=\"application\/ld+json\" class=\"yoast-schema-graph\">{\"@context\":\"https:\/\/schema.org\",\"@graph\":[{\"@type\":\"WebPage\",\"@id\":\"https:\/\/tropicalhotel.it\/fr\/attractions\/by-night\/vanilla-club\/\",\"url\":\"https:\/\/tropicalhotel.it\/fr\/attractions\/by-night\/vanilla-club\/\",\"name\":\"Vanilla Club Jesolo: the summer garden nightclub\",\"isPartOf\":{\"@id\":\"https:\/\/tropicalhotel.it\/fr\/#website\"},\"primaryImageOfPage\":{\"@id\":\"https:\/\/tropicalhotel.it\/fr\/attractions\/by-night\/vanilla-club\/#primaryimage\"},\"image\":{\"@id\":\"https:\/\/tropicalhotel.it\/fr\/attractions\/by-night\/vanilla-club\/#primaryimage\"},\"thumbnailUrl\":\"https:\/\/tropicalhotel.it\/wp-content\/uploads\/2024\/12\/Vanilla-EVI-Tropical-1600x558-1.jpg\",\"datePublished\":\"2024-12-18T09:08:32+00:00\",\"dateModified\":\"2025-01-31T13:34:23+00:00\",\"description\":\"Experience Vanilla Club Jesolo with top events, freestyle bartenders, and live performances every night from July.\",\"breadcrumb\":{\"@id\":\"https:\/\/tropicalhotel.it\/fr\/attractions\/by-night\/vanilla-club\/#breadcrumb\"},\"inLanguage\":\"fr-FR\",\"potentialAction\":[{\"@type\":\"ReadAction\",\"target\":[\"https:\/\/tropicalhotel.it\/fr\/attractions\/by-night\/vanilla-club\/\"]}]},{\"@type\":\"ImageObject\",\"inLanguage\":\"fr-FR\",\"@id\":\"https:\/\/tropicalhotel.it\/fr\/attractions\/by-night\/vanilla-club\/#primaryimage\",\"url\":\"https:\/\/tropicalhotel.it\/wp-content\/uploads\/2024\/12\/Vanilla-EVI-Tropical-1600x558-1.jpg\",\"contentUrl\":\"https:\/\/tropicalhotel.it\/wp-content\/uploads\/2024\/12\/Vanilla-EVI-Tropical-1600x558-1.jpg\",\"width\":1600,\"height\":558,\"caption\":\"Vanilla Club Jesolo\"},{\"@type\":\"BreadcrumbList\",\"@id\":\"https:\/\/tropicalhotel.it\/fr\/attractions\/by-night\/vanilla-club\/#breadcrumb\",\"itemListElement\":[{\"@type\":\"ListItem\",\"position\":1,\"name\":\"Home\",\"item\":\"https:\/\/tropicalhotel.it\/fr\/\"},{\"@type\":\"ListItem\",\"position\":2,\"name\":\"Attractions\",\"item\":\"https:\/\/tropicalhotel.it\/fr\/attractions\/\"},{\"@type\":\"ListItem\",\"position\":3,\"name\":\"By Night\",\"item\":\"https:\/\/tropicalhotel.it\/fr\/attractions\/by-night\/\"},{\"@type\":\"ListItem\",\"position\":4,\"name\":\"VANILLA CLUB\"}]},{\"@type\":\"WebSite\",\"@id\":\"https:\/\/tropicalhotel.it\/fr\/#website\",\"url\":\"https:\/\/tropicalhotel.it\/fr\/\",\"name\":\"Tropical Hotel Jesolo\",\"description\":\"Hotel 3 stelle a Jesolo\",\"publisher\":{\"@id\":\"https:\/\/tropicalhotel.it\/fr\/#organization\"},\"potentialAction\":[{\"@type\":\"SearchAction\",\"target\":{\"@type\":\"EntryPoint\",\"urlTemplate\":\"https:\/\/tropicalhotel.it\/fr\/?s={search_term_string}\"},\"query-input\":{\"@type\":\"PropertyValueSpecification\",\"valueRequired\":true,\"valueName\":\"search_term_string\"}}],\"inLanguage\":\"fr-FR\"},{\"@type\":\"Organization\",\"@id\":\"https:\/\/tropicalhotel.it\/fr\/#organization\",\"name\":\"Tropical Hotel Jesolo\",\"url\":\"https:\/\/tropicalhotel.it\/fr\/\",\"logo\":{\"@type\":\"ImageObject\",\"inLanguage\":\"fr-FR\",\"@id\":\"https:\/\/tropicalhotel.it\/fr\/#\/schema\/logo\/image\/\",\"url\":\"https:\/\/tropicalhotel.it\/wp-content\/uploads\/2024\/12\/Logo-Tropical-Verticale-2-2.jpg\",\"contentUrl\":\"https:\/\/tropicalhotel.it\/wp-content\/uploads\/2024\/12\/Logo-Tropical-Verticale-2-2.jpg\",\"width\":190,\"height\":147,\"caption\":\"Tropical Hotel Jesolo\"},\"image\":{\"@id\":\"https:\/\/tropicalhotel.it\/fr\/#\/schema\/logo\/image\/\"},\"sameAs\":[\"https:\/\/www.facebook.com\/Tropical-Hotel-Jesolo-276868195688612\/\",\"https:\/\/www.instagram.com\/tropicalhoteljesolo\/\"]}]}<\/script>\n<!-- \/ Yoast SEO plugin. -->","yoast_head_json":{"title":"Vanilla Club Jesolo: the summer garden nightclub","description":"Experience Vanilla Club Jesolo with top events, freestyle bartenders, and live performances every night from July.","robots":{"index":"index","follow":"follow","max-snippet":"max-snippet:-1","max-image-preview":"max-image-preview:large","max-video-preview":"max-video-preview:-1"},"canonical":"https:\/\/tropicalhotel.it\/fr\/attractions\/by-night\/vanilla-club\/","og_locale":"fr_FR","og_type":"article","og_title":"Vanilla Club Jesolo: the summer garden nightclub","og_description":"Experience Vanilla Club Jesolo with top events, freestyle bartenders, and live performances every night from July.","og_url":"https:\/\/tropicalhotel.it\/fr\/attractions\/by-night\/vanilla-club\/","og_site_name":"Tropical Hotel Jesolo","article_publisher":"https:\/\/www.facebook.com\/Tropical-Hotel-Jesolo-276868195688612\/","article_modified_time":"2025-01-31T13:34:23+00:00","og_image":[{"width":1600,"height":558,"url":"https:\/\/tropicalhotel.it\/wp-content\/uploads\/2024\/12\/Vanilla-EVI-Tropical-1600x558-1.jpg","type":"image\/jpeg"}],"twitter_card":"summary_large_image","twitter_misc":{"Dur\u00e9e de lecture estim\u00e9e":"2 minutes"},"schema":{"@context":"https:\/\/schema.org","@graph":[{"@type":"WebPage","@id":"https:\/\/tropicalhotel.it\/fr\/attractions\/by-night\/vanilla-club\/","url":"https:\/\/tropicalhotel.it\/fr\/attractions\/by-night\/vanilla-club\/","name":"Vanilla Club Jesolo: the summer garden nightclub","isPartOf":{"@id":"https:\/\/tropicalhotel.it\/fr\/#website"},"primaryImageOfPage":{"@id":"https:\/\/tropicalhotel.it\/fr\/attractions\/by-night\/vanilla-club\/#primaryimage"},"image":{"@id":"https:\/\/tropicalhotel.it\/fr\/attractions\/by-night\/vanilla-club\/#primaryimage"},"thumbnailUrl":"https:\/\/tropicalhotel.it\/wp-content\/uploads\/2024\/12\/Vanilla-EVI-Tropical-1600x558-1.jpg","datePublished":"2024-12-18T09:08:32+00:00","dateModified":"2025-01-31T13:34:23+00:00","description":"Experience Vanilla Club Jesolo with top events, freestyle bartenders, and live performances every night from July.","breadcrumb":{"@id":"https:\/\/tropicalhotel.it\/fr\/attractions\/by-night\/vanilla-club\/#breadcrumb"},"inLanguage":"fr-FR","potentialAction":[{"@type":"ReadAction","target":["https:\/\/tropicalhotel.it\/fr\/attractions\/by-night\/vanilla-club\/"]}]},{"@type":"ImageObject","inLanguage":"fr-FR","@id":"https:\/\/tropicalhotel.it\/fr\/attractions\/by-night\/vanilla-club\/#primaryimage","url":"https:\/\/tropicalhotel.it\/wp-content\/uploads\/2024\/12\/Vanilla-EVI-Tropical-1600x558-1.jpg","contentUrl":"https:\/\/tropicalhotel.it\/wp-content\/uploads\/2024\/12\/Vanilla-EVI-Tropical-1600x558-1.jpg","width":1600,"height":558,"caption":"Vanilla Club Jesolo"},{"@type":"BreadcrumbList","@id":"https:\/\/tropicalhotel.it\/fr\/attractions\/by-night\/vanilla-club\/#breadcrumb","itemListElement":[{"@type":"ListItem","position":1,"name":"Home","item":"https:\/\/tropicalhotel.it\/fr\/"},{"@type":"ListItem","position":2,"name":"Attractions","item":"https:\/\/tropicalhotel.it\/fr\/attractions\/"},{"@type":"ListItem","position":3,"name":"By Night","item":"https:\/\/tropicalhotel.it\/fr\/attractions\/by-night\/"},{"@type":"ListItem","position":4,"name":"VANILLA CLUB"}]},{"@type":"WebSite","@id":"https:\/\/tropicalhotel.it\/fr\/#website","url":"https:\/\/tropicalhotel.it\/fr\/","name":"Tropical Hotel Jesolo","description":"Hotel 3 stelle a Jesolo","publisher":{"@id":"https:\/\/tropicalhotel.it\/fr\/#organization"},"potentialAction":[{"@type":"SearchAction","target":{"@type":"EntryPoint","urlTemplate":"https:\/\/tropicalhotel.it\/fr\/?s={search_term_string}"},"query-input":{"@type":"PropertyValueSpecification","valueRequired":true,"valueName":"search_term_string"}}],"inLanguage":"fr-FR"},{"@type":"Organization","@id":"https:\/\/tropicalhotel.it\/fr\/#organization","name":"Tropical Hotel Jesolo","url":"https:\/\/tropicalhotel.it\/fr\/","logo":{"@type":"ImageObject","inLanguage":"fr-FR","@id":"https:\/\/tropicalhotel.it\/fr\/#\/schema\/logo\/image\/","url":"https:\/\/tropicalhotel.it\/wp-content\/uploads\/2024\/12\/Logo-Tropical-Verticale-2-2.jpg","contentUrl":"https:\/\/tropicalhotel.it\/wp-content\/uploads\/2024\/12\/Logo-Tropical-Verticale-2-2.jpg","width":190,"height":147,"caption":"Tropical Hotel Jesolo"},"image":{"@id":"https:\/\/tropicalhotel.it\/fr\/#\/schema\/logo\/image\/"},"sameAs":["https:\/\/www.facebook.com\/Tropical-Hotel-Jesolo-276868195688612\/","https:\/\/www.instagram.com\/tropicalhoteljesolo\/"]}]}},"_links":{"self":[{"href":"https:\/\/tropicalhotel.it\/fr\/wp-json\/wp\/v2\/pages\/1042","targetHints":{"allow":["GET"]}}],"collection":[{"href":"https:\/\/tropicalhotel.it\/fr\/wp-json\/wp\/v2\/pages"}],"about":[{"href":"https:\/\/tropicalhotel.it\/fr\/wp-json\/wp\/v2\/types\/page"}],"author":[{"embeddable":true,"href":"https:\/\/tropicalhotel.it\/fr\/wp-json\/wp\/v2\/users\/1"}],"replies":[{"embeddable":true,"href":"https:\/\/tropicalhotel.it\/fr\/wp-json\/wp\/v2\/comments?post=1042"}],"version-history":[{"count":3,"href":"https:\/\/tropicalhotel.it\/fr\/wp-json\/wp\/v2\/pages\/1042\/revisions"}],"predecessor-version":[{"id":1558,"href":"https:\/\/tropicalhotel.it\/fr\/wp-json\/wp\/v2\/pages\/1042\/revisions\/1558"}],"up":[{"embeddable":true,"href":"https:\/\/tropicalhotel.it\/fr\/wp-json\/wp\/v2\/pages\/1030"}],"wp:featuredmedia":[{"embeddable":true,"href":"https:\/\/tropicalhotel.it\/fr\/wp-json\/wp\/v2\/media\/840"}],"wp:attachment":[{"href":"https:\/\/tropicalhotel.it\/fr\/wp-json\/wp\/v2\/media?parent=1042"}],"curies":[{"name":"wp","href":"https:\/\/api.w.org\/{rel}","templated":true}]}}