{"id":1048,"date":"2024-12-18T10:59:01","date_gmt":"2024-12-18T10:59:01","guid":{"rendered":"https:\/\/staging.tropicalhotel.it\/escursioni\/padova\/"},"modified":"2025-01-31T13:42:57","modified_gmt":"2025-01-31T13:42:57","slug":"padoue","status":"publish","type":"page","link":"https:\/\/tropicalhotel.it\/fr\/attractions\/tours\/padoue\/","title":{"rendered":"PADOUE"},"content":{"rendered":"\n<p>Ancien&nbsp;universitaire,&nbsp;Padoue&nbsp;poss\u00e8de&nbsp;de nombreux t\u00e9moignages de&nbsp;son pass\u00e9&nbsp;artistique et culturel&nbsp;glorieux, qui&nbsp;en font une destination&nbsp;pour les touristes&nbsp;de partout dans le&nbsp;monde.&nbsp;Padoue&nbsp;est \u00e9galement connu&nbsp;dans le monde entier&nbsp;comme&nbsp;<strong>la ville de<\/strong><strong>&nbsp;St. Anthony<\/strong>.&nbsp;A&nbsp;Padoue, la&nbsp;chapelle&nbsp;des Scrovegni&nbsp;c\u00e9l\u00e8bre,&nbsp;qui abrite&nbsp;un cycle&nbsp;de renomm\u00e9e&nbsp;fresques de Giotto,&nbsp;consid\u00e9r\u00e9 comme l\u2019un&nbsp;des chefs-d\u2019\u0153uvre&nbsp;de l\u2019art occidental.&nbsp;Pour visiter lecaf\u00e9,&nbsp;<strong>Petrocchi<\/strong>&nbsp;l\u2019un des caf\u00e9s&nbsp;les plus c\u00e9l\u00e8bres&nbsp;dans le monde&nbsp;situ\u00e9 dans le centre.&nbsp;Une promenade dans&nbsp;le Prato della Valle,&nbsp;l\u2019un des symboles&nbsp;dePadoue,&nbsp;tout en \u00e9tant&nbsp;le plus grand&nbsp;Piazza&nbsp;dans la ville,&nbsp;est l\u2019un des&nbsp;plus grand d\u2019Europe&nbsp;(90.000 m\u00e8tres carr\u00e9s).<\/p>\n\n\n\n<p><a href=\"https:\/\/www.tropicalhotel.it\/#facebook\" rel=\"noreferrer noopener\" target=\"_blank\">Facebook<\/a><a href=\"https:\/\/www.tropicalhotel.it\/#twitter\" rel=\"noreferrer noopener\" target=\"_blank\">Twitter<\/a><a href=\"https:\/\/www.addtoany.com\/add_to\/google_plus?linkurl=https%3A%2F%2Fwww.tropicalhotel.it%2Ffr%2Ftours%2Fpadoue%2F&amp;linkname=PADOUE\" rel=\"noreferrer noopener\" target=\"_blank\"><\/a><a href=\"https:\/\/www.addtoany.com\/share#url=https%3A%2F%2Fwww.tropicalhotel.it%2Ffr%2Ftours%2Fpadoue%2F&amp;title=PADOUE\">Condividi<\/a><\/p>\n\n\n\n<p><\/p>\n","protected":false},"excerpt":{"rendered":"<p>Ancien&nbsp;universitaire,&nbsp;Padoue&nbsp;poss\u00e8de&nbsp;de nombreux t\u00e9moignages de&nbsp;son pass\u00e9&nbsp;artistique et culturel&nbsp;glorieux, qui&nbsp;en font une destination&nbsp;pour les touristes&nbsp;de partout dans le&nbsp;monde.&nbsp;Padoue&nbsp;est \u00e9galement connu&nbsp;dans le monde entier&nbsp;comme&nbsp;la ville de&nbsp;St. Anthony.&nbsp;A&nbsp;Padoue, la&nbsp;chapelle&nbsp;des Scrovegni&nbsp;c\u00e9l\u00e8bre,&nbsp;qui abrite&nbsp;un cycle&nbsp;de renomm\u00e9e&nbsp;fresques de Giotto,&nbsp;consid\u00e9r\u00e9 comme l\u2019un&nbsp;des chefs-d\u2019\u0153uvre&nbsp;de l\u2019art occidental.&nbsp;Pour visiter lecaf\u00e9,&nbsp;Petrocchi&nbsp;l\u2019un des caf\u00e9s&nbsp;les plus c\u00e9l\u00e8bres&nbsp;dans le monde&nbsp;situ\u00e9 dans le centre.&nbsp;Une promenade dans&nbsp;le Prato della Valle,&nbsp;l\u2019un des symboles&nbsp;dePadoue,&nbsp;tout en [&hellip;]<\/p>\n","protected":false},"author":1,"featured_media":1001,"parent":1045,"menu_order":0,"comment_status":"closed","ping_status":"closed","template":"templates\/lista-figlio.php","meta":{"_acf_changed":false,"footnotes":""},"class_list":["post-1048","page","type-page","status-publish","has-post-thumbnail","hentry"],"acf":[],"yoast_head":"<!-- This site is optimized with the Yoast SEO plugin v27.0 - https:\/\/yoast.com\/product\/yoast-seo-wordpress\/ -->\n<title>Padoue, la ville de Saint Antoine et la Chapelle des Scrovegni<\/title>\n<meta name=\"description\" content=\"D\u00e9couvrez Padoue, ville de Saint Antoine. Visitez la Chapelle des Scrovegni, le Caff\u00e8 Pedrocchi et Prato della Valle.\" \/>\n<meta name=\"robots\" content=\"index, follow, max-snippet:-1, max-image-preview:large, max-video-preview:-1\" \/>\n<link rel=\"canonical\" href=\"https:\/\/tropicalhotel.it\/fr\/attractions\/tours\/padoue\/\" \/>\n<meta property=\"og:locale\" content=\"fr_FR\" \/>\n<meta property=\"og:type\" content=\"article\" \/>\n<meta property=\"og:title\" content=\"Padoue, la ville de Saint Antoine et la Chapelle des Scrovegni\" \/>\n<meta property=\"og:description\" content=\"D\u00e9couvrez Padoue, ville de Saint Antoine. Visitez la Chapelle des Scrovegni, le Caff\u00e8 Pedrocchi et Prato della Valle.\" \/>\n<meta property=\"og:url\" content=\"https:\/\/tropicalhotel.it\/fr\/attractions\/tours\/padoue\/\" \/>\n<meta property=\"og:site_name\" content=\"Tropical Hotel Jesolo\" \/>\n<meta property=\"article:publisher\" content=\"https:\/\/www.facebook.com\/Tropical-Hotel-Jesolo-276868195688612\/\" \/>\n<meta property=\"article:modified_time\" content=\"2025-01-31T13:42:57+00:00\" \/>\n<meta property=\"og:image\" content=\"https:\/\/tropicalhotel.it\/wp-content\/uploads\/2024\/12\/Padova-EVI-Tropical-1600x558-1.jpg\" \/>\n\t<meta property=\"og:image:width\" content=\"1600\" \/>\n\t<meta property=\"og:image:height\" content=\"558\" \/>\n\t<meta property=\"og:image:type\" content=\"image\/jpeg\" \/>\n<meta name=\"twitter:card\" content=\"summary_large_image\" \/>\n<meta name=\"twitter:label1\" content=\"Dur\u00e9e de lecture estim\u00e9e\" \/>\n\t<meta name=\"twitter:data1\" content=\"1 minute\" \/>\n<script type=\"application\/ld+json\" class=\"yoast-schema-graph\">{\"@context\":\"https:\/\/schema.org\",\"@graph\":[{\"@type\":\"WebPage\",\"@id\":\"https:\/\/tropicalhotel.it\/fr\/attractions\/tours\/padoue\/\",\"url\":\"https:\/\/tropicalhotel.it\/fr\/attractions\/tours\/padoue\/\",\"name\":\"Padoue, la ville de Saint Antoine et la Chapelle des Scrovegni\",\"isPartOf\":{\"@id\":\"https:\/\/tropicalhotel.it\/fr\/#website\"},\"primaryImageOfPage\":{\"@id\":\"https:\/\/tropicalhotel.it\/fr\/attractions\/tours\/padoue\/#primaryimage\"},\"image\":{\"@id\":\"https:\/\/tropicalhotel.it\/fr\/attractions\/tours\/padoue\/#primaryimage\"},\"thumbnailUrl\":\"https:\/\/tropicalhotel.it\/wp-content\/uploads\/2024\/12\/Padova-EVI-Tropical-1600x558-1.jpg\",\"datePublished\":\"2024-12-18T10:59:01+00:00\",\"dateModified\":\"2025-01-31T13:42:57+00:00\",\"description\":\"D\u00e9couvrez Padoue, ville de Saint Antoine. Visitez la Chapelle des Scrovegni, le Caff\u00e8 Pedrocchi et Prato della Valle.\",\"breadcrumb\":{\"@id\":\"https:\/\/tropicalhotel.it\/fr\/attractions\/tours\/padoue\/#breadcrumb\"},\"inLanguage\":\"fr-FR\",\"potentialAction\":[{\"@type\":\"ReadAction\",\"target\":[\"https:\/\/tropicalhotel.it\/fr\/attractions\/tours\/padoue\/\"]}]},{\"@type\":\"ImageObject\",\"inLanguage\":\"fr-FR\",\"@id\":\"https:\/\/tropicalhotel.it\/fr\/attractions\/tours\/padoue\/#primaryimage\",\"url\":\"https:\/\/tropicalhotel.it\/wp-content\/uploads\/2024\/12\/Padova-EVI-Tropical-1600x558-1.jpg\",\"contentUrl\":\"https:\/\/tropicalhotel.it\/wp-content\/uploads\/2024\/12\/Padova-EVI-Tropical-1600x558-1.jpg\",\"width\":1600,\"height\":558,\"caption\":\"Padoue ville de Saint Antoine\"},{\"@type\":\"BreadcrumbList\",\"@id\":\"https:\/\/tropicalhotel.it\/fr\/attractions\/tours\/padoue\/#breadcrumb\",\"itemListElement\":[{\"@type\":\"ListItem\",\"position\":1,\"name\":\"Home\",\"item\":\"https:\/\/tropicalhotel.it\/fr\/\"},{\"@type\":\"ListItem\",\"position\":2,\"name\":\"Attractions\",\"item\":\"https:\/\/tropicalhotel.it\/fr\/attractions\/\"},{\"@type\":\"ListItem\",\"position\":3,\"name\":\"TOURS\",\"item\":\"https:\/\/tropicalhotel.it\/fr\/attractions\/tours\/\"},{\"@type\":\"ListItem\",\"position\":4,\"name\":\"PADOUE\"}]},{\"@type\":\"WebSite\",\"@id\":\"https:\/\/tropicalhotel.it\/fr\/#website\",\"url\":\"https:\/\/tropicalhotel.it\/fr\/\",\"name\":\"Tropical Hotel Jesolo\",\"description\":\"Hotel 3 stelle a Jesolo\",\"publisher\":{\"@id\":\"https:\/\/tropicalhotel.it\/fr\/#organization\"},\"potentialAction\":[{\"@type\":\"SearchAction\",\"target\":{\"@type\":\"EntryPoint\",\"urlTemplate\":\"https:\/\/tropicalhotel.it\/fr\/?s={search_term_string}\"},\"query-input\":{\"@type\":\"PropertyValueSpecification\",\"valueRequired\":true,\"valueName\":\"search_term_string\"}}],\"inLanguage\":\"fr-FR\"},{\"@type\":\"Organization\",\"@id\":\"https:\/\/tropicalhotel.it\/fr\/#organization\",\"name\":\"Tropical Hotel Jesolo\",\"url\":\"https:\/\/tropicalhotel.it\/fr\/\",\"logo\":{\"@type\":\"ImageObject\",\"inLanguage\":\"fr-FR\",\"@id\":\"https:\/\/tropicalhotel.it\/fr\/#\/schema\/logo\/image\/\",\"url\":\"https:\/\/tropicalhotel.it\/wp-content\/uploads\/2024\/12\/Logo-Tropical-Verticale-2-2.jpg\",\"contentUrl\":\"https:\/\/tropicalhotel.it\/wp-content\/uploads\/2024\/12\/Logo-Tropical-Verticale-2-2.jpg\",\"width\":190,\"height\":147,\"caption\":\"Tropical Hotel Jesolo\"},\"image\":{\"@id\":\"https:\/\/tropicalhotel.it\/fr\/#\/schema\/logo\/image\/\"},\"sameAs\":[\"https:\/\/www.facebook.com\/Tropical-Hotel-Jesolo-276868195688612\/\",\"https:\/\/www.instagram.com\/tropicalhoteljesolo\/\"]}]}<\/script>\n<!-- \/ Yoast SEO plugin. -->","yoast_head_json":{"title":"Padoue, la ville de Saint Antoine et la Chapelle des Scrovegni","description":"D\u00e9couvrez Padoue, ville de Saint Antoine. Visitez la Chapelle des Scrovegni, le Caff\u00e8 Pedrocchi et Prato della Valle.","robots":{"index":"index","follow":"follow","max-snippet":"max-snippet:-1","max-image-preview":"max-image-preview:large","max-video-preview":"max-video-preview:-1"},"canonical":"https:\/\/tropicalhotel.it\/fr\/attractions\/tours\/padoue\/","og_locale":"fr_FR","og_type":"article","og_title":"Padoue, la ville de Saint Antoine et la Chapelle des Scrovegni","og_description":"D\u00e9couvrez Padoue, ville de Saint Antoine. Visitez la Chapelle des Scrovegni, le Caff\u00e8 Pedrocchi et Prato della Valle.","og_url":"https:\/\/tropicalhotel.it\/fr\/attractions\/tours\/padoue\/","og_site_name":"Tropical Hotel Jesolo","article_publisher":"https:\/\/www.facebook.com\/Tropical-Hotel-Jesolo-276868195688612\/","article_modified_time":"2025-01-31T13:42:57+00:00","og_image":[{"width":1600,"height":558,"url":"https:\/\/tropicalhotel.it\/wp-content\/uploads\/2024\/12\/Padova-EVI-Tropical-1600x558-1.jpg","type":"image\/jpeg"}],"twitter_card":"summary_large_image","twitter_misc":{"Dur\u00e9e de lecture estim\u00e9e":"1 minute"},"schema":{"@context":"https:\/\/schema.org","@graph":[{"@type":"WebPage","@id":"https:\/\/tropicalhotel.it\/fr\/attractions\/tours\/padoue\/","url":"https:\/\/tropicalhotel.it\/fr\/attractions\/tours\/padoue\/","name":"Padoue, la ville de Saint Antoine et la Chapelle des Scrovegni","isPartOf":{"@id":"https:\/\/tropicalhotel.it\/fr\/#website"},"primaryImageOfPage":{"@id":"https:\/\/tropicalhotel.it\/fr\/attractions\/tours\/padoue\/#primaryimage"},"image":{"@id":"https:\/\/tropicalhotel.it\/fr\/attractions\/tours\/padoue\/#primaryimage"},"thumbnailUrl":"https:\/\/tropicalhotel.it\/wp-content\/uploads\/2024\/12\/Padova-EVI-Tropical-1600x558-1.jpg","datePublished":"2024-12-18T10:59:01+00:00","dateModified":"2025-01-31T13:42:57+00:00","description":"D\u00e9couvrez Padoue, ville de Saint Antoine. Visitez la Chapelle des Scrovegni, le Caff\u00e8 Pedrocchi et Prato della Valle.","breadcrumb":{"@id":"https:\/\/tropicalhotel.it\/fr\/attractions\/tours\/padoue\/#breadcrumb"},"inLanguage":"fr-FR","potentialAction":[{"@type":"ReadAction","target":["https:\/\/tropicalhotel.it\/fr\/attractions\/tours\/padoue\/"]}]},{"@type":"ImageObject","inLanguage":"fr-FR","@id":"https:\/\/tropicalhotel.it\/fr\/attractions\/tours\/padoue\/#primaryimage","url":"https:\/\/tropicalhotel.it\/wp-content\/uploads\/2024\/12\/Padova-EVI-Tropical-1600x558-1.jpg","contentUrl":"https:\/\/tropicalhotel.it\/wp-content\/uploads\/2024\/12\/Padova-EVI-Tropical-1600x558-1.jpg","width":1600,"height":558,"caption":"Padoue ville de Saint Antoine"},{"@type":"BreadcrumbList","@id":"https:\/\/tropicalhotel.it\/fr\/attractions\/tours\/padoue\/#breadcrumb","itemListElement":[{"@type":"ListItem","position":1,"name":"Home","item":"https:\/\/tropicalhotel.it\/fr\/"},{"@type":"ListItem","position":2,"name":"Attractions","item":"https:\/\/tropicalhotel.it\/fr\/attractions\/"},{"@type":"ListItem","position":3,"name":"TOURS","item":"https:\/\/tropicalhotel.it\/fr\/attractions\/tours\/"},{"@type":"ListItem","position":4,"name":"PADOUE"}]},{"@type":"WebSite","@id":"https:\/\/tropicalhotel.it\/fr\/#website","url":"https:\/\/tropicalhotel.it\/fr\/","name":"Tropical Hotel Jesolo","description":"Hotel 3 stelle a Jesolo","publisher":{"@id":"https:\/\/tropicalhotel.it\/fr\/#organization"},"potentialAction":[{"@type":"SearchAction","target":{"@type":"EntryPoint","urlTemplate":"https:\/\/tropicalhotel.it\/fr\/?s={search_term_string}"},"query-input":{"@type":"PropertyValueSpecification","valueRequired":true,"valueName":"search_term_string"}}],"inLanguage":"fr-FR"},{"@type":"Organization","@id":"https:\/\/tropicalhotel.it\/fr\/#organization","name":"Tropical Hotel Jesolo","url":"https:\/\/tropicalhotel.it\/fr\/","logo":{"@type":"ImageObject","inLanguage":"fr-FR","@id":"https:\/\/tropicalhotel.it\/fr\/#\/schema\/logo\/image\/","url":"https:\/\/tropicalhotel.it\/wp-content\/uploads\/2024\/12\/Logo-Tropical-Verticale-2-2.jpg","contentUrl":"https:\/\/tropicalhotel.it\/wp-content\/uploads\/2024\/12\/Logo-Tropical-Verticale-2-2.jpg","width":190,"height":147,"caption":"Tropical Hotel Jesolo"},"image":{"@id":"https:\/\/tropicalhotel.it\/fr\/#\/schema\/logo\/image\/"},"sameAs":["https:\/\/www.facebook.com\/Tropical-Hotel-Jesolo-276868195688612\/","https:\/\/www.instagram.com\/tropicalhoteljesolo\/"]}]}},"_links":{"self":[{"href":"https:\/\/tropicalhotel.it\/fr\/wp-json\/wp\/v2\/pages\/1048","targetHints":{"allow":["GET"]}}],"collection":[{"href":"https:\/\/tropicalhotel.it\/fr\/wp-json\/wp\/v2\/pages"}],"about":[{"href":"https:\/\/tropicalhotel.it\/fr\/wp-json\/wp\/v2\/types\/page"}],"author":[{"embeddable":true,"href":"https:\/\/tropicalhotel.it\/fr\/wp-json\/wp\/v2\/users\/1"}],"replies":[{"embeddable":true,"href":"https:\/\/tropicalhotel.it\/fr\/wp-json\/wp\/v2\/comments?post=1048"}],"version-history":[{"count":1,"href":"https:\/\/tropicalhotel.it\/fr\/wp-json\/wp\/v2\/pages\/1048\/revisions"}],"predecessor-version":[{"id":1275,"href":"https:\/\/tropicalhotel.it\/fr\/wp-json\/wp\/v2\/pages\/1048\/revisions\/1275"}],"up":[{"embeddable":true,"href":"https:\/\/tropicalhotel.it\/fr\/wp-json\/wp\/v2\/pages\/1045"}],"wp:featuredmedia":[{"embeddable":true,"href":"https:\/\/tropicalhotel.it\/fr\/wp-json\/wp\/v2\/media\/1001"}],"wp:attachment":[{"href":"https:\/\/tropicalhotel.it\/fr\/wp-json\/wp\/v2\/media?parent=1048"}],"curies":[{"name":"wp","href":"https:\/\/api.w.org\/{rel}","templated":true}]}}