{"id":1054,"date":"2024-12-18T11:09:55","date_gmt":"2024-12-18T11:09:55","guid":{"rendered":"https:\/\/staging.tropicalhotel.it\/escursioni\/trieste\/"},"modified":"2025-01-31T14:02:29","modified_gmt":"2025-01-31T14:02:29","slug":"trieste","status":"publish","type":"page","link":"https:\/\/tropicalhotel.it\/fr\/attractions\/tours\/trieste\/","title":{"rendered":"TRIESTE"},"content":{"rendered":"\n<p>Trieste,\u00a0une ville\u00a0d\u2019Umberto\u00a0Saba et\u00a0d\u2019Italo Svevo,\u00a0est un carrefour de\u00a0cultures et les religions.\u00a0<strong>Ch\u00e2teau de Miramare<\/strong>\u00a0Belle\u00a0qui surplombe\u00a0le golfe de Trieste, \u00e0 quelques kilom\u00e8tres\u00a0au nord de\u00a0la ville construite par\u00a0Maximilien de Habsbourg,\u00a0archiduc d\u2019Autriche et\u00a0empereur\u00a0du Mexique et\u00a0fut plus tard\u00a0la maison de la\u00a0Amedeo\u00a0duc d\u2019Aoste.\u00a0Aussi, visitez le\u00a0<strong>Grotta Gigante<\/strong>\u00a0est la zone\u00a0de Carso,\u00a0les hautes terres\u00a0derri\u00e8re\u00a0Trieste.\u00a0La\u00a0performance est impressionnante\u00a0par ses proportions\u00a0exceptionnelles\u00a0de\u00a0la grotte\u00a0et son \u00e9clairage\u00a0intelligent qui\u00a0met en lumi\u00e8re\u00a0tout ce\u00a0que la nature a\u00a0cr\u00e9\u00e9.<\/p>\n","protected":false},"excerpt":{"rendered":"<p>Trieste,\u00a0une ville\u00a0d\u2019Umberto\u00a0Saba et\u00a0d\u2019Italo Svevo,\u00a0est un carrefour de\u00a0cultures et les religions.\u00a0Ch\u00e2teau de Miramare\u00a0Belle\u00a0qui surplombe\u00a0le golfe de Trieste, \u00e0 quelques kilom\u00e8tres\u00a0au nord de\u00a0la ville construite par\u00a0Maximilien de Habsbourg,\u00a0archiduc d\u2019Autriche et\u00a0empereur\u00a0du Mexique et\u00a0fut plus tard\u00a0la maison de la\u00a0Amedeo\u00a0duc d\u2019Aoste.\u00a0Aussi, visitez le\u00a0Grotta Gigante\u00a0est la zone\u00a0de Carso,\u00a0les hautes terres\u00a0derri\u00e8re\u00a0Trieste.\u00a0La\u00a0performance est impressionnante\u00a0par ses proportions\u00a0exceptionnelles\u00a0de\u00a0la grotte\u00a0et son \u00e9clairage\u00a0intelligent qui\u00a0met en lumi\u00e8re\u00a0tout ce\u00a0que [&hellip;]<\/p>\n","protected":false},"author":1,"featured_media":981,"parent":1045,"menu_order":0,"comment_status":"closed","ping_status":"closed","template":"templates\/lista-figlio.php","meta":{"_acf_changed":false,"footnotes":""},"class_list":["post-1054","page","type-page","status-publish","has-post-thumbnail","hentry"],"acf":[],"yoast_head":"<!-- This site is optimized with the Yoast SEO plugin v27.0 - https:\/\/yoast.com\/product\/yoast-seo-wordpress\/ -->\n<title>Trieste : visitez le Ch\u00e2teau de Miramare et la Grotte G\u00e9ante<\/title>\n<meta name=\"description\" content=\"D\u00e9couvrez Trieste, admirez le Ch\u00e2teau de Miramare sur la mer et explorez la Grotte G\u00e9ante, une merveille naturelle impressionnante.\" \/>\n<meta name=\"robots\" content=\"index, follow, max-snippet:-1, max-image-preview:large, max-video-preview:-1\" \/>\n<link rel=\"canonical\" href=\"https:\/\/tropicalhotel.it\/fr\/attractions\/tours\/trieste\/\" \/>\n<meta property=\"og:locale\" content=\"fr_FR\" \/>\n<meta property=\"og:type\" content=\"article\" \/>\n<meta property=\"og:title\" content=\"Trieste : visitez le Ch\u00e2teau de Miramare et la Grotte G\u00e9ante\" \/>\n<meta property=\"og:description\" content=\"D\u00e9couvrez Trieste, admirez le Ch\u00e2teau de Miramare sur la mer et explorez la Grotte G\u00e9ante, une merveille naturelle impressionnante.\" \/>\n<meta property=\"og:url\" content=\"https:\/\/tropicalhotel.it\/fr\/attractions\/tours\/trieste\/\" \/>\n<meta property=\"og:site_name\" content=\"Tropical Hotel Jesolo\" \/>\n<meta property=\"article:publisher\" content=\"https:\/\/www.facebook.com\/Tropical-Hotel-Jesolo-276868195688612\/\" \/>\n<meta property=\"article:modified_time\" content=\"2025-01-31T14:02:29+00:00\" \/>\n<meta property=\"og:image\" content=\"https:\/\/tropicalhotel.it\/wp-content\/uploads\/2024\/12\/Trieste-EVI-Tropical-1600x558-1.jpg\" \/>\n\t<meta property=\"og:image:width\" content=\"1600\" \/>\n\t<meta property=\"og:image:height\" content=\"558\" \/>\n\t<meta property=\"og:image:type\" content=\"image\/jpeg\" \/>\n<meta name=\"twitter:card\" content=\"summary_large_image\" \/>\n<meta name=\"twitter:label1\" content=\"Dur\u00e9e de lecture estim\u00e9e\" \/>\n\t<meta name=\"twitter:data1\" content=\"1 minute\" \/>\n<script type=\"application\/ld+json\" class=\"yoast-schema-graph\">{\"@context\":\"https:\/\/schema.org\",\"@graph\":[{\"@type\":\"WebPage\",\"@id\":\"https:\/\/tropicalhotel.it\/fr\/attractions\/tours\/trieste\/\",\"url\":\"https:\/\/tropicalhotel.it\/fr\/attractions\/tours\/trieste\/\",\"name\":\"Trieste : visitez le Ch\u00e2teau de Miramare et la Grotte G\u00e9ante\",\"isPartOf\":{\"@id\":\"https:\/\/tropicalhotel.it\/fr\/#website\"},\"primaryImageOfPage\":{\"@id\":\"https:\/\/tropicalhotel.it\/fr\/attractions\/tours\/trieste\/#primaryimage\"},\"image\":{\"@id\":\"https:\/\/tropicalhotel.it\/fr\/attractions\/tours\/trieste\/#primaryimage\"},\"thumbnailUrl\":\"https:\/\/tropicalhotel.it\/wp-content\/uploads\/2024\/12\/Trieste-EVI-Tropical-1600x558-1.jpg\",\"datePublished\":\"2024-12-18T11:09:55+00:00\",\"dateModified\":\"2025-01-31T14:02:29+00:00\",\"description\":\"D\u00e9couvrez Trieste, admirez le Ch\u00e2teau de Miramare sur la mer et explorez la Grotte G\u00e9ante, une merveille naturelle impressionnante.\",\"breadcrumb\":{\"@id\":\"https:\/\/tropicalhotel.it\/fr\/attractions\/tours\/trieste\/#breadcrumb\"},\"inLanguage\":\"fr-FR\",\"potentialAction\":[{\"@type\":\"ReadAction\",\"target\":[\"https:\/\/tropicalhotel.it\/fr\/attractions\/tours\/trieste\/\"]}]},{\"@type\":\"ImageObject\",\"inLanguage\":\"fr-FR\",\"@id\":\"https:\/\/tropicalhotel.it\/fr\/attractions\/tours\/trieste\/#primaryimage\",\"url\":\"https:\/\/tropicalhotel.it\/wp-content\/uploads\/2024\/12\/Trieste-EVI-Tropical-1600x558-1.jpg\",\"contentUrl\":\"https:\/\/tropicalhotel.it\/wp-content\/uploads\/2024\/12\/Trieste-EVI-Tropical-1600x558-1.jpg\",\"width\":1600,\"height\":558,\"caption\":\"Trieste Ch\u00e2teau de Miramare\"},{\"@type\":\"BreadcrumbList\",\"@id\":\"https:\/\/tropicalhotel.it\/fr\/attractions\/tours\/trieste\/#breadcrumb\",\"itemListElement\":[{\"@type\":\"ListItem\",\"position\":1,\"name\":\"Home\",\"item\":\"https:\/\/tropicalhotel.it\/fr\/\"},{\"@type\":\"ListItem\",\"position\":2,\"name\":\"Attractions\",\"item\":\"https:\/\/tropicalhotel.it\/fr\/attractions\/\"},{\"@type\":\"ListItem\",\"position\":3,\"name\":\"TOURS\",\"item\":\"https:\/\/tropicalhotel.it\/fr\/attractions\/tours\/\"},{\"@type\":\"ListItem\",\"position\":4,\"name\":\"TRIESTE\"}]},{\"@type\":\"WebSite\",\"@id\":\"https:\/\/tropicalhotel.it\/fr\/#website\",\"url\":\"https:\/\/tropicalhotel.it\/fr\/\",\"name\":\"Tropical Hotel Jesolo\",\"description\":\"Hotel 3 stelle a Jesolo\",\"publisher\":{\"@id\":\"https:\/\/tropicalhotel.it\/fr\/#organization\"},\"potentialAction\":[{\"@type\":\"SearchAction\",\"target\":{\"@type\":\"EntryPoint\",\"urlTemplate\":\"https:\/\/tropicalhotel.it\/fr\/?s={search_term_string}\"},\"query-input\":{\"@type\":\"PropertyValueSpecification\",\"valueRequired\":true,\"valueName\":\"search_term_string\"}}],\"inLanguage\":\"fr-FR\"},{\"@type\":\"Organization\",\"@id\":\"https:\/\/tropicalhotel.it\/fr\/#organization\",\"name\":\"Tropical Hotel Jesolo\",\"url\":\"https:\/\/tropicalhotel.it\/fr\/\",\"logo\":{\"@type\":\"ImageObject\",\"inLanguage\":\"fr-FR\",\"@id\":\"https:\/\/tropicalhotel.it\/fr\/#\/schema\/logo\/image\/\",\"url\":\"https:\/\/tropicalhotel.it\/wp-content\/uploads\/2024\/12\/Logo-Tropical-Verticale-2-2.jpg\",\"contentUrl\":\"https:\/\/tropicalhotel.it\/wp-content\/uploads\/2024\/12\/Logo-Tropical-Verticale-2-2.jpg\",\"width\":190,\"height\":147,\"caption\":\"Tropical Hotel Jesolo\"},\"image\":{\"@id\":\"https:\/\/tropicalhotel.it\/fr\/#\/schema\/logo\/image\/\"},\"sameAs\":[\"https:\/\/www.facebook.com\/Tropical-Hotel-Jesolo-276868195688612\/\",\"https:\/\/www.instagram.com\/tropicalhoteljesolo\/\"]}]}<\/script>\n<!-- \/ Yoast SEO plugin. -->","yoast_head_json":{"title":"Trieste : visitez le Ch\u00e2teau de Miramare et la Grotte G\u00e9ante","description":"D\u00e9couvrez Trieste, admirez le Ch\u00e2teau de Miramare sur la mer et explorez la Grotte G\u00e9ante, une merveille naturelle impressionnante.","robots":{"index":"index","follow":"follow","max-snippet":"max-snippet:-1","max-image-preview":"max-image-preview:large","max-video-preview":"max-video-preview:-1"},"canonical":"https:\/\/tropicalhotel.it\/fr\/attractions\/tours\/trieste\/","og_locale":"fr_FR","og_type":"article","og_title":"Trieste : visitez le Ch\u00e2teau de Miramare et la Grotte G\u00e9ante","og_description":"D\u00e9couvrez Trieste, admirez le Ch\u00e2teau de Miramare sur la mer et explorez la Grotte G\u00e9ante, une merveille naturelle impressionnante.","og_url":"https:\/\/tropicalhotel.it\/fr\/attractions\/tours\/trieste\/","og_site_name":"Tropical Hotel Jesolo","article_publisher":"https:\/\/www.facebook.com\/Tropical-Hotel-Jesolo-276868195688612\/","article_modified_time":"2025-01-31T14:02:29+00:00","og_image":[{"width":1600,"height":558,"url":"https:\/\/tropicalhotel.it\/wp-content\/uploads\/2024\/12\/Trieste-EVI-Tropical-1600x558-1.jpg","type":"image\/jpeg"}],"twitter_card":"summary_large_image","twitter_misc":{"Dur\u00e9e de lecture estim\u00e9e":"1 minute"},"schema":{"@context":"https:\/\/schema.org","@graph":[{"@type":"WebPage","@id":"https:\/\/tropicalhotel.it\/fr\/attractions\/tours\/trieste\/","url":"https:\/\/tropicalhotel.it\/fr\/attractions\/tours\/trieste\/","name":"Trieste : visitez le Ch\u00e2teau de Miramare et la Grotte G\u00e9ante","isPartOf":{"@id":"https:\/\/tropicalhotel.it\/fr\/#website"},"primaryImageOfPage":{"@id":"https:\/\/tropicalhotel.it\/fr\/attractions\/tours\/trieste\/#primaryimage"},"image":{"@id":"https:\/\/tropicalhotel.it\/fr\/attractions\/tours\/trieste\/#primaryimage"},"thumbnailUrl":"https:\/\/tropicalhotel.it\/wp-content\/uploads\/2024\/12\/Trieste-EVI-Tropical-1600x558-1.jpg","datePublished":"2024-12-18T11:09:55+00:00","dateModified":"2025-01-31T14:02:29+00:00","description":"D\u00e9couvrez Trieste, admirez le Ch\u00e2teau de Miramare sur la mer et explorez la Grotte G\u00e9ante, une merveille naturelle impressionnante.","breadcrumb":{"@id":"https:\/\/tropicalhotel.it\/fr\/attractions\/tours\/trieste\/#breadcrumb"},"inLanguage":"fr-FR","potentialAction":[{"@type":"ReadAction","target":["https:\/\/tropicalhotel.it\/fr\/attractions\/tours\/trieste\/"]}]},{"@type":"ImageObject","inLanguage":"fr-FR","@id":"https:\/\/tropicalhotel.it\/fr\/attractions\/tours\/trieste\/#primaryimage","url":"https:\/\/tropicalhotel.it\/wp-content\/uploads\/2024\/12\/Trieste-EVI-Tropical-1600x558-1.jpg","contentUrl":"https:\/\/tropicalhotel.it\/wp-content\/uploads\/2024\/12\/Trieste-EVI-Tropical-1600x558-1.jpg","width":1600,"height":558,"caption":"Trieste Ch\u00e2teau de Miramare"},{"@type":"BreadcrumbList","@id":"https:\/\/tropicalhotel.it\/fr\/attractions\/tours\/trieste\/#breadcrumb","itemListElement":[{"@type":"ListItem","position":1,"name":"Home","item":"https:\/\/tropicalhotel.it\/fr\/"},{"@type":"ListItem","position":2,"name":"Attractions","item":"https:\/\/tropicalhotel.it\/fr\/attractions\/"},{"@type":"ListItem","position":3,"name":"TOURS","item":"https:\/\/tropicalhotel.it\/fr\/attractions\/tours\/"},{"@type":"ListItem","position":4,"name":"TRIESTE"}]},{"@type":"WebSite","@id":"https:\/\/tropicalhotel.it\/fr\/#website","url":"https:\/\/tropicalhotel.it\/fr\/","name":"Tropical Hotel Jesolo","description":"Hotel 3 stelle a Jesolo","publisher":{"@id":"https:\/\/tropicalhotel.it\/fr\/#organization"},"potentialAction":[{"@type":"SearchAction","target":{"@type":"EntryPoint","urlTemplate":"https:\/\/tropicalhotel.it\/fr\/?s={search_term_string}"},"query-input":{"@type":"PropertyValueSpecification","valueRequired":true,"valueName":"search_term_string"}}],"inLanguage":"fr-FR"},{"@type":"Organization","@id":"https:\/\/tropicalhotel.it\/fr\/#organization","name":"Tropical Hotel Jesolo","url":"https:\/\/tropicalhotel.it\/fr\/","logo":{"@type":"ImageObject","inLanguage":"fr-FR","@id":"https:\/\/tropicalhotel.it\/fr\/#\/schema\/logo\/image\/","url":"https:\/\/tropicalhotel.it\/wp-content\/uploads\/2024\/12\/Logo-Tropical-Verticale-2-2.jpg","contentUrl":"https:\/\/tropicalhotel.it\/wp-content\/uploads\/2024\/12\/Logo-Tropical-Verticale-2-2.jpg","width":190,"height":147,"caption":"Tropical Hotel Jesolo"},"image":{"@id":"https:\/\/tropicalhotel.it\/fr\/#\/schema\/logo\/image\/"},"sameAs":["https:\/\/www.facebook.com\/Tropical-Hotel-Jesolo-276868195688612\/","https:\/\/www.instagram.com\/tropicalhoteljesolo\/"]}]}},"_links":{"self":[{"href":"https:\/\/tropicalhotel.it\/fr\/wp-json\/wp\/v2\/pages\/1054","targetHints":{"allow":["GET"]}}],"collection":[{"href":"https:\/\/tropicalhotel.it\/fr\/wp-json\/wp\/v2\/pages"}],"about":[{"href":"https:\/\/tropicalhotel.it\/fr\/wp-json\/wp\/v2\/types\/page"}],"author":[{"embeddable":true,"href":"https:\/\/tropicalhotel.it\/fr\/wp-json\/wp\/v2\/users\/1"}],"replies":[{"embeddable":true,"href":"https:\/\/tropicalhotel.it\/fr\/wp-json\/wp\/v2\/comments?post=1054"}],"version-history":[{"count":1,"href":"https:\/\/tropicalhotel.it\/fr\/wp-json\/wp\/v2\/pages\/1054\/revisions"}],"predecessor-version":[{"id":1282,"href":"https:\/\/tropicalhotel.it\/fr\/wp-json\/wp\/v2\/pages\/1054\/revisions\/1282"}],"up":[{"embeddable":true,"href":"https:\/\/tropicalhotel.it\/fr\/wp-json\/wp\/v2\/pages\/1045"}],"wp:featuredmedia":[{"embeddable":true,"href":"https:\/\/tropicalhotel.it\/fr\/wp-json\/wp\/v2\/media\/981"}],"wp:attachment":[{"href":"https:\/\/tropicalhotel.it\/fr\/wp-json\/wp\/v2\/media?parent=1054"}],"curies":[{"name":"wp","href":"https:\/\/api.w.org\/{rel}","templated":true}]}}