{"id":1057,"date":"2024-12-18T10:55:58","date_gmt":"2024-12-18T10:55:58","guid":{"rendered":"https:\/\/staging.tropicalhotel.it\/escursioni\/venezia-e-le-isole\/"},"modified":"2025-01-31T14:08:45","modified_gmt":"2025-01-31T14:08:45","slug":"venise-et-les-iles","status":"publish","type":"page","link":"https:\/\/tropicalhotel.it\/fr\/attractions\/tours\/venise-et-les-iles\/","title":{"rendered":"VENISE ET LES ILES"},"content":{"rendered":"\n<p>Jesolo&nbsp;est une base id\u00e9ale&nbsp;pour visiter Venise,&nbsp;gr\u00e2ce \u00e0 un acc\u00e8s&nbsp;facile \u00e0&nbsp;Venise,&nbsp;les&nbsp;\u00eeles de la lagune&nbsp;et les&nbsp;villes&nbsp;d\u2019art&nbsp;de Venise.&nbsp;La&nbsp;route la plus courte&nbsp;est&nbsp;Jesolo&nbsp;\u2013&nbsp;Punta Sabbioni&nbsp;(15&nbsp;km de chez nous),&nbsp;o\u00f9 vous pouvez trouver&nbsp;un parking pour&nbsp;votre voiture et&nbsp;bateau qui&nbsp;une demi-heure&nbsp;\u00e0 Piazza San Marco&nbsp;\u00e0 Venise.&nbsp;En face de l\u2019h\u00f4tel est toujours&nbsp;un lien avec un&nbsp;bateau priv\u00e9 pour&nbsp;Venise,&nbsp;la Piazza San Marco&nbsp;ou dans les \u00eeles.&nbsp;(Juin-Septembre)&nbsp;l\u00e0, vous pouvez&nbsp;visiter les&nbsp;\u00eeles de Burano,&nbsp;Murano et Torcello,&nbsp;v\u00e9ritables joyaux&nbsp;de&nbsp;la&nbsp;R\u00e9publique&nbsp;de Venise,&nbsp;une ville&nbsp;splendide et intacte&nbsp;depuis plus de&nbsp;1000 ans.<\/p>\n\n\n\n<p><a href=\"https:\/\/www.tropicalhotel.it\/#facebook\" rel=\"noreferrer noopener\" target=\"_blank\"><\/a><\/p>\n\n\n\n<p><\/p>\n","protected":false},"excerpt":{"rendered":"<p>Jesolo&nbsp;est une base id\u00e9ale&nbsp;pour visiter Venise,&nbsp;gr\u00e2ce \u00e0 un acc\u00e8s&nbsp;facile \u00e0&nbsp;Venise,&nbsp;les&nbsp;\u00eeles de la lagune&nbsp;et les&nbsp;villes&nbsp;d\u2019art&nbsp;de Venise.&nbsp;La&nbsp;route la plus courte&nbsp;est&nbsp;Jesolo&nbsp;\u2013&nbsp;Punta Sabbioni&nbsp;(15&nbsp;km de chez nous),&nbsp;o\u00f9 vous pouvez trouver&nbsp;un parking pour&nbsp;votre voiture et&nbsp;bateau qui&nbsp;une demi-heure&nbsp;\u00e0 Piazza San Marco&nbsp;\u00e0 Venise.&nbsp;En face de l\u2019h\u00f4tel est toujours&nbsp;un lien avec un&nbsp;bateau priv\u00e9 pour&nbsp;Venise,&nbsp;la Piazza San Marco&nbsp;ou dans les \u00eeles.&nbsp;(Juin-Septembre)&nbsp;l\u00e0, vous pouvez&nbsp;visiter les&nbsp;\u00eeles de [&hellip;]<\/p>\n","protected":false},"author":1,"featured_media":993,"parent":1045,"menu_order":0,"comment_status":"closed","ping_status":"closed","template":"templates\/lista-figlio.php","meta":{"_acf_changed":false,"footnotes":""},"class_list":["post-1057","page","type-page","status-publish","has-post-thumbnail","hentry"],"acf":[],"_links":{"self":[{"href":"https:\/\/tropicalhotel.it\/fr\/wp-json\/wp\/v2\/pages\/1057","targetHints":{"allow":["GET"]}}],"collection":[{"href":"https:\/\/tropicalhotel.it\/fr\/wp-json\/wp\/v2\/pages"}],"about":[{"href":"https:\/\/tropicalhotel.it\/fr\/wp-json\/wp\/v2\/types\/page"}],"author":[{"embeddable":true,"href":"https:\/\/tropicalhotel.it\/fr\/wp-json\/wp\/v2\/users\/1"}],"replies":[{"embeddable":true,"href":"https:\/\/tropicalhotel.it\/fr\/wp-json\/wp\/v2\/comments?post=1057"}],"version-history":[{"count":1,"href":"https:\/\/tropicalhotel.it\/fr\/wp-json\/wp\/v2\/pages\/1057\/revisions"}],"predecessor-version":[{"id":1287,"href":"https:\/\/tropicalhotel.it\/fr\/wp-json\/wp\/v2\/pages\/1057\/revisions\/1287"}],"up":[{"embeddable":true,"href":"https:\/\/tropicalhotel.it\/fr\/wp-json\/wp\/v2\/pages\/1045"}],"wp:featuredmedia":[{"embeddable":true,"href":"https:\/\/tropicalhotel.it\/fr\/wp-json\/wp\/v2\/media\/993"}],"wp:attachment":[{"href":"https:\/\/tropicalhotel.it\/fr\/wp-json\/wp\/v2\/media?parent=1057"}],"curies":[{"name":"wp","href":"https:\/\/api.w.org\/{rel}","templated":true}]}}