{"id":1060,"date":"2024-12-18T11:01:22","date_gmt":"2024-12-18T11:01:22","guid":{"rendered":"https:\/\/staging.tropicalhotel.it\/escursioni\/verona\/"},"modified":"2025-01-31T14:15:12","modified_gmt":"2025-01-31T14:15:12","slug":"verone","status":"publish","type":"page","link":"https:\/\/tropicalhotel.it\/fr\/attractions\/tours\/verone\/","title":{"rendered":"VERONE"},"content":{"rendered":"\n<p>V\u00e9rone est situ\u00e9e\u00a0sur la rivi\u00e8re\u00a0Adige,\u00a0une trentaine de\u00a0kilom\u00e8tres \u00e0 l\u2019est\u00a0du lac de Garde.\u00a0La basilique de\u00a0San Zeno de V\u00e9rone\u00a0est consid\u00e9r\u00e9 comme\u00a0un chef-d\u2019\u0153uvre\u00a0de l\u2019architecture romane\u00a0en Italie.\u00a0Pourquoi ne pas visiter\u00a0la c\u00e9l\u00e8bre Arena, le plus grand\u00a0th\u00e9\u00e2tre en plein air\u00a0d\u2019op\u00e9ra\u00a0dans le monde,\u00a0et le\u00a0<strong>balcon de\u00a0Rom\u00e9o et Juliette<\/strong>\u00a0qui a inspir\u00e9\u00a0la c\u00e9l\u00e8bre trag\u00e9die\u00a0de Shakespeare?\u00a0Pour\u00a0go\u00fbter \u00e0 la\u00a0c\u00e9l\u00e8bre\u00a0<strong>Pandoro\u00a0de V\u00e9rone, typique\u00a0g\u00e2teau de No\u00ebl\u00a0maintenant connu\u00a0\u00e0 travers le monde<\/strong>.<\/p>\n\n\n\n<p><a href=\"https:\/\/www.tropicalhotel.it\/#facebook\" rel=\"noreferrer noopener\" target=\"_blank\">Facebook<\/a><a href=\"https:\/\/www.tropicalhotel.it\/#twitter\" rel=\"noreferrer noopener\" target=\"_blank\">Twitter<\/a><a href=\"https:\/\/www.addtoany.com\/add_to\/google_plus?linkurl=https%3A%2F%2Fwww.tropicalhotel.it%2Fescursioni%2Fverona%2F&amp;linkname=VERONA\" rel=\"noreferrer noopener\" target=\"_blank\"><\/a><a href=\"https:\/\/www.addtoany.com\/share#url=https%3A%2F%2Fwww.tropicalhotel.it%2Fescursioni%2Fverona%2F&amp;title=VERONA\">Condividi<\/a><\/p>\n\n\n\n<p><\/p>\n","protected":false},"excerpt":{"rendered":"<p>V\u00e9rone est situ\u00e9e\u00a0sur la rivi\u00e8re\u00a0Adige,\u00a0une trentaine de\u00a0kilom\u00e8tres \u00e0 l\u2019est\u00a0du lac de Garde.\u00a0La basilique de\u00a0San Zeno de V\u00e9rone\u00a0est consid\u00e9r\u00e9 comme\u00a0un chef-d\u2019\u0153uvre\u00a0de l\u2019architecture romane\u00a0en Italie.\u00a0Pourquoi ne pas visiter\u00a0la c\u00e9l\u00e8bre Arena, le plus grand\u00a0th\u00e9\u00e2tre en plein air\u00a0d\u2019op\u00e9ra\u00a0dans le monde,\u00a0et le\u00a0balcon de\u00a0Rom\u00e9o et Juliette\u00a0qui a inspir\u00e9\u00a0la c\u00e9l\u00e8bre trag\u00e9die\u00a0de Shakespeare?\u00a0Pour\u00a0go\u00fbter \u00e0 la\u00a0c\u00e9l\u00e8bre\u00a0Pandoro\u00a0de V\u00e9rone, typique\u00a0g\u00e2teau de No\u00ebl\u00a0maintenant connu\u00a0\u00e0 travers le monde. [&hellip;]<\/p>\n","protected":false},"author":1,"featured_media":989,"parent":1045,"menu_order":0,"comment_status":"closed","ping_status":"closed","template":"templates\/lista-figlio.php","meta":{"_acf_changed":false,"footnotes":""},"class_list":["post-1060","page","type-page","status-publish","has-post-thumbnail","hentry"],"acf":[],"yoast_head":"<!-- This site is optimized with the Yoast SEO plugin v27.0 - https:\/\/yoast.com\/product\/yoast-seo-wordpress\/ -->\n<title>VERONE - Tropical Hotel Jesolo<\/title>\n<meta name=\"description\" content=\"Visitez V\u00e9rone, admirez la Basilique San Zeno, l\u2019Ar\u00e8ne et le balcon de Juliette. Go\u00fbtez le Pandoro, c\u00e9l\u00e8bre g\u00e2teau de No\u00ebl.\" \/>\n<meta name=\"robots\" content=\"index, follow, max-snippet:-1, max-image-preview:large, max-video-preview:-1\" \/>\n<link rel=\"canonical\" href=\"https:\/\/tropicalhotel.it\/fr\/attractions\/tours\/verone\/\" \/>\n<meta property=\"og:locale\" content=\"fr_FR\" \/>\n<meta property=\"og:type\" content=\"article\" \/>\n<meta property=\"og:title\" content=\"VERONE - Tropical Hotel Jesolo\" \/>\n<meta property=\"og:description\" content=\"Visitez V\u00e9rone, admirez la Basilique San Zeno, l\u2019Ar\u00e8ne et le balcon de Juliette. Go\u00fbtez le Pandoro, c\u00e9l\u00e8bre g\u00e2teau de No\u00ebl.\" \/>\n<meta property=\"og:url\" content=\"https:\/\/tropicalhotel.it\/fr\/attractions\/tours\/verone\/\" \/>\n<meta property=\"og:site_name\" content=\"Tropical Hotel Jesolo\" \/>\n<meta property=\"article:publisher\" content=\"https:\/\/www.facebook.com\/Tropical-Hotel-Jesolo-276868195688612\/\" \/>\n<meta property=\"article:modified_time\" content=\"2025-01-31T14:15:12+00:00\" \/>\n<meta property=\"og:image\" content=\"https:\/\/tropicalhotel.it\/wp-content\/uploads\/2024\/12\/Verona-EVI-Tropical-1600x558-1.jpg\" \/>\n\t<meta property=\"og:image:width\" content=\"1600\" \/>\n\t<meta property=\"og:image:height\" content=\"558\" \/>\n\t<meta property=\"og:image:type\" content=\"image\/jpeg\" \/>\n<meta name=\"twitter:card\" content=\"summary_large_image\" \/>\n<meta name=\"twitter:label1\" content=\"Dur\u00e9e de lecture estim\u00e9e\" \/>\n\t<meta name=\"twitter:data1\" content=\"1 minute\" \/>\n<script type=\"application\/ld+json\" class=\"yoast-schema-graph\">{\"@context\":\"https:\/\/schema.org\",\"@graph\":[{\"@type\":\"WebPage\",\"@id\":\"https:\/\/tropicalhotel.it\/fr\/attractions\/tours\/verone\/\",\"url\":\"https:\/\/tropicalhotel.it\/fr\/attractions\/tours\/verone\/\",\"name\":\"VERONE - Tropical Hotel Jesolo\",\"isPartOf\":{\"@id\":\"https:\/\/tropicalhotel.it\/fr\/#website\"},\"primaryImageOfPage\":{\"@id\":\"https:\/\/tropicalhotel.it\/fr\/attractions\/tours\/verone\/#primaryimage\"},\"image\":{\"@id\":\"https:\/\/tropicalhotel.it\/fr\/attractions\/tours\/verone\/#primaryimage\"},\"thumbnailUrl\":\"https:\/\/tropicalhotel.it\/wp-content\/uploads\/2024\/12\/Verona-EVI-Tropical-1600x558-1.jpg\",\"datePublished\":\"2024-12-18T11:01:22+00:00\",\"dateModified\":\"2025-01-31T14:15:12+00:00\",\"description\":\"Visitez V\u00e9rone, admirez la Basilique San Zeno, l\u2019Ar\u00e8ne et le balcon de Juliette. Go\u00fbtez le Pandoro, c\u00e9l\u00e8bre g\u00e2teau de No\u00ebl.\",\"breadcrumb\":{\"@id\":\"https:\/\/tropicalhotel.it\/fr\/attractions\/tours\/verone\/#breadcrumb\"},\"inLanguage\":\"fr-FR\",\"potentialAction\":[{\"@type\":\"ReadAction\",\"target\":[\"https:\/\/tropicalhotel.it\/fr\/attractions\/tours\/verone\/\"]}]},{\"@type\":\"ImageObject\",\"inLanguage\":\"fr-FR\",\"@id\":\"https:\/\/tropicalhotel.it\/fr\/attractions\/tours\/verone\/#primaryimage\",\"url\":\"https:\/\/tropicalhotel.it\/wp-content\/uploads\/2024\/12\/Verona-EVI-Tropical-1600x558-1.jpg\",\"contentUrl\":\"https:\/\/tropicalhotel.it\/wp-content\/uploads\/2024\/12\/Verona-EVI-Tropical-1600x558-1.jpg\",\"width\":1600,\"height\":558,\"caption\":\"Basilique San Zeno V\u00e9rone\"},{\"@type\":\"BreadcrumbList\",\"@id\":\"https:\/\/tropicalhotel.it\/fr\/attractions\/tours\/verone\/#breadcrumb\",\"itemListElement\":[{\"@type\":\"ListItem\",\"position\":1,\"name\":\"Home\",\"item\":\"https:\/\/tropicalhotel.it\/fr\/\"},{\"@type\":\"ListItem\",\"position\":2,\"name\":\"Attractions\",\"item\":\"https:\/\/tropicalhotel.it\/fr\/attractions\/\"},{\"@type\":\"ListItem\",\"position\":3,\"name\":\"TOURS\",\"item\":\"https:\/\/tropicalhotel.it\/fr\/attractions\/tours\/\"},{\"@type\":\"ListItem\",\"position\":4,\"name\":\"VERONE\"}]},{\"@type\":\"WebSite\",\"@id\":\"https:\/\/tropicalhotel.it\/fr\/#website\",\"url\":\"https:\/\/tropicalhotel.it\/fr\/\",\"name\":\"Tropical Hotel Jesolo\",\"description\":\"Hotel 3 stelle a Jesolo\",\"publisher\":{\"@id\":\"https:\/\/tropicalhotel.it\/fr\/#organization\"},\"potentialAction\":[{\"@type\":\"SearchAction\",\"target\":{\"@type\":\"EntryPoint\",\"urlTemplate\":\"https:\/\/tropicalhotel.it\/fr\/?s={search_term_string}\"},\"query-input\":{\"@type\":\"PropertyValueSpecification\",\"valueRequired\":true,\"valueName\":\"search_term_string\"}}],\"inLanguage\":\"fr-FR\"},{\"@type\":\"Organization\",\"@id\":\"https:\/\/tropicalhotel.it\/fr\/#organization\",\"name\":\"Tropical Hotel Jesolo\",\"url\":\"https:\/\/tropicalhotel.it\/fr\/\",\"logo\":{\"@type\":\"ImageObject\",\"inLanguage\":\"fr-FR\",\"@id\":\"https:\/\/tropicalhotel.it\/fr\/#\/schema\/logo\/image\/\",\"url\":\"https:\/\/tropicalhotel.it\/wp-content\/uploads\/2024\/12\/Logo-Tropical-Verticale-2-2.jpg\",\"contentUrl\":\"https:\/\/tropicalhotel.it\/wp-content\/uploads\/2024\/12\/Logo-Tropical-Verticale-2-2.jpg\",\"width\":190,\"height\":147,\"caption\":\"Tropical Hotel Jesolo\"},\"image\":{\"@id\":\"https:\/\/tropicalhotel.it\/fr\/#\/schema\/logo\/image\/\"},\"sameAs\":[\"https:\/\/www.facebook.com\/Tropical-Hotel-Jesolo-276868195688612\/\",\"https:\/\/www.instagram.com\/tropicalhoteljesolo\/\"]}]}<\/script>\n<!-- \/ Yoast SEO plugin. -->","yoast_head_json":{"title":"VERONE - Tropical Hotel Jesolo","description":"Visitez V\u00e9rone, admirez la Basilique San Zeno, l\u2019Ar\u00e8ne et le balcon de Juliette. Go\u00fbtez le Pandoro, c\u00e9l\u00e8bre g\u00e2teau de No\u00ebl.","robots":{"index":"index","follow":"follow","max-snippet":"max-snippet:-1","max-image-preview":"max-image-preview:large","max-video-preview":"max-video-preview:-1"},"canonical":"https:\/\/tropicalhotel.it\/fr\/attractions\/tours\/verone\/","og_locale":"fr_FR","og_type":"article","og_title":"VERONE - Tropical Hotel Jesolo","og_description":"Visitez V\u00e9rone, admirez la Basilique San Zeno, l\u2019Ar\u00e8ne et le balcon de Juliette. Go\u00fbtez le Pandoro, c\u00e9l\u00e8bre g\u00e2teau de No\u00ebl.","og_url":"https:\/\/tropicalhotel.it\/fr\/attractions\/tours\/verone\/","og_site_name":"Tropical Hotel Jesolo","article_publisher":"https:\/\/www.facebook.com\/Tropical-Hotel-Jesolo-276868195688612\/","article_modified_time":"2025-01-31T14:15:12+00:00","og_image":[{"width":1600,"height":558,"url":"https:\/\/tropicalhotel.it\/wp-content\/uploads\/2024\/12\/Verona-EVI-Tropical-1600x558-1.jpg","type":"image\/jpeg"}],"twitter_card":"summary_large_image","twitter_misc":{"Dur\u00e9e de lecture estim\u00e9e":"1 minute"},"schema":{"@context":"https:\/\/schema.org","@graph":[{"@type":"WebPage","@id":"https:\/\/tropicalhotel.it\/fr\/attractions\/tours\/verone\/","url":"https:\/\/tropicalhotel.it\/fr\/attractions\/tours\/verone\/","name":"VERONE - Tropical Hotel Jesolo","isPartOf":{"@id":"https:\/\/tropicalhotel.it\/fr\/#website"},"primaryImageOfPage":{"@id":"https:\/\/tropicalhotel.it\/fr\/attractions\/tours\/verone\/#primaryimage"},"image":{"@id":"https:\/\/tropicalhotel.it\/fr\/attractions\/tours\/verone\/#primaryimage"},"thumbnailUrl":"https:\/\/tropicalhotel.it\/wp-content\/uploads\/2024\/12\/Verona-EVI-Tropical-1600x558-1.jpg","datePublished":"2024-12-18T11:01:22+00:00","dateModified":"2025-01-31T14:15:12+00:00","description":"Visitez V\u00e9rone, admirez la Basilique San Zeno, l\u2019Ar\u00e8ne et le balcon de Juliette. Go\u00fbtez le Pandoro, c\u00e9l\u00e8bre g\u00e2teau de No\u00ebl.","breadcrumb":{"@id":"https:\/\/tropicalhotel.it\/fr\/attractions\/tours\/verone\/#breadcrumb"},"inLanguage":"fr-FR","potentialAction":[{"@type":"ReadAction","target":["https:\/\/tropicalhotel.it\/fr\/attractions\/tours\/verone\/"]}]},{"@type":"ImageObject","inLanguage":"fr-FR","@id":"https:\/\/tropicalhotel.it\/fr\/attractions\/tours\/verone\/#primaryimage","url":"https:\/\/tropicalhotel.it\/wp-content\/uploads\/2024\/12\/Verona-EVI-Tropical-1600x558-1.jpg","contentUrl":"https:\/\/tropicalhotel.it\/wp-content\/uploads\/2024\/12\/Verona-EVI-Tropical-1600x558-1.jpg","width":1600,"height":558,"caption":"Basilique San Zeno V\u00e9rone"},{"@type":"BreadcrumbList","@id":"https:\/\/tropicalhotel.it\/fr\/attractions\/tours\/verone\/#breadcrumb","itemListElement":[{"@type":"ListItem","position":1,"name":"Home","item":"https:\/\/tropicalhotel.it\/fr\/"},{"@type":"ListItem","position":2,"name":"Attractions","item":"https:\/\/tropicalhotel.it\/fr\/attractions\/"},{"@type":"ListItem","position":3,"name":"TOURS","item":"https:\/\/tropicalhotel.it\/fr\/attractions\/tours\/"},{"@type":"ListItem","position":4,"name":"VERONE"}]},{"@type":"WebSite","@id":"https:\/\/tropicalhotel.it\/fr\/#website","url":"https:\/\/tropicalhotel.it\/fr\/","name":"Tropical Hotel Jesolo","description":"Hotel 3 stelle a Jesolo","publisher":{"@id":"https:\/\/tropicalhotel.it\/fr\/#organization"},"potentialAction":[{"@type":"SearchAction","target":{"@type":"EntryPoint","urlTemplate":"https:\/\/tropicalhotel.it\/fr\/?s={search_term_string}"},"query-input":{"@type":"PropertyValueSpecification","valueRequired":true,"valueName":"search_term_string"}}],"inLanguage":"fr-FR"},{"@type":"Organization","@id":"https:\/\/tropicalhotel.it\/fr\/#organization","name":"Tropical Hotel Jesolo","url":"https:\/\/tropicalhotel.it\/fr\/","logo":{"@type":"ImageObject","inLanguage":"fr-FR","@id":"https:\/\/tropicalhotel.it\/fr\/#\/schema\/logo\/image\/","url":"https:\/\/tropicalhotel.it\/wp-content\/uploads\/2024\/12\/Logo-Tropical-Verticale-2-2.jpg","contentUrl":"https:\/\/tropicalhotel.it\/wp-content\/uploads\/2024\/12\/Logo-Tropical-Verticale-2-2.jpg","width":190,"height":147,"caption":"Tropical Hotel Jesolo"},"image":{"@id":"https:\/\/tropicalhotel.it\/fr\/#\/schema\/logo\/image\/"},"sameAs":["https:\/\/www.facebook.com\/Tropical-Hotel-Jesolo-276868195688612\/","https:\/\/www.instagram.com\/tropicalhoteljesolo\/"]}]}},"_links":{"self":[{"href":"https:\/\/tropicalhotel.it\/fr\/wp-json\/wp\/v2\/pages\/1060","targetHints":{"allow":["GET"]}}],"collection":[{"href":"https:\/\/tropicalhotel.it\/fr\/wp-json\/wp\/v2\/pages"}],"about":[{"href":"https:\/\/tropicalhotel.it\/fr\/wp-json\/wp\/v2\/types\/page"}],"author":[{"embeddable":true,"href":"https:\/\/tropicalhotel.it\/fr\/wp-json\/wp\/v2\/users\/1"}],"replies":[{"embeddable":true,"href":"https:\/\/tropicalhotel.it\/fr\/wp-json\/wp\/v2\/comments?post=1060"}],"version-history":[{"count":1,"href":"https:\/\/tropicalhotel.it\/fr\/wp-json\/wp\/v2\/pages\/1060\/revisions"}],"predecessor-version":[{"id":1292,"href":"https:\/\/tropicalhotel.it\/fr\/wp-json\/wp\/v2\/pages\/1060\/revisions\/1292"}],"up":[{"embeddable":true,"href":"https:\/\/tropicalhotel.it\/fr\/wp-json\/wp\/v2\/pages\/1045"}],"wp:featuredmedia":[{"embeddable":true,"href":"https:\/\/tropicalhotel.it\/fr\/wp-json\/wp\/v2\/media\/989"}],"wp:attachment":[{"href":"https:\/\/tropicalhotel.it\/fr\/wp-json\/wp\/v2\/media?parent=1060"}],"curies":[{"name":"wp","href":"https:\/\/api.w.org\/{rel}","templated":true}]}}